{"id":260,"date":"2023-02-17T07:42:44","date_gmt":"2023-02-17T06:42:44","guid":{"rendered":"http:\/\/192.168.1.208\/wordpress\/?page_id=260"},"modified":"2025-07-28T11:02:25","modified_gmt":"2025-07-28T09:02:25","slug":"dokumenty-hr","status":"publish","type":"page","link":"https:\/\/spsow.cz\/en\/dokumenty-hr\/","title":{"rendered":"Dokumenty (v\u010d. ISIC), Hronov"},"content":{"rendered":"<div class=\"wp-block-columns is-layout-flex wp-container-core-columns-is-layout-9d6595d7 wp-block-columns-is-layout-flex\">\n<div class=\"wp-block-column is-layout-flow wp-block-column-is-layout-flow\">\n<p class=\"has-medium-font-size\"><strong>ISIC karta<\/strong><\/p>\n\n\n\n<div class=\"wp-block-file\"><a id=\"wp-block-file--media-5edea39c-2833-4f47-b197-afc82817dd42\" href=\"https:\/\/spsow.cz\/wp-content\/uploads\/2024\/11\/ISIC-info.pdf\" target=\"_blank\" rel=\"noreferrer noopener\">Jak si za\u0159\u00eddit kartu<\/a><\/div>\n\n\n\n<div class=\"wp-block-file\"><a id=\"wp-block-file--media-c02316ce-0c61-438d-a00f-400ec6b6610d\" href=\"https:\/\/spsow.cz\/wp-content\/uploads\/2023\/03\/Zadost-o-kartu-ISIC.pdf\" target=\"_blank\" rel=\"noreferrer noopener\">\u017d\u00e1dost o kartu ISIC<\/a><\/div>\n\n\n\n<div class=\"wp-block-file\"><a id=\"wp-block-file--media-1505faaa-bcb0-421d-bd59-55c4c5e8b10f\" href=\"https:\/\/spsow.cz\/wp-content\/uploads\/2023\/03\/plakat-5-duvodu-proc-mit-isic.pdf\" target=\"_blank\" rel=\"noreferrer noopener\">5 d\u016fvod\u016f pro\u010d m\u00edt ISIC<\/a><\/div>\n<\/div>\n\n\n\n<div class=\"wp-block-column is-layout-flow wp-block-column-is-layout-flow\"><\/div>\n<\/div>\n\n\n\n<div class=\"wp-block-columns is-layout-flex wp-container-core-columns-is-layout-9d6595d7 wp-block-columns-is-layout-flex\">\n<div class=\"wp-block-column is-layout-flow wp-block-column-is-layout-flow\">\n<h6 class=\"wp-block-heading has-medium-font-size\">Formul\u00e1\u0159e &#8211; nezletil\u00ed \u017e\u00e1ci<\/h6>\n\n\n\n<div class=\"wp-block-file\"><a id=\"wp-block-file--media-20271a7d-929e-4d27-a100-ef9a2e38bbd4\" href=\"https:\/\/spsow.cz\/wp-content\/uploads\/2025\/07\/Oznameni-o-zanechani-vzdelavani.pdf\" target=\"_blank\" rel=\"noreferrer noopener\">Ozn\u00e1men\u00ed o zanech\u00e1n\u00ed vzd\u011bl\u00e1v\u00e1n\u00ed<\/a><\/div>\n\n\n\n<div class=\"wp-block-file\"><a id=\"wp-block-file--media-2676bf20-c6b3-4a7a-8ae1-39c547a3243a\" href=\"https:\/\/spsow.cz\/wp-content\/uploads\/2025\/07\/Zadost-o-opakovani-rocniku.pdf\" target=\"_blank\" rel=\"noreferrer noopener\">\u017d\u00e1dost o opakov\u00e1n\u00ed ro\u010dn\u00edku<\/a><\/div>\n\n\n\n<div class=\"wp-block-file\"><a id=\"wp-block-file--media-c626ff9f-c710-42d0-bbbb-6f0128ab79f8\" href=\"https:\/\/spsow.cz\/wp-content\/uploads\/2025\/07\/Zadost-o-povoleni-individualniho-vzdelavaciho-planu.pdf\" target=\"_blank\" rel=\"noreferrer noopener\">\u017d\u00e1dost o povolen\u00ed individu\u00e1ln\u00edho vzd\u011bl\u00e1vac\u00edho pl\u00e1nu<\/a><\/div>\n\n\n\n<div class=\"wp-block-file\"><a id=\"wp-block-file--media-859323d7-623d-4db5-9ad5-00966958f1d6\" href=\"https:\/\/spsow.cz\/wp-content\/uploads\/2025\/07\/Zadost-o-uvolneni-z-vyuky.pdf\" target=\"_blank\" rel=\"noreferrer noopener\">\u017d\u00e1dost o uvoln\u011bn\u00ed z v\u00fduky<\/a><\/div>\n\n\n\n<div class=\"wp-block-file\"><a id=\"wp-block-file--media-1c5faaa5-774c-4a31-86df-f3fcd8b7bb59\" href=\"https:\/\/spsow.cz\/wp-content\/uploads\/2025\/07\/Zadost-o-preruseni-studia.pdf\" target=\"_blank\" rel=\"noreferrer noopener\">\u017d\u00e1dost o p\u0159eru\u0161en\u00ed studia<\/a><\/div>\n\n\n\n<div class=\"wp-block-file\"><a id=\"wp-block-file--media-5d582ccf-55fd-48ef-ad1b-0f53942489d7\" href=\"https:\/\/spsow.cz\/wp-content\/uploads\/2025\/07\/Zadost-o-povoleni-prestupu.pdf\" target=\"_blank\" rel=\"noreferrer noopener\">\u017d\u00e1dost o povolen\u00ed p\u0159estupu<\/a><\/div>\n\n\n\n<div class=\"wp-block-file\"><a id=\"wp-block-file--media-0b1b6362-34c9-454f-a096-831d51f62c64\" href=\"https:\/\/spsow.cz\/wp-content\/uploads\/2025\/07\/Zadost-o-ukonceni-preruseni-studia.pdf\" target=\"_blank\" rel=\"noreferrer noopener\">\u017d\u00e1dost o ukon\u010den\u00ed p\u0159eru\u0161en\u00ed studia<\/a><\/div>\n\n\n\n<div class=\"wp-block-file\"><a id=\"wp-block-file--media-c6a4a569-0851-42f3-b4a2-1a1110b79c34\" href=\"https:\/\/spsow.cz\/wp-content\/uploads\/2025\/07\/Zadost-o-zmenu-oboru-vzdelavani.pdf\" target=\"_blank\" rel=\"noreferrer noopener\">\u017d\u00e1dost o zm\u011bnu oboru vzd\u011bl\u00e1v\u00e1n\u00ed<\/a><\/div>\n\n\n\n<div class=\"wp-block-file\"><a id=\"wp-block-file--media-6514745b-ab8c-4f78-99ec-640295589029\" href=\"https:\/\/spsow.cz\/wp-content\/uploads\/2025\/07\/Zadost-o-uvolneni-z-hodin-TV.pdf\" target=\"_blank\" rel=\"noreferrer noopener\">\u017d\u00e1dost o uvoln\u011bn\u00ed z hodin TV<\/a><\/div>\n\n\n\n<div class=\"wp-block-file\"><a id=\"wp-block-file--media-04e28502-8d6d-40ad-b73f-a6803d627450\" href=\"https:\/\/spsow.cz\/wp-content\/uploads\/2025\/07\/Zadost-o-bezplatne-zapujceni-ucebnic.pdf\" target=\"_blank\" rel=\"noreferrer noopener\">\u017d\u00e1dost o bezplatn\u00e9 zap\u016fj\u010den\u00ed u\u010debnic<\/a><\/div>\n\n\n\n<div class=\"wp-block-file\"><a id=\"wp-block-file--media-36ac434f-7d7f-4e1a-8d7f-2850b25f9a87\" href=\"https:\/\/spsow.cz\/wp-content\/uploads\/2025\/07\/Zadost-o-uvplneni-ze-sportovniho-kurzu.pdf\" target=\"_blank\" rel=\"noreferrer noopener\">\u017d\u00e1dost o uvoln\u011bn\u00ed ze sportovn\u00edho kurzu<\/a><\/div>\n<\/div>\n\n\n\n<div class=\"wp-block-column is-layout-flow wp-block-column-is-layout-flow\">\n<h6 class=\"wp-block-heading has-medium-font-size\">Formul\u00e1\u0159e &#8211; zletil\u00ed \u017e\u00e1ci<\/h6>\n\n\n\n<div class=\"wp-block-file\"><a id=\"wp-block-file--media-64fceae1-04b1-417f-9e80-3d1ecfe330f6\" href=\"https:\/\/spsow.cz\/wp-content\/uploads\/2025\/07\/Oznameni-o-zanechani-vzdelavani-2.pdf\" target=\"_blank\" rel=\"noreferrer noopener\">Ozn\u00e1men\u00ed o zanech\u00e1n\u00ed vzd\u011bl\u00e1v\u00e1n\u00ed<\/a><\/div>\n\n\n\n<div class=\"wp-block-file\"><a id=\"wp-block-file--media-77464c5b-01e0-4d1b-b7fe-c68e096dca16\" href=\"https:\/\/spsow.cz\/wp-content\/uploads\/2025\/07\/Oznameni-o-opakovani-rocniku.pdf\" target=\"_blank\" rel=\"noreferrer noopener\">\u017d\u00e1dost o opakov\u00e1n\u00ed ro\u010dn\u00edku<\/a><\/div>\n\n\n\n<div class=\"wp-block-file\"><a id=\"wp-block-file--media-8064acee-9ec0-484d-987b-25c7c4421e5e\" href=\"https:\/\/spsow.cz\/wp-content\/uploads\/2025\/07\/Zadost-o-povoleni-individualniho-vzdelavaciho-planu-2.pdf\" target=\"_blank\" rel=\"noreferrer noopener\">\u017d\u00e1dost o povolen\u00ed individu\u00e1ln\u00edho vzd\u011bl\u00e1vac\u00edho pl\u00e1nu<\/a><\/div>\n\n\n\n<div class=\"wp-block-file\"><a id=\"wp-block-file--media-18ce0242-62e8-449d-8642-71547bd9b632\" href=\"https:\/\/spsow.cz\/wp-content\/uploads\/2025\/07\/Zadost-o-uvolneni-z-vyuky-2.pdf\" target=\"_blank\" rel=\"noreferrer noopener\">\u017d\u00e1dost o uvoln\u011bn\u00ed z v\u00fduky<\/a><\/div>\n\n\n\n<div class=\"wp-block-file\"><a id=\"wp-block-file--media-2a2e45d7-6ddc-454e-b581-aaf7729506ae\" href=\"https:\/\/spsow.cz\/wp-content\/uploads\/2025\/07\/Zadost-o-preruseni-studia-2.pdf\" target=\"_blank\" rel=\"noreferrer noopener\">\u017d\u00e1dost o p\u0159eru\u0161en\u00ed studia<\/a><\/div>\n\n\n\n<div class=\"wp-block-file\"><a id=\"wp-block-file--media-7dacd4a0-35ae-42d5-b0eb-64b0d7c435df\" href=\"https:\/\/spsow.cz\/wp-content\/uploads\/2025\/07\/Zadost-o-povoleni-prestupu-2.pdf\" target=\"_blank\" rel=\"noreferrer noopener\">\u017d\u00e1dost o povolen\u00ed p\u0159estupu<\/a><\/div>\n\n\n\n<div class=\"wp-block-file\"><a id=\"wp-block-file--media-7e650af5-847f-4ecb-b5b4-4fb20e6966eb\" href=\"https:\/\/spsow.cz\/wp-content\/uploads\/2025\/07\/Zadost-o-ukonceni-preruseni-studia-2.pdf\" target=\"_blank\" rel=\"noreferrer noopener\">\u017d\u00e1dost o ukon\u010den\u00ed p\u0159eru\u0161en\u00ed studia<\/a><\/div>\n\n\n\n<div class=\"wp-block-file\"><a id=\"wp-block-file--media-8d36db67-2187-41c4-88fe-0d30074b311c\" href=\"https:\/\/spsow.cz\/wp-content\/uploads\/2025\/07\/Zadost-o-zmenu-oboru-vzdelavani-2.pdf\" target=\"_blank\" rel=\"noreferrer noopener\">\u017d\u00e1dost o zm\u011bnu oboru vzd\u011bl\u00e1v\u00e1n\u00ed<\/a><\/div>\n\n\n\n<div class=\"wp-block-file\"><a id=\"wp-block-file--media-bfa909ad-f77a-49ce-8e2f-995526266546\" href=\"https:\/\/spsow.cz\/wp-content\/uploads\/2025\/07\/Zadost-o-uvolneni-z-hodin-telesne-vychovy.pdf\" target=\"_blank\" rel=\"noreferrer noopener\">\u017d\u00e1dost o uvoln\u011bn\u00ed z hodin t\u011blesn\u00e9 v\u00fdchovy<\/a><\/div>\n\n\n\n<div class=\"wp-block-file\"><a id=\"wp-block-file--media-14a3b140-0f8c-4765-81a6-9c491f4e8089\" href=\"https:\/\/spsow.cz\/wp-content\/uploads\/2025\/07\/Zadost-o-bezplatne-zapujceni-ucebnic-2.pdf\" target=\"_blank\" rel=\"noreferrer noopener\">\u017d\u00e1dost o bezplatn\u00e9 zap\u016fj\u010den\u00ed u\u010debnic<\/a><\/div>\n\n\n\n<div class=\"wp-block-file\"><a id=\"wp-block-file--media-211d7f87-e526-46fd-9784-10d0444fc019\" href=\"https:\/\/spsow.cz\/wp-content\/uploads\/2025\/07\/Zadost-o-uvolneni-ze-sportovniho-kurzu.pdf\" target=\"_blank\" rel=\"noreferrer noopener\">\u017d\u00e1dost o uvoln\u011bn\u00ed ze sportovn\u00edho kurzu<\/a><\/div>\n\n\n\n<div class=\"wp-block-file\"><a id=\"wp-block-file--media-b16c1fdc-5741-4a2e-9fc8-834e71263532\" href=\"https:\/\/spsow.cz\/wp-content\/uploads\/2025\/07\/Zadost-o-uznani-predchoziho-vzdelani.pdf\" target=\"_blank\" rel=\"noreferrer noopener\">\u017d\u00e1dost o uzn\u00e1n\u00ed p\u0159edchoz\u00edho vzd\u011bl\u00e1n\u00ed<\/a><\/div>\n<\/div>\n<\/div>\n\n\n\n<h6 class=\"wp-block-heading has-medium-font-size\">Europassy<\/h6>\n\n\n\n<div class=\"wp-block-file\"><a id=\"wp-block-file--media-482a6f2d-8fb8-4909-8399-88ee1f60dac3\" href=\"https:\/\/spsow.cz\/wp-content\/uploads\/2025\/05\/EDO-23-41-M_01-Strojirenstvi-denni-studium-Anglictina-1.pdf\" target=\"_blank\" rel=\"noreferrer noopener\">EDO-23-41-M_01 Stroj\u00edrenstv\u00ed (denn\u00ed studium)-Angli\u010dtina<\/a><\/div>\n\n\n\n<div class=\"wp-block-file\"><a id=\"wp-block-file--media-9032d65d-a34d-41ec-b9a9-9f02e52c3b26\" href=\"https:\/\/spsow.cz\/wp-content\/uploads\/2025\/05\/EDO-23-41-M_01-Strojirenstvi-denni-studium-Cestina.pdf\" target=\"_blank\" rel=\"noreferrer noopener\">EDO-23-41-M_01 Stroj\u00edrenstv\u00ed (denn\u00ed studium)-\u010ce\u0161tina<\/a><\/div>\n\n\n\n<div class=\"wp-block-file\"><a id=\"wp-block-file--media-e51a9f8e-e9e1-4dcb-9802-c5e23b1c5fd9\" href=\"https:\/\/spsow.cz\/wp-content\/uploads\/2025\/05\/EDO-23-52-H_01-Nastrojar-denni-studium-Anglictina.pdf\" target=\"_blank\" rel=\"noreferrer noopener\">EDO-23-52-H_01 N\u00e1stroja\u0159 (denn\u00ed studium)-Angli\u010dtina<\/a><\/div>\n\n\n\n<div class=\"wp-block-file\"><a id=\"wp-block-file--media-236abd70-d47f-462a-9a5b-273b154f4de2\" href=\"https:\/\/spsow.cz\/wp-content\/uploads\/2025\/05\/EDO-23-52-H_01-Nastrojar-denni-studium-Cestina.pdf\" target=\"_blank\" rel=\"noreferrer noopener\">EDO-23-52-H_01 N\u00e1stroja\u0159 (denn\u00ed studium)-\u010ce\u0161tina<\/a><\/div>\n\n\n\n<div class=\"wp-block-file\"><a id=\"wp-block-file--media-b454200a-a02b-4ff4-8814-1fc01d1dd168\" href=\"https:\/\/spsow.cz\/wp-content\/uploads\/2025\/05\/EDO-23-68-H_01-Mechanik-opravar-motorovych-vozidel-denni-studium-Anglictina.pdf\" target=\"_blank\" rel=\"noreferrer noopener\">EDO-23-68-H_01 Mechanik oprav\u00e1\u0159 motorov\u00fdch vozidel (denn\u00ed studium)-Angli\u010dtina<\/a><\/div>\n\n\n\n<div class=\"wp-block-file\"><a id=\"wp-block-file--media-30cf793f-90d1-471c-9b14-4e4ec336c49c\" href=\"https:\/\/spsow.cz\/wp-content\/uploads\/2025\/05\/EDO-23-68-H_01-Mechanik-opravar-motorovych-vozidel-denni-studium-Cestina.pdf\" target=\"_blank\" rel=\"noreferrer noopener\">EDO-23-68-H_01 Mechanik oprav\u00e1\u0159 motorov\u00fdch vozidel (denn\u00ed studium)-\u010ce\u0161tina<\/a><\/div>\n\n\n\n<div class=\"wp-block-file\"><a id=\"wp-block-file--media-cd42e20f-f657-4043-bbc3-3d3de1db9149\" href=\"https:\/\/spsow.cz\/wp-content\/uploads\/2025\/05\/EDO-26-41-M_01-Elektrotechnika-denni-studium-Anglictina.pdf\" target=\"_blank\" rel=\"noreferrer noopener\">EDO-26-41-M_01 Elektrotechnika (denn\u00ed studium)-Angli\u010dtina<\/a><\/div>\n\n\n\n<div class=\"wp-block-file\"><a id=\"wp-block-file--media-af6b5042-f83d-4705-9409-1f1e6a3fe541\" href=\"https:\/\/spsow.cz\/wp-content\/uploads\/2025\/05\/EDO-26-41-M_01-Elektrotechnika-denni-studium-Cestina.pdf\" target=\"_blank\" rel=\"noreferrer noopener\">EDO-26-41-M_01 Elektrotechnika (denn\u00ed studium)-\u010ce\u0161tina<\/a><\/div>\n\n\n\n<div class=\"wp-block-file\"><a id=\"wp-block-file--media-73dc096c-fdb6-4394-9819-07a94c30d509\" href=\"https:\/\/spsow.cz\/wp-content\/uploads\/2025\/05\/EDO-26-51-H_01-Elektrikar-denni-studium-Anglictina.pdf\" target=\"_blank\" rel=\"noreferrer noopener\">EDO-26-51-H_01 Elektrik\u00e1\u0159 (denn\u00ed studium)-Angli\u010dtina<\/a><\/div>\n\n\n\n<div class=\"wp-block-file\"><a id=\"wp-block-file--media-292f6b5e-cea8-4750-a6e9-16bd86e5b8d4\" href=\"https:\/\/spsow.cz\/wp-content\/uploads\/2025\/05\/EDO-26-51-H_01-Elektrikar-denni-studium-Cestina.pdf\" target=\"_blank\" rel=\"noreferrer noopener\">EDO-26-51-H_01 Elektrik\u00e1\u0159 (denn\u00ed studium)-\u010ce\u0161tina<\/a><\/div>\n\n\n\n<div class=\"wp-block-columns is-layout-flex wp-container-core-columns-is-layout-9d6595d7 wp-block-columns-is-layout-flex\">\n<div class=\"wp-block-column is-layout-flow wp-block-column-is-layout-flow\"><\/div>\n\n\n\n<div class=\"wp-block-column is-layout-flow wp-block-column-is-layout-flow\"><\/div>\n<\/div>","protected":false},"excerpt":{"rendered":"<p>ISIC karta Formul\u00e1\u0159e &#8211; nezletil\u00ed \u017e\u00e1ci Formul\u00e1\u0159e &#8211; zletil\u00ed \u017e\u00e1ci Europassy<\/p>","protected":false},"author":1,"featured_media":0,"parent":0,"menu_order":0,"comment_status":"closed","ping_status":"closed","template":"","meta":{"footnotes":""},"class_list":["post-260","page","type-page","status-publish","hentry"],"_links":{"self":[{"href":"https:\/\/spsow.cz\/en\/wp-json\/wp\/v2\/pages\/260","targetHints":{"allow":["GET"]}}],"collection":[{"href":"https:\/\/spsow.cz\/en\/wp-json\/wp\/v2\/pages"}],"about":[{"href":"https:\/\/spsow.cz\/en\/wp-json\/wp\/v2\/types\/page"}],"author":[{"embeddable":true,"href":"https:\/\/spsow.cz\/en\/wp-json\/wp\/v2\/users\/1"}],"replies":[{"embeddable":true,"href":"https:\/\/spsow.cz\/en\/wp-json\/wp\/v2\/comments?post=260"}],"version-history":[{"count":43,"href":"https:\/\/spsow.cz\/en\/wp-json\/wp\/v2\/pages\/260\/revisions"}],"predecessor-version":[{"id":11810,"href":"https:\/\/spsow.cz\/en\/wp-json\/wp\/v2\/pages\/260\/revisions\/11810"}],"wp:attachment":[{"href":"https:\/\/spsow.cz\/en\/wp-json\/wp\/v2\/media?parent=260"}],"curies":[{"name":"wp","href":"https:\/\/api.w.org\/{rel}","templated":true}]}}