{"id":258,"date":"2023-02-17T07:42:02","date_gmt":"2023-02-17T06:42:02","guid":{"rendered":"http:\/\/192.168.1.208\/wordpress\/?page_id=258"},"modified":"2025-07-31T08:52:49","modified_gmt":"2025-07-31T06:52:49","slug":"jidelna-hr","status":"publish","type":"page","link":"https:\/\/spsow.cz\/en\/jidelna-hr\/","title":{"rendered":"J\u00eddelna &#8211; Hronov"},"content":{"rendered":"<div class=\"wp-block-buttons is-content-justification-center is-layout-flex wp-container-core-buttons-is-layout-16018d1d wp-block-buttons-is-layout-flex\">\n<div class=\"wp-block-button has-custom-width wp-block-button__width-50\"><a class=\"wp-block-button__link has-medium-font-size has-custom-font-size wp-element-button\" href=\"https:\/\/next.wikov.com\" target=\"_blank\" rel=\"noreferrer noopener\">Objednat ob\u011bd<\/a><\/div>\n<\/div>\n\n\n\n<div style=\"height:30px\" aria-hidden=\"true\" class=\"wp-block-spacer\"><\/div>\n\n\n\n<p class=\"has-medium-font-size\"><strong>Mo\u017enost zaji\u0161t\u011bn\u00ed ob\u011bd\u016f pro \u017e\u00e1ky centra HRONOV<\/strong><\/p>\n\n\n\n<p class=\"has-medium-font-size\"><strong>ob\u011bdy zaji\u0161\u0165uje:<\/strong><\/p>\n\n\n\n<ul class=\"wp-block-list has-medium-font-size\">\n<li>j\u00eddelna firmy Wikov Hronov, provozovatel pan \u0160t\u011bp\u00e1n Matyska, (adresa: Zbe\u010dn\u00edk 356, 549&nbsp;31 Hronov, GPS: 50.4802667N,16.1749344E)<\/li>\n<\/ul>\n\n\n\n<h6 class=\"wp-block-heading has-medium-font-size\">postup pro zaji\u0161t\u011bn\u00ed ob\u011bd\u016f:<\/h6>\n\n\n\n<p class=\"has-medium-font-size\"><strong>1.&nbsp;zaji\u0161t\u011bn\u00ed \u010dipov\u00e9 karty<\/strong><\/p>\n\n\n\n<ul class=\"wp-block-list has-medium-font-size\">\n<li>karta slou\u017e\u00ed pro p\u0159\u00edstup do \u0161koly, p\u0159\u00edstup do tisk\u00e1rny i pro mo\u017enost zaji\u0161t\u011bn\u00ed ob\u011bd\u016f\u2026<\/li>\n\n\n\n<li>kartu z\u00edskaj\u00ed od t\u0159\u00eddn\u00edch u\u010ditel\u016f v\u0161ichni studenti nastupuj\u00edc\u00ed do 1.&nbsp;ro\u010dn\u00edk\u016f na za\u010d\u00e1tku<br>\u0161koln\u00edho roku<\/li>\n\n\n\n<li>karta je zdarma a plat\u00ed po&nbsp;celou dobu studia<\/li>\n\n\n\n<li>v p\u0159\u00edpad\u011b jej\u00edho po\u0161kozen\u00ed \u010di&nbsp;ztr\u00e1ty lze zakoupit novou za K\u010d 100,- v&nbsp;podateln\u011b \u0161koly <br>u pan\u00ed Mat\u011bnov\u00e9<\/li>\n<\/ul>\n\n\n\n<p class=\"has-medium-font-size\"><strong>2.&nbsp;nav\u0161t\u00edvit firmu Wikov<\/strong><\/p>\n\n\n\n<ul class=\"wp-block-list has-medium-font-size\">\n<li>zaj\u00edt s&nbsp;\u010dipovou kartou na recepci firmy Wikov a s&nbsp;pan\u00ed Jand\u00e1\u010dkovou zajistit registraci do syst\u00e9mu j\u00eddelny (trv\u00e1 cca 10\u201315minut)<\/li>\n\n\n\n<li>p\u0159ihl\u00e1\u0161en\u00ed je mo\u017en\u00e9 si u pan\u00ed Jand\u00e1\u010dkov\u00e9 zajistit i v&nbsp;pr\u016fb\u011bhu cel\u00e9ho roku od 6:00 do 14:20 hodin<\/li>\n<\/ul>\n\n\n\n<p class=\"has-medium-font-size\"><strong>3.&nbsp;dobit\u00ed kreditu<\/strong><\/p>\n\n\n\n<ul class=\"wp-block-list has-medium-font-size\">\n<li>pr\u016fb\u011b\u017en\u00e9 dobit\u00ed kredit\u016f je mo\u017en\u00e9 pouze HOTOV\u011a v&nbsp;kant\u00fdn\u011b j\u00eddelny<\/li>\n<\/ul>\n\n\n\n<p class=\"has-medium-font-size\"><strong>4.&nbsp;objedn\u00e1v\u00e1n\u00ed ob\u011bd\u016f (mo\u017eno t\u011bmito zp\u016fsoby)<\/strong><\/p>\n\n\n\n<ul class=\"wp-block-list has-medium-font-size\">\n<li>prost\u0159ednictv\u00edm objedn\u00e1vac\u00edho termin\u00e1lu v&nbsp;j\u00eddeln\u011b<\/li>\n\n\n\n<li>p\u0159es V\u00e1\u0161 mobiln\u00ed telefon nebo PC&nbsp;pomoc\u00ed odkazu <a href=\"https:\/\/next.wikov.com\">https:\/\/next.wikov.com<\/a><\/li>\n<\/ul>\n\n\n\n<p class=\"has-medium-font-size\"><strong>cena za ob\u011bd:<\/strong><\/p>\n\n\n\n<ul class=\"wp-block-list has-medium-font-size\">\n<li>K\u010d 54,- (v\u00fdb\u011br ze 4 j\u00eddel)<\/li>\n<\/ul>\n\n\n\n<p class=\"has-medium-font-size\"><strong>v\u00fddej ob\u011bd\u016f<\/strong>:<\/p>\n\n\n\n<ul class=\"wp-block-list has-medium-font-size\">\n<li>pond\u011bl\u00ed a\u017e p\u00e1tek, 11:00\u201314:30 hodin<\/li>\n<\/ul>","protected":false},"excerpt":{"rendered":"<p>Mo\u017enost zaji\u0161t\u011bn\u00ed ob\u011bd\u016f pro \u017e\u00e1ky centra HRONOV ob\u011bdy zaji\u0161\u0165uje: postup pro zaji\u0161t\u011bn\u00ed ob\u011bd\u016f: 1.&nbsp;zaji\u0161t\u011bn\u00ed \u010dipov\u00e9 karty 2.&nbsp;nav\u0161t\u00edvit firmu Wikov 3.&nbsp;dobit\u00ed kreditu 4.&nbsp;objedn\u00e1v\u00e1n\u00ed ob\u011bd\u016f (mo\u017eno t\u011bmito zp\u016fsoby) cena za ob\u011bd: v\u00fddej ob\u011bd\u016f:<\/p>","protected":false},"author":1,"featured_media":0,"parent":0,"menu_order":0,"comment_status":"closed","ping_status":"closed","template":"","meta":{"footnotes":""},"class_list":["post-258","page","type-page","status-publish","hentry"],"_links":{"self":[{"href":"https:\/\/spsow.cz\/en\/wp-json\/wp\/v2\/pages\/258","targetHints":{"allow":["GET"]}}],"collection":[{"href":"https:\/\/spsow.cz\/en\/wp-json\/wp\/v2\/pages"}],"about":[{"href":"https:\/\/spsow.cz\/en\/wp-json\/wp\/v2\/types\/page"}],"author":[{"embeddable":true,"href":"https:\/\/spsow.cz\/en\/wp-json\/wp\/v2\/users\/1"}],"replies":[{"embeddable":true,"href":"https:\/\/spsow.cz\/en\/wp-json\/wp\/v2\/comments?post=258"}],"version-history":[{"count":17,"href":"https:\/\/spsow.cz\/en\/wp-json\/wp\/v2\/pages\/258\/revisions"}],"predecessor-version":[{"id":11814,"href":"https:\/\/spsow.cz\/en\/wp-json\/wp\/v2\/pages\/258\/revisions\/11814"}],"wp:attachment":[{"href":"https:\/\/spsow.cz\/en\/wp-json\/wp\/v2\/media?parent=258"}],"curies":[{"name":"wp","href":"https:\/\/api.w.org\/{rel}","templated":true}]}}