{"id":245,"date":"2023-02-17T07:32:42","date_gmt":"2023-02-17T06:32:42","guid":{"rendered":"http:\/\/192.168.1.208\/wordpress\/?page_id=245"},"modified":"2026-03-23T08:29:19","modified_gmt":"2026-03-23T07:29:19","slug":"kariera","status":"publish","type":"page","link":"https:\/\/spsow.cz\/en\/kariera\/","title":{"rendered":"Hled\u00e1me nov\u00e9 kolegy"},"content":{"rendered":"<p class=\"has-medium-font-size\"><\/p>\n\n\n\n<p class=\"has-medium-font-size\"><\/p>\n\n\n\n<p class=\"has-medium-font-size\"><strong>V sou\u010dasn\u00e9 dob\u011b nab\u00edz\u00edme voln\u00e9 pozice:<\/strong><\/p>\n\n\n\n<div class=\"wp-block-file\"><a id=\"wp-block-file--media-8c8f6cfd-187a-426b-9683-e2eabbed3158\" href=\"https:\/\/spsow.cz\/wp-content\/uploads\/2025\/05\/Hlasenka-volneho-pracovniho-mista-ucitel-OV-elektro-1.pdf\" target=\"_blank\" rel=\"noreferrer noopener\">Hl\u00e1\u0161enka voln\u00e9ho m\u00edsta, u\u010ditel odborn\u00e9ho v\u00fdcviku elektro<\/a><\/div>\n\n\n\n<div class=\"wp-block-file\"><a id=\"wp-block-file--media-a958efe7-7bed-4f85-9432-42849a345b69\" href=\"https:\/\/spsow.cz\/wp-content\/uploads\/2026\/03\/Hlasenka-volneho-pracovniho-mista-ucitel-OV-automechanik.pdf\" target=\"_blank\" rel=\"noreferrer noopener\">Hl\u00e1\u0161enka voln\u00e9ho pracovn\u00edho m\u00edsta, u\u010ditel odborn\u00e9ho v\u00fdcviku automechanik<\/a><\/div>\n\n\n\n<div class=\"wp-block-file\"><a id=\"wp-block-file--media-1636baf1-25e3-47b8-a7a1-a3a0b289cd2c\" href=\"https:\/\/spsow.cz\/wp-content\/uploads\/2026\/03\/Hlasenka_volneho_pracovniho_mista_ucitel__auto.pdf\" target=\"_blank\" rel=\"noreferrer noopener\">Hl\u00e1\u0161enka voln\u00e9ho pracovn\u00edho m\u00edsta, u\u010ditel odborn\u00fdch p\u0159edm\u011bt\u016f automobiln\u00edch<\/a><\/div>\n\n\n\n<div class=\"wp-block-file\"><a id=\"wp-block-file--media-af279fa3-ee1f-4784-9929-362ed72c2265\" href=\"https:\/\/spsow.cz\/wp-content\/uploads\/2026\/03\/Hlasenka_volneho_pracovniho_mista_ucitel__elektro.pdf\" target=\"_blank\" rel=\"noreferrer noopener\">Hl\u00e1\u0161enka voln\u00e9ho pracovn\u00edho m\u00edsta, u\u010ditel odborn\u00fdch p\u0159edm\u011bt\u016f elektro<\/a><\/div>\n\n\n\n<div class=\"wp-block-file\"><a id=\"wp-block-file--media-c3f6f01a-b496-40c7-9fdf-9a364805648d\" href=\"https:\/\/spsow.cz\/wp-content\/uploads\/2026\/03\/Hlasenka_volneho_pracovniho_mista_ucitel__elektro_prog.pdf\" target=\"_blank\" rel=\"noreferrer noopener\">Hl\u00e1\u0161enka voln\u00e9ho pracovn\u00edho m\u00edsta, u\u010ditel odborn\u00fdch p\u0159edm\u011bt\u016f elektro &#8211; programov\u00e1n\u00ed a automatizace<\/a><\/div>\n\n\n\n<p class=\"has-medium-font-size\"><\/p>","protected":false},"excerpt":{"rendered":"<p>V sou\u010dasn\u00e9 dob\u011b nab\u00edz\u00edme voln\u00e9 pozice:<\/p>","protected":false},"author":1,"featured_media":0,"parent":0,"menu_order":0,"comment_status":"closed","ping_status":"closed","template":"","meta":{"footnotes":""},"class_list":["post-245","page","type-page","status-publish","hentry"],"_links":{"self":[{"href":"https:\/\/spsow.cz\/en\/wp-json\/wp\/v2\/pages\/245","targetHints":{"allow":["GET"]}}],"collection":[{"href":"https:\/\/spsow.cz\/en\/wp-json\/wp\/v2\/pages"}],"about":[{"href":"https:\/\/spsow.cz\/en\/wp-json\/wp\/v2\/types\/page"}],"author":[{"embeddable":true,"href":"https:\/\/spsow.cz\/en\/wp-json\/wp\/v2\/users\/1"}],"replies":[{"embeddable":true,"href":"https:\/\/spsow.cz\/en\/wp-json\/wp\/v2\/comments?post=245"}],"version-history":[{"count":31,"href":"https:\/\/spsow.cz\/en\/wp-json\/wp\/v2\/pages\/245\/revisions"}],"predecessor-version":[{"id":15060,"href":"https:\/\/spsow.cz\/en\/wp-json\/wp\/v2\/pages\/245\/revisions\/15060"}],"wp:attachment":[{"href":"https:\/\/spsow.cz\/en\/wp-json\/wp\/v2\/media?parent=245"}],"curies":[{"name":"wp","href":"https:\/\/api.w.org\/{rel}","templated":true}]}}