{"id":243,"date":"2023-02-17T07:32:10","date_gmt":"2023-02-17T06:32:10","guid":{"rendered":"http:\/\/192.168.1.208\/wordpress\/?page_id=243"},"modified":"2026-04-17T11:37:09","modified_gmt":"2026-04-17T09:37:09","slug":"projekty","status":"publish","type":"page","link":"https:\/\/spsow.cz\/en\/projekty\/","title":{"rendered":"Projekty"},"content":{"rendered":"<div class=\"wp-block-file\"><a id=\"wp-block-file--media-efe32abd-0261-4143-ae91-d88a28dec42d\" href=\"https:\/\/spsow.cz\/wp-content\/uploads\/2026\/04\/Popis-projektu-na-web.pdf\" target=\"_blank\" rel=\"noreferrer noopener\">Podpora  vzd\u011bl\u00e1v\u00e1n\u00ed a podp\u016frn\u00fdch person\u00e1ln\u00edch pozic ve vzd\u011bl\u00e1v\u00e1n\u00ed<\/a><\/div>\n\n\n\n<div class=\"wp-block-file\"><a id=\"wp-block-file--media-7b69946a-e71b-42b5-a0b6-6794997a130d\" href=\"https:\/\/spsow.cz\/wp-content\/uploads\/2026\/04\/plakat-A3.pdf\" target=\"_blank\" rel=\"noreferrer noopener\">Podpora vzd\u011bl\u00e1v\u00e1n\u00ed a podp\u016frn\u00fdch person\u00e1ln\u00edch pozic ve vzd\u011bl\u00e1v\u00e1n\u00ed, plak\u00e1t <\/a><\/div>\n\n\n\n<div class=\"wp-block-file\"><a id=\"wp-block-file--media-0c24db0d-e3fe-4d96-aa5d-989b14cfe639\" href=\"https:\/\/spsow.cz\/wp-content\/uploads\/2025\/10\/plakat-povinne-publicity-A3.pdf\">Potravinov\u00e1 pomoc d\u011btem v soci\u00e1ln\u00ed nouzi v Kr\u00e1lov\u00e9hradeck\u00e9m kraji, \u0161k. rok 2025\u20132026 <\/a><\/div>\n\n\n\n<div class=\"wp-block-file\"><a id=\"wp-block-file--media-20cbf7a2-c7ed-49b7-aaa4-4203e8994e1a\" href=\"https:\/\/spsow.cz\/wp-content\/uploads\/2024\/03\/Digitalizujeme-skolu.pdf\" target=\"_blank\" rel=\"noreferrer noopener\">Digitalizujeme \u0161kolu, Realizace investice NPO &#8211; komponenta 3.1<\/a><\/div>\n\n\n\n<div class=\"wp-block-file\"><a id=\"wp-block-file--media-21ee1305-4249-4567-9a29-b45514a9f3e0\" href=\"https:\/\/spsow.cz\/wp-content\/uploads\/2025\/01\/priloha_1455434314_2_Vzor-publicity-cil-173-\u2013-prevence-digitalni-propasti-1-19.12.2024.pdf\" target=\"_blank\" rel=\"noreferrer noopener\">Digitalizujeme \u0161kolu, Realizace investice NPO<\/a><\/div>\n\n\n\n<div class=\"wp-block-file\"><a id=\"wp-block-file--media-479c9af3-5c36-4342-8a21-25e898b188e5\" href=\"https:\/\/spsow.cz\/wp-content\/uploads\/2023\/03\/Popis-projektu-na-web.pdf\" target=\"_blank\" rel=\"noreferrer noopener\">Rovn\u00fd p\u0159\u00edstup ke vzd\u011bl\u00e1v\u00e1n\u00ed a zv\u00fd\u0161en\u00ed \u00fa\u010dinnosti syst\u00e9m\u016f vzd\u011bl\u00e1v\u00e1n\u00ed <\/a><\/div>\n\n\n\n<div class=\"wp-block-file\"><a id=\"wp-block-file--media-899425a0-60c6-4582-adf1-7b8933bf3346\" href=\"https:\/\/spsow.cz\/wp-content\/uploads\/2023\/08\/A3-plakat-publicita-1.pdf\" target=\"_blank\" rel=\"noreferrer noopener\">Rovn\u00fd p\u0159\u00edstup ke vzd\u011bl\u00e1v\u00e1n\u00ed a zv\u00fd\u0161en\u00ed \u00fa\u010dinnosti syst\u00e9m\u016f vzd\u011bl\u00e1v\u00e1n\u00ed, plak\u00e1t<\/a><\/div>\n\n\n\n<div class=\"wp-block-file\"><a id=\"wp-block-file--media-e878a6e9-8e6e-4915-b3a3-5d89e1d77e66\" href=\"https:\/\/spsow.cz\/wp-content\/uploads\/2023\/03\/Implementace-Krajskeho-akcniho-planu-rozvoje-vzdelavani-v-KH-kraji-II.pdf\" target=\"_blank\" rel=\"noreferrer noopener\">Implementace Krajsk\u00e9ho ak\u010dn\u00edho pl\u00e1nu rozvoje vzd\u011bl\u00e1v\u00e1n\u00ed v KH kraji II<\/a><\/div>\n\n\n\n<div class=\"wp-block-file\"><a id=\"wp-block-file--media-e903bf23-3393-43bb-b981-a245ae0d9b8e\" href=\"https:\/\/spsow.cz\/wp-content\/uploads\/2023\/03\/Implementace-Krajskeho-akcniho-planu-rozvoje-vzdelavani-v-KH-kraji-II-plakat.pdf\" target=\"_blank\" rel=\"noreferrer noopener\">Implementace Krajsk\u00e9ho ak\u010dn\u00edho pl\u00e1nu rozvoje vzd\u011bl\u00e1v\u00e1n\u00ed v KH kraji II, plak\u00e1t<\/a><\/div>\n\n\n\n<div class=\"wp-block-file\"><a id=\"wp-block-file--media-b8bb347a-4de4-4097-85f6-6ccdce314d57\" href=\"https:\/\/spsow.cz\/wp-content\/uploads\/2023\/03\/Zvysovani-kvality-vzdelavani.pdf\" target=\"_blank\" rel=\"noreferrer noopener\">Zvy\u0161ov\u00e1n\u00ed kvality vzd\u011bl\u00e1v\u00e1n\u00ed<\/a><\/div>\n\n\n\n<div class=\"wp-block-file\"><a id=\"wp-block-file--media-bb23812d-46ef-47a4-9222-e3ae93510aa1\" href=\"https:\/\/spsow.cz\/wp-content\/uploads\/2023\/03\/Zvysovani-kvality-vzdelavani-plakat.pdf\" target=\"_blank\" rel=\"noreferrer noopener\">Zvy\u0161ov\u00e1n\u00ed kvality vzd\u011bl\u00e1v\u00e1n\u00ed, plak\u00e1t<\/a><\/div>\n\n\n\n<div class=\"wp-block-file\"><a id=\"wp-block-file--media-5dcd6531-43e5-4680-b5ec-1200460343d4\" href=\"https:\/\/spsow.cz\/wp-content\/uploads\/2023\/03\/Digitalni-technologie-pro-skoly-NPI.pdf\" target=\"_blank\" rel=\"noreferrer noopener\">Digit\u00e1ln\u00ed technologie pro \u0161koly, NPI<\/a><\/div>\n\n\n\n<div class=\"wp-block-file\"><a id=\"wp-block-file--media-4e991983-9ba8-447f-971c-3830d44c6243\" href=\"https:\/\/spsow.cz\/wp-content\/uploads\/2023\/03\/Doucovani-zaku-skol-3.2.3-NPI.pdf\" target=\"_blank\" rel=\"noreferrer noopener\">Dou\u010dov\u00e1n\u00ed \u017e\u00e1k\u016f \u0161kol 3.2.3, NPI<\/a><\/div>\n\n\n\n<div class=\"wp-block-file\"><a id=\"wp-block-file--media-876a8114-440e-412c-89ef-33d39571b86f\" href=\"https:\/\/spsow.cz\/wp-content\/uploads\/2023\/03\/Centrum-odborne-pripravy-polygrafickych-oboru-v-SSPTP-Velke-Porici.pdf\" target=\"_blank\" rel=\"noreferrer noopener\">Centrum odborn\u00e9 p\u0159\u00edpravy polygrafick\u00fdch obor\u016f v S\u0160PTP Velk\u00e9 Po\u0159\u00ed\u010d\u00ed<\/a><\/div>\n\n\n\n<div class=\"wp-block-file\"><a id=\"wp-block-file--media-1c366483-d1f5-4d24-8536-1a867734ea38\" href=\"https:\/\/spsow.cz\/wp-content\/uploads\/2023\/03\/Modernimi-technologiemi-k-vyssimu-uplatneni-na-trhu-prace.pdf\" target=\"_blank\" rel=\"noreferrer noopener\">Modern\u00edmi technologiemi k vy\u0161\u0161\u00edmu uplatn\u011bn\u00ed na trhu pr\u00e1ce<\/a><\/div>\n\n\n\n<div class=\"wp-block-file\"><a id=\"wp-block-file--media-bb25ff78-54ed-4775-b8d6-6fad0c322bf8\" href=\"https:\/\/spsow.cz\/wp-content\/uploads\/2023\/03\/Modernizace-odborneho-vzdelavani.pdf\" target=\"_blank\" rel=\"noreferrer noopener\">Modernizace odborn\u00e9ho vzd\u011bl\u00e1v\u00e1n\u00ed<\/a><\/div>\n\n\n\n<div class=\"wp-block-file\"><a id=\"wp-block-file--media-e8318dc4-7f2e-4755-980b-ad0b4f6ae601\" href=\"https:\/\/spsow.cz\/wp-content\/uploads\/2023\/03\/Modernizace-odborneho-vzdelavan-plakat.pdf\" target=\"_blank\" rel=\"noreferrer noopener\">Modernizace odborn\u00e9ho vzd\u011bl\u00e1v\u00e1n\u00ed, plak\u00e1t<\/a><\/div>\n\n\n\n<div class=\"wp-block-file\"><a id=\"wp-block-file--media-2828c2f8-0cc9-412c-86cb-465f75cccd31\" href=\"https:\/\/spsow.cz\/wp-content\/uploads\/2023\/03\/Zlepseni-prakticke-pripravenosti-technickych-oboru-\u2013-SPS-Hronov.pdf\" target=\"_blank\" rel=\"noreferrer noopener\">Zlep\u0161en\u00ed praktick\u00e9 p\u0159ipravenosti technick\u00fdch obor\u016f SP\u0160 Hronov<\/a><\/div>","protected":false},"excerpt":{"rendered":"","protected":false},"author":1,"featured_media":0,"parent":0,"menu_order":0,"comment_status":"closed","ping_status":"closed","template":"","meta":{"footnotes":""},"class_list":["post-243","page","type-page","status-publish","hentry"],"_links":{"self":[{"href":"https:\/\/spsow.cz\/en\/wp-json\/wp\/v2\/pages\/243","targetHints":{"allow":["GET"]}}],"collection":[{"href":"https:\/\/spsow.cz\/en\/wp-json\/wp\/v2\/pages"}],"about":[{"href":"https:\/\/spsow.cz\/en\/wp-json\/wp\/v2\/types\/page"}],"author":[{"embeddable":true,"href":"https:\/\/spsow.cz\/en\/wp-json\/wp\/v2\/users\/1"}],"replies":[{"embeddable":true,"href":"https:\/\/spsow.cz\/en\/wp-json\/wp\/v2\/comments?post=243"}],"version-history":[{"count":11,"href":"https:\/\/spsow.cz\/en\/wp-json\/wp\/v2\/pages\/243\/revisions"}],"predecessor-version":[{"id":15327,"href":"https:\/\/spsow.cz\/en\/wp-json\/wp\/v2\/pages\/243\/revisions\/15327"}],"wp:attachment":[{"href":"https:\/\/spsow.cz\/en\/wp-json\/wp\/v2\/media?parent=243"}],"curies":[{"name":"wp","href":"https:\/\/api.w.org\/{rel}","templated":true}]}}