{"id":241,"date":"2023-02-17T07:31:49","date_gmt":"2023-02-17T06:31:49","guid":{"rendered":"http:\/\/192.168.1.208\/wordpress\/?page_id=241"},"modified":"2026-03-03T12:55:27","modified_gmt":"2026-03-03T11:55:27","slug":"dokumenty-skoly","status":"publish","type":"page","link":"https:\/\/spsow.cz\/en\/dokumenty-skoly\/","title":{"rendered":"Dokumenty \u0161koly"},"content":{"rendered":"<div class=\"wp-block-file\"><a id=\"wp-block-file--media-a2223104-7f81-4173-a446-ab3b737f8203\" href=\"https:\/\/spsow.cz\/wp-content\/uploads\/2026\/01\/Skolni-rad-2025p-1.pdf\" target=\"_blank\" rel=\"noreferrer noopener\">\u0160koln\u00ed \u0159\u00e1d<\/a><\/div>\n\n\n\n<div class=\"wp-block-file\"><a id=\"wp-block-file--media-f9ae7be0-4230-4c96-9bf7-c5ba91da6517\" href=\"https:\/\/spsow.cz\/wp-content\/uploads\/2025\/07\/Zadost-o-opis.pdf\" target=\"_blank\" rel=\"noreferrer noopener\">\u017d\u00e1dost o opis\/stejnopis dokumentu<\/a><\/div>\n\n\n\n<div class=\"wp-block-file\"><a id=\"wp-block-file--media-383b864d-7775-4283-8aee-2311015e9427\" href=\"https:\/\/spsow.cz\/wp-content\/uploads\/2026\/03\/Poskytovani-informaci.pdf\" target=\"_blank\" rel=\"noreferrer noopener\">Poskytov\u00e1n\u00ed informac\u00ed<\/a><\/div>\n\n\n\n<div class=\"wp-block-file\"><a id=\"wp-block-file--media-df677691-8ed0-4769-9720-4b3c33c659c7\" href=\"https:\/\/spsow.cz\/wp-content\/uploads\/2026\/03\/Cenik-2026-1.pdf\" target=\"_blank\" rel=\"noreferrer noopener\">Cen\u00edk 2026<\/a><\/div>\n\n\n\n<div class=\"wp-block-file\"><a id=\"wp-block-file--media-3a648298-5476-425d-b56e-19f76e4e998f\" href=\"https:\/\/spsow.cz\/wp-content\/uploads\/2025\/11\/Vyrocni-zprava-2024-2025.pdf\" target=\"_blank\" rel=\"noreferrer noopener\">V\u00fdro\u010dn\u00ed zpr\u00e1va 2024\/2025<\/a><\/div>\n\n\n\n<div class=\"wp-block-file\"><a id=\"wp-block-file--media-33bd0004-466f-4077-82c4-ded8400998eb\" href=\"https:\/\/spsow.cz\/wp-content\/uploads\/2025\/07\/GDPR-1.pdf\" target=\"_blank\" rel=\"noreferrer noopener\">Informace o zpracov\u00e1n\u00ed osobn\u00edch \u00fadaj\u016f<\/a><\/div>\n\n\n\n<div class=\"wp-block-file\"><a id=\"wp-block-file--media-5566dad6-3f24-4a32-963c-2541992b66ad\" href=\"https:\/\/spsow.cz\/wp-content\/uploads\/2025\/06\/rozpocet-2025.pdf\" target=\"_blank\" rel=\"noreferrer noopener\">Rozpo\u010det 2025<\/a><\/div>\n\n\n\n<div class=\"wp-block-file\"><a id=\"wp-block-file--media-23895b56-3b56-4192-a628-1fe6d0a3c448\" href=\"https:\/\/spsow.cz\/wp-content\/uploads\/2025\/06\/rozpoctovy-vyhled-2026-2027.pdf\" target=\"_blank\" rel=\"noreferrer noopener\">Rozpo\u010dtov\u00fd v\u00fdhled 2026-2027<\/a><\/div>\n\n\n\n<div class=\"wp-block-file\"><a id=\"wp-block-file--media-e3d94be8-2ade-4ee5-94d1-5eb929f20e44\" href=\"https:\/\/spsow.cz\/wp-content\/uploads\/2025\/01\/Certifikat_KHK_ISO_50001_2024_komplet.pdf\" target=\"_blank\" rel=\"noreferrer noopener\">Certifik\u00e1t EURO CERT group<\/a><\/div>\n\n\n\n<div class=\"wp-block-file\"><a id=\"wp-block-file--media-f939f65b-4e9f-4599-aeb0-95ee5a72d00f\" href=\"https:\/\/spsow.cz\/wp-content\/uploads\/2023\/03\/Politika-systemu-managementu-hospodareni-s-energii-v-organizacich-KH-kraje.pdf\" target=\"_blank\" rel=\"noreferrer noopener\">Politika syst\u00e9mu managementu hospoda\u0159en\u00ed s energi\u00ed v organizac\u00edch KH kraje<\/a><\/div>","protected":false},"excerpt":{"rendered":"","protected":false},"author":1,"featured_media":0,"parent":0,"menu_order":0,"comment_status":"closed","ping_status":"closed","template":"","meta":{"footnotes":""},"class_list":["post-241","page","type-page","status-publish","hentry"],"_links":{"self":[{"href":"https:\/\/spsow.cz\/en\/wp-json\/wp\/v2\/pages\/241","targetHints":{"allow":["GET"]}}],"collection":[{"href":"https:\/\/spsow.cz\/en\/wp-json\/wp\/v2\/pages"}],"about":[{"href":"https:\/\/spsow.cz\/en\/wp-json\/wp\/v2\/types\/page"}],"author":[{"embeddable":true,"href":"https:\/\/spsow.cz\/en\/wp-json\/wp\/v2\/users\/1"}],"replies":[{"embeddable":true,"href":"https:\/\/spsow.cz\/en\/wp-json\/wp\/v2\/comments?post=241"}],"version-history":[{"count":33,"href":"https:\/\/spsow.cz\/en\/wp-json\/wp\/v2\/pages\/241\/revisions"}],"predecessor-version":[{"id":14868,"href":"https:\/\/spsow.cz\/en\/wp-json\/wp\/v2\/pages\/241\/revisions\/14868"}],"wp:attachment":[{"href":"https:\/\/spsow.cz\/en\/wp-json\/wp\/v2\/media?parent=241"}],"curies":[{"name":"wp","href":"https:\/\/api.w.org\/{rel}","templated":true}]}}