{"id":239,"date":"2023-02-17T07:31:10","date_gmt":"2023-02-17T06:31:10","guid":{"rendered":"http:\/\/192.168.1.208\/wordpress\/?page_id=239"},"modified":"2026-01-14T12:15:58","modified_gmt":"2026-01-14T11:15:58","slug":"o-skole","status":"publish","type":"page","link":"https:\/\/spsow.cz\/en\/o-skole\/","title":{"rendered":"O \u0161kole"},"content":{"rendered":"<h3 class=\"wp-block-heading has-medium-font-size\"><strong>Identifika\u010dn\u00ed \u00fadaje \u0161koly<\/strong><\/h3>\n\n\n\n<p class=\"has-medium-font-size\"><strong>N\u00e1zev organizace:<\/strong><br>St\u0159edn\u00ed pr\u016fmyslov\u00e1 \u0161kola Otty Wichterleho, p\u0159\u00edsp\u011bvkov\u00e1 organizace<\/p>\n\n\n\n<p class=\"has-medium-font-size\"><strong>S\u00eddlo organizace:<\/strong><br>Hostovsk\u00e9ho 910, 549 31 Hronov<br><strong>tel.:<\/strong>&nbsp;491 485 048<br><strong>e-mail:<\/strong>&nbsp;skola@spsow.cz<br><strong>www:<\/strong>&nbsp;https:\/\/spsow.cz<br><strong>datov\u00e1 schr\u00e1nka:<\/strong>&nbsp;8z2c7cy<\/p>\n\n\n\n<p class=\"has-medium-font-size\"><strong>Z\u0159izovatel:<\/strong><br>Kr\u00e1lov\u00e9hradeck\u00fd kraj, Pivovarsk\u00e9 n\u00e1m\u011bst\u00ed 1245, 500 03 Hradec Kr\u00e1lov\u00e9 <br>Z\u0159izovac\u00ed listina vydan\u00e1 zastupitelstvem Kr\u00e1lov\u00e9hradeck\u00e9ho kraje \u010d.j. KUKHK\u201313477\/SKS\/2025 <br>ze dne 14. 4. 2025 v\u010detn\u011b p\u0159\u00edloh.<\/p>\n\n\n\n<div class=\"wp-block-file\"><a id=\"wp-block-file--media-f4f58839-33a1-4e16-b3c4-70c88cd7358d\" href=\"https:\/\/spsow.cz\/wp-content\/uploads\/2026\/01\/Zrizovaci-listina-2025.pdf\" target=\"_blank\" rel=\"noreferrer noopener\">Z\u0159izovac\u00ed listina 2025<\/a><\/div>\n\n\n\n<div class=\"wp-block-file\"><a id=\"wp-block-file--media-3e7c45d5-d503-4081-b798-1570f489d96b\" href=\"https:\/\/spsow.cz\/wp-content\/uploads\/2026\/01\/ZL-2025_Priloha-c.-1.pdf\" target=\"_blank\" rel=\"noreferrer noopener\">P\u0159\u00edloha \u010d.1<\/a><\/div>\n\n\n\n<p class=\"has-medium-font-size\"><strong>I\u010cO:<\/strong>&nbsp;06668356<br><strong>DI\u010c:<\/strong>&nbsp;CZ06668356<br><strong>IZO:<\/strong>&nbsp;110 028 881<br><strong>REDIZO:<\/strong>&nbsp;691 012 431<\/p>\n\n\n\n<p class=\"has-medium-font-size\"><strong>Pr\u00e1vn\u00ed forma:<\/strong>&nbsp;p\u0159\u00edsp\u011bvkov\u00e1 organizace<\/p>\n\n\n\n<p class=\"has-medium-font-size\"><strong>\u0158editel \u0161koly:<\/strong> Ing. Josef Maty\u00e1\u0161 <br>Statut\u00e1rn\u00ed org\u00e1n \u0161kolsk\u00e9 pr\u00e1vnick\u00e9 osoby, jmenov\u00e1n do funkce hejtmanem Kr\u00e1lov\u00e9hradeck\u00e9ho kraje PhDr. Ji\u0159\u00edm \u0160t\u011bp\u00e1nem, Ph.D. na z\u00e1klad\u011b usnesen\u00ed Rady Kr\u00e1lov\u00e9hradeck\u00e9ho kraje RK\/9\/695\/2018 ze dne 16. 4. 2018 s \u00fa\u010dinnost\u00ed od 1. 7. 2018.<br><br><strong>Podatelna Hronov<\/strong> (spole\u010dn\u00e1 pro Hronov i Velk\u00e9 Po\u0159\u00ed\u010d\u00ed)<br>\u00fa\u0159edn\u00ed hodiny: pond\u011bl\u00ed\u2013p\u00e1tek, 8:00\u201310:30 hodin (nebo po p\u0159edchoz\u00ed dohod\u011b)<br>nebo po telefonick\u00e9 domluv\u011b na tel.: 606 733 445<br><\/p>\n\n\n\n<div style=\"height:38px\" aria-hidden=\"true\" class=\"wp-block-spacer\"><\/div>\n\n\n\n<h3 class=\"wp-block-heading has-medium-font-size\"><strong>M\u00edsta poskytovan\u00e9ho vzd\u011bl\u00e1v\u00e1n\u00ed:<\/strong><\/h3>\n\n\n\n<p class=\"has-medium-font-size\"><strong>Centrum Hronov <\/strong>(stroj\u00edrenstv\u00ed a elektrotechnika)<br>Hostovsk\u00e9ho 910, 549 31 Hronov<br>tel.: 491 485 048<br>e-mail:&nbsp;<a href=\"mailto:skolahr@spsow.cz\">skolahr@spsow.cz<\/a><br>GPS: 50\u00b028&#8217;31.167&#8243;N, 16\u00b010&#8217;44.619&#8243;E<\/p>\n\n\n\n<p class=\"has-medium-font-size\"><strong>Centrum<\/strong> <strong>Velk\u00e9 Po\u0159\u00ed\u010d\u00ed<\/strong> (design, polygrafie, od\u011bvn\u00ed tvorba)<br>N\u00e1chodsk\u00e1 241, 549 32 Velk\u00e9 Po\u0159\u00ed\u010d\u00ed<br>tel.: 491 485 041, 733 505 301<br>e-mail:\u00a0<a href=\"mailto:skolavp@spsow.cz\">skolavp@spsow.cz<\/a><br>GPS: 50\u00b027&#8217;48.713&#8243;N, 16\u00b011&#8217;2.542&#8243;E<\/p>\n\n\n\n<p> <br><br> <\/p>","protected":false},"excerpt":{"rendered":"<p>Identifika\u010dn\u00ed \u00fadaje \u0161koly N\u00e1zev organizace:St\u0159edn\u00ed pr\u016fmyslov\u00e1 \u0161kola Otty Wichterleho, p\u0159\u00edsp\u011bvkov\u00e1 organizace S\u00eddlo organizace:Hostovsk\u00e9ho 910, 549 31 Hronovtel.:&nbsp;491 485 048e-mail:&nbsp;skola@spsow.czwww:&nbsp;https:\/\/spsow.czdatov\u00e1 schr\u00e1nka:&nbsp;8z2c7cy Z\u0159izovatel:Kr\u00e1lov\u00e9hradeck\u00fd kraj, Pivovarsk\u00e9 n\u00e1m\u011bst\u00ed 1245, 500 03 Hradec Kr\u00e1lov\u00e9 Z\u0159izovac\u00ed listina vydan\u00e1 zastupitelstvem Kr\u00e1lov\u00e9hradeck\u00e9ho kraje \u010d.j. KUKHK\u201313477\/SKS\/2025 ze dne 14. 4. 2025 v\u010detn\u011b p\u0159\u00edloh. I\u010cO:&nbsp;06668356DI\u010c:&nbsp;CZ06668356IZO:&nbsp;110 028 881REDIZO:&nbsp;691 012 431 Pr\u00e1vn\u00ed [&hellip;]<\/p>\n","protected":false},"author":1,"featured_media":0,"parent":0,"menu_order":0,"comment_status":"closed","ping_status":"closed","template":"","meta":{"footnotes":""},"class_list":["post-239","page","type-page","status-publish","hentry"],"_links":{"self":[{"href":"https:\/\/spsow.cz\/en\/wp-json\/wp\/v2\/pages\/239","targetHints":{"allow":["GET"]}}],"collection":[{"href":"https:\/\/spsow.cz\/en\/wp-json\/wp\/v2\/pages"}],"about":[{"href":"https:\/\/spsow.cz\/en\/wp-json\/wp\/v2\/types\/page"}],"author":[{"embeddable":true,"href":"https:\/\/spsow.cz\/en\/wp-json\/wp\/v2\/users\/1"}],"replies":[{"embeddable":true,"href":"https:\/\/spsow.cz\/en\/wp-json\/wp\/v2\/comments?post=239"}],"version-history":[{"count":28,"href":"https:\/\/spsow.cz\/en\/wp-json\/wp\/v2\/pages\/239\/revisions"}],"predecessor-version":[{"id":13577,"href":"https:\/\/spsow.cz\/en\/wp-json\/wp\/v2\/pages\/239\/revisions\/13577"}],"wp:attachment":[{"href":"https:\/\/spsow.cz\/en\/wp-json\/wp\/v2\/media?parent=239"}],"curies":[{"name":"wp","href":"https:\/\/api.w.org\/{rel}","templated":true}]}}