{"id":205,"date":"2023-02-16T12:33:59","date_gmt":"2023-02-16T11:33:59","guid":{"rendered":"http:\/\/192.168.1.208\/wordpress\/?page_id=205"},"modified":"2026-02-17T07:55:14","modified_gmt":"2026-02-17T06:55:14","slug":"odevni-design","status":"publish","type":"page","link":"https:\/\/spsow.cz\/en\/odevni-design\/","title":{"rendered":"Od\u011bvn\u00ed design"},"content":{"rendered":"<h4 class=\"wp-block-heading\">Specifikace oboru<\/h4>\n\n\n\n<ul class=\"wp-block-list has-white-color has-accent-background-color has-text-color has-background has-medium-font-size\">\n<li><strong>82-41-M\/07 Model\u00e1\u0159stv\u00ed a n\u00e1vrh\u00e1\u0159stv\u00ed od\u011bv\u016f<\/strong> (\u0160VP: Od\u011bvn\u00ed design)<\/li>\n\n\n\n<li>4 roky, denn\u00ed studium<\/li>\n\n\n\n<li>obor s talentovou zkou\u0161kou<\/li>\n\n\n\n<li>kapacita: 17 student\u016f (v ro\u010dn\u00edku)<\/li>\n\n\n\n<li>maturitn\u00ed vysv\u011bd\u010den\u00ed<\/li>\n\n\n\n<li>term\u00edn pod\u00e1v\u00e1n\u00ed p\u0159ihl\u00e1\u0161ek: 1.\u201320. 2. 2026<\/li>\n\n\n\n<li>talentov\u00e9 zkou\u0161ky: 25. a 26. 3. 2026<\/li>\n\n\n\n<li>m\u00edsto vzd\u011bl\u00e1v\u00e1n\u00ed: VELK\u00c9 PO\u0158\u00cd\u010c\u00cd<\/li>\n<\/ul>\n\n\n\n<h4 class=\"wp-block-heading\">Video: Od\u011bvn\u00ed design a Grafick\u00fd design<\/h4>\n\n\n\n<figure class=\"wp-block-image size-full is-resized\"><a href=\"https:\/\/spsow.cz\/wp-content\/uploads\/2024\/11\/Reels_1_FullHD.mp4\"><img loading=\"lazy\" decoding=\"async\" width=\"540\" height=\"304\" src=\"https:\/\/spsow.cz\/wp-content\/uploads\/2024\/11\/video-thumb-odevni-design.jpg\" alt=\"\" class=\"wp-image-9013\" style=\"object-fit:contain;width:270px;height:152px\" srcset=\"https:\/\/spsow.cz\/wp-content\/uploads\/2024\/11\/video-thumb-odevni-design.jpg 540w, https:\/\/spsow.cz\/wp-content\/uploads\/2024\/11\/video-thumb-odevni-design-300x169.jpg 300w, https:\/\/spsow.cz\/wp-content\/uploads\/2024\/11\/video-thumb-odevni-design-18x10.jpg 18w\" sizes=\"auto, (max-width: 540px) 100vw, 540px\" \/><\/a><\/figure>\n\n\n\n<div style=\"height:32px\" aria-hidden=\"true\" class=\"wp-block-spacer\"><\/div>\n\n\n\n<p class=\"has-medium-font-size\"><strong>P\u0159\u00edpravn\u00e9 kurzy<\/strong> k talentov\u00fdm zkou\u0161k\u00e1m: info <a href=\"https:\/\/spsow.cz\/en\/kurzy-kresby-a-malby-k-talentovym-zkouskam\/\" data-type=\"link\" data-id=\"https:\/\/spsow.cz\/kurzy-kresby-a-malby-k-talentovym-zkouskam\/\">ZDE<\/a><\/p>\n\n\n\n<div style=\"height:29px\" aria-hidden=\"true\" class=\"wp-block-spacer\"><\/div>\n\n\n\n<h4 class=\"wp-block-heading\">Pro\u010d studovat obor Od\u011bvn\u00ed design?<\/h4>\n\n\n\n<ul class=\"wp-block-list\">\n<li class=\"has-medium-font-size\">Maturitn\u00ed vzd\u011bl\u00e1v\u00e1n\u00ed s d\u016frazem na \u0159emesln\u00e9 zpracov\u00e1n\u00ed<\/li>\n\n\n\n<li class=\"has-medium-font-size\">Kreativn\u00ed obor v tv\u016fr\u010d\u00edm prost\u0159ed\u00ed a v inspirativn\u00edm kolektivu<\/li>\n\n\n\n<li class=\"has-medium-font-size\">Rozvoj fantazie za pomoc\u00ed r\u016fzn\u00fdch tradi\u010dn\u00edch i netradi\u010dn\u00edch v\u00fdtvarn\u00fdch technik, experimentov\u00e1n\u00ed, tvorba prostorov\u00fdch objekt\u016f<\/li>\n\n\n\n<li class=\"has-medium-font-size\">Navrhov\u00e1n\u00ed, konstrukce a \u0161it\u00ed od\u011bv\u016f<\/li>\n\n\n\n<li class=\"has-medium-font-size\">Prezentace vlastn\u00edch kolekc\u00ed na m\u00f3dn\u00edch p\u0159ehl\u00eddk\u00e1ch a sout\u011b\u017e\u00edch<\/li>\n\n\n\n<li class=\"has-medium-font-size\">Teoretick\u00e9 znalosti z d\u011bjin v\u00fdtvarn\u00e9 kultury, historie od\u00edv\u00e1n\u00ed<\/li>\n\n\n\n<li class=\"has-medium-font-size\">Rozvoj estetick\u00e9ho c\u00edt\u011bn\u00ed a kritick\u00e9ho my\u0161len\u00ed<\/li>\n\n\n\n<li class=\"has-medium-font-size\">Pr\u00e1ce v grafick\u00fdch programech<\/li>\n<\/ul>\n\n\n\n<h4 class=\"wp-block-heading\">Profil absolventa<\/h4>\n\n\n\n<ul class=\"wp-block-list has-medium-font-size\">\n<li class=\"has-medium-font-size\">schopnost realizace vlastn\u00edho n\u00e1padu od v\u00fdtvarn\u00e9ho n\u00e1vrhu, p\u0159es technickou dokumentaci, a\u017e po hotov\u00fd od\u011bv, od\u011bvn\u00ed \u010di m\u00f3dn\u00ed dopln\u011bk nebo v\u00fdtvarn\u00fd projekt<\/li>\n\n\n\n<li class=\"has-medium-font-size\">znalost vhodn\u00fdch materi\u00e1l\u016f pro zhotoven\u00ed od\u011bv\u016f<\/li>\n\n\n\n<li class=\"has-medium-font-size\">p\u0159\u00edprava ucelen\u00e9 prezentace vlastn\u00ed pr\u00e1ce &#8211; portfolia, m\u00f3dn\u00ed p\u0159ehl\u00eddky<\/li>\n\n\n\n<li class=\"has-medium-font-size\">pr\u00e1ce v grafick\u00fdch programech, u\u017e\u00edv\u00e1n\u00ed r\u016fzn\u00fdch grafick\u00fdch technik<\/li>\n\n\n\n<li class=\"has-medium-font-size\">pr\u00e1ce s&nbsp;modern\u00edmi \u0161ic\u00edmi stroji v&nbsp;r\u00e1mci \u0161ic\u00ed d\u00edlny<\/li>\n<\/ul>\n\n\n\n<h4 class=\"wp-block-heading\">Uplatn\u011bn\u00ed absolventa<\/h4>\n\n\n\n<ul class=\"wp-block-list has-medium-font-size\">\n<li>M\u00f3dn\u00ed n\u00e1vrh\u00e1\u0159 \/ design\u00e9r v&nbsp;modelov\u00fdch ateli\u00e9rech a od\u011bvn\u00edch firm\u00e1ch<\/li>\n\n\n\n<li>Konstrukt\u00e9r a technolog v\u00fdroby od\u011bvn\u00edch firem, odborn\u00fd poradce v&nbsp;n\u00e1kupu a prodeji od\u011bvn\u00edch materi\u00e1l\u016f, v\u00fdrobk\u016f a dopl\u0148k\u016f<\/li>\n\n\n\n<li>M\u00f3dn\u00ed manager se zodpov\u011bdnost\u00ed za v\u00fdvoj zna\u010dky a v\u00fdrobk\u016f<\/li>\n\n\n\n<li>Tvorba vlastn\u00ed zna\u010dky a rozvoj vlastn\u00ed firmy<\/li>\n\n\n\n<li>Kost\u00fdmn\u00ed v\u00fdtvarn\u00edk pro divadeln\u00ed a filmovou tvorbu<\/li>\n\n\n\n<li>Lektor od\u011bvn\u00edch a textiln\u00edch v\u00fdtvarn\u00fdch technik v za\u0159\u00edzen\u00edch mimo\u0161koln\u00edho vzd\u011bl\u00e1v\u00e1n\u00ed a voln\u00e9ho \u010dasu.<\/li>\n\n\n\n<li>Odborn\u00fd muzejn\u00ed\/galerijn\u00ed pracovn\u00edk, spr\u00e1vce sb\u00edrky, pr\u016fvodce, lektor eduka\u010dn\u00edch program\u016f<\/li>\n<\/ul>\n\n\n\n<h4 class=\"wp-block-heading\">Pokra\u010dujte ve studiu!<\/h4>\n\n\n\n<ul class=\"wp-block-list\">\n<li class=\"has-medium-font-size\">Mo\u017enost dal\u0161\u00edho studia na V\u0160: nap\u0159.: TU Liberec Fakulta textiln\u00ed, Vysok\u00e1 \u0161kola um\u011bleckopr\u016fmyslov\u00e1 v Praze, Univerzita Hradec Kr\u00e1lov\u00e9, Fakulta um\u011bn\u00ed a designu \u00dast\u00ed nad Labem, Fakulta designu a um\u011bn\u00ed Ladislava Sutnara \u2013 Plze\u0148, Masarykova univerzita Brno, Fakulta multimedi\u00e1ln\u00edch komunikac\u00ed UTB Zl\u00edn.<\/li>\n\n\n\n<li class=\"has-medium-font-size\">mo\u017enost roz\u0161\u00ed\u0159it si vzd\u011bl\u00e1n\u00ed studiem na\u0161ich zkr\u00e1cen\u00fdch obor\u016f&nbsp;<a href=\"https:\/\/spsow.cz\/en\/reprodukcni-grafik-zkraceny\/\">Reproduk\u010dn\u00ed grafik<\/a>&nbsp;nebo&nbsp;<a href=\"https:\/\/spsow.cz\/en\/tiskar-2\/\">Tiska\u0159 na polygrafick\u00fdch stroj\u00edch<\/a>&nbsp;(1 rok, denn\u00ed studia, Velk\u00e9 Po\u0159\u00ed\u010d\u00ed)<\/li>\n\n\n\n<li class=\"has-medium-font-size\">dal\u0161\u00ed 3let\u00fd nebo 4let\u00fd obor<\/li>\n<\/ul>\n\n\n\n<h4 class=\"wp-block-heading\">Dal\u0161\u00ed v\u00fdhody \u0161koly<\/h4>\n\n\n\n<ul class=\"wp-block-list has-medium-font-size\">\n<li>Zapojen\u00ed student\u016f do tvorby a organizace m\u00f3dn\u00edch p\u0159ehl\u00eddek a prezentace vlastn\u00ed tvorby na sout\u011b\u017e\u00edch st\u0159edn\u00edch \u0161kol, kde na\u0161i absolventi z\u00edskali \u0159adu ocen\u011bn\u00ed<\/li>\n\n\n\n<li>aktivn\u00ed spolupr\u00e1ce s podniky v regionu: TERRY M\u00d3DA, s. r. o. \u010cerven\u00fd Kostelec, DARR\u00c9 N\u00e1chod s.r.o., LINIA s.r.o. Trutnov, firma AB ko\u0161ile, s. r. o., Horn\u00ed Kostelec, LUKO, s. r. o., \u010cerven\u00fd Kostelec; VEBA, textiln\u00ed z\u00e1vody a.s.;<\/li>\n\n\n\n<li>\u0161kola je \u010dlenem Asociace st\u0159edn\u00edch a vy\u0161\u0161\u00edch odborn\u00fdch \u0161kol s&nbsp;v\u00fdtvarn\u00fdmi a um\u011blecko\u0159emesln\u00fdmi obory \u010cR<\/li>\n\n\n\n<li>vlakov\u00e1 a autobusov\u00e1 zast\u00e1vka v bezprost\u0159edn\u00ed bl\u00edzkosti \u0161koly<\/li>\n\n\n\n<li>domov ml\u00e1de\u017ee v are\u00e1lu \u0161koly<\/li>\n<\/ul>\n\n\n\n<h4 class=\"wp-block-heading\">U\u010debn\u00ed pl\u00e1n<\/h4>\n\n\n\n<div class=\"wp-block-file\"><a id=\"wp-block-file--media-02dc5bd5-764c-48f1-9bd6-28439f25a0aa\" href=\"https:\/\/spsow.cz\/wp-content\/uploads\/2024\/08\/UCEBNI-PLAN-Odevni-design.pdf\" target=\"_blank\" rel=\"noreferrer noopener\">U\u010debn\u00ed pl\u00e1n<\/a><\/div>\n\n\n\n<div class=\"wp-block-file\"><a id=\"wp-block-file--media-1a113465-ffee-4d6a-968a-ecc7db1206ec\" href=\"https:\/\/spsow.cz\/wp-content\/uploads\/2026\/02\/SVP-Odevni-design.pdf\" target=\"_blank\" rel=\"noreferrer noopener\">\u0160VP Od\u011bvn\u00ed design<\/a><\/div>\n\n\n\n<div class=\"wp-block-file\"><a id=\"wp-block-file--media-44bd9d20-6e84-4f0e-b484-0fe06cc12b0e\" href=\"https:\/\/spsow.cz\/wp-content\/uploads\/2025\/02\/Odevni-design-upravene-barvy.png\" target=\"_blank\" rel=\"noreferrer noopener\">Od\u011bvn\u00ed design<\/a><\/div>\n\n\n\n<div class=\"wp-block-file\"><a id=\"wp-block-file--media-4940aad4-6137-453b-bb53-f7592a5c9293\" href=\"https:\/\/spsow.cz\/wp-content\/uploads\/2024\/10\/FB-skupina.pdf\" target=\"_blank\" rel=\"noreferrer noopener\">P\u0159idej se do fb skupiny<\/a><\/div>\n\n\n\n<figure class=\"wp-block-gallery has-nested-images columns-default is-cropped wp-block-gallery-1 is-layout-flex wp-block-gallery-is-layout-flex\">\n<figure class=\"wp-block-image size-large\"><a href=\"https:\/\/spsow.cz\/wp-content\/uploads\/2023\/04\/9G8A6451.jpg\"><img loading=\"lazy\" decoding=\"async\" width=\"1024\" height=\"683\" data-id=\"1394\" src=\"https:\/\/spsow.cz\/wp-content\/uploads\/2023\/04\/9G8A6451-1024x683.jpg\" alt=\"\" class=\"wp-image-1394\" srcset=\"https:\/\/spsow.cz\/wp-content\/uploads\/2023\/04\/9G8A6451-1024x683.jpg 1024w, https:\/\/spsow.cz\/wp-content\/uploads\/2023\/04\/9G8A6451-300x200.jpg 300w, https:\/\/spsow.cz\/wp-content\/uploads\/2023\/04\/9G8A6451-768x512.jpg 768w, https:\/\/spsow.cz\/wp-content\/uploads\/2023\/04\/9G8A6451-1536x1024.jpg 1536w, https:\/\/spsow.cz\/wp-content\/uploads\/2023\/04\/9G8A6451-360x240.jpg 360w, https:\/\/spsow.cz\/wp-content\/uploads\/2023\/04\/9G8A6451.jpg 1920w\" sizes=\"auto, (max-width: 1024px) 100vw, 1024px\" \/><\/a><\/figure>\n\n\n\n<figure class=\"wp-block-image size-large\"><a href=\"https:\/\/spsow.cz\/wp-content\/uploads\/2023\/04\/9G8A6488-2.jpg\"><img loading=\"lazy\" decoding=\"async\" width=\"1024\" height=\"683\" data-id=\"1397\" src=\"https:\/\/spsow.cz\/wp-content\/uploads\/2023\/04\/9G8A6488-2-1024x683.jpg\" alt=\"\" class=\"wp-image-1397\" srcset=\"https:\/\/spsow.cz\/wp-content\/uploads\/2023\/04\/9G8A6488-2-1024x683.jpg 1024w, https:\/\/spsow.cz\/wp-content\/uploads\/2023\/04\/9G8A6488-2-300x200.jpg 300w, https:\/\/spsow.cz\/wp-content\/uploads\/2023\/04\/9G8A6488-2-768x512.jpg 768w, https:\/\/spsow.cz\/wp-content\/uploads\/2023\/04\/9G8A6488-2-1536x1024.jpg 1536w, https:\/\/spsow.cz\/wp-content\/uploads\/2023\/04\/9G8A6488-2-360x240.jpg 360w, https:\/\/spsow.cz\/wp-content\/uploads\/2023\/04\/9G8A6488-2.jpg 1920w\" sizes=\"auto, (max-width: 1024px) 100vw, 1024px\" \/><\/a><\/figure>\n\n\n\n<figure class=\"wp-block-image size-large\"><a href=\"https:\/\/spsow.cz\/wp-content\/uploads\/2023\/04\/9G8A6512.jpg\"><img loading=\"lazy\" decoding=\"async\" width=\"1024\" height=\"683\" data-id=\"1395\" src=\"https:\/\/spsow.cz\/wp-content\/uploads\/2023\/04\/9G8A6512-1024x683.jpg\" alt=\"\" class=\"wp-image-1395\" srcset=\"https:\/\/spsow.cz\/wp-content\/uploads\/2023\/04\/9G8A6512-1024x683.jpg 1024w, https:\/\/spsow.cz\/wp-content\/uploads\/2023\/04\/9G8A6512-300x200.jpg 300w, https:\/\/spsow.cz\/wp-content\/uploads\/2023\/04\/9G8A6512-768x512.jpg 768w, https:\/\/spsow.cz\/wp-content\/uploads\/2023\/04\/9G8A6512-1536x1024.jpg 1536w, https:\/\/spsow.cz\/wp-content\/uploads\/2023\/04\/9G8A6512-360x240.jpg 360w, https:\/\/spsow.cz\/wp-content\/uploads\/2023\/04\/9G8A6512.jpg 1920w\" sizes=\"auto, (max-width: 1024px) 100vw, 1024px\" \/><\/a><\/figure>\n\n\n\n<figure class=\"wp-block-image size-large\"><a href=\"https:\/\/spsow.cz\/wp-content\/uploads\/2023\/04\/9G8A8480.jpg\"><img loading=\"lazy\" decoding=\"async\" width=\"1024\" height=\"683\" data-id=\"1396\" src=\"https:\/\/spsow.cz\/wp-content\/uploads\/2023\/04\/9G8A8480-1024x683.jpg\" alt=\"\" class=\"wp-image-1396\" srcset=\"https:\/\/spsow.cz\/wp-content\/uploads\/2023\/04\/9G8A8480-1024x683.jpg 1024w, https:\/\/spsow.cz\/wp-content\/uploads\/2023\/04\/9G8A8480-300x200.jpg 300w, https:\/\/spsow.cz\/wp-content\/uploads\/2023\/04\/9G8A8480-768x512.jpg 768w, https:\/\/spsow.cz\/wp-content\/uploads\/2023\/04\/9G8A8480-1536x1024.jpg 1536w, https:\/\/spsow.cz\/wp-content\/uploads\/2023\/04\/9G8A8480-360x240.jpg 360w, https:\/\/spsow.cz\/wp-content\/uploads\/2023\/04\/9G8A8480.jpg 1920w\" sizes=\"auto, (max-width: 1024px) 100vw, 1024px\" \/><\/a><\/figure>\n\n\n\n<figure class=\"wp-block-image size-large\"><a href=\"https:\/\/spsow.cz\/wp-content\/uploads\/2023\/04\/9G8A8723.jpg\"><img loading=\"lazy\" decoding=\"async\" width=\"1024\" height=\"683\" data-id=\"1399\" src=\"https:\/\/spsow.cz\/wp-content\/uploads\/2023\/04\/9G8A8723-1024x683.jpg\" alt=\"\" class=\"wp-image-1399\" srcset=\"https:\/\/spsow.cz\/wp-content\/uploads\/2023\/04\/9G8A8723-1024x683.jpg 1024w, https:\/\/spsow.cz\/wp-content\/uploads\/2023\/04\/9G8A8723-300x200.jpg 300w, https:\/\/spsow.cz\/wp-content\/uploads\/2023\/04\/9G8A8723-768x512.jpg 768w, https:\/\/spsow.cz\/wp-content\/uploads\/2023\/04\/9G8A8723-1536x1024.jpg 1536w, https:\/\/spsow.cz\/wp-content\/uploads\/2023\/04\/9G8A8723-360x240.jpg 360w, https:\/\/spsow.cz\/wp-content\/uploads\/2023\/04\/9G8A8723.jpg 1920w\" sizes=\"auto, (max-width: 1024px) 100vw, 1024px\" \/><\/a><\/figure>\n\n\n\n<figure class=\"wp-block-image size-large\"><a href=\"https:\/\/spsow.cz\/wp-content\/uploads\/2023\/04\/9G8A8944-1.jpg\"><img loading=\"lazy\" decoding=\"async\" width=\"1024\" height=\"683\" data-id=\"1398\" src=\"https:\/\/spsow.cz\/wp-content\/uploads\/2023\/04\/9G8A8944-1-1024x683.jpg\" alt=\"\" class=\"wp-image-1398\" srcset=\"https:\/\/spsow.cz\/wp-content\/uploads\/2023\/04\/9G8A8944-1-1024x683.jpg 1024w, https:\/\/spsow.cz\/wp-content\/uploads\/2023\/04\/9G8A8944-1-300x200.jpg 300w, https:\/\/spsow.cz\/wp-content\/uploads\/2023\/04\/9G8A8944-1-768x512.jpg 768w, https:\/\/spsow.cz\/wp-content\/uploads\/2023\/04\/9G8A8944-1-1536x1024.jpg 1536w, https:\/\/spsow.cz\/wp-content\/uploads\/2023\/04\/9G8A8944-1-360x240.jpg 360w, https:\/\/spsow.cz\/wp-content\/uploads\/2023\/04\/9G8A8944-1.jpg 1920w\" sizes=\"auto, (max-width: 1024px) 100vw, 1024px\" \/><\/a><\/figure>\n\n\n\n<figure class=\"wp-block-image size-large\"><a href=\"https:\/\/spsow.cz\/wp-content\/uploads\/2023\/04\/26758935-630A-45DD-88B9-4D47A88F6E93-1.jpeg\"><img loading=\"lazy\" decoding=\"async\" width=\"683\" height=\"1024\" data-id=\"1400\" src=\"https:\/\/spsow.cz\/wp-content\/uploads\/2023\/04\/26758935-630A-45DD-88B9-4D47A88F6E93-1-683x1024.jpeg\" alt=\"\" class=\"wp-image-1400\" srcset=\"https:\/\/spsow.cz\/wp-content\/uploads\/2023\/04\/26758935-630A-45DD-88B9-4D47A88F6E93-1-683x1024.jpeg 683w, https:\/\/spsow.cz\/wp-content\/uploads\/2023\/04\/26758935-630A-45DD-88B9-4D47A88F6E93-1-200x300.jpeg 200w, https:\/\/spsow.cz\/wp-content\/uploads\/2023\/04\/26758935-630A-45DD-88B9-4D47A88F6E93-1-768x1152.jpeg 768w, https:\/\/spsow.cz\/wp-content\/uploads\/2023\/04\/26758935-630A-45DD-88B9-4D47A88F6E93-1-1024x1536.jpeg 1024w, https:\/\/spsow.cz\/wp-content\/uploads\/2023\/04\/26758935-630A-45DD-88B9-4D47A88F6E93-1.jpeg 1280w\" sizes=\"auto, (max-width: 683px) 100vw, 683px\" \/><\/a><\/figure>\n\n\n\n<figure class=\"wp-block-image size-large\"><a href=\"https:\/\/spsow.cz\/wp-content\/uploads\/2023\/04\/DSC00786.jpg\"><img loading=\"lazy\" decoding=\"async\" width=\"731\" height=\"1024\" data-id=\"1401\" src=\"https:\/\/spsow.cz\/wp-content\/uploads\/2023\/04\/DSC00786-731x1024.jpg\" alt=\"\" class=\"wp-image-1401\" srcset=\"https:\/\/spsow.cz\/wp-content\/uploads\/2023\/04\/DSC00786-731x1024.jpg 731w, https:\/\/spsow.cz\/wp-content\/uploads\/2023\/04\/DSC00786-214x300.jpg 214w, https:\/\/spsow.cz\/wp-content\/uploads\/2023\/04\/DSC00786-768x1076.jpg 768w, https:\/\/spsow.cz\/wp-content\/uploads\/2023\/04\/DSC00786-1097x1536.jpg 1097w, https:\/\/spsow.cz\/wp-content\/uploads\/2023\/04\/DSC00786.jpg 1371w\" sizes=\"auto, (max-width: 731px) 100vw, 731px\" \/><\/a><\/figure>\n\n\n\n<figure class=\"wp-block-image size-large\"><a href=\"https:\/\/spsow.cz\/wp-content\/uploads\/2023\/04\/IMG_2042.jpg\"><img loading=\"lazy\" decoding=\"async\" width=\"1024\" height=\"683\" data-id=\"1402\" src=\"https:\/\/spsow.cz\/wp-content\/uploads\/2023\/04\/IMG_2042-1024x683.jpg\" alt=\"\" class=\"wp-image-1402\" srcset=\"https:\/\/spsow.cz\/wp-content\/uploads\/2023\/04\/IMG_2042-1024x683.jpg 1024w, https:\/\/spsow.cz\/wp-content\/uploads\/2023\/04\/IMG_2042-300x200.jpg 300w, https:\/\/spsow.cz\/wp-content\/uploads\/2023\/04\/IMG_2042-768x512.jpg 768w, https:\/\/spsow.cz\/wp-content\/uploads\/2023\/04\/IMG_2042-1536x1024.jpg 1536w, https:\/\/spsow.cz\/wp-content\/uploads\/2023\/04\/IMG_2042-360x240.jpg 360w, https:\/\/spsow.cz\/wp-content\/uploads\/2023\/04\/IMG_2042.jpg 1920w\" sizes=\"auto, (max-width: 1024px) 100vw, 1024px\" \/><\/a><\/figure>\n<\/figure>\n\n\n\n<div style=\"height:12px\" aria-hidden=\"true\" class=\"wp-block-spacer\"><\/div>","protected":false},"excerpt":{"rendered":"<p>Specifikace oboru Video: Od\u011bvn\u00ed design a Grafick\u00fd design P\u0159\u00edpravn\u00e9 kurzy k talentov\u00fdm zkou\u0161k\u00e1m: info ZDE Pro\u010d studovat obor Od\u011bvn\u00ed design? Profil absolventa Uplatn\u011bn\u00ed absolventa Pokra\u010dujte ve studiu! Dal\u0161\u00ed v\u00fdhody \u0161koly U\u010debn\u00ed pl\u00e1n<\/p>","protected":false},"author":1,"featured_media":8609,"parent":0,"menu_order":0,"comment_status":"closed","ping_status":"closed","template":"","meta":{"footnotes":""},"class_list":["post-205","page","type-page","status-publish","has-post-thumbnail","hentry"],"_links":{"self":[{"href":"https:\/\/spsow.cz\/en\/wp-json\/wp\/v2\/pages\/205","targetHints":{"allow":["GET"]}}],"collection":[{"href":"https:\/\/spsow.cz\/en\/wp-json\/wp\/v2\/pages"}],"about":[{"href":"https:\/\/spsow.cz\/en\/wp-json\/wp\/v2\/types\/page"}],"author":[{"embeddable":true,"href":"https:\/\/spsow.cz\/en\/wp-json\/wp\/v2\/users\/1"}],"replies":[{"embeddable":true,"href":"https:\/\/spsow.cz\/en\/wp-json\/wp\/v2\/comments?post=205"}],"version-history":[{"count":48,"href":"https:\/\/spsow.cz\/en\/wp-json\/wp\/v2\/pages\/205\/revisions"}],"predecessor-version":[{"id":14066,"href":"https:\/\/spsow.cz\/en\/wp-json\/wp\/v2\/pages\/205\/revisions\/14066"}],"wp:featuredmedia":[{"embeddable":true,"href":"https:\/\/spsow.cz\/en\/wp-json\/wp\/v2\/media\/8609"}],"wp:attachment":[{"href":"https:\/\/spsow.cz\/en\/wp-json\/wp\/v2\/media?parent=205"}],"curies":[{"name":"wp","href":"https:\/\/api.w.org\/{rel}","templated":true}]}}