{"id":2039,"date":"2023-05-18T13:46:06","date_gmt":"2023-05-18T11:46:06","guid":{"rendered":"http:\/\/192.168.1.208\/wordpress\/?page_id=2039"},"modified":"2025-07-07T12:05:04","modified_gmt":"2025-07-07T10:05:04","slug":"krouzek-iot-internet-of-things","status":"publish","type":"page","link":"https:\/\/spsow.cz\/en\/krouzek-iot-internet-of-things\/","title":{"rendered":"Krou\u017eek IoT (Internet of Things)"},"content":{"rendered":"<p class=\"has-medium-font-size\">Zaj\u00edmaj\u00ed t\u011b modern\u00ed technologie?<\/p>\n\n\n\n<p class=\"has-medium-font-size\">Bav\u00ed t\u011b rychle a jednodu\u0161e tvo\u0159it z\u00e1bavn\u00e9 projekty?<\/p>\n\n\n\n<p class=\"has-medium-font-size\">Pak se p\u0159ihlas do krou\u017eku IoT.<\/p>\n\n\n\n<ul class=\"wp-block-list has-medium-font-size\">\n<li><strong>kdy:<\/strong>\u00a0bude up\u0159esn\u011bno v z\u00e1\u0159\u00ed 2025<\/li>\n\n\n\n<li><strong>kde:<\/strong>&nbsp;budova \u0161koly, u\u010debna 210, Hronov<\/li>\n\n\n\n<li>\u0159\u00edjen\u2013\u010derven<\/li>\n<\/ul>\n\n\n\n<p class=\"has-medium-font-size\"><strong>kontakt pro p\u0159ihl\u00e1\u0161en\u00ed a informace:<\/strong> Ing. Jan Dian, e-mail: dianj@spsow.cz<\/p>\n\n\n\n<p class=\"has-medium-font-size\"><strong>Co je IoT?<\/strong><\/p>\n\n\n\n<p class=\"has-medium-font-size\">Internet v\u011bc\u00ed (anglicky Internet of Things, zkratka IoT) je term\u00edn pro modern\u00ed p\u0159\u00edstroje, kter\u00e9 se daj\u00ed ovl\u00e1dat i na d\u00e1lku pomoc\u00ed internetu. M\u016f\u017eete je tak snadno obsluhovat t\u0159eba pomoc\u00ed sv\u00e9ho chytr\u00e9ho telefonu. Umo\u017en\u00ed v\u00e1m zautomatizovat v\u011bci, o kter\u00e9 byste se jinak museli postarat sami.<\/p>\n\n\n\n<p class=\"has-medium-font-size\"><strong>\u010c\u00edm se zab\u00fdv\u00e1me:<\/strong><\/p>\n\n\n\n<ul class=\"wp-block-list has-medium-font-size\">\n<li>vytvo\u0159en\u00edm vlastn\u00edho serveru pro sb\u011br a zpracov\u00e1n\u00ed dat<\/li>\n\n\n\n<li>n\u00e1vrhem a programov\u00e1n\u00edm HW pro odes\u00edl\u00e1n\u00ed\/p\u0159\u00edjem dat na\/z internetov\u00e9ho serveru<\/li>\n\n\n\n<li>zpracov\u00e1n\u00edm dat na serveru<\/li>\n\n\n\n<li>p\u0159enosem dat pomoc\u00ed WiFi a GSM s\u00edt\u011b<\/li>\n\n\n\n<li>projekty z&nbsp;oboru automatizace a lokalizace (GPS)<\/li>\n<\/ul>\n\n\n\n<figure class=\"wp-block-gallery has-nested-images columns-default is-cropped wp-block-gallery-1 is-layout-flex wp-block-gallery-is-layout-flex\">\n<figure class=\"wp-block-image size-large\"><img loading=\"lazy\" decoding=\"async\" width=\"300\" height=\"230\" data-id=\"2547\" src=\"https:\/\/spsow.cz\/wp-content\/uploads\/2023\/06\/dashboarde-1-300x230-1.png\" alt=\"\" class=\"wp-image-2547\"\/><\/figure>\n\n\n\n<figure class=\"wp-block-image size-large\"><img loading=\"lazy\" decoding=\"async\" width=\"300\" height=\"200\" data-id=\"2548\" src=\"https:\/\/spsow.cz\/wp-content\/uploads\/2023\/06\/IMG_0112-300x200-1.jpg\" alt=\"\" class=\"wp-image-2548\"\/><\/figure>\n\n\n\n<figure class=\"wp-block-image size-large\"><img loading=\"lazy\" decoding=\"async\" width=\"300\" height=\"192\" data-id=\"2549\" src=\"https:\/\/spsow.cz\/wp-content\/uploads\/2023\/06\/Nodemcu_amica_bot_02-300x192-1.png\" alt=\"\" class=\"wp-image-2549\"\/><\/figure>\n\n\n\n<figure class=\"wp-block-image size-large\"><img loading=\"lazy\" decoding=\"async\" width=\"300\" height=\"195\" data-id=\"2550\" src=\"https:\/\/spsow.cz\/wp-content\/uploads\/2023\/06\/nodered-300x195-1.jpg\" alt=\"\" class=\"wp-image-2550\"\/><\/figure>\n\n\n\n<figure class=\"wp-block-image size-large\"><img loading=\"lazy\" decoding=\"async\" width=\"300\" height=\"177\" data-id=\"2551\" src=\"https:\/\/spsow.cz\/wp-content\/uploads\/2023\/06\/Raspberry_Pi_4_Model_B_-_Side-300x177-1.jpg\" alt=\"\" class=\"wp-image-2551\"\/><\/figure>\n\n\n\n<figure class=\"wp-block-image size-large\"><img loading=\"lazy\" decoding=\"async\" width=\"300\" height=\"200\" data-id=\"2552\" src=\"https:\/\/spsow.cz\/wp-content\/uploads\/2023\/06\/technology-electronics-diy-robotics-microcontroller-arduino-674383-pxhere.com_-300x200-1.jpg\" alt=\"\" class=\"wp-image-2552\"\/><\/figure>\n<\/figure>","protected":false},"excerpt":{"rendered":"<p>Zaj\u00edmaj\u00ed t\u011b modern\u00ed technologie? Bav\u00ed t\u011b rychle a jednodu\u0161e tvo\u0159it z\u00e1bavn\u00e9 projekty? Pak se p\u0159ihlas do krou\u017eku IoT. kontakt pro p\u0159ihl\u00e1\u0161en\u00ed a informace: Ing. Jan Dian, e-mail: dianj@spsow.cz Co je IoT? Internet v\u011bc\u00ed (anglicky Internet of Things, zkratka IoT) je term\u00edn pro modern\u00ed p\u0159\u00edstroje, kter\u00e9 se daj\u00ed ovl\u00e1dat i na [&hellip;]<\/p>\n","protected":false},"author":1,"featured_media":0,"parent":0,"menu_order":0,"comment_status":"closed","ping_status":"closed","template":"","meta":{"footnotes":""},"class_list":["post-2039","page","type-page","status-publish","hentry"],"_links":{"self":[{"href":"https:\/\/spsow.cz\/en\/wp-json\/wp\/v2\/pages\/2039","targetHints":{"allow":["GET"]}}],"collection":[{"href":"https:\/\/spsow.cz\/en\/wp-json\/wp\/v2\/pages"}],"about":[{"href":"https:\/\/spsow.cz\/en\/wp-json\/wp\/v2\/types\/page"}],"author":[{"embeddable":true,"href":"https:\/\/spsow.cz\/en\/wp-json\/wp\/v2\/users\/1"}],"replies":[{"embeddable":true,"href":"https:\/\/spsow.cz\/en\/wp-json\/wp\/v2\/comments?post=2039"}],"version-history":[{"count":15,"href":"https:\/\/spsow.cz\/en\/wp-json\/wp\/v2\/pages\/2039\/revisions"}],"predecessor-version":[{"id":11715,"href":"https:\/\/spsow.cz\/en\/wp-json\/wp\/v2\/pages\/2039\/revisions\/11715"}],"wp:attachment":[{"href":"https:\/\/spsow.cz\/en\/wp-json\/wp\/v2\/media?parent=2039"}],"curies":[{"name":"wp","href":"https:\/\/api.w.org\/{rel}","templated":true}]}}