{"id":2031,"date":"2023-05-18T13:42:48","date_gmt":"2023-05-18T11:42:48","guid":{"rendered":"http:\/\/192.168.1.208\/wordpress\/?page_id=2031"},"modified":"2025-07-07T12:04:05","modified_gmt":"2025-07-07T10:04:05","slug":"krouzek-obsluhy-gravirovaciho-laseru","status":"publish","type":"page","link":"https:\/\/spsow.cz\/en\/krouzek-obsluhy-gravirovaciho-laseru\/","title":{"rendered":"Krou\u017eek obsluhy grav\u00edrovac\u00edho laseru"},"content":{"rendered":"<ul class=\"wp-block-list has-medium-font-size\">\n<li><strong>kdy:\u00a0<\/strong>neotev\u0159en<\/li>\n\n\n\n<li><strong>kde:<\/strong>&nbsp;d\u00edlny ve Vrchlick\u00e9ho ulici, Hronov<\/li>\n<\/ul>\n\n\n\n<ul class=\"wp-block-list\"><\/ul>\n\n\n\n<p class=\"has-medium-font-size\"><strong>kontakt pro p\u0159ihl\u00e1\u0161en\u00ed a informace:<\/strong><\/p>\n\n\n\n<ul class=\"wp-block-list has-medium-font-size\">\n<li>Ing. Milan Svato\u0161,&nbsp;<strong>e-mail:<\/strong>&nbsp;<a rel=\"noreferrer noopener\" href=\"mailto:svatosm@spsow.cz\" target=\"_blank\">svatosm@spsow.cz<\/a><\/li>\n<\/ul>\n\n\n\n<p class=\"has-medium-font-size\"><strong>\u010d\u00edm se zab\u00fdv\u00e1me:<\/strong><\/p>\n\n\n\n<ul class=\"wp-block-list has-medium-font-size\">\n<li>pr\u00e1ce s&nbsp;programem Laser Work 6 a jeho dal\u0161\u00ed vyu\u017eit\u00ed p\u0159i&nbsp;p\u0159\u00edm\u00e9m ovl\u00e1d\u00e1n\u00ed laseru<\/li>\n\n\n\n<li>ovl\u00e1d\u00e1n\u00ed stroje pomoc\u00ed ovl\u00e1dac\u00edho panelu<\/li>\n\n\n\n<li>z\u00e1klady \u00fadr\u017eby laseru<\/li>\n<\/ul>\n\n\n\n<ul class=\"wp-block-list\"><\/ul>\n\n\n\n<p><\/p>","protected":false},"excerpt":{"rendered":"<p>kontakt pro p\u0159ihl\u00e1\u0161en\u00ed a informace: \u010d\u00edm se zab\u00fdv\u00e1me:<\/p>","protected":false},"author":1,"featured_media":0,"parent":0,"menu_order":0,"comment_status":"closed","ping_status":"closed","template":"","meta":{"footnotes":""},"class_list":["post-2031","page","type-page","status-publish","hentry"],"_links":{"self":[{"href":"https:\/\/spsow.cz\/en\/wp-json\/wp\/v2\/pages\/2031","targetHints":{"allow":["GET"]}}],"collection":[{"href":"https:\/\/spsow.cz\/en\/wp-json\/wp\/v2\/pages"}],"about":[{"href":"https:\/\/spsow.cz\/en\/wp-json\/wp\/v2\/types\/page"}],"author":[{"embeddable":true,"href":"https:\/\/spsow.cz\/en\/wp-json\/wp\/v2\/users\/1"}],"replies":[{"embeddable":true,"href":"https:\/\/spsow.cz\/en\/wp-json\/wp\/v2\/comments?post=2031"}],"version-history":[{"count":18,"href":"https:\/\/spsow.cz\/en\/wp-json\/wp\/v2\/pages\/2031\/revisions"}],"predecessor-version":[{"id":11714,"href":"https:\/\/spsow.cz\/en\/wp-json\/wp\/v2\/pages\/2031\/revisions\/11714"}],"wp:attachment":[{"href":"https:\/\/spsow.cz\/en\/wp-json\/wp\/v2\/media?parent=2031"}],"curies":[{"name":"wp","href":"https:\/\/api.w.org\/{rel}","templated":true}]}}