{"id":203,"date":"2023-02-16T12:33:33","date_gmt":"2023-02-16T11:33:33","guid":{"rendered":"http:\/\/192.168.1.208\/wordpress\/?page_id=203"},"modified":"2026-02-17T12:28:07","modified_gmt":"2026-02-17T11:28:07","slug":"graficky-design","status":"publish","type":"page","link":"https:\/\/spsow.cz\/en\/graficky-design\/","title":{"rendered":"Grafick\u00fd design"},"content":{"rendered":"<h4 class=\"wp-block-heading\">Specifikace oboru<\/h4>\n\n\n\n<ul class=\"wp-block-list has-white-color has-accent-background-color has-text-color has-background has-medium-font-size\">\n<li><strong>82-41-M\/05 Grafick\u00fd design<\/strong> (\u0160VP: Propaga\u010dn\u00ed design)<\/li>\n\n\n\n<li>4 roky, denn\u00ed studium<\/li>\n\n\n\n<li>obor s talentovou zkou\u0161kou<\/li>\n\n\n\n<li>kapacita: 30 student\u016f (v ro\u010dn\u00edku)<\/li>\n\n\n\n<li>maturitn\u00ed vysv\u011bd\u010den\u00ed<\/li>\n\n\n\n<li>term\u00edn pod\u00e1n\u00ed p\u0159ihl\u00e1\u0161ek: 1.\u201320. 2. 2026<\/li>\n\n\n\n<li>talentov\u00e9 zkou\u0161ky: 25. a 26. 3. 2026<\/li>\n\n\n\n<li>m\u00edsto vzd\u011bl\u00e1v\u00e1n\u00ed: VELK\u00c9 PO\u0158\u00cd\u010c\u00cd<\/li>\n<\/ul>\n\n\n\n<h4 class=\"wp-block-heading\">Video: Od\u011bvn\u00ed design a Grafick\u00fd design<\/h4>\n\n\n\n<figure class=\"wp-block-image size-full is-resized\"><a href=\"https:\/\/spsow.cz\/wp-content\/uploads\/2024\/11\/Reels_1_FullHD.mp4\"><img loading=\"lazy\" decoding=\"async\" width=\"540\" height=\"304\" src=\"https:\/\/spsow.cz\/wp-content\/uploads\/2024\/11\/video-thumb-graficky-design.jpg\" alt=\"\" class=\"wp-image-9019\" style=\"object-fit:cover;width:270px;height:152px\" srcset=\"https:\/\/spsow.cz\/wp-content\/uploads\/2024\/11\/video-thumb-graficky-design.jpg 540w, https:\/\/spsow.cz\/wp-content\/uploads\/2024\/11\/video-thumb-graficky-design-300x169.jpg 300w, https:\/\/spsow.cz\/wp-content\/uploads\/2024\/11\/video-thumb-graficky-design-18x10.jpg 18w\" sizes=\"auto, (max-width: 540px) 100vw, 540px\" \/><\/a><\/figure>\n\n\n\n<div style=\"height:34px\" aria-hidden=\"true\" class=\"wp-block-spacer\"><\/div>\n\n\n\n<p class=\"has-medium-font-size\"><strong>P\u0159\u00edpravn\u00e9 kurzy<\/strong> k talentov\u00fdm zkou\u0161k\u00e1m: info <a href=\"https:\/\/spsow.cz\/en\/kurzy-kresby-a-malby-k-talentovym-zkouskam\/\" data-type=\"link\" data-id=\"https:\/\/spsow.cz\/kurzy-kresby-a-malby-k-talentovym-zkouskam\/\">ZDE<\/a><\/p>\n\n\n\n<div style=\"height:18px\" aria-hidden=\"true\" class=\"wp-block-spacer\"><\/div>\n\n\n\n<h4 class=\"wp-block-heading\">Pro\u010d studovat obor Grafick\u00fd design?<\/h4>\n\n\n\n<ul class=\"wp-block-list\">\n<li class=\"has-medium-font-size\">presti\u017en\u00ed obor, ve kter\u00e9m se snoub\u00ed rukod\u011bln\u00fd i technologick\u00fd um<\/li>\n\n\n\n<li class=\"has-medium-font-size\">p\u0159edur\u010den\u00ed ke studiu na presti\u017en\u00edch um\u011bleck\u00fdch \u0161kol\u00e1ch<\/li>\n\n\n\n<li class=\"has-medium-font-size\">praxe v modern\u00edm centru polygrafick\u00fdch technologi\u00ed pro reklamn\u00ed tvorbu p\u0159\u00edmo ve \u0161kole<\/li>\n\n\n\n<li class=\"has-medium-font-size\">mo\u017enost vyzkou\u0161en\u00ed si uspo\u0159\u00e1dat vlastn\u00ed v\u00fdstavu ve 4. ro\u010dn\u00edku<\/li>\n\n\n\n<li class=\"has-medium-font-size\">z\u00edsk\u00e1n\u00ed Europassu pro uplatn\u011bn\u00ed vzd\u011bl\u00e1n\u00ed v zahrani\u010d\u00ed<\/li>\n<\/ul>\n\n\n\n<h4 class=\"wp-block-heading\">Profil absolventa<\/h4>\n\n\n\n<ul class=\"wp-block-list has-medium-font-size\">\n<li>ovl\u00e1d\u00e1n\u00ed z\u00e1klad\u016f v\u00fdtvarn\u00fdch technik jako jsou kresba, malba a grafick\u00e9 techniky,<\/li>\n\n\n\n<li>pr\u00e1ce s po\u010d\u00edta\u010dem, stoln\u00edm skenerem a tisk\u00e1rnou,<\/li>\n\n\n\n<li>zpracov\u00e1n\u00ed v\u00fdtvarn\u00fdch p\u0159edloh a fotografick\u00fdch materi\u00e1l\u016f v grafick\u00fdch programech <br>(Adobe Photoshop, Illustrator, InDesign),<\/li>\n\n\n\n<li>tvorba logotypu, plak\u00e1tu, n\u00e1vrhy reklamn\u00edch tiskovin a velkoplo\u0161n\u00e9 reklamy,<\/li>\n\n\n\n<li>n\u00e1vrhy polep\u016f aut, p\u0159\u00edprava \u0159ezan\u00e9 a ti\u0161t\u011bn\u00e9 grafiky,<\/li>\n\n\n\n<li>n\u00e1vrh grafick\u00e9ho designu webov\u00e9 prezentace,<\/li>\n\n\n\n<li>pr\u00e1ce se z\u00e1kladn\u00edmi fotografick\u00fdmi technikami,<\/li>\n\n\n\n<li>v\u00fdtvarn\u00e9 \u0159e\u0161en\u00ed interi\u00e9rov\u00fdch a exteri\u00e9rov\u00fdch prostor,<\/li>\n\n\n\n<li>tvo\u0159en\u00ed n\u00e1vrh\u016f jednoduch\u00fdch v\u00fdstavn\u00edch expozic,<\/li>\n\n\n\n<li>ovl\u00e1d\u00e1n\u00ed informa\u010dn\u00edch a komunika\u010dn\u00edch technologi\u00ed,<\/li>\n\n\n\n<li>orientace v \u0161irok\u00e9 oblasti grafick\u00e9ho designu a propaga\u010dn\u00ed tvorby,<\/li>\n\n\n\n<li>z\u00edsk\u00e1n\u00ed teoretick\u00fdch znalost\u00ed a obecn\u00fd p\u0159ehled d\u011bjin v\u00fdtvarn\u00e9 kultury<\/li>\n<\/ul>\n\n\n\n<h4 class=\"wp-block-heading\">Uplatn\u011bn\u00ed absolventa<\/h4>\n\n\n\n<ul class=\"wp-block-list has-medium-font-size\">\n<li>v grafick\u00fdch studi\u00edch, reklamn\u00edch agentur\u00e1ch, propaga\u010dn\u011b reklamn\u00edch odd\u011blen\u00edch nebo ve firm\u00e1ch zab\u00fdvaj\u00edc\u00edch se tiskem<\/li>\n\n\n\n<li>pedagogick\u00e1 dr\u00e1ha<\/li>\n\n\n\n<li>PR specialista, copywriter, oblasti souvisej\u00edc\u00ed s kresbou, malbou, prostorov\u00fdm designem, alternativn\u00ed tvorbou, u\u017eitn\u00fdm designem, produktov\u00fdm designem, um\u011bleckou fotografi\u00ed, motion designem&#8230;<\/li>\n<\/ul>\n\n\n\n<h4 class=\"wp-block-heading\">Pokra\u010dujte ve studiu!<\/h4>\n\n\n\n<ul class=\"wp-block-list\">\n<li class=\"has-medium-font-size\">na V\u0160 s um\u011bleck\u00fdm zam\u011b\u0159en\u00edm<\/li>\n\n\n\n<li class=\"has-medium-font-size\">na V\u0160 s pedagogick\u00fdm zam\u011b\u0159en\u00edm<\/li>\n\n\n\n<li class=\"has-medium-font-size\">roz\u0161\u00ed\u0159it si vzd\u011bl\u00e1n\u00ed studiem na\u0161ich zkr\u00e1cen\u00fdch obor\u016f <a href=\"https:\/\/spsow.cz\/en\/reprodukcni-grafik-zkraceny\/\">Reproduk\u010dn\u00ed grafik<\/a> a <a href=\"https:\/\/spsow.cz\/en\/tiskar-2\/\">Tiska\u0159 na polygrafick\u00fdch stroj\u00edch<\/a> (1let\u00e1, denn\u00ed studia, Velk\u00e9 Po\u0159\u00ed\u010d\u00ed)<\/li>\n\n\n\n<li class=\"has-medium-font-size\">dal\u0161\u00ed 3let\u00e9, 4let\u00e9 obory, VO\u0160, V\u0160<\/li>\n<\/ul>\n\n\n\n<h4 class=\"wp-block-heading\">Dal\u0161\u00ed v\u00fdhody \u0161koly<\/h4>\n\n\n\n<ul class=\"wp-block-list has-medium-font-size\">\n<li>vlakov\u00e1 a autobusov\u00e1 zast\u00e1vka v bezprost\u0159edn\u00ed bl\u00edzkosti \u0161koly<\/li>\n\n\n\n<li>domov ml\u00e1de\u017ee p\u0159\u00edmo v are\u00e1lu \u0161koly<\/li>\n<\/ul>\n\n\n\n<h4 class=\"wp-block-heading\">U\u010debn\u00ed pl\u00e1n<\/h4>\n\n\n\n<div class=\"wp-block-file\"><a id=\"wp-block-file--media-4480bc6e-efb1-4d04-b89c-306373070c68\" href=\"https:\/\/spsow.cz\/wp-content\/uploads\/2023\/06\/Tabulka-ucebniho-planu-Graficky-design.pdf\" target=\"_blank\" rel=\"noreferrer noopener\">U\u010debn\u00ed pl\u00e1n, Grafick\u00fd design<\/a><\/div>\n\n\n\n<div class=\"wp-block-file\"><a id=\"wp-block-file--media-eeca8e4a-db0b-4cf8-b1cb-7468a82e8f37\" href=\"https:\/\/spsow.cz\/wp-content\/uploads\/2026\/02\/SVP-propagacni-design-1-9-22.pdf\" target=\"_blank\" rel=\"noreferrer noopener\">\u0160VP  Propaga\u010dn\u00ed design<\/a><\/div>\n\n\n\n<div class=\"wp-block-file\"><a id=\"wp-block-file--media-05122f9d-44a3-4512-876a-739624f6faa4\" href=\"https:\/\/spsow.cz\/wp-content\/uploads\/2024\/10\/Graficky-design.png\" target=\"_blank\" rel=\"noreferrer noopener\">Grafick\u00fd design<\/a><\/div>\n\n\n\n<div class=\"wp-block-file\"><a id=\"wp-block-file--media-fe8bf80f-ddbc-4230-9b31-08fa660106e7\" href=\"https:\/\/spsow.cz\/wp-content\/uploads\/2024\/10\/FB-skupina.pdf\" target=\"_blank\" rel=\"noreferrer noopener\">P\u0159idej se do fb skupiny<\/a><\/div>\n\n\n\n<figure class=\"wp-block-gallery has-nested-images columns-default is-cropped wp-block-gallery-1 is-layout-flex wp-block-gallery-is-layout-flex\">\n<figure class=\"wp-block-image size-large\"><a href=\"https:\/\/spsow.cz\/wp-content\/uploads\/2023\/04\/052A2299-1.jpg\"><img loading=\"lazy\" decoding=\"async\" width=\"1024\" height=\"683\" data-id=\"1366\" src=\"https:\/\/spsow.cz\/wp-content\/uploads\/2023\/04\/052A2299-1-1024x683.jpg\" alt=\"\" class=\"wp-image-1366\" srcset=\"https:\/\/spsow.cz\/wp-content\/uploads\/2023\/04\/052A2299-1-1024x683.jpg 1024w, https:\/\/spsow.cz\/wp-content\/uploads\/2023\/04\/052A2299-1-300x200.jpg 300w, https:\/\/spsow.cz\/wp-content\/uploads\/2023\/04\/052A2299-1-768x512.jpg 768w, https:\/\/spsow.cz\/wp-content\/uploads\/2023\/04\/052A2299-1-1536x1024.jpg 1536w, https:\/\/spsow.cz\/wp-content\/uploads\/2023\/04\/052A2299-1-360x240.jpg 360w, https:\/\/spsow.cz\/wp-content\/uploads\/2023\/04\/052A2299-1.jpg 1920w\" sizes=\"auto, (max-width: 1024px) 100vw, 1024px\" \/><\/a><\/figure>\n\n\n\n<figure class=\"wp-block-image size-large\"><a href=\"https:\/\/spsow.cz\/wp-content\/uploads\/2023\/04\/052A7562-1.jpg\"><img loading=\"lazy\" decoding=\"async\" width=\"1024\" height=\"683\" data-id=\"1365\" src=\"https:\/\/spsow.cz\/wp-content\/uploads\/2023\/04\/052A7562-1-1024x683.jpg\" alt=\"\" class=\"wp-image-1365\" srcset=\"https:\/\/spsow.cz\/wp-content\/uploads\/2023\/04\/052A7562-1-1024x683.jpg 1024w, https:\/\/spsow.cz\/wp-content\/uploads\/2023\/04\/052A7562-1-300x200.jpg 300w, https:\/\/spsow.cz\/wp-content\/uploads\/2023\/04\/052A7562-1-768x512.jpg 768w, https:\/\/spsow.cz\/wp-content\/uploads\/2023\/04\/052A7562-1-1536x1024.jpg 1536w, https:\/\/spsow.cz\/wp-content\/uploads\/2023\/04\/052A7562-1-360x240.jpg 360w, https:\/\/spsow.cz\/wp-content\/uploads\/2023\/04\/052A7562-1.jpg 1920w\" sizes=\"auto, (max-width: 1024px) 100vw, 1024px\" \/><\/a><\/figure>\n\n\n\n<figure class=\"wp-block-image size-large\"><a href=\"https:\/\/spsow.cz\/wp-content\/uploads\/2023\/04\/20220601_133734-1.jpg\"><img loading=\"lazy\" decoding=\"async\" width=\"1024\" height=\"576\" data-id=\"1369\" src=\"https:\/\/spsow.cz\/wp-content\/uploads\/2023\/04\/20220601_133734-1-1024x576.jpg\" alt=\"\" class=\"wp-image-1369\" srcset=\"https:\/\/spsow.cz\/wp-content\/uploads\/2023\/04\/20220601_133734-1-1024x576.jpg 1024w, https:\/\/spsow.cz\/wp-content\/uploads\/2023\/04\/20220601_133734-1-300x169.jpg 300w, https:\/\/spsow.cz\/wp-content\/uploads\/2023\/04\/20220601_133734-1-768x432.jpg 768w, https:\/\/spsow.cz\/wp-content\/uploads\/2023\/04\/20220601_133734-1-1536x864.jpg 1536w, https:\/\/spsow.cz\/wp-content\/uploads\/2023\/04\/20220601_133734-1.jpg 1920w\" sizes=\"auto, (max-width: 1024px) 100vw, 1024px\" \/><\/a><\/figure>\n\n\n\n<figure class=\"wp-block-image size-large\"><a href=\"https:\/\/spsow.cz\/wp-content\/uploads\/2023\/04\/20220624_100607-1.jpg\"><img loading=\"lazy\" decoding=\"async\" width=\"1024\" height=\"576\" data-id=\"1368\" src=\"https:\/\/spsow.cz\/wp-content\/uploads\/2023\/04\/20220624_100607-1-1024x576.jpg\" alt=\"\" class=\"wp-image-1368\" srcset=\"https:\/\/spsow.cz\/wp-content\/uploads\/2023\/04\/20220624_100607-1-1024x576.jpg 1024w, https:\/\/spsow.cz\/wp-content\/uploads\/2023\/04\/20220624_100607-1-300x169.jpg 300w, https:\/\/spsow.cz\/wp-content\/uploads\/2023\/04\/20220624_100607-1-768x432.jpg 768w, https:\/\/spsow.cz\/wp-content\/uploads\/2023\/04\/20220624_100607-1-1536x864.jpg 1536w, https:\/\/spsow.cz\/wp-content\/uploads\/2023\/04\/20220624_100607-1.jpg 1920w\" sizes=\"auto, (max-width: 1024px) 100vw, 1024px\" \/><\/a><\/figure>\n\n\n\n<figure class=\"wp-block-image size-large\"><a href=\"https:\/\/spsow.cz\/wp-content\/uploads\/2023\/04\/20220907_175519-1.jpg\"><img loading=\"lazy\" decoding=\"async\" width=\"1024\" height=\"768\" data-id=\"1370\" src=\"https:\/\/spsow.cz\/wp-content\/uploads\/2023\/04\/20220907_175519-1-1024x768.jpg\" alt=\"\" class=\"wp-image-1370\" srcset=\"https:\/\/spsow.cz\/wp-content\/uploads\/2023\/04\/20220907_175519-1-1024x768.jpg 1024w, https:\/\/spsow.cz\/wp-content\/uploads\/2023\/04\/20220907_175519-1-300x225.jpg 300w, https:\/\/spsow.cz\/wp-content\/uploads\/2023\/04\/20220907_175519-1-768x576.jpg 768w, https:\/\/spsow.cz\/wp-content\/uploads\/2023\/04\/20220907_175519-1-1536x1152.jpg 1536w, https:\/\/spsow.cz\/wp-content\/uploads\/2023\/04\/20220907_175519-1.jpg 1920w\" sizes=\"auto, (max-width: 1024px) 100vw, 1024px\" \/><\/a><\/figure>\n\n\n\n<figure class=\"wp-block-image size-large\"><a href=\"https:\/\/spsow.cz\/wp-content\/uploads\/2023\/04\/DSC08964-1.jpg\"><img loading=\"lazy\" decoding=\"async\" width=\"1024\" height=\"738\" data-id=\"1367\" src=\"https:\/\/spsow.cz\/wp-content\/uploads\/2023\/04\/DSC08964-1-1024x738.jpg\" alt=\"\" class=\"wp-image-1367\" srcset=\"https:\/\/spsow.cz\/wp-content\/uploads\/2023\/04\/DSC08964-1-1024x738.jpg 1024w, https:\/\/spsow.cz\/wp-content\/uploads\/2023\/04\/DSC08964-1-300x216.jpg 300w, https:\/\/spsow.cz\/wp-content\/uploads\/2023\/04\/DSC08964-1-768x554.jpg 768w, https:\/\/spsow.cz\/wp-content\/uploads\/2023\/04\/DSC08964-1-1536x1107.jpg 1536w, https:\/\/spsow.cz\/wp-content\/uploads\/2023\/04\/DSC08964-1.jpg 1920w\" sizes=\"auto, (max-width: 1024px) 100vw, 1024px\" \/><\/a><\/figure>\n\n\n\n<figure class=\"wp-block-image size-large\"><a href=\"https:\/\/spsow.cz\/wp-content\/uploads\/2023\/04\/IMG_4211-2.jpg\"><img loading=\"lazy\" decoding=\"async\" width=\"1024\" height=\"683\" data-id=\"1371\" src=\"https:\/\/spsow.cz\/wp-content\/uploads\/2023\/04\/IMG_4211-2-1024x683.jpg\" alt=\"\" class=\"wp-image-1371\" srcset=\"https:\/\/spsow.cz\/wp-content\/uploads\/2023\/04\/IMG_4211-2-1024x683.jpg 1024w, https:\/\/spsow.cz\/wp-content\/uploads\/2023\/04\/IMG_4211-2-300x200.jpg 300w, https:\/\/spsow.cz\/wp-content\/uploads\/2023\/04\/IMG_4211-2-768x512.jpg 768w, https:\/\/spsow.cz\/wp-content\/uploads\/2023\/04\/IMG_4211-2-1536x1024.jpg 1536w, https:\/\/spsow.cz\/wp-content\/uploads\/2023\/04\/IMG_4211-2-360x240.jpg 360w, https:\/\/spsow.cz\/wp-content\/uploads\/2023\/04\/IMG_4211-2.jpg 1920w\" sizes=\"auto, (max-width: 1024px) 100vw, 1024px\" \/><\/a><\/figure>\n<\/figure>\n\n\n\n<div style=\"height:20px\" aria-hidden=\"true\" class=\"wp-block-spacer\"><\/div>","protected":false},"excerpt":{"rendered":"<p>Specifikace oboru Video: Od\u011bvn\u00ed design a Grafick\u00fd design P\u0159\u00edpravn\u00e9 kurzy k talentov\u00fdm zkou\u0161k\u00e1m: info ZDE Pro\u010d studovat obor Grafick\u00fd design? Profil absolventa Uplatn\u011bn\u00ed absolventa Pokra\u010dujte ve studiu! Dal\u0161\u00ed v\u00fdhody \u0161koly U\u010debn\u00ed pl\u00e1n<\/p>","protected":false},"author":1,"featured_media":8607,"parent":0,"menu_order":0,"comment_status":"closed","ping_status":"closed","template":"","meta":{"footnotes":""},"class_list":["post-203","page","type-page","status-publish","has-post-thumbnail","hentry"],"_links":{"self":[{"href":"https:\/\/spsow.cz\/en\/wp-json\/wp\/v2\/pages\/203","targetHints":{"allow":["GET"]}}],"collection":[{"href":"https:\/\/spsow.cz\/en\/wp-json\/wp\/v2\/pages"}],"about":[{"href":"https:\/\/spsow.cz\/en\/wp-json\/wp\/v2\/types\/page"}],"author":[{"embeddable":true,"href":"https:\/\/spsow.cz\/en\/wp-json\/wp\/v2\/users\/1"}],"replies":[{"embeddable":true,"href":"https:\/\/spsow.cz\/en\/wp-json\/wp\/v2\/comments?post=203"}],"version-history":[{"count":41,"href":"https:\/\/spsow.cz\/en\/wp-json\/wp\/v2\/pages\/203\/revisions"}],"predecessor-version":[{"id":14079,"href":"https:\/\/spsow.cz\/en\/wp-json\/wp\/v2\/pages\/203\/revisions\/14079"}],"wp:featuredmedia":[{"embeddable":true,"href":"https:\/\/spsow.cz\/en\/wp-json\/wp\/v2\/media\/8607"}],"wp:attachment":[{"href":"https:\/\/spsow.cz\/en\/wp-json\/wp\/v2\/media?parent=203"}],"curies":[{"name":"wp","href":"https:\/\/api.w.org\/{rel}","templated":true}]}}