{"id":2028,"date":"2023-05-18T13:39:40","date_gmt":"2023-05-18T11:39:40","guid":{"rendered":"http:\/\/192.168.1.208\/wordpress\/?page_id=2028"},"modified":"2025-05-06T12:12:19","modified_gmt":"2025-05-06T10:12:19","slug":"krouzek-elektron","status":"publish","type":"page","link":"https:\/\/spsow.cz\/en\/krouzek-elektron\/","title":{"rendered":"Krou\u017eek Elektron (V\u00fdvoj\u00e1\u0159)"},"content":{"rendered":"<p class=\"has-medium-font-size\"><strong>NEOTEV\u0158EN<\/strong><\/p>\n\n\n\n<p class=\"has-medium-font-size\"><strong>Kdy:<\/strong> term\u00edn bude up\u0159esn\u011bn, dle z\u00e1jmu \u017e\u00e1k\u016f<\/p>\n\n\n\n<p class=\"has-medium-font-size\">ur\u010deno pro \u017e\u00e1ky SP\u0160OW<\/p>\n\n\n\n<p class=\"has-medium-font-size\"><strong>Informace a p\u0159ihl\u00e1\u0161en\u00ed:&nbsp;<\/strong> <strong>Ing. Ji\u0159\u00ed D\u00edt\u011b<\/strong>, <strong>e-mail:&nbsp;<\/strong><a rel=\"noreferrer noopener\" href=\"mailto:ditej@spsow.cz\" target=\"_blank\"><strong>ditej@spsow.cz<\/strong><\/a><strong>&nbsp;<\/strong>&nbsp;<\/p>\n\n\n\n<p class=\"has-medium-font-size\"><strong>\u010cemu se v\u011bnujeme:<\/strong><\/p>\n\n\n\n<ul class=\"has-medium-font-size wp-block-list\">\n<li class=\"has-medium-font-size\">logick\u00e1 hra Hanoisk\u00e9 v\u011b\u017ee s\u202fmanu\u00e1ln\u00edm i automatick\u00fdm \u0159\u00edzen\u00edm pomoc\u00ed PLC nebo mikrokontrol\u00e9ru&nbsp;<\/li>\n\n\n\n<li class=\"has-medium-font-size\">v\u00fdroba v\u00fdukov\u00fdch model\u016f \u0159\u00edzen\u00fdch z&nbsp;PLC automatu (model v\u00fdtahu, t\u0159\u00eddic\u00ed linka, parkovi\u0161t\u011b, \u2026)<\/li>\n\n\n\n<li class=\"has-medium-font-size\">\u00fa\u010dast na SO\u010c (St\u0159edo\u0161kolsk\u00e1 odborn\u00e1 \u010dinnost)<\/li>\n<\/ul>\n\n\n\n<figure class=\"wp-block-image size-full\"><img loading=\"lazy\" decoding=\"async\" width=\"768\" height=\"512\" src=\"https:\/\/spsow.cz\/wp-content\/uploads\/2023\/05\/domecek_s-768x512-1.jpg\" alt=\"\" class=\"wp-image-2338\" srcset=\"https:\/\/spsow.cz\/wp-content\/uploads\/2023\/05\/domecek_s-768x512-1.jpg 768w, https:\/\/spsow.cz\/wp-content\/uploads\/2023\/05\/domecek_s-768x512-1-300x200.jpg 300w, https:\/\/spsow.cz\/wp-content\/uploads\/2023\/05\/domecek_s-768x512-1-360x240.jpg 360w\" sizes=\"auto, (max-width: 768px) 100vw, 768px\" \/><\/figure>","protected":false},"excerpt":{"rendered":"<p>NEOTEV\u0158EN Kdy: term\u00edn bude up\u0159esn\u011bn, dle z\u00e1jmu \u017e\u00e1k\u016f ur\u010deno pro \u017e\u00e1ky SP\u0160OW Informace a p\u0159ihl\u00e1\u0161en\u00ed:&nbsp; Ing. Ji\u0159\u00ed D\u00edt\u011b, e-mail:&nbsp;ditej@spsow.cz&nbsp;&nbsp; \u010cemu se v\u011bnujeme:<\/p>","protected":false},"author":1,"featured_media":0,"parent":0,"menu_order":0,"comment_status":"closed","ping_status":"closed","template":"","meta":{"footnotes":""},"class_list":["post-2028","page","type-page","status-publish","hentry"],"_links":{"self":[{"href":"https:\/\/spsow.cz\/en\/wp-json\/wp\/v2\/pages\/2028","targetHints":{"allow":["GET"]}}],"collection":[{"href":"https:\/\/spsow.cz\/en\/wp-json\/wp\/v2\/pages"}],"about":[{"href":"https:\/\/spsow.cz\/en\/wp-json\/wp\/v2\/types\/page"}],"author":[{"embeddable":true,"href":"https:\/\/spsow.cz\/en\/wp-json\/wp\/v2\/users\/1"}],"replies":[{"embeddable":true,"href":"https:\/\/spsow.cz\/en\/wp-json\/wp\/v2\/comments?post=2028"}],"version-history":[{"count":10,"href":"https:\/\/spsow.cz\/en\/wp-json\/wp\/v2\/pages\/2028\/revisions"}],"predecessor-version":[{"id":9620,"href":"https:\/\/spsow.cz\/en\/wp-json\/wp\/v2\/pages\/2028\/revisions\/9620"}],"wp:attachment":[{"href":"https:\/\/spsow.cz\/en\/wp-json\/wp\/v2\/media?parent=2028"}],"curies":[{"name":"wp","href":"https:\/\/api.w.org\/{rel}","templated":true}]}}