{"id":2025,"date":"2023-05-18T13:38:39","date_gmt":"2023-05-18T11:38:39","guid":{"rendered":"http:\/\/192.168.1.208\/wordpress\/?page_id=2025"},"modified":"2025-09-09T18:56:01","modified_gmt":"2025-09-09T16:56:01","slug":"krouzek-3d-modelovani","status":"publish","type":"page","link":"https:\/\/spsow.cz\/en\/krouzek-3d-modelovani\/","title":{"rendered":"Krou\u017eek 3D modelov\u00e1n\u00ed"},"content":{"rendered":"<p class=\"has-medium-font-size\"><strong>Za\u010d\u00edn\u00e1me 11. 9. 2025<\/strong><\/p>\n\n\n\n<ul class=\"wp-block-list has-medium-font-size\">\n<li><strong>kdy:<\/strong>&nbsp;<strong>sud\u00fd t\u00fdden v \u00fater\u00fd 14:00\u201315:30, lich\u00fd t\u00fdden ve \u010dtvrtek 14:00\u201315:30 <\/strong>&#8211; 1x t\u00fddn\u011b<\/li>\n\n\n\n<li><strong>kde:<\/strong>&nbsp;budova \u0161koly, Hronov, 2. patro (208)<\/li>\n\n\n\n<li><strong>pro \u017e\u00e1ky SP\u0160OW<\/strong><\/li>\n<\/ul>\n\n\n\n<p class=\"has-medium-font-size\"><strong>kontakt pro p\u0159ihl\u00e1\u0161en\u00ed a informace:<\/strong><\/p>\n\n\n\n<ul class=\"wp-block-list has-medium-font-size\">\n<li>Ing. Lenka Havlov\u00e1,&nbsp;<strong>e-mail:<\/strong>&nbsp;havloval@spsow.cz<\/li>\n<\/ul>\n\n\n\n<p class=\"has-medium-font-size\"><strong>\u010d\u00edm se zab\u00fdv\u00e1me:<\/strong><\/p>\n\n\n\n<ul class=\"wp-block-list has-medium-font-size\">\n<li>navrhov\u00e1n\u00edm 3D model\u016f pomoc\u00ed CAD program\u016f<\/li>\n\n\n\n<li>konverz\u00ed objektov\u00fdch 3D model\u016f do G-k\u00f3du tisk\u00e1ren<\/li>\n\n\n\n<li>vlastnostmi r\u016fzn\u00fdch druh\u016f materi\u00e1l\u016f pro 3D tisk<\/li>\n\n\n\n<li>spr\u00e1vnou obsluhou a \u00fadr\u017ebou 3D tisk\u00e1ren<\/li>\n\n\n\n<li>anal\u00fdzou a testov\u00e1n\u00edm spr\u00e1vnosti vytisknut\u00fdch 3D model\u016f<\/li>\n<\/ul>\n\n\n\n<div class=\"wp-block-file\"><a id=\"wp-block-file--media-5f300758-28c2-4026-8722-8615dd0e20cd\" href=\"https:\/\/spsow.cz\/wp-content\/uploads\/2025\/09\/3d-modelovani-1.png\" target=\"_blank\" rel=\"noreferrer noopener\">PLAK\u00c1T<\/a><\/div>\n\n\n\n<figure class=\"wp-block-gallery has-nested-images columns-default is-cropped wp-block-gallery-1 is-layout-flex wp-block-gallery-is-layout-flex\">\n<figure class=\"wp-block-image size-large\"><img loading=\"lazy\" decoding=\"async\" width=\"768\" height=\"1024\" data-id=\"2331\" src=\"https:\/\/spsow.cz\/wp-content\/uploads\/2023\/05\/20230309_140156.jpg\" alt=\"\" class=\"wp-image-2331\" srcset=\"https:\/\/spsow.cz\/wp-content\/uploads\/2023\/05\/20230309_140156.jpg 768w, https:\/\/spsow.cz\/wp-content\/uploads\/2023\/05\/20230309_140156-225x300.jpg 225w\" sizes=\"auto, (max-width: 768px) 100vw, 768px\" \/><\/figure>\n\n\n\n<figure class=\"wp-block-image size-large\"><img loading=\"lazy\" decoding=\"async\" width=\"768\" height=\"1024\" data-id=\"2333\" src=\"https:\/\/spsow.cz\/wp-content\/uploads\/2023\/05\/20230309_140206.jpg\" alt=\"\" class=\"wp-image-2333\" srcset=\"https:\/\/spsow.cz\/wp-content\/uploads\/2023\/05\/20230309_140206.jpg 768w, https:\/\/spsow.cz\/wp-content\/uploads\/2023\/05\/20230309_140206-225x300.jpg 225w\" sizes=\"auto, (max-width: 768px) 100vw, 768px\" \/><\/figure>\n\n\n\n<figure class=\"wp-block-image size-large\"><img loading=\"lazy\" decoding=\"async\" width=\"768\" height=\"1024\" data-id=\"2332\" src=\"https:\/\/spsow.cz\/wp-content\/uploads\/2023\/05\/20230309_143415-1-768x1024.jpg\" alt=\"\" class=\"wp-image-2332\" srcset=\"https:\/\/spsow.cz\/wp-content\/uploads\/2023\/05\/20230309_143415-1-768x1024.jpg 768w, https:\/\/spsow.cz\/wp-content\/uploads\/2023\/05\/20230309_143415-1-225x300.jpg 225w, https:\/\/spsow.cz\/wp-content\/uploads\/2023\/05\/20230309_143415-1.jpg 1024w\" sizes=\"auto, (max-width: 768px) 100vw, 768px\" \/><\/figure>\n<\/figure>","protected":false},"excerpt":{"rendered":"<p>Za\u010d\u00edn\u00e1me 11. 9. 2025 kontakt pro p\u0159ihl\u00e1\u0161en\u00ed a informace: \u010d\u00edm se zab\u00fdv\u00e1me:<\/p>","protected":false},"author":1,"featured_media":0,"parent":0,"menu_order":0,"comment_status":"closed","ping_status":"closed","template":"","meta":{"footnotes":""},"class_list":["post-2025","page","type-page","status-publish","hentry"],"_links":{"self":[{"href":"https:\/\/spsow.cz\/en\/wp-json\/wp\/v2\/pages\/2025","targetHints":{"allow":["GET"]}}],"collection":[{"href":"https:\/\/spsow.cz\/en\/wp-json\/wp\/v2\/pages"}],"about":[{"href":"https:\/\/spsow.cz\/en\/wp-json\/wp\/v2\/types\/page"}],"author":[{"embeddable":true,"href":"https:\/\/spsow.cz\/en\/wp-json\/wp\/v2\/users\/1"}],"replies":[{"embeddable":true,"href":"https:\/\/spsow.cz\/en\/wp-json\/wp\/v2\/comments?post=2025"}],"version-history":[{"count":17,"href":"https:\/\/spsow.cz\/en\/wp-json\/wp\/v2\/pages\/2025\/revisions"}],"predecessor-version":[{"id":12264,"href":"https:\/\/spsow.cz\/en\/wp-json\/wp\/v2\/pages\/2025\/revisions\/12264"}],"wp:attachment":[{"href":"https:\/\/spsow.cz\/en\/wp-json\/wp\/v2\/media?parent=2025"}],"curies":[{"name":"wp","href":"https:\/\/api.w.org\/{rel}","templated":true}]}}