{"id":2017,"date":"2023-05-18T13:36:02","date_gmt":"2023-05-18T11:36:02","guid":{"rendered":"http:\/\/192.168.1.208\/wordpress\/?page_id=2017"},"modified":"2025-09-03T13:44:05","modified_gmt":"2025-09-03T11:44:05","slug":"kurz-3d-modelovani-a-3d-tisku","status":"publish","type":"page","link":"https:\/\/spsow.cz\/en\/kurz-3d-modelovani-a-3d-tisku\/","title":{"rendered":"Krou\u017eek 3D TISK"},"content":{"rendered":"<p class=\"has-medium-font-size\"><strong>Krou\u017eek nebude od z\u00e1\u0159\u00ed do prosince 2025 otev\u0159en.<\/strong><\/p>\n\n\n\n<ul class=\"wp-block-list has-medium-font-size\">\n<li><strong>kdy:<\/strong>&nbsp;<\/li>\n\n\n\n<li><strong>kde:<\/strong>\u00a0budova \u0161koly, Hronov, 4. patro<\/li>\n\n\n\n<li><strong>ur\u010deno pro \u017e\u00e1ky SP\u0160OW  <\/strong><\/li>\n<\/ul>\n\n\n\n<p class=\"has-medium-font-size\"><strong>kontakt pro p\u0159ihl\u00e1\u0161en\u00ed a informace: <\/strong>Miloslav Holas, e-mail: holasm@spsow.cz<\/p>\n\n\n\n<p class=\"has-medium-font-size\"><strong>\u010d\u00edm se zab\u00fdv\u00e1me:<\/strong><\/p>\n\n\n\n<ul class=\"wp-block-list has-medium-font-size\">\n<li>navrhov\u00e1n\u00edm 3D model\u016f pomoc\u00ed CAD program\u016f<\/li>\n\n\n\n<li>konverz\u00ed objektov\u00fdch 3D model\u016f do G-k\u00f3du tisk\u00e1ren<\/li>\n\n\n\n<li>vlastnostmi r\u016fzn\u00fdch druh\u016f materi\u00e1l\u016f pro 3D tisk<\/li>\n\n\n\n<li>spr\u00e1vnou obsluhou a \u00fadr\u017ebou 3D tisk\u00e1ren<\/li>\n\n\n\n<li>anal\u00fdzou a testov\u00e1n\u00edm spr\u00e1vnosti vytisknut\u00fdch 3D model\u016f<\/li>\n<\/ul>\n\n\n\n<figure class=\"wp-block-gallery has-nested-images columns-default is-cropped wp-block-gallery-1 is-layout-flex wp-block-gallery-is-layout-flex\">\n<figure class=\"wp-block-image size-large\"><a href=\"https:\/\/spsow.cz\/wp-content\/uploads\/2025\/07\/1V6A7692-scaled.jpg\"><img loading=\"lazy\" decoding=\"async\" width=\"1024\" height=\"683\" data-id=\"11710\" src=\"https:\/\/spsow.cz\/wp-content\/uploads\/2025\/07\/1V6A7692-1024x683.jpg\" alt=\"\" class=\"wp-image-11710\" srcset=\"https:\/\/spsow.cz\/wp-content\/uploads\/2025\/07\/1V6A7692-1024x683.jpg 1024w, https:\/\/spsow.cz\/wp-content\/uploads\/2025\/07\/1V6A7692-300x200.jpg 300w, https:\/\/spsow.cz\/wp-content\/uploads\/2025\/07\/1V6A7692-768x512.jpg 768w, https:\/\/spsow.cz\/wp-content\/uploads\/2025\/07\/1V6A7692-1536x1024.jpg 1536w, https:\/\/spsow.cz\/wp-content\/uploads\/2025\/07\/1V6A7692-2048x1365.jpg 2048w, https:\/\/spsow.cz\/wp-content\/uploads\/2025\/07\/1V6A7692-18x12.jpg 18w, https:\/\/spsow.cz\/wp-content\/uploads\/2025\/07\/1V6A7692-360x240.jpg 360w\" sizes=\"auto, (max-width: 1024px) 100vw, 1024px\" \/><\/a><\/figure>\n\n\n\n<figure class=\"wp-block-image size-large\"><a href=\"https:\/\/spsow.cz\/wp-content\/uploads\/2025\/07\/20230113_160922-scaled.jpg\"><img loading=\"lazy\" decoding=\"async\" width=\"1024\" height=\"768\" data-id=\"11709\" src=\"https:\/\/spsow.cz\/wp-content\/uploads\/2025\/07\/20230113_160922-1024x768.jpg\" alt=\"\" class=\"wp-image-11709\" srcset=\"https:\/\/spsow.cz\/wp-content\/uploads\/2025\/07\/20230113_160922-1024x768.jpg 1024w, https:\/\/spsow.cz\/wp-content\/uploads\/2025\/07\/20230113_160922-300x225.jpg 300w, https:\/\/spsow.cz\/wp-content\/uploads\/2025\/07\/20230113_160922-768x576.jpg 768w, https:\/\/spsow.cz\/wp-content\/uploads\/2025\/07\/20230113_160922-1536x1152.jpg 1536w, https:\/\/spsow.cz\/wp-content\/uploads\/2025\/07\/20230113_160922-2048x1536.jpg 2048w, https:\/\/spsow.cz\/wp-content\/uploads\/2025\/07\/20230113_160922-16x12.jpg 16w\" sizes=\"auto, (max-width: 1024px) 100vw, 1024px\" \/><\/a><\/figure>\n<\/figure>","protected":false},"excerpt":{"rendered":"<p>Krou\u017eek nebude od z\u00e1\u0159\u00ed do prosince 2025 otev\u0159en. kontakt pro p\u0159ihl\u00e1\u0161en\u00ed a informace: Miloslav Holas, e-mail: holasm@spsow.cz \u010d\u00edm se zab\u00fdv\u00e1me:<\/p>","protected":false},"author":1,"featured_media":0,"parent":0,"menu_order":0,"comment_status":"closed","ping_status":"closed","template":"","meta":{"footnotes":""},"class_list":["post-2017","page","type-page","status-publish","hentry"],"_links":{"self":[{"href":"https:\/\/spsow.cz\/en\/wp-json\/wp\/v2\/pages\/2017","targetHints":{"allow":["GET"]}}],"collection":[{"href":"https:\/\/spsow.cz\/en\/wp-json\/wp\/v2\/pages"}],"about":[{"href":"https:\/\/spsow.cz\/en\/wp-json\/wp\/v2\/types\/page"}],"author":[{"embeddable":true,"href":"https:\/\/spsow.cz\/en\/wp-json\/wp\/v2\/users\/1"}],"replies":[{"embeddable":true,"href":"https:\/\/spsow.cz\/en\/wp-json\/wp\/v2\/comments?post=2017"}],"version-history":[{"count":31,"href":"https:\/\/spsow.cz\/en\/wp-json\/wp\/v2\/pages\/2017\/revisions"}],"predecessor-version":[{"id":11965,"href":"https:\/\/spsow.cz\/en\/wp-json\/wp\/v2\/pages\/2017\/revisions\/11965"}],"wp:attachment":[{"href":"https:\/\/spsow.cz\/en\/wp-json\/wp\/v2\/media?parent=2017"}],"curies":[{"name":"wp","href":"https:\/\/api.w.org\/{rel}","templated":true}]}}