{"id":194,"date":"2023-02-16T12:28:45","date_gmt":"2023-02-16T11:28:45","guid":{"rendered":"http:\/\/192.168.1.208\/wordpress\/?page_id=194"},"modified":"2026-04-14T07:48:11","modified_gmt":"2026-04-14T05:48:11","slug":"automechanik","status":"publish","type":"page","link":"https:\/\/spsow.cz\/en\/automechanik\/","title":{"rendered":"Automechanik"},"content":{"rendered":"<h4 class=\"wp-block-heading\">Specifikace oboru<\/h4>\n\n\n\n<ul class=\"wp-block-list has-white-color has-accent-background-color has-text-color has-background has-medium-font-size\">\n<li><strong>23-68-H\/01 Mechanik oprav\u00e1\u0159 motorov\u00fdch vozidel<\/strong> (\u0160VP: Automechanik)<\/li>\n\n\n\n<li>3 roky, denn\u00ed studium<\/li>\n\n\n\n<li>kapacita: 30 student\u016f (v ro\u010dn\u00edku) <\/li>\n\n\n\n<li>v\u00fdu\u010dn\u00ed list<\/li>\n\n\n\n<li>term\u00edn pod\u00e1v\u00e1n\u00ed p\u0159ihl\u00e1\u0161ek: 1.\u201320. 2. 2026<\/li>\n\n\n\n<li>m\u00edsto vzd\u011bl\u00e1v\u00e1n\u00ed: HRONOV<\/li>\n<\/ul>\n\n\n\n<h4 class=\"wp-block-heading\">Video: Automechanik<\/h4>\n\n\n\n<figure class=\"wp-block-image size-full is-resized\"><a href=\"https:\/\/spsow.cz\/wp-content\/uploads\/2024\/11\/Reels_6_FullHD.mp4\"><img loading=\"lazy\" decoding=\"async\" width=\"540\" height=\"304\" src=\"https:\/\/spsow.cz\/wp-content\/uploads\/2024\/11\/video-thumb-automechanik.jpg\" alt=\"\" class=\"wp-image-9049\" style=\"object-fit:cover;width:270px;height:152px\" srcset=\"https:\/\/spsow.cz\/wp-content\/uploads\/2024\/11\/video-thumb-automechanik.jpg 540w, https:\/\/spsow.cz\/wp-content\/uploads\/2024\/11\/video-thumb-automechanik-300x169.jpg 300w, https:\/\/spsow.cz\/wp-content\/uploads\/2024\/11\/video-thumb-automechanik-18x10.jpg 18w\" sizes=\"auto, (max-width: 540px) 100vw, 540px\" \/><\/a><\/figure>\n\n\n\n<div style=\"height:20px\" aria-hidden=\"true\" class=\"wp-block-spacer\"><\/div>\n\n\n\n<h4 class=\"wp-block-heading\">Pro\u010d studovat obor Automechanik?<\/h4>\n\n\n\n<ul class=\"wp-block-list\">\n<li class=\"has-medium-font-size\">v r\u00e1mci v\u00fduky ZDARMA \u0159idi\u010dsk\u00fd pr\u016fkaz skupiny B a C<\/li>\n\n\n\n<li class=\"has-medium-font-size\">\u0161koln\u00ed autod\u00edlna<\/li>\n\n\n\n<li class=\"has-medium-font-size\">krou\u017eek Stav\u00edme z\u00e1vo\u010f\u00e1k<\/li>\n<\/ul>\n\n\n\n<h4 class=\"wp-block-heading\">Profil absolventa<\/h4>\n\n\n\n<ul class=\"wp-block-list has-medium-font-size\">\n<li>z\u00edsk\u00e1n\u00ed dovednost\u00ed p\u0159i prov\u00e1d\u011bn\u00ed mont\u00e1\u017e\u00ed a demont\u00e1\u017e\u00ed, oprav, \u00fadr\u017eby, se\u0159\u00edzen\u00ed, v\u00fdm\u011bny d\u00edl\u016f <br>a funk\u010dn\u00edch \u010d\u00e1st\u00ed<\/li>\n\n\n\n<li>prov\u00e1d\u011bn\u00ed funk\u010dn\u00ed kontroly po proveden\u00e9 oprav\u011b a se\u0159\u00edzen\u00ed<\/li>\n\n\n\n<li>zaji\u0161\u0165ov\u00e1n\u00ed pot\u0159ebn\u00e9ho materi\u00e1lu a n\u00e1hradn\u00edch d\u00edl\u016f<\/li>\n<\/ul>\n\n\n\n<h4 class=\"wp-block-heading\">Uplatn\u011bn\u00ed absolventa<\/h4>\n\n\n\n<ul class=\"wp-block-list has-medium-font-size\">\n<li class=\"has-medium-font-size\">zam\u011bstnanec v automobilov\u00e9 v\u00fdrob\u011b<\/li>\n\n\n\n<li class=\"has-medium-font-size\">zam\u011bstnanec v oprav\u00e1rensk\u00fdch provozech<\/li>\n\n\n\n<li class=\"has-medium-font-size\">zam\u011bstnanec v servisech<\/li>\n\n\n\n<li class=\"has-medium-font-size\">zam\u011bstnanec v STK a stanic\u00edch na m\u011b\u0159en\u00ed emis\u00ed<\/li>\n\n\n\n<li class=\"has-medium-font-size\">osoba samostatn\u011b v\u00fdd\u011ble\u010dn\u011b \u010dinn\u00e1 (OSV\u010c)<\/li>\n<\/ul>\n\n\n\n<h4 class=\"wp-block-heading\">Pokra\u010duj ve studiu<\/h4>\n\n\n\n<ul class=\"wp-block-list has-medium-font-size\">\n<li>mo\u017enost dod\u011blat si maturitu na na\u0161em n\u00e1stavbov\u00e9m oboru&nbsp;<a href=\"https:\/\/spsow.cz\/en\/podnikani\/\">Podnik\u00e1n\u00ed<\/a>&nbsp;(2 roky, denn\u00ed studium, Velk\u00e9 Po\u0159\u00ed\u010d\u00ed)<\/li>\n\n\n\n<li>roz\u0161\u00ed\u0159en\u00ed vzd\u011bl\u00e1n\u00ed studiem na\u0161ich zkr\u00e1cen\u00fdch obor\u016f&nbsp;<a href=\"https:\/\/spsow.cz\/en\/reprodukcni-grafik-zkraceny\/\">Reproduk\u010dn\u00ed grafik<\/a>&nbsp;nebo&nbsp;<a href=\"https:\/\/spsow.cz\/en\/tiskar-2\/\">Tiska\u0159 na polygrafick\u00fdch stroj\u00edch<\/a>&nbsp;(1 rok, denn\u00ed studium, Velk\u00e9 Po\u0159\u00ed\u010d\u00ed)<\/li>\n\n\n\n<li>dal\u0161\u00ed 3let\u00fd nebo 4let\u00fd obor<\/li>\n<\/ul>\n\n\n\n<h4 class=\"wp-block-heading\">V\u00fdhody<\/h4>\n\n\n\n<ul class=\"wp-block-list has-medium-font-size\">\n<li class=\"has-medium-font-size\">v t\u011bsn\u00e9 bl\u00edzkosti vlakov\u00e9ho n\u00e1dra\u017e\u00ed, autobusov\u00e9 zast\u00e1vky<\/li>\n\n\n\n<li class=\"has-medium-font-size\">aktivn\u00ed spolupr\u00e1ce s firmami v regionu<\/li>\n\n\n\n<li class=\"has-medium-font-size\">vlastn\u00ed domov ml\u00e1de\u017ee<\/li>\n<\/ul>\n\n\n\n<h4 class=\"wp-block-heading\"><\/h4>\n\n\n\n<div class=\"wp-block-file\"><a id=\"wp-block-file--media-d037359b-e866-430a-85b3-0b1aba0d236b\" href=\"https:\/\/spsow.cz\/wp-content\/uploads\/2023\/04\/Automechanik-ucebni-plan.pdf\" target=\"_blank\" rel=\"noreferrer noopener\">U\u010cEBN\u00cd PL\u00c1N<\/a><\/div>\n\n\n\n<div class=\"wp-block-file\"><a id=\"wp-block-file--media-4463f087-de48-4b2f-81ca-1cded11b75ad\" href=\"https:\/\/spsow.cz\/wp-content\/uploads\/2026\/02\/SVP_25_-Automechanik.pdf\" target=\"_blank\" rel=\"noreferrer noopener\">\u0160VP &#8211; Automechanik<\/a><\/div>\n\n\n\n<div class=\"wp-block-file\"><a id=\"wp-block-file--media-20a381f6-5dbd-42ba-bd34-6295f511850c\" href=\"https:\/\/spsow.cz\/wp-content\/uploads\/2024\/10\/FB-skupina.pdf\" target=\"_blank\" rel=\"noreferrer noopener\">P\u0159idej se do fb skupiny<\/a><\/div>\n\n\n\n<figure class=\"wp-block-gallery has-nested-images columns-default is-cropped wp-block-gallery-1 is-layout-flex wp-block-gallery-is-layout-flex\">\n<figure class=\"wp-block-image size-large\"><a href=\"https:\/\/spsow.cz\/wp-content\/uploads\/2026\/04\/1V6A1774-768x512-1.jpg\"><img loading=\"lazy\" decoding=\"async\" width=\"768\" height=\"512\" data-id=\"15278\" src=\"https:\/\/spsow.cz\/wp-content\/uploads\/2026\/04\/1V6A1774-768x512-1.jpg\" alt=\"\" class=\"wp-image-15278\" srcset=\"https:\/\/spsow.cz\/wp-content\/uploads\/2026\/04\/1V6A1774-768x512-1.jpg 768w, https:\/\/spsow.cz\/wp-content\/uploads\/2026\/04\/1V6A1774-768x512-1-300x200.jpg 300w, https:\/\/spsow.cz\/wp-content\/uploads\/2026\/04\/1V6A1774-768x512-1-18x12.jpg 18w, https:\/\/spsow.cz\/wp-content\/uploads\/2026\/04\/1V6A1774-768x512-1-360x240.jpg 360w\" sizes=\"auto, (max-width: 768px) 100vw, 768px\" \/><\/a><\/figure>\n\n\n\n<figure class=\"wp-block-image size-large\"><a href=\"https:\/\/spsow.cz\/wp-content\/uploads\/2026\/04\/1V6A1788-768x512-1.jpg\"><img loading=\"lazy\" decoding=\"async\" width=\"768\" height=\"512\" data-id=\"15280\" src=\"https:\/\/spsow.cz\/wp-content\/uploads\/2026\/04\/1V6A1788-768x512-1.jpg\" alt=\"\" class=\"wp-image-15280\" srcset=\"https:\/\/spsow.cz\/wp-content\/uploads\/2026\/04\/1V6A1788-768x512-1.jpg 768w, https:\/\/spsow.cz\/wp-content\/uploads\/2026\/04\/1V6A1788-768x512-1-300x200.jpg 300w, https:\/\/spsow.cz\/wp-content\/uploads\/2026\/04\/1V6A1788-768x512-1-18x12.jpg 18w, https:\/\/spsow.cz\/wp-content\/uploads\/2026\/04\/1V6A1788-768x512-1-360x240.jpg 360w\" sizes=\"auto, (max-width: 768px) 100vw, 768px\" \/><\/a><\/figure>\n\n\n\n<figure class=\"wp-block-image size-large\"><a href=\"https:\/\/spsow.cz\/wp-content\/uploads\/2026\/04\/1V6A1827-768x512-1.jpg\"><img loading=\"lazy\" decoding=\"async\" width=\"768\" height=\"512\" data-id=\"15282\" src=\"https:\/\/spsow.cz\/wp-content\/uploads\/2026\/04\/1V6A1827-768x512-1.jpg\" alt=\"\" class=\"wp-image-15282\" srcset=\"https:\/\/spsow.cz\/wp-content\/uploads\/2026\/04\/1V6A1827-768x512-1.jpg 768w, https:\/\/spsow.cz\/wp-content\/uploads\/2026\/04\/1V6A1827-768x512-1-300x200.jpg 300w, https:\/\/spsow.cz\/wp-content\/uploads\/2026\/04\/1V6A1827-768x512-1-18x12.jpg 18w, https:\/\/spsow.cz\/wp-content\/uploads\/2026\/04\/1V6A1827-768x512-1-360x240.jpg 360w\" sizes=\"auto, (max-width: 768px) 100vw, 768px\" \/><\/a><\/figure>\n\n\n\n<figure class=\"wp-block-image size-large\"><a href=\"https:\/\/spsow.cz\/wp-content\/uploads\/2026\/04\/1V6A1858-768x512-1.jpg\"><img loading=\"lazy\" decoding=\"async\" width=\"768\" height=\"512\" data-id=\"15277\" src=\"https:\/\/spsow.cz\/wp-content\/uploads\/2026\/04\/1V6A1858-768x512-1.jpg\" alt=\"\" class=\"wp-image-15277\" srcset=\"https:\/\/spsow.cz\/wp-content\/uploads\/2026\/04\/1V6A1858-768x512-1.jpg 768w, https:\/\/spsow.cz\/wp-content\/uploads\/2026\/04\/1V6A1858-768x512-1-300x200.jpg 300w, https:\/\/spsow.cz\/wp-content\/uploads\/2026\/04\/1V6A1858-768x512-1-18x12.jpg 18w, https:\/\/spsow.cz\/wp-content\/uploads\/2026\/04\/1V6A1858-768x512-1-360x240.jpg 360w\" sizes=\"auto, (max-width: 768px) 100vw, 768px\" \/><\/a><\/figure>\n\n\n\n<figure class=\"wp-block-image size-large\"><a href=\"https:\/\/spsow.cz\/wp-content\/uploads\/2026\/04\/kk-768x1024-1.png\"><img loading=\"lazy\" decoding=\"async\" width=\"768\" height=\"1024\" data-id=\"15286\" src=\"https:\/\/spsow.cz\/wp-content\/uploads\/2026\/04\/kk-768x1024-1.png\" alt=\"\" class=\"wp-image-15286\" srcset=\"https:\/\/spsow.cz\/wp-content\/uploads\/2026\/04\/kk-768x1024-1.png 768w, https:\/\/spsow.cz\/wp-content\/uploads\/2026\/04\/kk-768x1024-1-225x300.png 225w, https:\/\/spsow.cz\/wp-content\/uploads\/2026\/04\/kk-768x1024-1-9x12.png 9w\" sizes=\"auto, (max-width: 768px) 100vw, 768px\" \/><\/a><\/figure>\n\n\n\n<figure class=\"wp-block-image size-large\"><a href=\"https:\/\/spsow.cz\/wp-content\/uploads\/2026\/04\/1V6A1830-768x512-1.jpg\"><img loading=\"lazy\" decoding=\"async\" width=\"768\" height=\"512\" data-id=\"15283\" src=\"https:\/\/spsow.cz\/wp-content\/uploads\/2026\/04\/1V6A1830-768x512-1.jpg\" alt=\"\" class=\"wp-image-15283\" srcset=\"https:\/\/spsow.cz\/wp-content\/uploads\/2026\/04\/1V6A1830-768x512-1.jpg 768w, https:\/\/spsow.cz\/wp-content\/uploads\/2026\/04\/1V6A1830-768x512-1-300x200.jpg 300w, https:\/\/spsow.cz\/wp-content\/uploads\/2026\/04\/1V6A1830-768x512-1-18x12.jpg 18w, https:\/\/spsow.cz\/wp-content\/uploads\/2026\/04\/1V6A1830-768x512-1-360x240.jpg 360w\" sizes=\"auto, (max-width: 768px) 100vw, 768px\" \/><\/a><\/figure>\n\n\n\n<figure class=\"wp-block-image size-large\"><a href=\"https:\/\/spsow.cz\/wp-content\/uploads\/2026\/04\/462568714_1706648450183961_1728569016538382480_n-768x1024-1.jpg\"><img loading=\"lazy\" decoding=\"async\" width=\"768\" height=\"1024\" data-id=\"15281\" src=\"https:\/\/spsow.cz\/wp-content\/uploads\/2026\/04\/462568714_1706648450183961_1728569016538382480_n-768x1024-1.jpg\" alt=\"\" class=\"wp-image-15281\" srcset=\"https:\/\/spsow.cz\/wp-content\/uploads\/2026\/04\/462568714_1706648450183961_1728569016538382480_n-768x1024-1.jpg 768w, https:\/\/spsow.cz\/wp-content\/uploads\/2026\/04\/462568714_1706648450183961_1728569016538382480_n-768x1024-1-225x300.jpg 225w, https:\/\/spsow.cz\/wp-content\/uploads\/2026\/04\/462568714_1706648450183961_1728569016538382480_n-768x1024-1-9x12.jpg 9w\" sizes=\"auto, (max-width: 768px) 100vw, 768px\" \/><\/a><\/figure>\n\n\n\n<figure class=\"wp-block-image size-large\"><a href=\"https:\/\/spsow.cz\/wp-content\/uploads\/2026\/04\/462571576_952977803416957_8814538938829425342_n-768x576-1.jpg\"><img loading=\"lazy\" decoding=\"async\" width=\"768\" height=\"576\" data-id=\"15290\" src=\"https:\/\/spsow.cz\/wp-content\/uploads\/2026\/04\/462571576_952977803416957_8814538938829425342_n-768x576-1.jpg\" alt=\"\" class=\"wp-image-15290\" srcset=\"https:\/\/spsow.cz\/wp-content\/uploads\/2026\/04\/462571576_952977803416957_8814538938829425342_n-768x576-1.jpg 768w, https:\/\/spsow.cz\/wp-content\/uploads\/2026\/04\/462571576_952977803416957_8814538938829425342_n-768x576-1-300x225.jpg 300w, https:\/\/spsow.cz\/wp-content\/uploads\/2026\/04\/462571576_952977803416957_8814538938829425342_n-768x576-1-16x12.jpg 16w\" sizes=\"auto, (max-width: 768px) 100vw, 768px\" \/><\/a><\/figure>\n\n\n\n<figure class=\"wp-block-image size-large\"><a href=\"https:\/\/spsow.cz\/wp-content\/uploads\/2026\/04\/1V6A1845-768x512-1.jpg\"><img loading=\"lazy\" decoding=\"async\" width=\"768\" height=\"512\" data-id=\"15279\" src=\"https:\/\/spsow.cz\/wp-content\/uploads\/2026\/04\/1V6A1845-768x512-1.jpg\" alt=\"\" class=\"wp-image-15279\" srcset=\"https:\/\/spsow.cz\/wp-content\/uploads\/2026\/04\/1V6A1845-768x512-1.jpg 768w, https:\/\/spsow.cz\/wp-content\/uploads\/2026\/04\/1V6A1845-768x512-1-300x200.jpg 300w, https:\/\/spsow.cz\/wp-content\/uploads\/2026\/04\/1V6A1845-768x512-1-18x12.jpg 18w, https:\/\/spsow.cz\/wp-content\/uploads\/2026\/04\/1V6A1845-768x512-1-360x240.jpg 360w\" sizes=\"auto, (max-width: 768px) 100vw, 768px\" \/><\/a><\/figure>\n\n\n\n<figure class=\"wp-block-image size-large\"><a href=\"https:\/\/spsow.cz\/wp-content\/uploads\/2026\/04\/463192678_1259311235358641_5225929852214485180_n-768x576-1.jpg\"><img loading=\"lazy\" decoding=\"async\" width=\"768\" height=\"576\" data-id=\"15287\" src=\"https:\/\/spsow.cz\/wp-content\/uploads\/2026\/04\/463192678_1259311235358641_5225929852214485180_n-768x576-1.jpg\" alt=\"\" class=\"wp-image-15287\" srcset=\"https:\/\/spsow.cz\/wp-content\/uploads\/2026\/04\/463192678_1259311235358641_5225929852214485180_n-768x576-1.jpg 768w, https:\/\/spsow.cz\/wp-content\/uploads\/2026\/04\/463192678_1259311235358641_5225929852214485180_n-768x576-1-300x225.jpg 300w, https:\/\/spsow.cz\/wp-content\/uploads\/2026\/04\/463192678_1259311235358641_5225929852214485180_n-768x576-1-16x12.jpg 16w\" sizes=\"auto, (max-width: 768px) 100vw, 768px\" \/><\/a><\/figure>\n\n\n\n<figure class=\"wp-block-image size-large\"><a href=\"https:\/\/spsow.cz\/wp-content\/uploads\/2026\/04\/465871216_1612369896329557_2191874647383440033_n-768x576-1.jpg\"><img loading=\"lazy\" decoding=\"async\" width=\"768\" height=\"576\" data-id=\"15291\" src=\"https:\/\/spsow.cz\/wp-content\/uploads\/2026\/04\/465871216_1612369896329557_2191874647383440033_n-768x576-1.jpg\" alt=\"\" class=\"wp-image-15291\" srcset=\"https:\/\/spsow.cz\/wp-content\/uploads\/2026\/04\/465871216_1612369896329557_2191874647383440033_n-768x576-1.jpg 768w, https:\/\/spsow.cz\/wp-content\/uploads\/2026\/04\/465871216_1612369896329557_2191874647383440033_n-768x576-1-300x225.jpg 300w, https:\/\/spsow.cz\/wp-content\/uploads\/2026\/04\/465871216_1612369896329557_2191874647383440033_n-768x576-1-16x12.jpg 16w\" sizes=\"auto, (max-width: 768px) 100vw, 768px\" \/><\/a><\/figure>\n\n\n\n<figure class=\"wp-block-image size-large\"><a href=\"https:\/\/spsow.cz\/wp-content\/uploads\/2026\/04\/465884985_1109177400701577_1914252463000186203_n-768x576-1.jpg\"><img loading=\"lazy\" decoding=\"async\" width=\"768\" height=\"576\" data-id=\"15285\" src=\"https:\/\/spsow.cz\/wp-content\/uploads\/2026\/04\/465884985_1109177400701577_1914252463000186203_n-768x576-1.jpg\" alt=\"\" class=\"wp-image-15285\" srcset=\"https:\/\/spsow.cz\/wp-content\/uploads\/2026\/04\/465884985_1109177400701577_1914252463000186203_n-768x576-1.jpg 768w, https:\/\/spsow.cz\/wp-content\/uploads\/2026\/04\/465884985_1109177400701577_1914252463000186203_n-768x576-1-300x225.jpg 300w, https:\/\/spsow.cz\/wp-content\/uploads\/2026\/04\/465884985_1109177400701577_1914252463000186203_n-768x576-1-16x12.jpg 16w\" sizes=\"auto, (max-width: 768px) 100vw, 768px\" \/><\/a><\/figure>\n\n\n\n<figure class=\"wp-block-image size-large\"><a href=\"https:\/\/spsow.cz\/wp-content\/uploads\/2026\/04\/Automechanici-1536x692-1.jpg\"><img loading=\"lazy\" decoding=\"async\" width=\"1024\" height=\"461\" data-id=\"15289\" src=\"https:\/\/spsow.cz\/wp-content\/uploads\/2026\/04\/Automechanici-1536x692-1-1024x461.jpg\" alt=\"\" class=\"wp-image-15289\" srcset=\"https:\/\/spsow.cz\/wp-content\/uploads\/2026\/04\/Automechanici-1536x692-1-1024x461.jpg 1024w, https:\/\/spsow.cz\/wp-content\/uploads\/2026\/04\/Automechanici-1536x692-1-300x135.jpg 300w, https:\/\/spsow.cz\/wp-content\/uploads\/2026\/04\/Automechanici-1536x692-1-768x346.jpg 768w, https:\/\/spsow.cz\/wp-content\/uploads\/2026\/04\/Automechanici-1536x692-1-18x8.jpg 18w, https:\/\/spsow.cz\/wp-content\/uploads\/2026\/04\/Automechanici-1536x692-1.jpg 1536w\" sizes=\"auto, (max-width: 1024px) 100vw, 1024px\" \/><\/a><\/figure>\n\n\n\n<figure class=\"wp-block-image size-large\"><a href=\"https:\/\/spsow.cz\/wp-content\/uploads\/2026\/04\/k-1024x768-1.png\"><img loading=\"lazy\" decoding=\"async\" width=\"1024\" height=\"768\" data-id=\"15284\" src=\"https:\/\/spsow.cz\/wp-content\/uploads\/2026\/04\/k-1024x768-1.png\" alt=\"\" class=\"wp-image-15284\" srcset=\"https:\/\/spsow.cz\/wp-content\/uploads\/2026\/04\/k-1024x768-1.png 1024w, https:\/\/spsow.cz\/wp-content\/uploads\/2026\/04\/k-1024x768-1-300x225.png 300w, https:\/\/spsow.cz\/wp-content\/uploads\/2026\/04\/k-1024x768-1-768x576.png 768w, https:\/\/spsow.cz\/wp-content\/uploads\/2026\/04\/k-1024x768-1-16x12.png 16w\" sizes=\"auto, (max-width: 1024px) 100vw, 1024px\" \/><\/a><\/figure>\n\n\n\n<figure class=\"wp-block-image size-large\"><a href=\"https:\/\/spsow.cz\/wp-content\/uploads\/2026\/04\/kkk-768x1024-1.png\"><img loading=\"lazy\" decoding=\"async\" width=\"768\" height=\"1024\" data-id=\"15292\" src=\"https:\/\/spsow.cz\/wp-content\/uploads\/2026\/04\/kkk-768x1024-1.png\" alt=\"\" class=\"wp-image-15292\" srcset=\"https:\/\/spsow.cz\/wp-content\/uploads\/2026\/04\/kkk-768x1024-1.png 768w, https:\/\/spsow.cz\/wp-content\/uploads\/2026\/04\/kkk-768x1024-1-225x300.png 225w, https:\/\/spsow.cz\/wp-content\/uploads\/2026\/04\/kkk-768x1024-1-9x12.png 9w\" sizes=\"auto, (max-width: 768px) 100vw, 768px\" \/><\/a><\/figure>\n\n\n\n<figure class=\"wp-block-image size-large\"><a href=\"https:\/\/spsow.cz\/wp-content\/uploads\/2026\/04\/IMG-20241111-WA0000-768x576-1.jpg\"><img loading=\"lazy\" decoding=\"async\" width=\"768\" height=\"576\" data-id=\"15288\" src=\"https:\/\/spsow.cz\/wp-content\/uploads\/2026\/04\/IMG-20241111-WA0000-768x576-1.jpg\" alt=\"\" class=\"wp-image-15288\" srcset=\"https:\/\/spsow.cz\/wp-content\/uploads\/2026\/04\/IMG-20241111-WA0000-768x576-1.jpg 768w, https:\/\/spsow.cz\/wp-content\/uploads\/2026\/04\/IMG-20241111-WA0000-768x576-1-300x225.jpg 300w, https:\/\/spsow.cz\/wp-content\/uploads\/2026\/04\/IMG-20241111-WA0000-768x576-1-16x12.jpg 16w\" sizes=\"auto, (max-width: 768px) 100vw, 768px\" \/><\/a><\/figure>\n\n\n\n<figure class=\"wp-block-image size-large\"><a href=\"https:\/\/spsow.cz\/wp-content\/uploads\/2026\/04\/kkkk-1152x1536-1.png\"><img loading=\"lazy\" decoding=\"async\" width=\"768\" height=\"1024\" data-id=\"15293\" src=\"https:\/\/spsow.cz\/wp-content\/uploads\/2026\/04\/kkkk-1152x1536-1-768x1024.png\" alt=\"\" class=\"wp-image-15293\" srcset=\"https:\/\/spsow.cz\/wp-content\/uploads\/2026\/04\/kkkk-1152x1536-1-768x1024.png 768w, https:\/\/spsow.cz\/wp-content\/uploads\/2026\/04\/kkkk-1152x1536-1-225x300.png 225w, https:\/\/spsow.cz\/wp-content\/uploads\/2026\/04\/kkkk-1152x1536-1-9x12.png 9w, https:\/\/spsow.cz\/wp-content\/uploads\/2026\/04\/kkkk-1152x1536-1.png 1152w\" sizes=\"auto, (max-width: 768px) 100vw, 768px\" \/><\/a><\/figure>\n<\/figure>\n\n\n\n<div style=\"height:30px\" aria-hidden=\"true\" class=\"wp-block-spacer\"><\/div>\n\n\n\n<p><\/p>","protected":false},"excerpt":{"rendered":"<p>Specifikace oboru Video: Automechanik Pro\u010d studovat obor Automechanik? Profil absolventa Uplatn\u011bn\u00ed absolventa Pokra\u010duj ve studiu V\u00fdhody<\/p>","protected":false},"author":1,"featured_media":0,"parent":0,"menu_order":0,"comment_status":"closed","ping_status":"closed","template":"","meta":{"footnotes":""},"class_list":["post-194","page","type-page","status-publish","hentry"],"_links":{"self":[{"href":"https:\/\/spsow.cz\/en\/wp-json\/wp\/v2\/pages\/194","targetHints":{"allow":["GET"]}}],"collection":[{"href":"https:\/\/spsow.cz\/en\/wp-json\/wp\/v2\/pages"}],"about":[{"href":"https:\/\/spsow.cz\/en\/wp-json\/wp\/v2\/types\/page"}],"author":[{"embeddable":true,"href":"https:\/\/spsow.cz\/en\/wp-json\/wp\/v2\/users\/1"}],"replies":[{"embeddable":true,"href":"https:\/\/spsow.cz\/en\/wp-json\/wp\/v2\/comments?post=194"}],"version-history":[{"count":39,"href":"https:\/\/spsow.cz\/en\/wp-json\/wp\/v2\/pages\/194\/revisions"}],"predecessor-version":[{"id":15294,"href":"https:\/\/spsow.cz\/en\/wp-json\/wp\/v2\/pages\/194\/revisions\/15294"}],"wp:attachment":[{"href":"https:\/\/spsow.cz\/en\/wp-json\/wp\/v2\/media?parent=194"}],"curies":[{"name":"wp","href":"https:\/\/api.w.org\/{rel}","templated":true}]}}