{"id":190,"date":"2023-02-16T12:28:04","date_gmt":"2023-02-16T11:28:04","guid":{"rendered":"http:\/\/192.168.1.208\/wordpress\/?page_id=190"},"modified":"2026-02-11T07:40:47","modified_gmt":"2026-02-11T06:40:47","slug":"elektrikar","status":"publish","type":"page","link":"https:\/\/spsow.cz\/en\/elektrikar\/","title":{"rendered":"Elektrik\u00e1\u0159"},"content":{"rendered":"<h4 class=\"wp-block-heading has-medium-font-size\">Specifikace oboru<\/h4>\n\n\n\n<ul class=\"wp-block-list has-white-color has-accent-background-color has-text-color has-background has-medium-font-size\">\n<li><strong>26-51-H\/01 Elektrik\u00e1\u0159<\/strong> (\u0160VP: Elektromechanik)<\/li>\n\n\n\n<li>3 roky, denn\u00ed studium<\/li>\n\n\n\n<li>kapacita: 30 student\u016f (v ro\u010dn\u00edku)<\/li>\n\n\n\n<li>v\u00fdu\u010dn\u00ed list<\/li>\n\n\n\n<li>term\u00edn pod\u00e1v\u00e1n\u00ed p\u0159ihl\u00e1\u0161ek: 1.\u201320. 2. 2026<\/li>\n\n\n\n<li>m\u00edsto vzd\u011bl\u00e1v\u00e1n\u00ed: HRONOV<\/li>\n<\/ul>\n\n\n\n<h4 class=\"wp-block-heading has-medium-font-size\">Video: Elektrik\u00e1\u0159 a Elektrotechnika<\/h4>\n\n\n\n<figure class=\"wp-block-image size-full is-resized\"><a href=\"https:\/\/spsow.cz\/wp-content\/uploads\/2024\/11\/Reels_5_FullHD.mp4\"><img loading=\"lazy\" decoding=\"async\" width=\"540\" height=\"304\" src=\"https:\/\/spsow.cz\/wp-content\/uploads\/2024\/11\/video-thumb-elektrikar.jpg\" alt=\"\" class=\"wp-image-9044\" style=\"object-fit:cover;width:270px;height:152px\" srcset=\"https:\/\/spsow.cz\/wp-content\/uploads\/2024\/11\/video-thumb-elektrikar.jpg 540w, https:\/\/spsow.cz\/wp-content\/uploads\/2024\/11\/video-thumb-elektrikar-300x169.jpg 300w, https:\/\/spsow.cz\/wp-content\/uploads\/2024\/11\/video-thumb-elektrikar-18x10.jpg 18w\" sizes=\"auto, (max-width: 540px) 100vw, 540px\" \/><\/a><\/figure>\n\n\n\n<div style=\"height:20px\" aria-hidden=\"true\" class=\"wp-block-spacer\"><\/div>\n\n\n\n<h4 class=\"wp-block-heading has-medium-font-size\">Pro\u010d studovat obor Elektrik\u00e1\u0159?<\/h4>\n\n\n\n<ul class=\"wp-block-list\">\n<li class=\"has-medium-font-size\">obor podporovan\u00fd Krajsk\u00fdm \u00fa\u0159adem KH kraje &#8211; studenti mohou z\u00edskat STIPENDIUM<\/li>\n\n\n\n<li class=\"has-medium-font-size\">obor se \u0161irok\u00fdm uplatn\u011bn\u00edm<\/li>\n<\/ul>\n\n\n\n<h4 class=\"wp-block-heading has-medium-font-size\">Profil absolventa<\/h4>\n\n\n\n<ul class=\"wp-block-list has-medium-font-size\">\n<li>z\u00edsk\u00e1n\u00ed dovednost\u00ed pro mont\u00e1\u017e, v\u00fdrobu a opravy elektrick\u00fdch za\u0159\u00edzen\u00ed<\/li>\n\n\n\n<li>vyu\u017e\u00edv\u00e1n\u00ed v\u00fdpo\u010detn\u00ed techniky, sezn\u00e1men\u00ed se s automatiza\u010dn\u00edmi za\u0159\u00edzen\u00edmi, elektropneumatick\u00fdmi syst\u00e9my, zabezpe\u010dovac\u00edmi za\u0159\u00edzen\u00edmi, satelitn\u00ed technikou a z\u00edsk\u00e1n\u00ed p\u0159ehledu o modern\u00edch technologi\u00edch pou\u017e\u00edvan\u00fdch v \u201cchytr\u00fdch\u201d elektroinstalac\u00edch<\/li>\n\n\n\n<li>prov\u00e1d\u011bn\u00ed instalace v budov\u00e1ch, opravy elektrick\u00fdch stroj\u016f a p\u0159\u00edstroj\u016f pro pr\u016fmysl i dom\u00e1cnost<\/li>\n\n\n\n<li>obsluha satelitn\u00ed a televizn\u00ed techniky<br><br><\/li>\n<\/ul>\n\n\n\n<h4 class=\"wp-block-heading has-medium-font-size\">Uplatn\u011bn\u00ed absolventa<\/h4>\n\n\n\n<ul class=\"wp-block-list has-medium-font-size\">\n<li class=\"has-medium-font-size\">zam\u011bstnanec v&nbsp;pr\u016fmyslu, slu\u017eb\u00e1ch<\/li>\n\n\n\n<li class=\"has-medium-font-size\">osoba samostatn\u011b v\u00fdd\u011ble\u010dn\u011b \u010dinn\u00e1 (OSV\u010c)<\/li>\n<\/ul>\n\n\n\n<h4 class=\"wp-block-heading has-medium-font-size\">Pokra\u010duj ve studiu<\/h4>\n\n\n\n<ul class=\"wp-block-list\">\n<li class=\"has-medium-font-size\">mo\u017enost dod\u011blat si maturitu v na\u0161em n\u00e1stavbov\u00e9m oboru&nbsp;<a href=\"https:\/\/spsow.cz\/en\/podnikani\/\">Podnik\u00e1n\u00ed<\/a>&nbsp;(2 roky, denn\u00ed studium, Velk\u00e9 Po\u0159\u00ed\u010d\u00ed)<\/li>\n\n\n\n<li class=\"has-medium-font-size\">roz\u0161\u00ed\u0159en\u00ed vzd\u011bl\u00e1n\u00ed studiem na\u0161ich zkr\u00e1cen\u00fdch obor\u016f&nbsp;<a href=\"https:\/\/spsow.cz\/en\/reprodukcni-grafik-zkraceny\/\">Reproduk\u010dn\u00ed grafik<\/a>&nbsp;nebo&nbsp;<a href=\"https:\/\/spsow.cz\/en\/tiskar-2\/\">Tiska\u0159 na polygrafick\u00fdch stroj\u00edch<\/a>&nbsp;(1 rok, denn\u00ed studium, Velk\u00e9 Po\u0159\u00ed\u010d\u00ed)<\/li>\n\n\n\n<li class=\"has-medium-font-size\">dal\u0161\u00ed 3let\u00fd nebo 4let\u00fd obor<\/li>\n<\/ul>\n\n\n\n<h4 class=\"wp-block-heading has-medium-font-size\">V\u00fdhody<\/h4>\n\n\n\n<ul class=\"wp-block-list has-medium-font-size\">\n<li>v t\u011bsn\u00e9 bl\u00edzkosti vlakov\u00e9ho n\u00e1dra\u017e\u00ed, autobusov\u00e9 zast\u00e1vky<\/li>\n\n\n\n<li>\u0161kola aktivn\u011b spolupracuje s firmami v regionu<\/li>\n\n\n\n<li>vlastn\u00ed domov ml\u00e1de\u017ee<\/li>\n<\/ul>\n\n\n\n<h4 class=\"wp-block-heading has-medium-font-size\"> <\/h4>\n\n\n\n<div class=\"wp-block-file\"><a id=\"wp-block-file--media-b81576b0-cbec-47a0-8dc7-ad9621e0f036\" href=\"https:\/\/spsow.cz\/wp-content\/uploads\/2023\/04\/Elektrikar-ucebni-plan.pdf\" target=\"_blank\" rel=\"noreferrer noopener\">U\u010cEBN\u00cd PL\u00c1N<\/a><\/div>\n\n\n\n<div class=\"wp-block-file\"><a id=\"wp-block-file--media-d748e033-a39c-4929-9e57-f447c1207607\" href=\"https:\/\/spsow.cz\/wp-content\/uploads\/2026\/02\/SVP_25_Elektromechanik.pdf\" target=\"_blank\" rel=\"noreferrer noopener\">\u0160VP &#8211; Elektromechanik<\/a><\/div>\n\n\n\n<div class=\"wp-block-file\"><a id=\"wp-block-file--media-4e3334ad-5ed0-4e09-a42f-b4658c830d01\" href=\"https:\/\/spsow.cz\/wp-content\/uploads\/2024\/10\/FB-skupina.pdf\" target=\"_blank\" rel=\"noreferrer noopener\">P\u0159idej se do fb skupiny<\/a><\/div>\n\n\n\n<figure class=\"wp-block-gallery has-nested-images columns-default is-cropped wp-block-gallery-1 is-layout-flex wp-block-gallery-is-layout-flex\">\n<figure class=\"wp-block-image size-large\"><a href=\"https:\/\/spsow.cz\/wp-content\/uploads\/2026\/01\/0fe6d899-2b56-4012-a9bc-5ececd8b4782.jpg\"><img loading=\"lazy\" decoding=\"async\" width=\"1024\" height=\"768\" data-id=\"13752\" src=\"https:\/\/spsow.cz\/wp-content\/uploads\/2026\/01\/0fe6d899-2b56-4012-a9bc-5ececd8b4782-1024x768.jpg\" alt=\"\" class=\"wp-image-13752\" srcset=\"https:\/\/spsow.cz\/wp-content\/uploads\/2026\/01\/0fe6d899-2b56-4012-a9bc-5ececd8b4782-1024x768.jpg 1024w, https:\/\/spsow.cz\/wp-content\/uploads\/2026\/01\/0fe6d899-2b56-4012-a9bc-5ececd8b4782-300x225.jpg 300w, https:\/\/spsow.cz\/wp-content\/uploads\/2026\/01\/0fe6d899-2b56-4012-a9bc-5ececd8b4782-768x576.jpg 768w, https:\/\/spsow.cz\/wp-content\/uploads\/2026\/01\/0fe6d899-2b56-4012-a9bc-5ececd8b4782-1536x1152.jpg 1536w, https:\/\/spsow.cz\/wp-content\/uploads\/2026\/01\/0fe6d899-2b56-4012-a9bc-5ececd8b4782-16x12.jpg 16w, https:\/\/spsow.cz\/wp-content\/uploads\/2026\/01\/0fe6d899-2b56-4012-a9bc-5ececd8b4782.jpg 2048w\" sizes=\"auto, (max-width: 1024px) 100vw, 1024px\" \/><\/a><\/figure>\n\n\n\n<figure class=\"wp-block-image size-large\"><a href=\"https:\/\/spsow.cz\/wp-content\/uploads\/2026\/01\/6c69f50e-5b16-425d-9738-8ec87667cf08-1.jpg\"><img loading=\"lazy\" decoding=\"async\" width=\"1024\" height=\"768\" data-id=\"13753\" src=\"https:\/\/spsow.cz\/wp-content\/uploads\/2026\/01\/6c69f50e-5b16-425d-9738-8ec87667cf08-1-1024x768.jpg\" alt=\"\" class=\"wp-image-13753\" srcset=\"https:\/\/spsow.cz\/wp-content\/uploads\/2026\/01\/6c69f50e-5b16-425d-9738-8ec87667cf08-1-1024x768.jpg 1024w, https:\/\/spsow.cz\/wp-content\/uploads\/2026\/01\/6c69f50e-5b16-425d-9738-8ec87667cf08-1-300x225.jpg 300w, https:\/\/spsow.cz\/wp-content\/uploads\/2026\/01\/6c69f50e-5b16-425d-9738-8ec87667cf08-1-768x576.jpg 768w, https:\/\/spsow.cz\/wp-content\/uploads\/2026\/01\/6c69f50e-5b16-425d-9738-8ec87667cf08-1-1536x1152.jpg 1536w, https:\/\/spsow.cz\/wp-content\/uploads\/2026\/01\/6c69f50e-5b16-425d-9738-8ec87667cf08-1-16x12.jpg 16w, https:\/\/spsow.cz\/wp-content\/uploads\/2026\/01\/6c69f50e-5b16-425d-9738-8ec87667cf08-1.jpg 2048w\" sizes=\"auto, (max-width: 1024px) 100vw, 1024px\" \/><\/a><\/figure>\n\n\n\n<figure class=\"wp-block-image size-large\"><a href=\"https:\/\/spsow.cz\/wp-content\/uploads\/2026\/01\/7f4dcfa9-a2fb-46b6-867d-6d9d3a107677.jpg\"><img loading=\"lazy\" decoding=\"async\" width=\"1024\" height=\"768\" data-id=\"13757\" src=\"https:\/\/spsow.cz\/wp-content\/uploads\/2026\/01\/7f4dcfa9-a2fb-46b6-867d-6d9d3a107677-1024x768.jpg\" alt=\"\" class=\"wp-image-13757\" srcset=\"https:\/\/spsow.cz\/wp-content\/uploads\/2026\/01\/7f4dcfa9-a2fb-46b6-867d-6d9d3a107677-1024x768.jpg 1024w, https:\/\/spsow.cz\/wp-content\/uploads\/2026\/01\/7f4dcfa9-a2fb-46b6-867d-6d9d3a107677-300x225.jpg 300w, https:\/\/spsow.cz\/wp-content\/uploads\/2026\/01\/7f4dcfa9-a2fb-46b6-867d-6d9d3a107677-768x576.jpg 768w, https:\/\/spsow.cz\/wp-content\/uploads\/2026\/01\/7f4dcfa9-a2fb-46b6-867d-6d9d3a107677-1536x1152.jpg 1536w, https:\/\/spsow.cz\/wp-content\/uploads\/2026\/01\/7f4dcfa9-a2fb-46b6-867d-6d9d3a107677-16x12.jpg 16w, https:\/\/spsow.cz\/wp-content\/uploads\/2026\/01\/7f4dcfa9-a2fb-46b6-867d-6d9d3a107677.jpg 2048w\" sizes=\"auto, (max-width: 1024px) 100vw, 1024px\" \/><\/a><\/figure>\n\n\n\n<figure class=\"wp-block-image size-large\"><a href=\"https:\/\/spsow.cz\/wp-content\/uploads\/2026\/01\/8acba041-22a8-4455-86db-b62a589c9322.jpg\"><img loading=\"lazy\" decoding=\"async\" width=\"1024\" height=\"768\" data-id=\"13762\" src=\"https:\/\/spsow.cz\/wp-content\/uploads\/2026\/01\/8acba041-22a8-4455-86db-b62a589c9322-1024x768.jpg\" alt=\"\" class=\"wp-image-13762\" srcset=\"https:\/\/spsow.cz\/wp-content\/uploads\/2026\/01\/8acba041-22a8-4455-86db-b62a589c9322-1024x768.jpg 1024w, https:\/\/spsow.cz\/wp-content\/uploads\/2026\/01\/8acba041-22a8-4455-86db-b62a589c9322-300x225.jpg 300w, https:\/\/spsow.cz\/wp-content\/uploads\/2026\/01\/8acba041-22a8-4455-86db-b62a589c9322-768x576.jpg 768w, https:\/\/spsow.cz\/wp-content\/uploads\/2026\/01\/8acba041-22a8-4455-86db-b62a589c9322-1536x1152.jpg 1536w, https:\/\/spsow.cz\/wp-content\/uploads\/2026\/01\/8acba041-22a8-4455-86db-b62a589c9322-16x12.jpg 16w, https:\/\/spsow.cz\/wp-content\/uploads\/2026\/01\/8acba041-22a8-4455-86db-b62a589c9322.jpg 2048w\" sizes=\"auto, (max-width: 1024px) 100vw, 1024px\" \/><\/a><\/figure>\n\n\n\n<figure class=\"wp-block-image size-large\"><a href=\"https:\/\/spsow.cz\/wp-content\/uploads\/2026\/01\/8b82512d-7066-48e9-b1ff-c796c7f6aa44.jpg\"><img loading=\"lazy\" decoding=\"async\" width=\"1024\" height=\"768\" data-id=\"13750\" src=\"https:\/\/spsow.cz\/wp-content\/uploads\/2026\/01\/8b82512d-7066-48e9-b1ff-c796c7f6aa44-1024x768.jpg\" alt=\"\" class=\"wp-image-13750\" srcset=\"https:\/\/spsow.cz\/wp-content\/uploads\/2026\/01\/8b82512d-7066-48e9-b1ff-c796c7f6aa44-1024x768.jpg 1024w, https:\/\/spsow.cz\/wp-content\/uploads\/2026\/01\/8b82512d-7066-48e9-b1ff-c796c7f6aa44-300x225.jpg 300w, https:\/\/spsow.cz\/wp-content\/uploads\/2026\/01\/8b82512d-7066-48e9-b1ff-c796c7f6aa44-768x576.jpg 768w, https:\/\/spsow.cz\/wp-content\/uploads\/2026\/01\/8b82512d-7066-48e9-b1ff-c796c7f6aa44-1536x1152.jpg 1536w, https:\/\/spsow.cz\/wp-content\/uploads\/2026\/01\/8b82512d-7066-48e9-b1ff-c796c7f6aa44-16x12.jpg 16w, https:\/\/spsow.cz\/wp-content\/uploads\/2026\/01\/8b82512d-7066-48e9-b1ff-c796c7f6aa44.jpg 2048w\" sizes=\"auto, (max-width: 1024px) 100vw, 1024px\" \/><\/a><\/figure>\n\n\n\n<figure class=\"wp-block-image size-large\"><a href=\"https:\/\/spsow.cz\/wp-content\/uploads\/2026\/01\/8e687f11-8ea5-455a-9136-558e0e76897f.jpg\"><img loading=\"lazy\" decoding=\"async\" width=\"1024\" height=\"768\" data-id=\"13761\" src=\"https:\/\/spsow.cz\/wp-content\/uploads\/2026\/01\/8e687f11-8ea5-455a-9136-558e0e76897f-1024x768.jpg\" alt=\"\" class=\"wp-image-13761\" srcset=\"https:\/\/spsow.cz\/wp-content\/uploads\/2026\/01\/8e687f11-8ea5-455a-9136-558e0e76897f-1024x768.jpg 1024w, https:\/\/spsow.cz\/wp-content\/uploads\/2026\/01\/8e687f11-8ea5-455a-9136-558e0e76897f-300x225.jpg 300w, https:\/\/spsow.cz\/wp-content\/uploads\/2026\/01\/8e687f11-8ea5-455a-9136-558e0e76897f-768x576.jpg 768w, https:\/\/spsow.cz\/wp-content\/uploads\/2026\/01\/8e687f11-8ea5-455a-9136-558e0e76897f-1536x1152.jpg 1536w, https:\/\/spsow.cz\/wp-content\/uploads\/2026\/01\/8e687f11-8ea5-455a-9136-558e0e76897f-16x12.jpg 16w, https:\/\/spsow.cz\/wp-content\/uploads\/2026\/01\/8e687f11-8ea5-455a-9136-558e0e76897f.jpg 2048w\" sizes=\"auto, (max-width: 1024px) 100vw, 1024px\" \/><\/a><\/figure>\n\n\n\n<figure class=\"wp-block-image size-large\"><a href=\"https:\/\/spsow.cz\/wp-content\/uploads\/2026\/01\/021e9c40-aaf3-49c9-b628-53a3f007312d.jpg\"><img loading=\"lazy\" decoding=\"async\" width=\"1024\" height=\"768\" data-id=\"13758\" src=\"https:\/\/spsow.cz\/wp-content\/uploads\/2026\/01\/021e9c40-aaf3-49c9-b628-53a3f007312d-1024x768.jpg\" alt=\"\" class=\"wp-image-13758\" srcset=\"https:\/\/spsow.cz\/wp-content\/uploads\/2026\/01\/021e9c40-aaf3-49c9-b628-53a3f007312d-1024x768.jpg 1024w, https:\/\/spsow.cz\/wp-content\/uploads\/2026\/01\/021e9c40-aaf3-49c9-b628-53a3f007312d-300x225.jpg 300w, https:\/\/spsow.cz\/wp-content\/uploads\/2026\/01\/021e9c40-aaf3-49c9-b628-53a3f007312d-768x576.jpg 768w, https:\/\/spsow.cz\/wp-content\/uploads\/2026\/01\/021e9c40-aaf3-49c9-b628-53a3f007312d-1536x1152.jpg 1536w, https:\/\/spsow.cz\/wp-content\/uploads\/2026\/01\/021e9c40-aaf3-49c9-b628-53a3f007312d-16x12.jpg 16w, https:\/\/spsow.cz\/wp-content\/uploads\/2026\/01\/021e9c40-aaf3-49c9-b628-53a3f007312d.jpg 2048w\" sizes=\"auto, (max-width: 1024px) 100vw, 1024px\" \/><\/a><\/figure>\n\n\n\n<figure class=\"wp-block-image size-large\"><a href=\"https:\/\/spsow.cz\/wp-content\/uploads\/2026\/01\/42d4d62c-2d95-4c2d-9c2a-a719394cb39a.jpg\"><img loading=\"lazy\" decoding=\"async\" width=\"1024\" height=\"768\" data-id=\"13746\" src=\"https:\/\/spsow.cz\/wp-content\/uploads\/2026\/01\/42d4d62c-2d95-4c2d-9c2a-a719394cb39a-1024x768.jpg\" alt=\"\" class=\"wp-image-13746\" srcset=\"https:\/\/spsow.cz\/wp-content\/uploads\/2026\/01\/42d4d62c-2d95-4c2d-9c2a-a719394cb39a-1024x768.jpg 1024w, https:\/\/spsow.cz\/wp-content\/uploads\/2026\/01\/42d4d62c-2d95-4c2d-9c2a-a719394cb39a-300x225.jpg 300w, https:\/\/spsow.cz\/wp-content\/uploads\/2026\/01\/42d4d62c-2d95-4c2d-9c2a-a719394cb39a-768x576.jpg 768w, https:\/\/spsow.cz\/wp-content\/uploads\/2026\/01\/42d4d62c-2d95-4c2d-9c2a-a719394cb39a-1536x1152.jpg 1536w, https:\/\/spsow.cz\/wp-content\/uploads\/2026\/01\/42d4d62c-2d95-4c2d-9c2a-a719394cb39a-16x12.jpg 16w, https:\/\/spsow.cz\/wp-content\/uploads\/2026\/01\/42d4d62c-2d95-4c2d-9c2a-a719394cb39a.jpg 2048w\" sizes=\"auto, (max-width: 1024px) 100vw, 1024px\" \/><\/a><\/figure>\n\n\n\n<figure class=\"wp-block-image size-large\"><a href=\"https:\/\/spsow.cz\/wp-content\/uploads\/2026\/01\/85a06f3e-3c4e-463a-8b9e-7cea375d0f4e.jpg\"><img loading=\"lazy\" decoding=\"async\" width=\"1024\" height=\"768\" data-id=\"13760\" src=\"https:\/\/spsow.cz\/wp-content\/uploads\/2026\/01\/85a06f3e-3c4e-463a-8b9e-7cea375d0f4e-1024x768.jpg\" alt=\"\" class=\"wp-image-13760\" srcset=\"https:\/\/spsow.cz\/wp-content\/uploads\/2026\/01\/85a06f3e-3c4e-463a-8b9e-7cea375d0f4e-1024x768.jpg 1024w, https:\/\/spsow.cz\/wp-content\/uploads\/2026\/01\/85a06f3e-3c4e-463a-8b9e-7cea375d0f4e-300x225.jpg 300w, https:\/\/spsow.cz\/wp-content\/uploads\/2026\/01\/85a06f3e-3c4e-463a-8b9e-7cea375d0f4e-768x576.jpg 768w, https:\/\/spsow.cz\/wp-content\/uploads\/2026\/01\/85a06f3e-3c4e-463a-8b9e-7cea375d0f4e-1536x1152.jpg 1536w, https:\/\/spsow.cz\/wp-content\/uploads\/2026\/01\/85a06f3e-3c4e-463a-8b9e-7cea375d0f4e-16x12.jpg 16w, https:\/\/spsow.cz\/wp-content\/uploads\/2026\/01\/85a06f3e-3c4e-463a-8b9e-7cea375d0f4e.jpg 2048w\" sizes=\"auto, (max-width: 1024px) 100vw, 1024px\" \/><\/a><\/figure>\n\n\n\n<figure class=\"wp-block-image size-large\"><a href=\"https:\/\/spsow.cz\/wp-content\/uploads\/2026\/01\/86aa2379-7f5c-4af9-b166-d9787abee6ce.jpg\"><img loading=\"lazy\" decoding=\"async\" width=\"1024\" height=\"768\" data-id=\"13764\" src=\"https:\/\/spsow.cz\/wp-content\/uploads\/2026\/01\/86aa2379-7f5c-4af9-b166-d9787abee6ce-1024x768.jpg\" alt=\"\" class=\"wp-image-13764\" srcset=\"https:\/\/spsow.cz\/wp-content\/uploads\/2026\/01\/86aa2379-7f5c-4af9-b166-d9787abee6ce-1024x768.jpg 1024w, https:\/\/spsow.cz\/wp-content\/uploads\/2026\/01\/86aa2379-7f5c-4af9-b166-d9787abee6ce-300x225.jpg 300w, https:\/\/spsow.cz\/wp-content\/uploads\/2026\/01\/86aa2379-7f5c-4af9-b166-d9787abee6ce-768x576.jpg 768w, https:\/\/spsow.cz\/wp-content\/uploads\/2026\/01\/86aa2379-7f5c-4af9-b166-d9787abee6ce-1536x1152.jpg 1536w, https:\/\/spsow.cz\/wp-content\/uploads\/2026\/01\/86aa2379-7f5c-4af9-b166-d9787abee6ce-16x12.jpg 16w, https:\/\/spsow.cz\/wp-content\/uploads\/2026\/01\/86aa2379-7f5c-4af9-b166-d9787abee6ce.jpg 2048w\" sizes=\"auto, (max-width: 1024px) 100vw, 1024px\" \/><\/a><\/figure>\n\n\n\n<figure class=\"wp-block-image size-large\"><a href=\"https:\/\/spsow.cz\/wp-content\/uploads\/2026\/01\/333d8019-e60e-4de4-b877-6ba3bda720ba.jpg\"><img loading=\"lazy\" decoding=\"async\" width=\"1024\" height=\"768\" data-id=\"13754\" src=\"https:\/\/spsow.cz\/wp-content\/uploads\/2026\/01\/333d8019-e60e-4de4-b877-6ba3bda720ba-1024x768.jpg\" alt=\"\" class=\"wp-image-13754\" srcset=\"https:\/\/spsow.cz\/wp-content\/uploads\/2026\/01\/333d8019-e60e-4de4-b877-6ba3bda720ba-1024x768.jpg 1024w, https:\/\/spsow.cz\/wp-content\/uploads\/2026\/01\/333d8019-e60e-4de4-b877-6ba3bda720ba-300x225.jpg 300w, https:\/\/spsow.cz\/wp-content\/uploads\/2026\/01\/333d8019-e60e-4de4-b877-6ba3bda720ba-768x576.jpg 768w, https:\/\/spsow.cz\/wp-content\/uploads\/2026\/01\/333d8019-e60e-4de4-b877-6ba3bda720ba-1536x1152.jpg 1536w, https:\/\/spsow.cz\/wp-content\/uploads\/2026\/01\/333d8019-e60e-4de4-b877-6ba3bda720ba-16x12.jpg 16w, https:\/\/spsow.cz\/wp-content\/uploads\/2026\/01\/333d8019-e60e-4de4-b877-6ba3bda720ba.jpg 2048w\" sizes=\"auto, (max-width: 1024px) 100vw, 1024px\" \/><\/a><\/figure>\n\n\n\n<figure class=\"wp-block-image size-large\"><a href=\"https:\/\/spsow.cz\/wp-content\/uploads\/2026\/01\/1147466e-8bc9-464d-8dad-c160590c3715.jpg\"><img loading=\"lazy\" decoding=\"async\" width=\"1024\" height=\"768\" data-id=\"13748\" src=\"https:\/\/spsow.cz\/wp-content\/uploads\/2026\/01\/1147466e-8bc9-464d-8dad-c160590c3715-1024x768.jpg\" alt=\"\" class=\"wp-image-13748\" srcset=\"https:\/\/spsow.cz\/wp-content\/uploads\/2026\/01\/1147466e-8bc9-464d-8dad-c160590c3715-1024x768.jpg 1024w, https:\/\/spsow.cz\/wp-content\/uploads\/2026\/01\/1147466e-8bc9-464d-8dad-c160590c3715-300x225.jpg 300w, https:\/\/spsow.cz\/wp-content\/uploads\/2026\/01\/1147466e-8bc9-464d-8dad-c160590c3715-768x576.jpg 768w, https:\/\/spsow.cz\/wp-content\/uploads\/2026\/01\/1147466e-8bc9-464d-8dad-c160590c3715-1536x1152.jpg 1536w, https:\/\/spsow.cz\/wp-content\/uploads\/2026\/01\/1147466e-8bc9-464d-8dad-c160590c3715-16x12.jpg 16w, https:\/\/spsow.cz\/wp-content\/uploads\/2026\/01\/1147466e-8bc9-464d-8dad-c160590c3715.jpg 2048w\" sizes=\"auto, (max-width: 1024px) 100vw, 1024px\" \/><\/a><\/figure>\n\n\n\n<figure class=\"wp-block-image size-large\"><a href=\"https:\/\/spsow.cz\/wp-content\/uploads\/2026\/01\/dab39aa9-0b16-4a76-b094-e0fb3d58cc20.jpg\"><img loading=\"lazy\" decoding=\"async\" width=\"1024\" height=\"768\" data-id=\"13766\" src=\"https:\/\/spsow.cz\/wp-content\/uploads\/2026\/01\/dab39aa9-0b16-4a76-b094-e0fb3d58cc20-1024x768.jpg\" alt=\"\" class=\"wp-image-13766\" srcset=\"https:\/\/spsow.cz\/wp-content\/uploads\/2026\/01\/dab39aa9-0b16-4a76-b094-e0fb3d58cc20-1024x768.jpg 1024w, https:\/\/spsow.cz\/wp-content\/uploads\/2026\/01\/dab39aa9-0b16-4a76-b094-e0fb3d58cc20-300x225.jpg 300w, https:\/\/spsow.cz\/wp-content\/uploads\/2026\/01\/dab39aa9-0b16-4a76-b094-e0fb3d58cc20-768x576.jpg 768w, https:\/\/spsow.cz\/wp-content\/uploads\/2026\/01\/dab39aa9-0b16-4a76-b094-e0fb3d58cc20-1536x1152.jpg 1536w, https:\/\/spsow.cz\/wp-content\/uploads\/2026\/01\/dab39aa9-0b16-4a76-b094-e0fb3d58cc20-16x12.jpg 16w, https:\/\/spsow.cz\/wp-content\/uploads\/2026\/01\/dab39aa9-0b16-4a76-b094-e0fb3d58cc20.jpg 2048w\" sizes=\"auto, (max-width: 1024px) 100vw, 1024px\" \/><\/a><\/figure>\n\n\n\n<figure class=\"wp-block-image size-large\"><a href=\"https:\/\/spsow.cz\/wp-content\/uploads\/2026\/01\/dadf2efd-6b07-46c0-9fa1-fcf0945d8f54.jpg\"><img loading=\"lazy\" decoding=\"async\" width=\"1024\" height=\"768\" data-id=\"13751\" src=\"https:\/\/spsow.cz\/wp-content\/uploads\/2026\/01\/dadf2efd-6b07-46c0-9fa1-fcf0945d8f54-1024x768.jpg\" alt=\"\" class=\"wp-image-13751\" srcset=\"https:\/\/spsow.cz\/wp-content\/uploads\/2026\/01\/dadf2efd-6b07-46c0-9fa1-fcf0945d8f54-1024x768.jpg 1024w, https:\/\/spsow.cz\/wp-content\/uploads\/2026\/01\/dadf2efd-6b07-46c0-9fa1-fcf0945d8f54-300x225.jpg 300w, https:\/\/spsow.cz\/wp-content\/uploads\/2026\/01\/dadf2efd-6b07-46c0-9fa1-fcf0945d8f54-768x576.jpg 768w, https:\/\/spsow.cz\/wp-content\/uploads\/2026\/01\/dadf2efd-6b07-46c0-9fa1-fcf0945d8f54-1536x1152.jpg 1536w, https:\/\/spsow.cz\/wp-content\/uploads\/2026\/01\/dadf2efd-6b07-46c0-9fa1-fcf0945d8f54-16x12.jpg 16w, https:\/\/spsow.cz\/wp-content\/uploads\/2026\/01\/dadf2efd-6b07-46c0-9fa1-fcf0945d8f54.jpg 2048w\" sizes=\"auto, (max-width: 1024px) 100vw, 1024px\" \/><\/a><\/figure>\n\n\n\n<figure class=\"wp-block-image size-large\"><a href=\"https:\/\/spsow.cz\/wp-content\/uploads\/2026\/01\/e1c1c3a4-1ed9-4472-b534-9a1afaf8fbdc.jpg\"><img loading=\"lazy\" decoding=\"async\" width=\"768\" height=\"1024\" data-id=\"13765\" src=\"https:\/\/spsow.cz\/wp-content\/uploads\/2026\/01\/e1c1c3a4-1ed9-4472-b534-9a1afaf8fbdc-768x1024.jpg\" alt=\"\" class=\"wp-image-13765\" srcset=\"https:\/\/spsow.cz\/wp-content\/uploads\/2026\/01\/e1c1c3a4-1ed9-4472-b534-9a1afaf8fbdc-768x1024.jpg 768w, https:\/\/spsow.cz\/wp-content\/uploads\/2026\/01\/e1c1c3a4-1ed9-4472-b534-9a1afaf8fbdc-225x300.jpg 225w, https:\/\/spsow.cz\/wp-content\/uploads\/2026\/01\/e1c1c3a4-1ed9-4472-b534-9a1afaf8fbdc-1152x1536.jpg 1152w, https:\/\/spsow.cz\/wp-content\/uploads\/2026\/01\/e1c1c3a4-1ed9-4472-b534-9a1afaf8fbdc-9x12.jpg 9w, https:\/\/spsow.cz\/wp-content\/uploads\/2026\/01\/e1c1c3a4-1ed9-4472-b534-9a1afaf8fbdc.jpg 1536w\" sizes=\"auto, (max-width: 768px) 100vw, 768px\" \/><\/a><\/figure>\n<\/figure>\n\n\n\n<div style=\"height:12px\" aria-hidden=\"true\" class=\"wp-block-spacer\"><\/div>","protected":false},"excerpt":{"rendered":"<p>Specifikace oboru Video: Elektrik\u00e1\u0159 a Elektrotechnika Pro\u010d studovat obor Elektrik\u00e1\u0159? Profil absolventa Uplatn\u011bn\u00ed absolventa Pokra\u010duj ve studiu V\u00fdhody<\/p>","protected":false},"author":1,"featured_media":0,"parent":0,"menu_order":0,"comment_status":"closed","ping_status":"closed","template":"","meta":{"footnotes":""},"class_list":["post-190","page","type-page","status-publish","hentry"],"_links":{"self":[{"href":"https:\/\/spsow.cz\/en\/wp-json\/wp\/v2\/pages\/190","targetHints":{"allow":["GET"]}}],"collection":[{"href":"https:\/\/spsow.cz\/en\/wp-json\/wp\/v2\/pages"}],"about":[{"href":"https:\/\/spsow.cz\/en\/wp-json\/wp\/v2\/types\/page"}],"author":[{"embeddable":true,"href":"https:\/\/spsow.cz\/en\/wp-json\/wp\/v2\/users\/1"}],"replies":[{"embeddable":true,"href":"https:\/\/spsow.cz\/en\/wp-json\/wp\/v2\/comments?post=190"}],"version-history":[{"count":36,"href":"https:\/\/spsow.cz\/en\/wp-json\/wp\/v2\/pages\/190\/revisions"}],"predecessor-version":[{"id":14003,"href":"https:\/\/spsow.cz\/en\/wp-json\/wp\/v2\/pages\/190\/revisions\/14003"}],"wp:attachment":[{"href":"https:\/\/spsow.cz\/en\/wp-json\/wp\/v2\/media?parent=190"}],"curies":[{"name":"wp","href":"https:\/\/api.w.org\/{rel}","templated":true}]}}