{"id":177,"date":"2023-02-16T12:19:23","date_gmt":"2023-02-16T11:19:23","guid":{"rendered":"http:\/\/192.168.1.208\/wordpress\/?page_id=177"},"modified":"2026-02-17T12:31:05","modified_gmt":"2026-02-17T11:31:05","slug":"reprodukcni-grafik","status":"publish","type":"page","link":"https:\/\/spsow.cz\/en\/reprodukcni-grafik\/","title":{"rendered":"Reproduk\u010dn\u00ed grafik"},"content":{"rendered":"<h4 class=\"wp-block-heading\">Specifikace oboru<\/h4>\n\n\n\n<ul class=\"wp-block-list has-white-color has-accent-background-color has-text-color has-background has-medium-font-size\">\n<li><strong>34-53-L\/01 Reproduk\u010dn\u00ed grafik pro m\u00e9dia<\/strong> (\u0160VP: Reproduk\u010dn\u00ed grafik)<\/li>\n\n\n\n<li>4 roky, denn\u00ed studium<\/li>\n\n\n\n<li>kapacita: 28 student\u016f (v ro\u010dn\u00edku)<\/li>\n\n\n\n<li>maturitn\u00ed vysv\u011bd\u010den\u00ed<\/li>\n\n\n\n<li>ve 3. ro\u010dn\u00edku mo\u017enost Z\u00cdSK\u00c1N\u00cd V\u00ddU\u010cN\u00cdHO LISTU<\/li>\n\n\n\n<li>term\u00edn pod\u00e1v\u00e1n\u00ed p\u0159ihl\u00e1\u0161ek: 1.\u201320. 2. 2026<\/li>\n\n\n\n<li>m\u00edsto vzd\u011bl\u00e1v\u00e1n\u00ed: Velk\u00e9 Po\u0159\u00ed\u010d\u00ed<\/li>\n\n\n\n<li>Obor lze studovat i ve zkr\u00e1cen\u00e9 1let\u00e9 form\u011b, v\u00edce informac\u00ed <a href=\"https:\/\/spsow.cz\/en\/reprodukcni-grafik-zkraceny\/\">ZDE<\/a><\/li>\n<\/ul>\n\n\n\n<h4 class=\"wp-block-heading\">Video: Tiska\u0159 a Reproduk\u010dn\u00ed grafik<\/h4>\n\n\n\n<figure class=\"wp-block-image size-full is-resized\"><a href=\"https:\/\/spsow.cz\/wp-content\/uploads\/2024\/11\/Reels_2_FullHD.mp4\"><img loading=\"lazy\" decoding=\"async\" width=\"540\" height=\"304\" src=\"https:\/\/spsow.cz\/wp-content\/uploads\/2024\/11\/video-thumb-tiskar.jpg\" alt=\"\" class=\"wp-image-9023\" style=\"object-fit:cover;width:270px;height:152px\" srcset=\"https:\/\/spsow.cz\/wp-content\/uploads\/2024\/11\/video-thumb-tiskar.jpg 540w, https:\/\/spsow.cz\/wp-content\/uploads\/2024\/11\/video-thumb-tiskar-300x169.jpg 300w, https:\/\/spsow.cz\/wp-content\/uploads\/2024\/11\/video-thumb-tiskar-18x10.jpg 18w\" sizes=\"auto, (max-width: 540px) 100vw, 540px\" \/><\/a><\/figure>\n\n\n\n<div style=\"height:20px\" aria-hidden=\"true\" class=\"wp-block-spacer\"><\/div>\n\n\n\n<h4 class=\"wp-block-heading\">Pro\u010d studovat obor Reproduk\u010dn\u00ed grafik<\/h4>\n\n\n\n<ul class=\"wp-block-list\">\n<li class=\"has-medium-font-size\">mo\u017enost z\u00edsk\u00e1n\u00ed V\u00ddU\u010cN\u00cdHO LISTU ve 3. ro\u010dn\u00edku<\/li>\n\n\n\n<li class=\"has-medium-font-size\">pro ka\u017ed\u00e9ho studenta je po dobu studia k dispozici licence program\u016f Adobe (Ilustrator, Indesign, Photoshop)  <\/li>\n\n\n\n<li class=\"has-medium-font-size\">velk\u00e1 \u0161\u00ed\u0159e z\u00edskan\u00fdch znalost\u00ed, vhodn\u00e1 pro mnoho potenci\u00e1ln\u00edch profes\u00ed (grafik, fotograf, PR specialista..)<\/li>\n\n\n\n<li class=\"has-medium-font-size\">z\u00edsk\u00e1n\u00ed Europassu pro uplatn\u011bn\u00ed vzd\u011bl\u00e1n\u00ed v zahrani\u010d\u00ed<\/li>\n<\/ul>\n\n\n\n<h4 class=\"wp-block-heading\">Profil absolventa<\/h4>\n\n\n\n<ul class=\"wp-block-list has-medium-font-size\">\n<li>aplikace nov\u00fdch poznatk\u016f z oblasti polygrafie a z p\u0159edtiskov\u00e9 p\u0159\u00edpravy, stanoven\u00ed parametr\u016f v\u00fdroby,<\/li>\n\n\n\n<li>znalost organiza\u010dn\u00ed struktury a orientace v polygrafick\u00e9m v\u00fdrobn\u00edm workflow, obecn\u00fd p\u0159ehled o aktu\u00e1ln\u00edch trendech v oblasti polygrafie a pov\u011bdom\u00ed o jednotliv\u00fdch v\u00fdrobn\u00edch sm\u011brech polygrafick\u00e9ho v\u00fdrobn\u00edho odv\u011btv\u00ed,<\/li>\n\n\n\n<li>obecn\u00e9 pov\u011bdom\u00ed o v\u00fdrob\u011b tiskov\u00fdch forem, tisku, dokon\u010dovac\u00edm zpracov\u00e1n\u00ed, typech vazeb a zu\u0161lech\u0165ov\u00e1n\u00ed tiskovin,<\/li>\n\n\n\n<li>orientace v konven\u010dn\u00edch, digit\u00e1ln\u00edch a digitalizovan\u00fdch tiskov\u00fdch technik\u00e1ch,<\/li>\n\n\n\n<li>obecn\u00e9 pov\u011bdom\u00ed o pr\u016fb\u011bhu digitalizace obrazu,<\/li>\n\n\n\n<li>\u0159e\u0161en\u00ed grafick\u00e9ho n\u00e1vrhu a jeho realizace ve v\u00fdrob\u011b pro jednotliv\u00e9 typy tiskovin a produkt\u016f polygrafick\u00e9 v\u00fdroby,<\/li>\n\n\n\n<li>znalost postup\u016f a po\u017eadavk\u016f v p\u0159edtiskov\u00e9 p\u0159\u00edprav\u011b,<\/li>\n\n\n\n<li>znalost a aplikace typografick\u00fdch pravidel v praxi,<\/li>\n\n\n\n<li>znalost teorie barevnosti,<\/li>\n\n\n\n<li>ovl\u00e1d\u00e1n\u00ed technologick\u00e9 p\u0159\u00edpravy podklad\u016f pro v\u00fdrobu tiskovin,<\/li>\n\n\n\n<li>ovl\u00e1d\u00e1n\u00ed specializovan\u00e9ho software pro \u00fapravu obrazu a textu,<\/li>\n\n\n\n<li>ovl\u00e1d\u00e1n\u00ed software pro zhotoven\u00ed archov\u00e9 mont\u00e1\u017ee,<\/li>\n\n\n\n<li>p\u0159\u00edprava a obsluha za\u0159\u00edzen\u00ed pro certifikovan\u00fd n\u00e1tisk,<\/li>\n\n\n\n<li>obsluha za\u0159\u00edzen\u00ed CTP pro v\u00fdrobu ofsetov\u00fdch tiskov\u00fdch forem,<\/li>\n\n\n\n<li>obsluha digit\u00e1ln\u00edho tiskov\u00e9ho stroje a velkoform\u00e1tov\u00e9ho plotteru,<\/li>\n\n\n\n<li>znalost a aplikace z\u00e1sad pro konstrukci obal\u016f,<\/li>\n\n\n\n<li>znalost a obsluha software pro konstrukci obal\u016f a obsluha za\u0159\u00edzen\u00ed pro v\u00fdrobu obal\u016f,<\/li>\n\n\n\n<li>vyhodnocen\u00ed kvality tisku optick\u00fdmi metodami, pomoc\u00ed spektrofotometrie a standardizovan\u00e9ho osv\u011btlen\u00ed,<\/li>\n\n\n\n<li>znalost z\u00e1sad bezpe\u010dnosti, hygieny pr\u00e1ce, po\u017e\u00e1rn\u00ed ochrany a ekologick\u00fdch z\u00e1sad<\/li>\n<\/ul>\n\n\n\n<h4 class=\"wp-block-heading\">Uplatn\u011bn\u00ed absolventa<\/h4>\n\n\n\n<ul class=\"wp-block-list has-medium-font-size\">\n<li> vlastn\u00ed grafick\u00e9 studio, v oblasti u\u017eitn\u00e9ho designu, produktov\u00e9ho designu, um\u011bleck\u00e9 fotografie, kni\u017en\u00ed vazby, multimedi\u00e1ln\u00edho designu, motion designu, pedagogick\u00e1 dr\u00e1ha, copywriter, PR specialista&#8230;<\/li>\n<\/ul>\n\n\n\n<h4 class=\"wp-block-heading\">Pokra\u010duj ve studiu!<\/h4>\n\n\n\n<ul class=\"wp-block-list\">\n<li class=\"has-medium-font-size\">roz\u0161\u00ed\u0159en\u00ed vzd\u011bl\u00e1n\u00ed studiem na\u0161eho zkr\u00e1cen\u00e9ho oboru <a href=\"https:\/\/spsow.cz\/en\/tiskar-2\/\">Tiska\u0159 na polygrafick\u00fdch stroj\u00edch<\/a> (1 rok, denn\u00ed studium, Velk\u00e9 Po\u0159\u00ed\u010d\u00ed)<\/li>\n\n\n\n<li class=\"has-medium-font-size\">dal\u0161\u00ed 3let\u00fd nebo 4let\u00fd obor<\/li>\n\n\n\n<li class=\"has-medium-font-size\">VO\u0160, V\u0160<\/li>\n<\/ul>\n\n\n\n<h4 class=\"wp-block-heading\">Dal\u0161\u00ed v\u00fdhody \u0161koly<\/h4>\n\n\n\n<ul class=\"wp-block-list has-medium-font-size\">\n<li>vlakov\u00e1 a autobusov\u00e1 zast\u00e1vka v bezprost\u0159edn\u00ed bl\u00edzkosti \u0161koly<\/li>\n\n\n\n<li>domov ml\u00e1de\u017ee p\u0159\u00edmo v are\u00e1lu \u0161koly<\/li>\n<\/ul>\n\n\n\n<h4 class=\"wp-block-heading\">U\u010debn\u00ed pl\u00e1n<\/h4>\n\n\n\n<div class=\"wp-block-file\"><a id=\"wp-block-file--media-0c8b4c94-7802-4e08-9e4a-abed3445a261\" href=\"https:\/\/spsow.cz\/wp-content\/uploads\/2026\/01\/Ucebni-plan-obor-Reprodukcni-grafik-1.pdf\" target=\"_blank\" rel=\"noreferrer noopener\">U\u010debn\u00ed pl\u00e1n obor Reproduk\u010dn\u00ed grafik<\/a><\/div>\n\n\n\n<div class=\"wp-block-file\"><a id=\"wp-block-file--media-b3df6351-e756-47bd-b229-dcd2f89e22c6\" href=\"https:\/\/spsow.cz\/wp-content\/uploads\/2026\/02\/SVP-reprodukcni-grafik-1-9-24.pdf\" target=\"_blank\" rel=\"noreferrer noopener\">\u0160VP Reproduk\u010dn\u00ed grafik<\/a><\/div>\n\n\n\n<div class=\"wp-block-file\"><a id=\"wp-block-file--media-8ba3819f-1b0d-466f-a5aa-f2ee687a91e6\" href=\"https:\/\/spsow.cz\/wp-content\/uploads\/2024\/10\/Reprodukcni-grafik.png\" target=\"_blank\" rel=\"noreferrer noopener\">Reproduk\u010dn\u00ed grafik<\/a><\/div>\n\n\n\n<div class=\"wp-block-file\"><a id=\"wp-block-file--media-135fc6e1-8be6-4f9d-a7ed-6ce93798148b\" href=\"https:\/\/spsow.cz\/wp-content\/uploads\/2024\/10\/FB-skupina.pdf\" target=\"_blank\" rel=\"noreferrer noopener\">P\u0159idej se do fb skupiny<\/a><\/div>\n\n\n\n<figure class=\"wp-block-gallery has-nested-images columns-default is-cropped wp-block-gallery-1 is-layout-flex wp-block-gallery-is-layout-flex\">\n<figure class=\"wp-block-image size-large\"><a href=\"https:\/\/spsow.cz\/wp-content\/uploads\/2023\/05\/1.jpg\"><img loading=\"lazy\" decoding=\"async\" width=\"1024\" height=\"683\" data-id=\"1532\" src=\"https:\/\/spsow.cz\/wp-content\/uploads\/2023\/05\/1-1024x683.jpg\" alt=\"\" class=\"wp-image-1532\" srcset=\"https:\/\/spsow.cz\/wp-content\/uploads\/2023\/05\/1-1024x683.jpg 1024w, https:\/\/spsow.cz\/wp-content\/uploads\/2023\/05\/1-300x200.jpg 300w, https:\/\/spsow.cz\/wp-content\/uploads\/2023\/05\/1-768x512.jpg 768w, https:\/\/spsow.cz\/wp-content\/uploads\/2023\/05\/1-1536x1024.jpg 1536w, https:\/\/spsow.cz\/wp-content\/uploads\/2023\/05\/1-360x240.jpg 360w, https:\/\/spsow.cz\/wp-content\/uploads\/2023\/05\/1.jpg 1920w\" sizes=\"auto, (max-width: 1024px) 100vw, 1024px\" \/><\/a><\/figure>\n\n\n\n<figure class=\"wp-block-image size-large\"><a href=\"https:\/\/spsow.cz\/wp-content\/uploads\/2023\/05\/1a-scaled.jpg\"><img loading=\"lazy\" decoding=\"async\" width=\"1024\" height=\"683\" data-id=\"1533\" src=\"https:\/\/spsow.cz\/wp-content\/uploads\/2023\/05\/1a-1024x683.jpg\" alt=\"\" class=\"wp-image-1533\" srcset=\"https:\/\/spsow.cz\/wp-content\/uploads\/2023\/05\/1a-1024x683.jpg 1024w, https:\/\/spsow.cz\/wp-content\/uploads\/2023\/05\/1a-300x200.jpg 300w, https:\/\/spsow.cz\/wp-content\/uploads\/2023\/05\/1a-768x512.jpg 768w, https:\/\/spsow.cz\/wp-content\/uploads\/2023\/05\/1a-1536x1024.jpg 1536w, https:\/\/spsow.cz\/wp-content\/uploads\/2023\/05\/1a-2048x1365.jpg 2048w, https:\/\/spsow.cz\/wp-content\/uploads\/2023\/05\/1a-360x240.jpg 360w\" sizes=\"auto, (max-width: 1024px) 100vw, 1024px\" \/><\/a><\/figure>\n\n\n\n<figure class=\"wp-block-image size-large\"><a href=\"https:\/\/spsow.cz\/wp-content\/uploads\/2023\/05\/1aa-scaled.jpg\"><img loading=\"lazy\" decoding=\"async\" width=\"1024\" height=\"683\" data-id=\"1535\" src=\"https:\/\/spsow.cz\/wp-content\/uploads\/2023\/05\/1aa-1024x683.jpg\" alt=\"\" class=\"wp-image-1535\" srcset=\"https:\/\/spsow.cz\/wp-content\/uploads\/2023\/05\/1aa-1024x683.jpg 1024w, https:\/\/spsow.cz\/wp-content\/uploads\/2023\/05\/1aa-300x200.jpg 300w, https:\/\/spsow.cz\/wp-content\/uploads\/2023\/05\/1aa-768x512.jpg 768w, https:\/\/spsow.cz\/wp-content\/uploads\/2023\/05\/1aa-1536x1024.jpg 1536w, https:\/\/spsow.cz\/wp-content\/uploads\/2023\/05\/1aa-2048x1365.jpg 2048w, https:\/\/spsow.cz\/wp-content\/uploads\/2023\/05\/1aa-360x240.jpg 360w\" sizes=\"auto, (max-width: 1024px) 100vw, 1024px\" \/><\/a><\/figure>\n\n\n\n<figure class=\"wp-block-image size-large\"><a href=\"https:\/\/spsow.cz\/wp-content\/uploads\/2023\/05\/1aaa-scaled.jpg\"><img loading=\"lazy\" decoding=\"async\" width=\"1024\" height=\"683\" data-id=\"1534\" src=\"https:\/\/spsow.cz\/wp-content\/uploads\/2023\/05\/1aaa-1024x683.jpg\" alt=\"\" class=\"wp-image-1534\" srcset=\"https:\/\/spsow.cz\/wp-content\/uploads\/2023\/05\/1aaa-1024x683.jpg 1024w, https:\/\/spsow.cz\/wp-content\/uploads\/2023\/05\/1aaa-300x200.jpg 300w, https:\/\/spsow.cz\/wp-content\/uploads\/2023\/05\/1aaa-768x512.jpg 768w, https:\/\/spsow.cz\/wp-content\/uploads\/2023\/05\/1aaa-1536x1024.jpg 1536w, https:\/\/spsow.cz\/wp-content\/uploads\/2023\/05\/1aaa-2048x1365.jpg 2048w, https:\/\/spsow.cz\/wp-content\/uploads\/2023\/05\/1aaa-360x240.jpg 360w\" sizes=\"auto, (max-width: 1024px) 100vw, 1024px\" \/><\/a><\/figure>\n<\/figure>\n\n\n\n<div style=\"height:20px\" aria-hidden=\"true\" class=\"wp-block-spacer\"><\/div>","protected":false},"excerpt":{"rendered":"<p>Specifikace oboru Video: Tiska\u0159 a Reproduk\u010dn\u00ed grafik Pro\u010d studovat obor Reproduk\u010dn\u00ed grafik Profil absolventa Uplatn\u011bn\u00ed absolventa Pokra\u010duj ve studiu! Dal\u0161\u00ed v\u00fdhody \u0161koly U\u010debn\u00ed pl\u00e1n<\/p>","protected":false},"author":1,"featured_media":8611,"parent":0,"menu_order":0,"comment_status":"closed","ping_status":"closed","template":"","meta":{"footnotes":""},"class_list":["post-177","page","type-page","status-publish","has-post-thumbnail","hentry"],"_links":{"self":[{"href":"https:\/\/spsow.cz\/en\/wp-json\/wp\/v2\/pages\/177","targetHints":{"allow":["GET"]}}],"collection":[{"href":"https:\/\/spsow.cz\/en\/wp-json\/wp\/v2\/pages"}],"about":[{"href":"https:\/\/spsow.cz\/en\/wp-json\/wp\/v2\/types\/page"}],"author":[{"embeddable":true,"href":"https:\/\/spsow.cz\/en\/wp-json\/wp\/v2\/users\/1"}],"replies":[{"embeddable":true,"href":"https:\/\/spsow.cz\/en\/wp-json\/wp\/v2\/comments?post=177"}],"version-history":[{"count":34,"href":"https:\/\/spsow.cz\/en\/wp-json\/wp\/v2\/pages\/177\/revisions"}],"predecessor-version":[{"id":14082,"href":"https:\/\/spsow.cz\/en\/wp-json\/wp\/v2\/pages\/177\/revisions\/14082"}],"wp:featuredmedia":[{"embeddable":true,"href":"https:\/\/spsow.cz\/en\/wp-json\/wp\/v2\/media\/8611"}],"wp:attachment":[{"href":"https:\/\/spsow.cz\/en\/wp-json\/wp\/v2\/media?parent=177"}],"curies":[{"name":"wp","href":"https:\/\/api.w.org\/{rel}","templated":true}]}}