{"id":175,"date":"2023-02-16T12:18:56","date_gmt":"2023-02-16T11:18:56","guid":{"rendered":"http:\/\/192.168.1.208\/wordpress\/?page_id=175"},"modified":"2026-02-11T07:37:55","modified_gmt":"2026-02-11T06:37:55","slug":"strojirenstvi","status":"publish","type":"page","link":"https:\/\/spsow.cz\/en\/strojirenstvi\/","title":{"rendered":"Stroj\u00edrenstv\u00ed"},"content":{"rendered":"<h4 class=\"wp-block-heading\">Specifikace oboru<\/h4>\n\n\n\n<ul class=\"wp-block-list has-white-color has-accent-background-color has-text-color has-background has-medium-font-size\">\n<li><strong>23-41-M\/01 Stroj\u00edrenstv\u00ed<\/strong>&nbsp;(\u0160VP: CNC technika a robotika ve v\u00fdrobn\u00edch procesech)<\/li>\n\n\n\n<li>4 roky, denn\u00ed studium<\/li>\n\n\n\n<li>kapacita: 24 student\u016f (v ro\u010dn\u00edku)<\/li>\n\n\n\n<li>maturitn\u00ed vysv\u011bd\u010den\u00ed<\/li>\n\n\n\n<li>term\u00edn pod\u00e1v\u00e1n\u00ed p\u0159ihl\u00e1\u0161ek: 1.\u201320. 2. 2026<\/li>\n\n\n\n<li>m\u00edsto vzd\u011bl\u00e1v\u00e1n\u00ed: HRONOV<\/li>\n<\/ul>\n\n\n\n<h4 class=\"wp-block-heading\">Video: N\u00e1stroja\u0159 a Stroj\u00edrenstv\u00ed<\/h4>\n\n\n\n<figure class=\"wp-block-image size-full is-resized\"><a href=\"https:\/\/spsow.cz\/wp-content\/uploads\/2024\/11\/Reels_4_FullHD.mp4\"><img loading=\"lazy\" decoding=\"async\" width=\"540\" height=\"304\" src=\"https:\/\/spsow.cz\/wp-content\/uploads\/2024\/11\/video-thumb-strojirenstvi.jpg\" alt=\"\" class=\"wp-image-9036\" style=\"object-fit:cover;width:270px;height:152px\" srcset=\"https:\/\/spsow.cz\/wp-content\/uploads\/2024\/11\/video-thumb-strojirenstvi.jpg 540w, https:\/\/spsow.cz\/wp-content\/uploads\/2024\/11\/video-thumb-strojirenstvi-300x169.jpg 300w, https:\/\/spsow.cz\/wp-content\/uploads\/2024\/11\/video-thumb-strojirenstvi-18x10.jpg 18w\" sizes=\"auto, (max-width: 540px) 100vw, 540px\" \/><\/a><\/figure>\n\n\n\n<div style=\"height:20px\" aria-hidden=\"true\" class=\"wp-block-spacer\"><\/div>\n\n\n\n<h4 class=\"wp-block-heading\">Pro\u010d studovat obor Stroj\u00edrenstv\u00ed?<\/h4>\n\n\n\n<ul class=\"wp-block-list\">\n<li class=\"has-medium-font-size\">obor maj\u00edc\u00ed \u0161irok\u00e9 uplatn\u011bn\u00ed<\/li>\n\n\n\n<li class=\"has-medium-font-size\">p\u0159\u00edprava ke studiu na vysok\u00fdch \u0161kol\u00e1ch s technick\u00fdm zam\u011b\u0159en\u00edm jako \u010cVUT, VUT \u2026<\/li>\n\n\n\n<li class=\"has-medium-font-size\">vyu\u010dujeme p\u0159edm\u011bt ROBOTIKA<\/li>\n\n\n\n<li class=\"has-medium-font-size\">modern\u00ed vybaven\u00ed<\/li>\n\n\n\n<li class=\"has-medium-font-size\">mo\u017enost rozv\u00edjet sv\u00e9 znalosti v odpoledn\u00edch technick\u00fdch krou\u017ec\u00edch<\/li>\n<\/ul>\n\n\n\n<h4 class=\"wp-block-heading\">Profil absolventa<\/h4>\n\n\n\n<ul class=\"wp-block-list has-medium-font-size\">\n<li>programov\u00e1n\u00ed CNC stroj\u016f v&nbsp;syst\u00e9mech Sinumerik, Heidenhain, Fanuc, Top Solid<\/li>\n\n\n\n<li>technick\u00e9 v\u00fdpo\u010dty a stroj\u00edrensk\u00e1 technologie<\/li>\n\n\n\n<li>konstrukce ve 2D a 3D, sw CAD\/CAM (Inventor, AutoCad, Fusion 360, SprutCam)<\/li>\n\n\n\n<li>ovl\u00e1d\u00e1n\u00ed informa\u010dn\u00edho syst\u00e9mu Helios<\/li>\n\n\n\n<li>programov\u00e1n\u00ed pr\u016fmyslov\u00e9ho robota ABB (sw RobotStudio) a Mitsubishi<\/li>\n\n\n\n<li>nastavov\u00e1n\u00ed 3D tisku v&nbsp;sw PrusaSlicer<\/li>\n<\/ul>\n\n\n\n<h4 class=\"wp-block-heading\">Uplatn\u011bn\u00ed absolventa<\/h4>\n\n\n\n<ul class=\"wp-block-list has-medium-font-size\">\n<li>technolog nebo konstrukt\u00e9r<\/li>\n\n\n\n<li>program\u00e1tor CNC stroj\u016f<\/li>\n\n\n\n<li>program\u00e1tor pr\u016fmyslov\u00fdch robot\u016f<\/li>\n<\/ul>\n\n\n\n<h4 class=\"wp-block-heading\">Pokra\u010duj ve studiu<\/h4>\n\n\n\n<ul class=\"wp-block-list\">\n<li class=\"has-medium-font-size\">vysok\u00e9 \u0161koly s&nbsp;technick\u00fdm zam\u011b\u0159en\u00edm<\/li>\n\n\n\n<li class=\"has-medium-font-size\">zkr\u00e1cen\u00fdch obor\u016f (ve \u0161kole nab\u00edz\u00edme 1let\u00e9 obory:&nbsp;<a href=\"https:\/\/spsow.cz\/en\/reprodukcni-grafik-zkraceny\/\" data-type=\"link\" data-id=\"https:\/\/spsow.cz\/reprodukcni-grafik-zkraceny\/\">Reproduk\u010dn\u00ed grafik,<\/a> <a href=\"https:\/\/spsow.cz\/en\/tiskar-2\/\" data-type=\"link\" data-id=\"https:\/\/spsow.cz\/tiskar-2\/\">Tiska\u0159<\/a>)<\/li>\n\n\n\n<li class=\"has-medium-font-size\">dal\u0161\u00edch 3let\u00fdch, 4let\u00fdch obor\u016f se stroj\u00edrensk\u00fdm a elektrotechnick\u00fdm zam\u011b\u0159en\u00edm, VO\u0160<\/li>\n<\/ul>\n\n\n\n<h4 class=\"wp-block-heading\">V\u00fdhody<\/h4>\n\n\n\n<ul class=\"wp-block-list has-medium-font-size\">\n<li>\u0161kola vybudovala v kraji unik\u00e1tn\u00ed u\u010debnu vybavenou \u0161koln\u00edm CNC obr\u00e1b\u011bc\u00edm centrem &#8211; fr\u00e9zkou CONCEPT MILL 105, soustruhem CONCEPT TURN 105 TC\/TCM, robotem Mitsubishi, novinkou je po\u0159\u00edzen\u00ed SLV EDU 5 AXIS SIEMENS s nov\u00fdm \u0159\u00edd\u00edc\u00edm syst\u00e9mem Sinumerik ONE<\/li>\n\n\n\n<li>aktivn\u00ed spolupr\u00e1ce \u0161koly<\/li>\n\n\n\n<li>bl\u00edzkost vlakov\u00e9ho a autobusov\u00e9ho n\u00e1dra\u017e\u00ed<\/li>\n\n\n\n<li>\u0161kola aktivn\u011b spolupracuje s firmami v regionu<\/li>\n<\/ul>\n\n\n\n<h4 class=\"wp-block-heading\"> <\/h4>\n\n\n\n<div class=\"wp-block-file\"><a id=\"wp-block-file--media-db996685-3368-43c1-b574-c7f6cb810e27\" href=\"https:\/\/spsow.cz\/wp-content\/uploads\/2023\/04\/Strojirenstvi-ucebni-plan.pdf\" target=\"_blank\" rel=\"noreferrer noopener\">U\u010cEBN\u00cd PL\u00c1N<\/a><\/div>\n\n\n\n<div class=\"wp-block-file\"><a id=\"wp-block-file--media-b405a797-e4a2-4cc4-ae10-5fbc8c47e3e6\" href=\"https:\/\/spsow.cz\/wp-content\/uploads\/2026\/02\/SVP_-25_CNC-technika-a-robotika-ve-vyrobnich-procesech.pdf\" target=\"_blank\" rel=\"noreferrer noopener\">\u0160VP &#8211; CNC technika a robotika ve v\u00fdrobn\u00edch procesech<\/a><\/div>\n\n\n\n<div class=\"wp-block-file\"><a id=\"wp-block-file--media-861f15f0-0e38-4167-b91f-743cbbad00fd\" href=\"https:\/\/spsow.cz\/wp-content\/uploads\/2024\/10\/FB-skupina.pdf\" target=\"_blank\" rel=\"noreferrer noopener\">P\u0159idej se do fb skupiny<\/a><\/div>\n\n\n\n<figure class=\"wp-block-gallery has-nested-images columns-default is-cropped wp-block-gallery-1 is-layout-flex wp-block-gallery-is-layout-flex\">\n<figure class=\"wp-block-image size-large\"><a href=\"https:\/\/spsow.cz\/wp-content\/uploads\/2023\/05\/1V6A7616.jpg\"><img loading=\"lazy\" decoding=\"async\" width=\"1024\" height=\"683\" data-id=\"1612\" src=\"https:\/\/spsow.cz\/wp-content\/uploads\/2023\/05\/1V6A7616-1024x683.jpg\" alt=\"\" class=\"wp-image-1612\" srcset=\"https:\/\/spsow.cz\/wp-content\/uploads\/2023\/05\/1V6A7616-1024x683.jpg 1024w, https:\/\/spsow.cz\/wp-content\/uploads\/2023\/05\/1V6A7616-300x200.jpg 300w, https:\/\/spsow.cz\/wp-content\/uploads\/2023\/05\/1V6A7616-768x512.jpg 768w, https:\/\/spsow.cz\/wp-content\/uploads\/2023\/05\/1V6A7616-1536x1024.jpg 1536w, https:\/\/spsow.cz\/wp-content\/uploads\/2023\/05\/1V6A7616-360x240.jpg 360w, https:\/\/spsow.cz\/wp-content\/uploads\/2023\/05\/1V6A7616.jpg 1920w\" sizes=\"auto, (max-width: 1024px) 100vw, 1024px\" \/><\/a><\/figure>\n\n\n\n<figure class=\"wp-block-image size-large\"><a href=\"https:\/\/spsow.cz\/wp-content\/uploads\/2023\/05\/1V6A7635-1.jpg\"><img loading=\"lazy\" decoding=\"async\" width=\"1024\" height=\"683\" data-id=\"1611\" src=\"https:\/\/spsow.cz\/wp-content\/uploads\/2023\/05\/1V6A7635-1-1024x683.jpg\" alt=\"\" class=\"wp-image-1611\" srcset=\"https:\/\/spsow.cz\/wp-content\/uploads\/2023\/05\/1V6A7635-1-1024x683.jpg 1024w, https:\/\/spsow.cz\/wp-content\/uploads\/2023\/05\/1V6A7635-1-300x200.jpg 300w, https:\/\/spsow.cz\/wp-content\/uploads\/2023\/05\/1V6A7635-1-768x512.jpg 768w, https:\/\/spsow.cz\/wp-content\/uploads\/2023\/05\/1V6A7635-1-1536x1024.jpg 1536w, https:\/\/spsow.cz\/wp-content\/uploads\/2023\/05\/1V6A7635-1-360x240.jpg 360w, https:\/\/spsow.cz\/wp-content\/uploads\/2023\/05\/1V6A7635-1.jpg 1920w\" sizes=\"auto, (max-width: 1024px) 100vw, 1024px\" \/><\/a><\/figure>\n\n\n\n<figure class=\"wp-block-image size-large\"><a href=\"https:\/\/spsow.cz\/wp-content\/uploads\/2023\/05\/1V6A7651.jpg\"><img loading=\"lazy\" decoding=\"async\" width=\"1024\" height=\"683\" data-id=\"1615\" src=\"https:\/\/spsow.cz\/wp-content\/uploads\/2023\/05\/1V6A7651-1024x683.jpg\" alt=\"\" class=\"wp-image-1615\" srcset=\"https:\/\/spsow.cz\/wp-content\/uploads\/2023\/05\/1V6A7651-1024x683.jpg 1024w, https:\/\/spsow.cz\/wp-content\/uploads\/2023\/05\/1V6A7651-300x200.jpg 300w, https:\/\/spsow.cz\/wp-content\/uploads\/2023\/05\/1V6A7651-768x512.jpg 768w, https:\/\/spsow.cz\/wp-content\/uploads\/2023\/05\/1V6A7651-1536x1024.jpg 1536w, https:\/\/spsow.cz\/wp-content\/uploads\/2023\/05\/1V6A7651-360x240.jpg 360w, https:\/\/spsow.cz\/wp-content\/uploads\/2023\/05\/1V6A7651.jpg 1920w\" sizes=\"auto, (max-width: 1024px) 100vw, 1024px\" \/><\/a><\/figure>\n\n\n\n<figure class=\"wp-block-image size-large\"><a href=\"https:\/\/spsow.cz\/wp-content\/uploads\/2023\/05\/1V6A7681-1024x683.jpg\"><img loading=\"lazy\" decoding=\"async\" width=\"1024\" height=\"683\" data-id=\"1614\" src=\"https:\/\/spsow.cz\/wp-content\/uploads\/2023\/05\/1V6A7681-1024x683.jpg\" alt=\"\" class=\"wp-image-1614\" srcset=\"https:\/\/spsow.cz\/wp-content\/uploads\/2023\/05\/1V6A7681-1024x683.jpg 1024w, https:\/\/spsow.cz\/wp-content\/uploads\/2023\/05\/1V6A7681-300x200.jpg 300w, https:\/\/spsow.cz\/wp-content\/uploads\/2023\/05\/1V6A7681-768x512.jpg 768w, https:\/\/spsow.cz\/wp-content\/uploads\/2023\/05\/1V6A7681-1536x1024.jpg 1536w, https:\/\/spsow.cz\/wp-content\/uploads\/2023\/05\/1V6A7681-360x240.jpg 360w, https:\/\/spsow.cz\/wp-content\/uploads\/2023\/05\/1V6A7681.jpg 1920w\" sizes=\"auto, (max-width: 1024px) 100vw, 1024px\" \/><\/a><\/figure>\n\n\n\n<figure class=\"wp-block-image size-large\"><a href=\"https:\/\/spsow.cz\/wp-content\/uploads\/2023\/05\/1V6A7694.jpg\"><img loading=\"lazy\" decoding=\"async\" width=\"1024\" height=\"683\" data-id=\"1610\" src=\"https:\/\/spsow.cz\/wp-content\/uploads\/2023\/05\/1V6A7694-1024x683.jpg\" alt=\"\" class=\"wp-image-1610\" srcset=\"https:\/\/spsow.cz\/wp-content\/uploads\/2023\/05\/1V6A7694-1024x683.jpg 1024w, https:\/\/spsow.cz\/wp-content\/uploads\/2023\/05\/1V6A7694-300x200.jpg 300w, https:\/\/spsow.cz\/wp-content\/uploads\/2023\/05\/1V6A7694-768x512.jpg 768w, https:\/\/spsow.cz\/wp-content\/uploads\/2023\/05\/1V6A7694-1536x1024.jpg 1536w, https:\/\/spsow.cz\/wp-content\/uploads\/2023\/05\/1V6A7694-360x240.jpg 360w, https:\/\/spsow.cz\/wp-content\/uploads\/2023\/05\/1V6A7694.jpg 1920w\" sizes=\"auto, (max-width: 1024px) 100vw, 1024px\" \/><\/a><\/figure>\n\n\n\n<figure class=\"wp-block-image size-large\"><a href=\"https:\/\/spsow.cz\/wp-content\/uploads\/2023\/05\/20230308_110926-1.jpg\"><img loading=\"lazy\" decoding=\"async\" width=\"768\" height=\"1024\" data-id=\"1613\" src=\"https:\/\/spsow.cz\/wp-content\/uploads\/2023\/05\/20230308_110926-1-768x1024.jpg\" alt=\"\" class=\"wp-image-1613\" srcset=\"https:\/\/spsow.cz\/wp-content\/uploads\/2023\/05\/20230308_110926-1-768x1024.jpg 768w, https:\/\/spsow.cz\/wp-content\/uploads\/2023\/05\/20230308_110926-1-225x300.jpg 225w, https:\/\/spsow.cz\/wp-content\/uploads\/2023\/05\/20230308_110926-1-1152x1536.jpg 1152w, https:\/\/spsow.cz\/wp-content\/uploads\/2023\/05\/20230308_110926-1.jpg 1440w\" sizes=\"auto, (max-width: 768px) 100vw, 768px\" \/><\/a><\/figure>\n\n\n\n<figure class=\"wp-block-image size-large\"><a href=\"https:\/\/spsow.cz\/wp-content\/uploads\/2023\/05\/20230308_123632.jpg\"><img loading=\"lazy\" decoding=\"async\" width=\"768\" height=\"1024\" data-id=\"1616\" src=\"https:\/\/spsow.cz\/wp-content\/uploads\/2023\/05\/20230308_123632-768x1024.jpg\" alt=\"\" class=\"wp-image-1616\" srcset=\"https:\/\/spsow.cz\/wp-content\/uploads\/2023\/05\/20230308_123632-768x1024.jpg 768w, https:\/\/spsow.cz\/wp-content\/uploads\/2023\/05\/20230308_123632-225x300.jpg 225w, https:\/\/spsow.cz\/wp-content\/uploads\/2023\/05\/20230308_123632-1152x1536.jpg 1152w, https:\/\/spsow.cz\/wp-content\/uploads\/2023\/05\/20230308_123632.jpg 1440w\" sizes=\"auto, (max-width: 768px) 100vw, 768px\" \/><\/a><\/figure>\n\n\n\n<figure class=\"wp-block-image size-large\"><a href=\"https:\/\/spsow.cz\/wp-content\/uploads\/2023\/05\/20230308_133211-1.jpg\"><img loading=\"lazy\" decoding=\"async\" width=\"768\" height=\"1024\" data-id=\"1617\" src=\"https:\/\/spsow.cz\/wp-content\/uploads\/2023\/05\/20230308_133211-1-768x1024.jpg\" alt=\"\" class=\"wp-image-1617\" srcset=\"https:\/\/spsow.cz\/wp-content\/uploads\/2023\/05\/20230308_133211-1-768x1024.jpg 768w, https:\/\/spsow.cz\/wp-content\/uploads\/2023\/05\/20230308_133211-1-225x300.jpg 225w, https:\/\/spsow.cz\/wp-content\/uploads\/2023\/05\/20230308_133211-1-1152x1536.jpg 1152w, https:\/\/spsow.cz\/wp-content\/uploads\/2023\/05\/20230308_133211-1.jpg 1440w\" sizes=\"auto, (max-width: 768px) 100vw, 768px\" \/><\/a><\/figure>\n\n\n\n<figure class=\"wp-block-image size-large\"><a href=\"https:\/\/spsow.cz\/wp-content\/uploads\/2023\/05\/20230314_085336-1.jpg\"><img loading=\"lazy\" decoding=\"async\" width=\"768\" height=\"1024\" data-id=\"1618\" src=\"https:\/\/spsow.cz\/wp-content\/uploads\/2023\/05\/20230314_085336-1-768x1024.jpg\" alt=\"\" class=\"wp-image-1618\" srcset=\"https:\/\/spsow.cz\/wp-content\/uploads\/2023\/05\/20230314_085336-1-768x1024.jpg 768w, https:\/\/spsow.cz\/wp-content\/uploads\/2023\/05\/20230314_085336-1-225x300.jpg 225w, https:\/\/spsow.cz\/wp-content\/uploads\/2023\/05\/20230314_085336-1-1152x1536.jpg 1152w, https:\/\/spsow.cz\/wp-content\/uploads\/2023\/05\/20230314_085336-1.jpg 1440w\" sizes=\"auto, (max-width: 768px) 100vw, 768px\" \/><\/a><\/figure>\n<\/figure>\n\n\n\n<div style=\"height:12px\" aria-hidden=\"true\" class=\"wp-block-spacer\"><\/div>","protected":false},"excerpt":{"rendered":"<p>Specifikace oboru Video: N\u00e1stroja\u0159 a Stroj\u00edrenstv\u00ed Pro\u010d studovat obor Stroj\u00edrenstv\u00ed? Profil absolventa Uplatn\u011bn\u00ed absolventa Pokra\u010duj ve studiu V\u00fdhody<\/p>","protected":false},"author":1,"featured_media":0,"parent":0,"menu_order":0,"comment_status":"closed","ping_status":"closed","template":"","meta":{"footnotes":""},"class_list":["post-175","page","type-page","status-publish","hentry"],"_links":{"self":[{"href":"https:\/\/spsow.cz\/en\/wp-json\/wp\/v2\/pages\/175","targetHints":{"allow":["GET"]}}],"collection":[{"href":"https:\/\/spsow.cz\/en\/wp-json\/wp\/v2\/pages"}],"about":[{"href":"https:\/\/spsow.cz\/en\/wp-json\/wp\/v2\/types\/page"}],"author":[{"embeddable":true,"href":"https:\/\/spsow.cz\/en\/wp-json\/wp\/v2\/users\/1"}],"replies":[{"embeddable":true,"href":"https:\/\/spsow.cz\/en\/wp-json\/wp\/v2\/comments?post=175"}],"version-history":[{"count":39,"href":"https:\/\/spsow.cz\/en\/wp-json\/wp\/v2\/pages\/175\/revisions"}],"predecessor-version":[{"id":13998,"href":"https:\/\/spsow.cz\/en\/wp-json\/wp\/v2\/pages\/175\/revisions\/13998"}],"wp:attachment":[{"href":"https:\/\/spsow.cz\/en\/wp-json\/wp\/v2\/media?parent=175"}],"curies":[{"name":"wp","href":"https:\/\/api.w.org\/{rel}","templated":true}]}}