{"id":160,"date":"2023-02-16T11:24:03","date_gmt":"2023-02-16T10:24:03","guid":{"rendered":"http:\/\/192.168.1.208\/wordpress\/?page_id=160"},"modified":"2026-02-11T07:39:27","modified_gmt":"2026-02-11T06:39:27","slug":"elektrotechnika","status":"publish","type":"page","link":"https:\/\/spsow.cz\/en\/elektrotechnika\/","title":{"rendered":"Elektrotechnika"},"content":{"rendered":"<h4 class=\"wp-block-heading\">Specifikace oboru<\/h4>\n\n\n\n<ul class=\"wp-block-list has-white-color has-accent-background-color has-text-color has-background has-medium-font-size\">\n<li><strong>26-41-M\/01 Elektrotechnika<\/strong> (\u0160VP: Automatizace a \u0159\u00edzen\u00ed)<\/li>\n\n\n\n<li>4 roky, denn\u00ed studium<\/li>\n\n\n\n<li>kapacita: 24 student\u016f (v ro\u010dn\u00edku)<\/li>\n\n\n\n<li>maturitn\u00ed vysv\u011bd\u010den\u00ed<\/li>\n\n\n\n<li>term\u00edn pod\u00e1v\u00e1n\u00ed p\u0159ihl\u00e1\u0161ek: 1.\u201320. 2. 2026<\/li>\n\n\n\n<li>m\u00edsto vzd\u011bl\u00e1v\u00e1n\u00ed: HRONOV<\/li>\n<\/ul>\n\n\n\n<h4 class=\"wp-block-heading\">Video: Elektrotechnika a Elektrik\u00e1\u0159<\/h4>\n\n\n\n<figure class=\"wp-block-image size-full is-resized\"><a href=\"https:\/\/spsow.cz\/wp-content\/uploads\/2024\/11\/Reels_5_FullHD.mp4\"><img loading=\"lazy\" decoding=\"async\" width=\"540\" height=\"304\" src=\"https:\/\/spsow.cz\/wp-content\/uploads\/2024\/11\/video-thumb-elektrotechnika.jpg\" alt=\"\" class=\"wp-image-9045\" style=\"object-fit:cover;width:270px;height:152px\" srcset=\"https:\/\/spsow.cz\/wp-content\/uploads\/2024\/11\/video-thumb-elektrotechnika.jpg 540w, https:\/\/spsow.cz\/wp-content\/uploads\/2024\/11\/video-thumb-elektrotechnika-300x169.jpg 300w, https:\/\/spsow.cz\/wp-content\/uploads\/2024\/11\/video-thumb-elektrotechnika-18x10.jpg 18w\" sizes=\"auto, (max-width: 540px) 100vw, 540px\" \/><\/a><\/figure>\n\n\n\n<div style=\"height:20px\" aria-hidden=\"true\" class=\"wp-block-spacer\"><\/div>\n\n\n\n<h4 class=\"wp-block-heading\">Pro\u010d studovat obor Elektrotechnika?<\/h4>\n\n\n\n<ul class=\"wp-block-list\">\n<li class=\"has-medium-font-size\">obor maj\u00edc\u00ed \u0161irok\u00e9 uplatn\u011bn\u00ed<\/li>\n\n\n\n<li class=\"has-medium-font-size\">p\u0159\u00edprava ke studiu na vysok\u00fdch \u0161kol\u00e1ch s technick\u00fdm zam\u011b\u0159en\u00edm jako \u010cVUT, VUT \u2026<\/li>\n\n\n\n<li class=\"has-medium-font-size\">mo\u017enost z\u00edsk\u00e1n\u00ed certifik\u00e1tu od spole\u010dnosti EPLAN ENGINEERING CZ, s.r.o<\/li>\n\n\n\n<li class=\"has-medium-font-size\">mo\u017enost rozv\u00edjet sv\u00e9 znalosti v odpoledn\u00edch technick\u00fdch krou\u017ec\u00edch<\/li>\n<\/ul>\n\n\n\n<h4 class=\"wp-block-heading\">Profil absolventa<\/h4>\n\n\n\n<ul class=\"wp-block-list has-medium-font-size\">\n<li>programov\u00e1n\u00ed \u0159\u00eddic\u00edch PLC automat\u016f, jedno\u010dipov\u00fdch mikrokontroler\u016f<\/li>\n\n\n\n<li>programov\u00e1n\u00ed v TIA portal <\/li>\n\n\n\n<li>programov\u00e1n\u00ed v programovac\u00edm jazyce PYTHON<\/li>\n\n\n\n<li>tvo\u0159en\u00ed technick\u00e9 dokumentace<\/li>\n\n\n\n<li>projektov\u00e1n\u00ed v&nbsp;programu EPLAN<\/li>\n\n\n\n<li>silnoproud\u00e1 a slaboproud\u00e1 elektrotechnika<\/li>\n\n\n\n<li>aplikace \u0159\u00eddic\u00edch syst\u00e9m\u016f v&nbsp;automatizaci<\/li>\n<\/ul>\n\n\n\n<h4 class=\"wp-block-heading\">Uplatn\u011bn\u00ed absolventa<\/h4>\n\n\n\n<ul class=\"wp-block-list has-medium-font-size\">\n<li>technolog<\/li>\n\n\n\n<li>program\u00e1tor<\/li>\n\n\n\n<li>v\u00fdvoj\u00e1\u0159<\/li>\n\n\n\n<li>konstrukt\u00e9r<\/li>\n\n\n\n<li>servisn\u00ed technik<\/li>\n<\/ul>\n\n\n\n<h4 class=\"wp-block-heading\">Pokra\u010duj ve studiu<\/h4>\n\n\n\n<ul class=\"wp-block-list\">\n<li class=\"has-medium-font-size\">vysok\u00e9 \u0161koly s&nbsp;technick\u00fdm zam\u011b\u0159en\u00edm<\/li>\n\n\n\n<li class=\"has-medium-font-size\">zkr\u00e1cen\u00fdch obor\u016f (ve \u0161kole nab\u00edz\u00edme 1let\u00e9 obory:&nbsp;<a href=\"https:\/\/spsow.cz\/en\/reprodukcni-grafik-zkraceny\/\" data-type=\"link\" data-id=\"https:\/\/spsow.cz\/reprodukcni-grafik-zkraceny\/\">Reproduk\u010dn\u00ed grafik,<\/a>&nbsp;<a href=\"https:\/\/spsow.cz\/en\/tiskar-2\/\" data-type=\"link\" data-id=\"https:\/\/spsow.cz\/tiskar-2\/\">Tiska\u0159<\/a>)<\/li>\n\n\n\n<li class=\"has-medium-font-size\">dal\u0161\u00edch 3let\u00fdch, 4let\u00fdch obor\u016f se stroj\u00edrensk\u00fdm a elektrotechnick\u00fdm zam\u011b\u0159en\u00edm, VO\u0160<\/li>\n<\/ul>\n\n\n\n<h4 class=\"wp-block-heading\">V\u00fdhody<\/h4>\n\n\n\n<ul class=\"wp-block-list has-medium-font-size\">\n<li>v\u00fduka v modern\u011b vybaven\u00fdch laborato\u0159\u00edch a u\u010debn\u00e1ch<\/li>\n\n\n\n<li>v bl\u00edzkosti vlakov\u00e9ho n\u00e1dra\u017e\u00ed a autobusov\u00e9 zast\u00e1vky  <\/li>\n\n\n\n<li>spolupr\u00e1ce s firmami v regionu<\/li>\n\n\n\n<li>vlastn\u00ed domov ml\u00e1de\u017ee <\/li>\n<\/ul>\n\n\n\n<div class=\"wp-block-file\"><a id=\"wp-block-file--media-9d6f41af-2a90-44e8-b0a3-95352a464e74\" href=\"https:\/\/spsow.cz\/wp-content\/uploads\/2023\/04\/Elektrotechnika-ucebni-plan.pdf\" target=\"_blank\" rel=\"noreferrer noopener\">U\u010cEBN\u00cd PL\u00c1N<\/a><\/div>\n\n\n\n<div class=\"wp-block-file\"><a id=\"wp-block-file--media-2aa90f40-5364-4970-9cb5-d760d1541f60\" href=\"https:\/\/spsow.cz\/wp-content\/uploads\/2026\/02\/SVP_25_Automatizace-a-rizeni.pdf\" target=\"_blank\" rel=\"noreferrer noopener\">\u0160VP &#8211; Automatizace a \u0159\u00edzen\u00ed<\/a><\/div>\n\n\n\n<div class=\"wp-block-file\"><a id=\"wp-block-file--media-b58ec171-ca9f-42da-b783-1bc088c41a67\" href=\"https:\/\/spsow.cz\/wp-content\/uploads\/2024\/10\/FB-skupina.pdf\" target=\"_blank\" rel=\"noreferrer noopener\">P\u0159idej se do fb skupiny<\/a><\/div>\n\n\n\n<figure class=\"wp-block-gallery has-nested-images columns-default is-cropped wp-block-gallery-1 is-layout-flex wp-block-gallery-is-layout-flex\">\n<figure class=\"wp-block-image size-large\"><a href=\"https:\/\/spsow.cz\/wp-content\/uploads\/2026\/01\/1-1-1.jpg\"><img loading=\"lazy\" decoding=\"async\" width=\"1024\" height=\"768\" data-id=\"13742\" src=\"https:\/\/spsow.cz\/wp-content\/uploads\/2026\/01\/1-1-1-1024x768.jpg\" alt=\"\" class=\"wp-image-13742\" srcset=\"https:\/\/spsow.cz\/wp-content\/uploads\/2026\/01\/1-1-1-1024x768.jpg 1024w, https:\/\/spsow.cz\/wp-content\/uploads\/2026\/01\/1-1-1-300x225.jpg 300w, https:\/\/spsow.cz\/wp-content\/uploads\/2026\/01\/1-1-1-768x576.jpg 768w, https:\/\/spsow.cz\/wp-content\/uploads\/2026\/01\/1-1-1-1536x1152.jpg 1536w, https:\/\/spsow.cz\/wp-content\/uploads\/2026\/01\/1-1-1-16x12.jpg 16w, https:\/\/spsow.cz\/wp-content\/uploads\/2026\/01\/1-1-1.jpg 1920w\" sizes=\"auto, (max-width: 1024px) 100vw, 1024px\" \/><\/a><\/figure>\n\n\n\n<figure class=\"wp-block-image size-large\"><a href=\"https:\/\/spsow.cz\/wp-content\/uploads\/2026\/01\/1d81397c-0787-4172-814f-f0948c7ba513.jpg\"><img loading=\"lazy\" decoding=\"async\" width=\"1024\" height=\"768\" data-id=\"13727\" src=\"https:\/\/spsow.cz\/wp-content\/uploads\/2026\/01\/1d81397c-0787-4172-814f-f0948c7ba513-1024x768.jpg\" alt=\"\" class=\"wp-image-13727\" srcset=\"https:\/\/spsow.cz\/wp-content\/uploads\/2026\/01\/1d81397c-0787-4172-814f-f0948c7ba513-1024x768.jpg 1024w, https:\/\/spsow.cz\/wp-content\/uploads\/2026\/01\/1d81397c-0787-4172-814f-f0948c7ba513-300x225.jpg 300w, https:\/\/spsow.cz\/wp-content\/uploads\/2026\/01\/1d81397c-0787-4172-814f-f0948c7ba513-768x576.jpg 768w, https:\/\/spsow.cz\/wp-content\/uploads\/2026\/01\/1d81397c-0787-4172-814f-f0948c7ba513-1536x1152.jpg 1536w, https:\/\/spsow.cz\/wp-content\/uploads\/2026\/01\/1d81397c-0787-4172-814f-f0948c7ba513-16x12.jpg 16w, https:\/\/spsow.cz\/wp-content\/uploads\/2026\/01\/1d81397c-0787-4172-814f-f0948c7ba513.jpg 2048w\" sizes=\"auto, (max-width: 1024px) 100vw, 1024px\" \/><\/a><\/figure>\n\n\n\n<figure class=\"wp-block-image size-large\"><a href=\"https:\/\/spsow.cz\/wp-content\/uploads\/2026\/01\/4e2d6149-562e-4deb-a752-3632dda3df61.jpg\"><img loading=\"lazy\" decoding=\"async\" width=\"1024\" height=\"768\" data-id=\"13728\" src=\"https:\/\/spsow.cz\/wp-content\/uploads\/2026\/01\/4e2d6149-562e-4deb-a752-3632dda3df61-1024x768.jpg\" alt=\"\" class=\"wp-image-13728\" srcset=\"https:\/\/spsow.cz\/wp-content\/uploads\/2026\/01\/4e2d6149-562e-4deb-a752-3632dda3df61-1024x768.jpg 1024w, https:\/\/spsow.cz\/wp-content\/uploads\/2026\/01\/4e2d6149-562e-4deb-a752-3632dda3df61-300x225.jpg 300w, https:\/\/spsow.cz\/wp-content\/uploads\/2026\/01\/4e2d6149-562e-4deb-a752-3632dda3df61-768x576.jpg 768w, https:\/\/spsow.cz\/wp-content\/uploads\/2026\/01\/4e2d6149-562e-4deb-a752-3632dda3df61-1536x1152.jpg 1536w, https:\/\/spsow.cz\/wp-content\/uploads\/2026\/01\/4e2d6149-562e-4deb-a752-3632dda3df61-16x12.jpg 16w, https:\/\/spsow.cz\/wp-content\/uploads\/2026\/01\/4e2d6149-562e-4deb-a752-3632dda3df61.jpg 2048w\" sizes=\"auto, (max-width: 1024px) 100vw, 1024px\" \/><\/a><\/figure>\n\n\n\n<figure class=\"wp-block-image size-large\"><a href=\"https:\/\/spsow.cz\/wp-content\/uploads\/2026\/01\/5bd41e31-6758-4bdd-90ea-eb6654d94167.jpg\"><img loading=\"lazy\" decoding=\"async\" width=\"1024\" height=\"768\" data-id=\"13738\" src=\"https:\/\/spsow.cz\/wp-content\/uploads\/2026\/01\/5bd41e31-6758-4bdd-90ea-eb6654d94167-1024x768.jpg\" alt=\"\" class=\"wp-image-13738\" srcset=\"https:\/\/spsow.cz\/wp-content\/uploads\/2026\/01\/5bd41e31-6758-4bdd-90ea-eb6654d94167-1024x768.jpg 1024w, https:\/\/spsow.cz\/wp-content\/uploads\/2026\/01\/5bd41e31-6758-4bdd-90ea-eb6654d94167-300x225.jpg 300w, https:\/\/spsow.cz\/wp-content\/uploads\/2026\/01\/5bd41e31-6758-4bdd-90ea-eb6654d94167-768x576.jpg 768w, https:\/\/spsow.cz\/wp-content\/uploads\/2026\/01\/5bd41e31-6758-4bdd-90ea-eb6654d94167-1536x1152.jpg 1536w, https:\/\/spsow.cz\/wp-content\/uploads\/2026\/01\/5bd41e31-6758-4bdd-90ea-eb6654d94167-16x12.jpg 16w, https:\/\/spsow.cz\/wp-content\/uploads\/2026\/01\/5bd41e31-6758-4bdd-90ea-eb6654d94167.jpg 2048w\" sizes=\"auto, (max-width: 1024px) 100vw, 1024px\" \/><\/a><\/figure>\n\n\n\n<figure class=\"wp-block-image size-large\"><a href=\"https:\/\/spsow.cz\/wp-content\/uploads\/2026\/01\/8dc16fde-8277-4eac-ade9-d0edcab9cc3c.jpg\"><img loading=\"lazy\" decoding=\"async\" width=\"1024\" height=\"768\" data-id=\"13731\" src=\"https:\/\/spsow.cz\/wp-content\/uploads\/2026\/01\/8dc16fde-8277-4eac-ade9-d0edcab9cc3c-1024x768.jpg\" alt=\"\" class=\"wp-image-13731\" srcset=\"https:\/\/spsow.cz\/wp-content\/uploads\/2026\/01\/8dc16fde-8277-4eac-ade9-d0edcab9cc3c-1024x768.jpg 1024w, https:\/\/spsow.cz\/wp-content\/uploads\/2026\/01\/8dc16fde-8277-4eac-ade9-d0edcab9cc3c-300x225.jpg 300w, https:\/\/spsow.cz\/wp-content\/uploads\/2026\/01\/8dc16fde-8277-4eac-ade9-d0edcab9cc3c-768x576.jpg 768w, https:\/\/spsow.cz\/wp-content\/uploads\/2026\/01\/8dc16fde-8277-4eac-ade9-d0edcab9cc3c-1536x1152.jpg 1536w, https:\/\/spsow.cz\/wp-content\/uploads\/2026\/01\/8dc16fde-8277-4eac-ade9-d0edcab9cc3c-16x12.jpg 16w, https:\/\/spsow.cz\/wp-content\/uploads\/2026\/01\/8dc16fde-8277-4eac-ade9-d0edcab9cc3c.jpg 2048w\" sizes=\"auto, (max-width: 1024px) 100vw, 1024px\" \/><\/a><\/figure>\n\n\n\n<figure class=\"wp-block-image size-large\"><a href=\"https:\/\/spsow.cz\/wp-content\/uploads\/2026\/01\/54aea62c-af32-42ec-b3fc-322bf5b675ac.jpg\"><img loading=\"lazy\" decoding=\"async\" width=\"768\" height=\"1024\" data-id=\"13737\" src=\"https:\/\/spsow.cz\/wp-content\/uploads\/2026\/01\/54aea62c-af32-42ec-b3fc-322bf5b675ac-768x1024.jpg\" alt=\"\" class=\"wp-image-13737\" srcset=\"https:\/\/spsow.cz\/wp-content\/uploads\/2026\/01\/54aea62c-af32-42ec-b3fc-322bf5b675ac-768x1024.jpg 768w, https:\/\/spsow.cz\/wp-content\/uploads\/2026\/01\/54aea62c-af32-42ec-b3fc-322bf5b675ac-225x300.jpg 225w, https:\/\/spsow.cz\/wp-content\/uploads\/2026\/01\/54aea62c-af32-42ec-b3fc-322bf5b675ac-1152x1536.jpg 1152w, https:\/\/spsow.cz\/wp-content\/uploads\/2026\/01\/54aea62c-af32-42ec-b3fc-322bf5b675ac-9x12.jpg 9w, https:\/\/spsow.cz\/wp-content\/uploads\/2026\/01\/54aea62c-af32-42ec-b3fc-322bf5b675ac.jpg 1536w\" sizes=\"auto, (max-width: 768px) 100vw, 768px\" \/><\/a><\/figure>\n\n\n\n<figure class=\"wp-block-image size-large\"><a href=\"https:\/\/spsow.cz\/wp-content\/uploads\/2026\/01\/62f6398d-df54-453c-b8e5-22181e897f5c.jpg\"><img loading=\"lazy\" decoding=\"async\" width=\"1024\" height=\"768\" data-id=\"13734\" src=\"https:\/\/spsow.cz\/wp-content\/uploads\/2026\/01\/62f6398d-df54-453c-b8e5-22181e897f5c-1024x768.jpg\" alt=\"\" class=\"wp-image-13734\" srcset=\"https:\/\/spsow.cz\/wp-content\/uploads\/2026\/01\/62f6398d-df54-453c-b8e5-22181e897f5c-1024x768.jpg 1024w, https:\/\/spsow.cz\/wp-content\/uploads\/2026\/01\/62f6398d-df54-453c-b8e5-22181e897f5c-300x225.jpg 300w, https:\/\/spsow.cz\/wp-content\/uploads\/2026\/01\/62f6398d-df54-453c-b8e5-22181e897f5c-768x576.jpg 768w, https:\/\/spsow.cz\/wp-content\/uploads\/2026\/01\/62f6398d-df54-453c-b8e5-22181e897f5c-1536x1152.jpg 1536w, https:\/\/spsow.cz\/wp-content\/uploads\/2026\/01\/62f6398d-df54-453c-b8e5-22181e897f5c-16x12.jpg 16w, https:\/\/spsow.cz\/wp-content\/uploads\/2026\/01\/62f6398d-df54-453c-b8e5-22181e897f5c.jpg 2048w\" sizes=\"auto, (max-width: 1024px) 100vw, 1024px\" \/><\/a><\/figure>\n\n\n\n<figure class=\"wp-block-image size-large\"><a href=\"https:\/\/spsow.cz\/wp-content\/uploads\/2026\/01\/078f61f2-7c30-48b1-8ed3-df4725541d51.jpg\"><img loading=\"lazy\" decoding=\"async\" width=\"1024\" height=\"768\" data-id=\"13740\" src=\"https:\/\/spsow.cz\/wp-content\/uploads\/2026\/01\/078f61f2-7c30-48b1-8ed3-df4725541d51-1024x768.jpg\" alt=\"\" class=\"wp-image-13740\" srcset=\"https:\/\/spsow.cz\/wp-content\/uploads\/2026\/01\/078f61f2-7c30-48b1-8ed3-df4725541d51-1024x768.jpg 1024w, https:\/\/spsow.cz\/wp-content\/uploads\/2026\/01\/078f61f2-7c30-48b1-8ed3-df4725541d51-300x225.jpg 300w, https:\/\/spsow.cz\/wp-content\/uploads\/2026\/01\/078f61f2-7c30-48b1-8ed3-df4725541d51-768x576.jpg 768w, https:\/\/spsow.cz\/wp-content\/uploads\/2026\/01\/078f61f2-7c30-48b1-8ed3-df4725541d51-1536x1152.jpg 1536w, https:\/\/spsow.cz\/wp-content\/uploads\/2026\/01\/078f61f2-7c30-48b1-8ed3-df4725541d51-16x12.jpg 16w, https:\/\/spsow.cz\/wp-content\/uploads\/2026\/01\/078f61f2-7c30-48b1-8ed3-df4725541d51.jpg 2048w\" sizes=\"auto, (max-width: 1024px) 100vw, 1024px\" \/><\/a><\/figure>\n\n\n\n<figure class=\"wp-block-image size-large\"><a href=\"https:\/\/spsow.cz\/wp-content\/uploads\/2026\/01\/79a4bcc7-a627-4be1-bf8a-5d031edb2e84.jpg\"><img loading=\"lazy\" decoding=\"async\" width=\"1024\" height=\"768\" data-id=\"13735\" src=\"https:\/\/spsow.cz\/wp-content\/uploads\/2026\/01\/79a4bcc7-a627-4be1-bf8a-5d031edb2e84-1024x768.jpg\" alt=\"\" class=\"wp-image-13735\" srcset=\"https:\/\/spsow.cz\/wp-content\/uploads\/2026\/01\/79a4bcc7-a627-4be1-bf8a-5d031edb2e84-1024x768.jpg 1024w, https:\/\/spsow.cz\/wp-content\/uploads\/2026\/01\/79a4bcc7-a627-4be1-bf8a-5d031edb2e84-300x225.jpg 300w, https:\/\/spsow.cz\/wp-content\/uploads\/2026\/01\/79a4bcc7-a627-4be1-bf8a-5d031edb2e84-768x576.jpg 768w, https:\/\/spsow.cz\/wp-content\/uploads\/2026\/01\/79a4bcc7-a627-4be1-bf8a-5d031edb2e84-1536x1152.jpg 1536w, https:\/\/spsow.cz\/wp-content\/uploads\/2026\/01\/79a4bcc7-a627-4be1-bf8a-5d031edb2e84-16x12.jpg 16w, https:\/\/spsow.cz\/wp-content\/uploads\/2026\/01\/79a4bcc7-a627-4be1-bf8a-5d031edb2e84.jpg 2048w\" sizes=\"auto, (max-width: 1024px) 100vw, 1024px\" \/><\/a><\/figure>\n\n\n\n<figure class=\"wp-block-image size-large\"><a href=\"https:\/\/spsow.cz\/wp-content\/uploads\/2026\/01\/79cf38a4-aefd-48cf-9870-1698236ac7dd.jpg\"><img loading=\"lazy\" decoding=\"async\" width=\"1024\" height=\"768\" data-id=\"13741\" src=\"https:\/\/spsow.cz\/wp-content\/uploads\/2026\/01\/79cf38a4-aefd-48cf-9870-1698236ac7dd-1024x768.jpg\" alt=\"\" class=\"wp-image-13741\" srcset=\"https:\/\/spsow.cz\/wp-content\/uploads\/2026\/01\/79cf38a4-aefd-48cf-9870-1698236ac7dd-1024x768.jpg 1024w, https:\/\/spsow.cz\/wp-content\/uploads\/2026\/01\/79cf38a4-aefd-48cf-9870-1698236ac7dd-300x225.jpg 300w, https:\/\/spsow.cz\/wp-content\/uploads\/2026\/01\/79cf38a4-aefd-48cf-9870-1698236ac7dd-768x576.jpg 768w, https:\/\/spsow.cz\/wp-content\/uploads\/2026\/01\/79cf38a4-aefd-48cf-9870-1698236ac7dd-1536x1152.jpg 1536w, https:\/\/spsow.cz\/wp-content\/uploads\/2026\/01\/79cf38a4-aefd-48cf-9870-1698236ac7dd-16x12.jpg 16w, https:\/\/spsow.cz\/wp-content\/uploads\/2026\/01\/79cf38a4-aefd-48cf-9870-1698236ac7dd.jpg 2048w\" sizes=\"auto, (max-width: 1024px) 100vw, 1024px\" \/><\/a><\/figure>\n\n\n\n<figure class=\"wp-block-image size-large\"><a href=\"https:\/\/spsow.cz\/wp-content\/uploads\/2026\/01\/567b3b80-3287-4c7c-b698-0c849f590287.jpg\"><img loading=\"lazy\" decoding=\"async\" width=\"1024\" height=\"768\" data-id=\"13732\" src=\"https:\/\/spsow.cz\/wp-content\/uploads\/2026\/01\/567b3b80-3287-4c7c-b698-0c849f590287-1024x768.jpg\" alt=\"\" class=\"wp-image-13732\" srcset=\"https:\/\/spsow.cz\/wp-content\/uploads\/2026\/01\/567b3b80-3287-4c7c-b698-0c849f590287-1024x768.jpg 1024w, https:\/\/spsow.cz\/wp-content\/uploads\/2026\/01\/567b3b80-3287-4c7c-b698-0c849f590287-300x225.jpg 300w, https:\/\/spsow.cz\/wp-content\/uploads\/2026\/01\/567b3b80-3287-4c7c-b698-0c849f590287-768x576.jpg 768w, https:\/\/spsow.cz\/wp-content\/uploads\/2026\/01\/567b3b80-3287-4c7c-b698-0c849f590287-1536x1152.jpg 1536w, https:\/\/spsow.cz\/wp-content\/uploads\/2026\/01\/567b3b80-3287-4c7c-b698-0c849f590287-16x12.jpg 16w, https:\/\/spsow.cz\/wp-content\/uploads\/2026\/01\/567b3b80-3287-4c7c-b698-0c849f590287.jpg 2048w\" sizes=\"auto, (max-width: 1024px) 100vw, 1024px\" \/><\/a><\/figure>\n\n\n\n<figure class=\"wp-block-image size-large\"><a href=\"https:\/\/spsow.cz\/wp-content\/uploads\/2026\/01\/809bf5fc-1d42-4bf1-96c8-6f56b554c0c7.jpg\"><img loading=\"lazy\" decoding=\"async\" width=\"1024\" height=\"768\" data-id=\"13736\" src=\"https:\/\/spsow.cz\/wp-content\/uploads\/2026\/01\/809bf5fc-1d42-4bf1-96c8-6f56b554c0c7-1024x768.jpg\" alt=\"\" class=\"wp-image-13736\" srcset=\"https:\/\/spsow.cz\/wp-content\/uploads\/2026\/01\/809bf5fc-1d42-4bf1-96c8-6f56b554c0c7-1024x768.jpg 1024w, https:\/\/spsow.cz\/wp-content\/uploads\/2026\/01\/809bf5fc-1d42-4bf1-96c8-6f56b554c0c7-300x225.jpg 300w, https:\/\/spsow.cz\/wp-content\/uploads\/2026\/01\/809bf5fc-1d42-4bf1-96c8-6f56b554c0c7-768x576.jpg 768w, https:\/\/spsow.cz\/wp-content\/uploads\/2026\/01\/809bf5fc-1d42-4bf1-96c8-6f56b554c0c7-1536x1152.jpg 1536w, https:\/\/spsow.cz\/wp-content\/uploads\/2026\/01\/809bf5fc-1d42-4bf1-96c8-6f56b554c0c7-16x12.jpg 16w, https:\/\/spsow.cz\/wp-content\/uploads\/2026\/01\/809bf5fc-1d42-4bf1-96c8-6f56b554c0c7.jpg 2048w\" sizes=\"auto, (max-width: 1024px) 100vw, 1024px\" \/><\/a><\/figure>\n\n\n\n<figure class=\"wp-block-image size-large\"><a href=\"https:\/\/spsow.cz\/wp-content\/uploads\/2026\/01\/0922c5ea-3abd-4ecb-a9f9-44be22966682.jpg\"><img loading=\"lazy\" decoding=\"async\" width=\"1024\" height=\"768\" data-id=\"13739\" src=\"https:\/\/spsow.cz\/wp-content\/uploads\/2026\/01\/0922c5ea-3abd-4ecb-a9f9-44be22966682-1024x768.jpg\" alt=\"\" class=\"wp-image-13739\" srcset=\"https:\/\/spsow.cz\/wp-content\/uploads\/2026\/01\/0922c5ea-3abd-4ecb-a9f9-44be22966682-1024x768.jpg 1024w, https:\/\/spsow.cz\/wp-content\/uploads\/2026\/01\/0922c5ea-3abd-4ecb-a9f9-44be22966682-300x225.jpg 300w, https:\/\/spsow.cz\/wp-content\/uploads\/2026\/01\/0922c5ea-3abd-4ecb-a9f9-44be22966682-768x576.jpg 768w, https:\/\/spsow.cz\/wp-content\/uploads\/2026\/01\/0922c5ea-3abd-4ecb-a9f9-44be22966682-1536x1152.jpg 1536w, https:\/\/spsow.cz\/wp-content\/uploads\/2026\/01\/0922c5ea-3abd-4ecb-a9f9-44be22966682-16x12.jpg 16w, https:\/\/spsow.cz\/wp-content\/uploads\/2026\/01\/0922c5ea-3abd-4ecb-a9f9-44be22966682.jpg 2048w\" sizes=\"auto, (max-width: 1024px) 100vw, 1024px\" \/><\/a><\/figure>\n\n\n\n<figure class=\"wp-block-image size-large\"><a href=\"https:\/\/spsow.cz\/wp-content\/uploads\/2026\/01\/b047b809-2d87-45b6-a12a-718ce7b9cbeb.jpg\"><img loading=\"lazy\" decoding=\"async\" width=\"1024\" height=\"768\" data-id=\"13729\" src=\"https:\/\/spsow.cz\/wp-content\/uploads\/2026\/01\/b047b809-2d87-45b6-a12a-718ce7b9cbeb-1024x768.jpg\" alt=\"\" class=\"wp-image-13729\" srcset=\"https:\/\/spsow.cz\/wp-content\/uploads\/2026\/01\/b047b809-2d87-45b6-a12a-718ce7b9cbeb-1024x768.jpg 1024w, https:\/\/spsow.cz\/wp-content\/uploads\/2026\/01\/b047b809-2d87-45b6-a12a-718ce7b9cbeb-300x225.jpg 300w, https:\/\/spsow.cz\/wp-content\/uploads\/2026\/01\/b047b809-2d87-45b6-a12a-718ce7b9cbeb-768x576.jpg 768w, https:\/\/spsow.cz\/wp-content\/uploads\/2026\/01\/b047b809-2d87-45b6-a12a-718ce7b9cbeb-1536x1152.jpg 1536w, https:\/\/spsow.cz\/wp-content\/uploads\/2026\/01\/b047b809-2d87-45b6-a12a-718ce7b9cbeb-16x12.jpg 16w, https:\/\/spsow.cz\/wp-content\/uploads\/2026\/01\/b047b809-2d87-45b6-a12a-718ce7b9cbeb.jpg 2048w\" sizes=\"auto, (max-width: 1024px) 100vw, 1024px\" \/><\/a><\/figure>\n\n\n\n<figure class=\"wp-block-image size-large\"><a href=\"https:\/\/spsow.cz\/wp-content\/uploads\/2026\/01\/c9944f17-cddd-46d0-88c7-6622ab85861f.jpg\"><img loading=\"lazy\" decoding=\"async\" width=\"1024\" height=\"768\" data-id=\"13730\" src=\"https:\/\/spsow.cz\/wp-content\/uploads\/2026\/01\/c9944f17-cddd-46d0-88c7-6622ab85861f-1024x768.jpg\" alt=\"\" class=\"wp-image-13730\" srcset=\"https:\/\/spsow.cz\/wp-content\/uploads\/2026\/01\/c9944f17-cddd-46d0-88c7-6622ab85861f-1024x768.jpg 1024w, https:\/\/spsow.cz\/wp-content\/uploads\/2026\/01\/c9944f17-cddd-46d0-88c7-6622ab85861f-300x225.jpg 300w, https:\/\/spsow.cz\/wp-content\/uploads\/2026\/01\/c9944f17-cddd-46d0-88c7-6622ab85861f-768x576.jpg 768w, https:\/\/spsow.cz\/wp-content\/uploads\/2026\/01\/c9944f17-cddd-46d0-88c7-6622ab85861f-1536x1152.jpg 1536w, https:\/\/spsow.cz\/wp-content\/uploads\/2026\/01\/c9944f17-cddd-46d0-88c7-6622ab85861f-16x12.jpg 16w, https:\/\/spsow.cz\/wp-content\/uploads\/2026\/01\/c9944f17-cddd-46d0-88c7-6622ab85861f.jpg 2048w\" sizes=\"auto, (max-width: 1024px) 100vw, 1024px\" \/><\/a><\/figure>\n<\/figure>","protected":false},"excerpt":{"rendered":"<p>Specifikace oboru Video: Elektrotechnika a Elektrik\u00e1\u0159 Pro\u010d studovat obor Elektrotechnika? Profil absolventa Uplatn\u011bn\u00ed absolventa Pokra\u010duj ve studiu V\u00fdhody<\/p>","protected":false},"author":1,"featured_media":0,"parent":0,"menu_order":0,"comment_status":"closed","ping_status":"closed","template":"","meta":{"footnotes":""},"class_list":["post-160","page","type-page","status-publish","hentry"],"_links":{"self":[{"href":"https:\/\/spsow.cz\/en\/wp-json\/wp\/v2\/pages\/160","targetHints":{"allow":["GET"]}}],"collection":[{"href":"https:\/\/spsow.cz\/en\/wp-json\/wp\/v2\/pages"}],"about":[{"href":"https:\/\/spsow.cz\/en\/wp-json\/wp\/v2\/types\/page"}],"author":[{"embeddable":true,"href":"https:\/\/spsow.cz\/en\/wp-json\/wp\/v2\/users\/1"}],"replies":[{"embeddable":true,"href":"https:\/\/spsow.cz\/en\/wp-json\/wp\/v2\/comments?post=160"}],"version-history":[{"count":39,"href":"https:\/\/spsow.cz\/en\/wp-json\/wp\/v2\/pages\/160\/revisions"}],"predecessor-version":[{"id":14000,"href":"https:\/\/spsow.cz\/en\/wp-json\/wp\/v2\/pages\/160\/revisions\/14000"}],"wp:attachment":[{"href":"https:\/\/spsow.cz\/en\/wp-json\/wp\/v2\/media?parent=160"}],"curies":[{"name":"wp","href":"https:\/\/api.w.org\/{rel}","templated":true}]}}