{"id":14947,"date":"2026-03-06T09:20:24","date_gmt":"2026-03-06T08:20:24","guid":{"rendered":"https:\/\/spsow.cz\/?page_id=14947"},"modified":"2026-03-06T09:25:44","modified_gmt":"2026-03-06T08:25:44","slug":"2026-lyzarsky-kurz-hronovskych-oboru","status":"publish","type":"page","link":"https:\/\/spsow.cz\/en\/2026-lyzarsky-kurz-hronovskych-oboru\/","title":{"rendered":"2026 > Ly\u017ea\u0159sk\u00fd kurz hronovsk\u00fdch obor\u016f"},"content":{"rendered":"<figure class=\"wp-block-gallery has-nested-images columns-default is-cropped wp-block-gallery-1 is-layout-flex wp-block-gallery-is-layout-flex\">\n<figure class=\"wp-block-image size-full\"><a href=\"https:\/\/spsow.cz\/wp-content\/uploads\/2026\/03\/26054.png\"><img loading=\"lazy\" decoding=\"async\" width=\"1440\" height=\"1920\" data-id=\"14961\" src=\"https:\/\/spsow.cz\/wp-content\/uploads\/2026\/03\/26054.png\" alt=\"\" class=\"wp-image-14961\" srcset=\"https:\/\/spsow.cz\/wp-content\/uploads\/2026\/03\/26054.png 1440w, https:\/\/spsow.cz\/wp-content\/uploads\/2026\/03\/26054-225x300.png 225w, https:\/\/spsow.cz\/wp-content\/uploads\/2026\/03\/26054-768x1024.png 768w, https:\/\/spsow.cz\/wp-content\/uploads\/2026\/03\/26054-1152x1536.png 1152w, https:\/\/spsow.cz\/wp-content\/uploads\/2026\/03\/26054-9x12.png 9w\" sizes=\"auto, (max-width: 1440px) 100vw, 1440px\" \/><\/a><\/figure>\n\n\n\n<figure class=\"wp-block-image size-full\"><a href=\"https:\/\/spsow.cz\/wp-content\/uploads\/2026\/03\/26060-scaled.jpg\"><img loading=\"lazy\" decoding=\"async\" width=\"1920\" height=\"2560\" data-id=\"14959\" src=\"https:\/\/spsow.cz\/wp-content\/uploads\/2026\/03\/26060-scaled.jpg\" alt=\"\" class=\"wp-image-14959\" srcset=\"https:\/\/spsow.cz\/wp-content\/uploads\/2026\/03\/26060-scaled.jpg 1920w, https:\/\/spsow.cz\/wp-content\/uploads\/2026\/03\/26060-225x300.jpg 225w, https:\/\/spsow.cz\/wp-content\/uploads\/2026\/03\/26060-768x1024.jpg 768w, https:\/\/spsow.cz\/wp-content\/uploads\/2026\/03\/26060-1152x1536.jpg 1152w, https:\/\/spsow.cz\/wp-content\/uploads\/2026\/03\/26060-1536x2048.jpg 1536w, https:\/\/spsow.cz\/wp-content\/uploads\/2026\/03\/26060-9x12.jpg 9w\" sizes=\"auto, (max-width: 1920px) 100vw, 1920px\" \/><\/a><\/figure>\n\n\n\n<figure class=\"wp-block-image size-full\"><a href=\"https:\/\/spsow.cz\/wp-content\/uploads\/2026\/03\/26063-scaled.jpg\"><img loading=\"lazy\" decoding=\"async\" width=\"1920\" height=\"2560\" data-id=\"14963\" src=\"https:\/\/spsow.cz\/wp-content\/uploads\/2026\/03\/26063-scaled.jpg\" alt=\"\" class=\"wp-image-14963\" srcset=\"https:\/\/spsow.cz\/wp-content\/uploads\/2026\/03\/26063-scaled.jpg 1920w, https:\/\/spsow.cz\/wp-content\/uploads\/2026\/03\/26063-225x300.jpg 225w, https:\/\/spsow.cz\/wp-content\/uploads\/2026\/03\/26063-768x1024.jpg 768w, https:\/\/spsow.cz\/wp-content\/uploads\/2026\/03\/26063-1152x1536.jpg 1152w, https:\/\/spsow.cz\/wp-content\/uploads\/2026\/03\/26063-1536x2048.jpg 1536w, https:\/\/spsow.cz\/wp-content\/uploads\/2026\/03\/26063-9x12.jpg 9w\" sizes=\"auto, (max-width: 1920px) 100vw, 1920px\" \/><\/a><\/figure>\n\n\n\n<figure class=\"wp-block-image size-full\"><a href=\"https:\/\/spsow.cz\/wp-content\/uploads\/2026\/03\/26065-scaled.jpg\"><img loading=\"lazy\" decoding=\"async\" width=\"1920\" height=\"2560\" data-id=\"14956\" src=\"https:\/\/spsow.cz\/wp-content\/uploads\/2026\/03\/26065-scaled.jpg\" alt=\"\" class=\"wp-image-14956\" srcset=\"https:\/\/spsow.cz\/wp-content\/uploads\/2026\/03\/26065-scaled.jpg 1920w, https:\/\/spsow.cz\/wp-content\/uploads\/2026\/03\/26065-225x300.jpg 225w, https:\/\/spsow.cz\/wp-content\/uploads\/2026\/03\/26065-768x1024.jpg 768w, https:\/\/spsow.cz\/wp-content\/uploads\/2026\/03\/26065-1152x1536.jpg 1152w, https:\/\/spsow.cz\/wp-content\/uploads\/2026\/03\/26065-1536x2048.jpg 1536w, https:\/\/spsow.cz\/wp-content\/uploads\/2026\/03\/26065-9x12.jpg 9w\" sizes=\"auto, (max-width: 1920px) 100vw, 1920px\" \/><\/a><\/figure>\n\n\n\n<figure class=\"wp-block-image size-full\"><a href=\"https:\/\/spsow.cz\/wp-content\/uploads\/2026\/03\/26066-scaled.jpg\"><img loading=\"lazy\" decoding=\"async\" width=\"1920\" height=\"2560\" data-id=\"14960\" src=\"https:\/\/spsow.cz\/wp-content\/uploads\/2026\/03\/26066-scaled.jpg\" alt=\"\" class=\"wp-image-14960\" srcset=\"https:\/\/spsow.cz\/wp-content\/uploads\/2026\/03\/26066-scaled.jpg 1920w, https:\/\/spsow.cz\/wp-content\/uploads\/2026\/03\/26066-225x300.jpg 225w, https:\/\/spsow.cz\/wp-content\/uploads\/2026\/03\/26066-768x1024.jpg 768w, https:\/\/spsow.cz\/wp-content\/uploads\/2026\/03\/26066-1152x1536.jpg 1152w, https:\/\/spsow.cz\/wp-content\/uploads\/2026\/03\/26066-1536x2048.jpg 1536w, https:\/\/spsow.cz\/wp-content\/uploads\/2026\/03\/26066-9x12.jpg 9w\" sizes=\"auto, (max-width: 1920px) 100vw, 1920px\" \/><\/a><\/figure>\n\n\n\n<figure class=\"wp-block-image size-full\"><a href=\"https:\/\/spsow.cz\/wp-content\/uploads\/2026\/03\/26069-scaled.jpg\"><img loading=\"lazy\" decoding=\"async\" width=\"1920\" height=\"2560\" data-id=\"14965\" src=\"https:\/\/spsow.cz\/wp-content\/uploads\/2026\/03\/26069-scaled.jpg\" alt=\"\" class=\"wp-image-14965\" srcset=\"https:\/\/spsow.cz\/wp-content\/uploads\/2026\/03\/26069-scaled.jpg 1920w, https:\/\/spsow.cz\/wp-content\/uploads\/2026\/03\/26069-225x300.jpg 225w, https:\/\/spsow.cz\/wp-content\/uploads\/2026\/03\/26069-768x1024.jpg 768w, https:\/\/spsow.cz\/wp-content\/uploads\/2026\/03\/26069-1152x1536.jpg 1152w, https:\/\/spsow.cz\/wp-content\/uploads\/2026\/03\/26069-1536x2048.jpg 1536w, https:\/\/spsow.cz\/wp-content\/uploads\/2026\/03\/26069-9x12.jpg 9w\" sizes=\"auto, (max-width: 1920px) 100vw, 1920px\" \/><\/a><\/figure>\n\n\n\n<figure class=\"wp-block-image size-full\"><a href=\"https:\/\/spsow.cz\/wp-content\/uploads\/2026\/03\/g.png\"><img loading=\"lazy\" decoding=\"async\" width=\"1440\" height=\"1920\" data-id=\"14966\" src=\"https:\/\/spsow.cz\/wp-content\/uploads\/2026\/03\/g.png\" alt=\"\" class=\"wp-image-14966\" srcset=\"https:\/\/spsow.cz\/wp-content\/uploads\/2026\/03\/g.png 1440w, https:\/\/spsow.cz\/wp-content\/uploads\/2026\/03\/g-225x300.png 225w, https:\/\/spsow.cz\/wp-content\/uploads\/2026\/03\/g-768x1024.png 768w, https:\/\/spsow.cz\/wp-content\/uploads\/2026\/03\/g-1152x1536.png 1152w, https:\/\/spsow.cz\/wp-content\/uploads\/2026\/03\/g-9x12.png 9w\" sizes=\"auto, (max-width: 1440px) 100vw, 1440px\" \/><\/a><\/figure>\n\n\n\n<figure class=\"wp-block-image size-full\"><a href=\"https:\/\/spsow.cz\/wp-content\/uploads\/2026\/03\/h.png\"><img loading=\"lazy\" decoding=\"async\" width=\"960\" height=\"1280\" data-id=\"14954\" src=\"https:\/\/spsow.cz\/wp-content\/uploads\/2026\/03\/h.png\" alt=\"\" class=\"wp-image-14954\" srcset=\"https:\/\/spsow.cz\/wp-content\/uploads\/2026\/03\/h.png 960w, https:\/\/spsow.cz\/wp-content\/uploads\/2026\/03\/h-225x300.png 225w, https:\/\/spsow.cz\/wp-content\/uploads\/2026\/03\/h-768x1024.png 768w, https:\/\/spsow.cz\/wp-content\/uploads\/2026\/03\/h-9x12.png 9w\" sizes=\"auto, (max-width: 960px) 100vw, 960px\" \/><\/a><\/figure>\n\n\n\n<figure class=\"wp-block-image size-full\"><a href=\"https:\/\/spsow.cz\/wp-content\/uploads\/2026\/03\/r.png\"><img loading=\"lazy\" decoding=\"async\" width=\"1920\" height=\"1440\" data-id=\"14962\" src=\"https:\/\/spsow.cz\/wp-content\/uploads\/2026\/03\/r.png\" alt=\"\" class=\"wp-image-14962\" srcset=\"https:\/\/spsow.cz\/wp-content\/uploads\/2026\/03\/r.png 1920w, https:\/\/spsow.cz\/wp-content\/uploads\/2026\/03\/r-300x225.png 300w, https:\/\/spsow.cz\/wp-content\/uploads\/2026\/03\/r-1024x768.png 1024w, https:\/\/spsow.cz\/wp-content\/uploads\/2026\/03\/r-768x576.png 768w, https:\/\/spsow.cz\/wp-content\/uploads\/2026\/03\/r-1536x1152.png 1536w, https:\/\/spsow.cz\/wp-content\/uploads\/2026\/03\/r-16x12.png 16w\" sizes=\"auto, (max-width: 1920px) 100vw, 1920px\" \/><\/a><\/figure>\n\n\n\n<figure class=\"wp-block-image size-full\"><a href=\"https:\/\/spsow.cz\/wp-content\/uploads\/2026\/03\/s.png\"><img loading=\"lazy\" decoding=\"async\" width=\"960\" height=\"1280\" data-id=\"14955\" src=\"https:\/\/spsow.cz\/wp-content\/uploads\/2026\/03\/s.png\" alt=\"\" class=\"wp-image-14955\" srcset=\"https:\/\/spsow.cz\/wp-content\/uploads\/2026\/03\/s.png 960w, https:\/\/spsow.cz\/wp-content\/uploads\/2026\/03\/s-225x300.png 225w, https:\/\/spsow.cz\/wp-content\/uploads\/2026\/03\/s-768x1024.png 768w, https:\/\/spsow.cz\/wp-content\/uploads\/2026\/03\/s-9x12.png 9w\" sizes=\"auto, (max-width: 960px) 100vw, 960px\" \/><\/a><\/figure>\n\n\n\n<figure class=\"wp-block-image size-full\"><a href=\"https:\/\/spsow.cz\/wp-content\/uploads\/2026\/03\/tt.png\"><img loading=\"lazy\" decoding=\"async\" width=\"960\" height=\"1280\" data-id=\"14958\" src=\"https:\/\/spsow.cz\/wp-content\/uploads\/2026\/03\/tt.png\" alt=\"\" class=\"wp-image-14958\" srcset=\"https:\/\/spsow.cz\/wp-content\/uploads\/2026\/03\/tt.png 960w, https:\/\/spsow.cz\/wp-content\/uploads\/2026\/03\/tt-225x300.png 225w, https:\/\/spsow.cz\/wp-content\/uploads\/2026\/03\/tt-768x1024.png 768w, https:\/\/spsow.cz\/wp-content\/uploads\/2026\/03\/tt-9x12.png 9w\" sizes=\"auto, (max-width: 960px) 100vw, 960px\" \/><\/a><\/figure>\n\n\n\n<figure class=\"wp-block-image size-full\"><a href=\"https:\/\/spsow.cz\/wp-content\/uploads\/2026\/03\/ttt.png\"><img loading=\"lazy\" decoding=\"async\" width=\"960\" height=\"1280\" data-id=\"14953\" src=\"https:\/\/spsow.cz\/wp-content\/uploads\/2026\/03\/ttt.png\" alt=\"\" class=\"wp-image-14953\" srcset=\"https:\/\/spsow.cz\/wp-content\/uploads\/2026\/03\/ttt.png 960w, https:\/\/spsow.cz\/wp-content\/uploads\/2026\/03\/ttt-225x300.png 225w, https:\/\/spsow.cz\/wp-content\/uploads\/2026\/03\/ttt-768x1024.png 768w, https:\/\/spsow.cz\/wp-content\/uploads\/2026\/03\/ttt-9x12.png 9w\" sizes=\"auto, (max-width: 960px) 100vw, 960px\" \/><\/a><\/figure>\n\n\n\n<figure class=\"wp-block-image size-full\"><a href=\"https:\/\/spsow.cz\/wp-content\/uploads\/2026\/03\/w.png\"><img loading=\"lazy\" decoding=\"async\" width=\"1536\" height=\"2048\" data-id=\"14957\" src=\"https:\/\/spsow.cz\/wp-content\/uploads\/2026\/03\/w.png\" alt=\"\" class=\"wp-image-14957\" srcset=\"https:\/\/spsow.cz\/wp-content\/uploads\/2026\/03\/w.png 1536w, https:\/\/spsow.cz\/wp-content\/uploads\/2026\/03\/w-225x300.png 225w, https:\/\/spsow.cz\/wp-content\/uploads\/2026\/03\/w-768x1024.png 768w, https:\/\/spsow.cz\/wp-content\/uploads\/2026\/03\/w-1152x1536.png 1152w, https:\/\/spsow.cz\/wp-content\/uploads\/2026\/03\/w-9x12.png 9w\" sizes=\"auto, (max-width: 1536px) 100vw, 1536px\" \/><\/a><\/figure>\n\n\n\n<figure class=\"wp-block-image size-full\"><a href=\"https:\/\/spsow.cz\/wp-content\/uploads\/2026\/03\/25773.jpg\"><img loading=\"lazy\" decoding=\"async\" width=\"1920\" height=\"1440\" data-id=\"14948\" src=\"https:\/\/spsow.cz\/wp-content\/uploads\/2026\/03\/25773.jpg\" alt=\"\" class=\"wp-image-14948\" srcset=\"https:\/\/spsow.cz\/wp-content\/uploads\/2026\/03\/25773.jpg 1920w, https:\/\/spsow.cz\/wp-content\/uploads\/2026\/03\/25773-300x225.jpg 300w, https:\/\/spsow.cz\/wp-content\/uploads\/2026\/03\/25773-1024x768.jpg 1024w, https:\/\/spsow.cz\/wp-content\/uploads\/2026\/03\/25773-768x576.jpg 768w, https:\/\/spsow.cz\/wp-content\/uploads\/2026\/03\/25773-1536x1152.jpg 1536w, https:\/\/spsow.cz\/wp-content\/uploads\/2026\/03\/25773-16x12.jpg 16w\" sizes=\"auto, (max-width: 1920px) 100vw, 1920px\" \/><\/a><\/figure>\n\n\n\n<figure class=\"wp-block-image size-full\"><a href=\"https:\/\/spsow.cz\/wp-content\/uploads\/2026\/03\/25843.jpg\"><img loading=\"lazy\" decoding=\"async\" width=\"1920\" height=\"1440\" data-id=\"14951\" src=\"https:\/\/spsow.cz\/wp-content\/uploads\/2026\/03\/25843.jpg\" alt=\"\" class=\"wp-image-14951\" srcset=\"https:\/\/spsow.cz\/wp-content\/uploads\/2026\/03\/25843.jpg 1920w, https:\/\/spsow.cz\/wp-content\/uploads\/2026\/03\/25843-300x225.jpg 300w, https:\/\/spsow.cz\/wp-content\/uploads\/2026\/03\/25843-1024x768.jpg 1024w, https:\/\/spsow.cz\/wp-content\/uploads\/2026\/03\/25843-768x576.jpg 768w, https:\/\/spsow.cz\/wp-content\/uploads\/2026\/03\/25843-1536x1152.jpg 1536w, https:\/\/spsow.cz\/wp-content\/uploads\/2026\/03\/25843-16x12.jpg 16w\" sizes=\"auto, (max-width: 1920px) 100vw, 1920px\" \/><\/a><\/figure>\n\n\n\n<figure class=\"wp-block-image size-full\"><a href=\"https:\/\/spsow.cz\/wp-content\/uploads\/2026\/03\/25844.jpg\"><img loading=\"lazy\" decoding=\"async\" width=\"1920\" height=\"1440\" data-id=\"14952\" src=\"https:\/\/spsow.cz\/wp-content\/uploads\/2026\/03\/25844.jpg\" alt=\"\" class=\"wp-image-14952\" srcset=\"https:\/\/spsow.cz\/wp-content\/uploads\/2026\/03\/25844.jpg 1920w, https:\/\/spsow.cz\/wp-content\/uploads\/2026\/03\/25844-300x225.jpg 300w, https:\/\/spsow.cz\/wp-content\/uploads\/2026\/03\/25844-1024x768.jpg 1024w, https:\/\/spsow.cz\/wp-content\/uploads\/2026\/03\/25844-768x576.jpg 768w, https:\/\/spsow.cz\/wp-content\/uploads\/2026\/03\/25844-1536x1152.jpg 1536w, https:\/\/spsow.cz\/wp-content\/uploads\/2026\/03\/25844-16x12.jpg 16w\" sizes=\"auto, (max-width: 1920px) 100vw, 1920px\" \/><\/a><\/figure>\n\n\n\n<figure class=\"wp-block-image size-full\"><a href=\"https:\/\/spsow.cz\/wp-content\/uploads\/2026\/03\/26032.jpg\"><img loading=\"lazy\" decoding=\"async\" width=\"1433\" height=\"1920\" data-id=\"14949\" src=\"https:\/\/spsow.cz\/wp-content\/uploads\/2026\/03\/26032.jpg\" alt=\"\" class=\"wp-image-14949\" srcset=\"https:\/\/spsow.cz\/wp-content\/uploads\/2026\/03\/26032.jpg 1433w, https:\/\/spsow.cz\/wp-content\/uploads\/2026\/03\/26032-224x300.jpg 224w, https:\/\/spsow.cz\/wp-content\/uploads\/2026\/03\/26032-764x1024.jpg 764w, https:\/\/spsow.cz\/wp-content\/uploads\/2026\/03\/26032-768x1029.jpg 768w, https:\/\/spsow.cz\/wp-content\/uploads\/2026\/03\/26032-1146x1536.jpg 1146w, https:\/\/spsow.cz\/wp-content\/uploads\/2026\/03\/26032-9x12.jpg 9w\" sizes=\"auto, (max-width: 1433px) 100vw, 1433px\" \/><\/a><\/figure>\n\n\n\n<figure class=\"wp-block-image size-full\"><a href=\"https:\/\/spsow.cz\/wp-content\/uploads\/2026\/03\/26033.jpg\"><img loading=\"lazy\" decoding=\"async\" width=\"1450\" height=\"1920\" data-id=\"14950\" src=\"https:\/\/spsow.cz\/wp-content\/uploads\/2026\/03\/26033.jpg\" alt=\"\" class=\"wp-image-14950\" srcset=\"https:\/\/spsow.cz\/wp-content\/uploads\/2026\/03\/26033.jpg 1450w, https:\/\/spsow.cz\/wp-content\/uploads\/2026\/03\/26033-227x300.jpg 227w, https:\/\/spsow.cz\/wp-content\/uploads\/2026\/03\/26033-773x1024.jpg 773w, https:\/\/spsow.cz\/wp-content\/uploads\/2026\/03\/26033-768x1017.jpg 768w, https:\/\/spsow.cz\/wp-content\/uploads\/2026\/03\/26033-1160x1536.jpg 1160w, https:\/\/spsow.cz\/wp-content\/uploads\/2026\/03\/26033-9x12.jpg 9w\" sizes=\"auto, (max-width: 1450px) 100vw, 1450px\" \/><\/a><\/figure>\n\n\n\n<figure class=\"wp-block-image size-full\"><a href=\"https:\/\/spsow.cz\/wp-content\/uploads\/2026\/03\/26038.png\"><img loading=\"lazy\" decoding=\"async\" width=\"1440\" height=\"1920\" data-id=\"14964\" src=\"https:\/\/spsow.cz\/wp-content\/uploads\/2026\/03\/26038.png\" alt=\"\" class=\"wp-image-14964\" srcset=\"https:\/\/spsow.cz\/wp-content\/uploads\/2026\/03\/26038.png 1440w, https:\/\/spsow.cz\/wp-content\/uploads\/2026\/03\/26038-225x300.png 225w, https:\/\/spsow.cz\/wp-content\/uploads\/2026\/03\/26038-768x1024.png 768w, https:\/\/spsow.cz\/wp-content\/uploads\/2026\/03\/26038-1152x1536.png 1152w, https:\/\/spsow.cz\/wp-content\/uploads\/2026\/03\/26038-9x12.png 9w\" sizes=\"auto, (max-width: 1440px) 100vw, 1440px\" \/><\/a><\/figure>\n<\/figure>","protected":false},"excerpt":{"rendered":"","protected":false},"author":6,"featured_media":14959,"parent":0,"menu_order":0,"comment_status":"closed","ping_status":"closed","template":"","meta":{"footnotes":""},"class_list":["post-14947","page","type-page","status-publish","has-post-thumbnail","hentry"],"_links":{"self":[{"href":"https:\/\/spsow.cz\/en\/wp-json\/wp\/v2\/pages\/14947","targetHints":{"allow":["GET"]}}],"collection":[{"href":"https:\/\/spsow.cz\/en\/wp-json\/wp\/v2\/pages"}],"about":[{"href":"https:\/\/spsow.cz\/en\/wp-json\/wp\/v2\/types\/page"}],"author":[{"embeddable":true,"href":"https:\/\/spsow.cz\/en\/wp-json\/wp\/v2\/users\/6"}],"replies":[{"embeddable":true,"href":"https:\/\/spsow.cz\/en\/wp-json\/wp\/v2\/comments?post=14947"}],"version-history":[{"count":1,"href":"https:\/\/spsow.cz\/en\/wp-json\/wp\/v2\/pages\/14947\/revisions"}],"predecessor-version":[{"id":14967,"href":"https:\/\/spsow.cz\/en\/wp-json\/wp\/v2\/pages\/14947\/revisions\/14967"}],"wp:featuredmedia":[{"embeddable":true,"href":"https:\/\/spsow.cz\/en\/wp-json\/wp\/v2\/media\/14959"}],"wp:attachment":[{"href":"https:\/\/spsow.cz\/en\/wp-json\/wp\/v2\/media?parent=14947"}],"curies":[{"name":"wp","href":"https:\/\/api.w.org\/{rel}","templated":true}]}}