{"id":13486,"date":"2026-01-06T09:43:12","date_gmt":"2026-01-06T08:43:12","guid":{"rendered":"https:\/\/spsow.cz\/?page_id=13486"},"modified":"2026-04-17T12:23:07","modified_gmt":"2026-04-17T10:23:07","slug":"skolska-rada-2","status":"publish","type":"page","link":"https:\/\/spsow.cz\/en\/skolska-rada-2\/","title":{"rendered":"\u0160kolsk\u00e1 rada"},"content":{"rendered":"<div class=\"wp-block-file\"><a id=\"wp-block-file--media-f5b7637c-a858-46ea-8e41-9101d223cdf2\" href=\"https:\/\/spsow.cz\/wp-content\/uploads\/2026\/04\/Clenove-Skolske-rady-.pdf\" target=\"_blank\" rel=\"noreferrer noopener\">\u010clenov\u00e9 \u0160kolsk\u00e9 rady pro obdob\u00ed 2024\/2027<\/a><\/div>\n\n\n\n<div class=\"wp-block-file\"><a id=\"wp-block-file--media-c0882a39-4b80-4eaa-8837-5515093db2ae\" href=\"https:\/\/spsow.cz\/wp-content\/uploads\/2026\/01\/Volebni-rad-SR-1-1-2026.pdf\" target=\"_blank\" rel=\"noreferrer noopener\">Volebn\u00ed \u0159\u00e1d \u0160R 1. 1. 2026<\/a><\/div>\n\n\n\n<div class=\"wp-block-file\"><a id=\"wp-block-file--media-5b3d7498-2271-42bc-a4d4-c3e0b40d77a8\" href=\"https:\/\/spsow.cz\/wp-content\/uploads\/2026\/03\/Vynatek-ze-skolskeho-zakona-upravujici-cinnost-skolskych-rad-od-1.-1.-2026.pdf\" target=\"_blank\" rel=\"noreferrer noopener\">V\u00fd\u0148atek ze \u0161kolsk\u00e9ho z\u00e1kona upravuj\u00edc\u00ed \u010dinnost \u0161kolsk\u00fdch rad od 1. 1. 2026<\/a><\/div>\n\n\n\n<div class=\"wp-block-file\"><a id=\"wp-block-file--media-8f391ad7-eb4f-4882-a02b-4fad567dd3da\" href=\"https:\/\/spsow.cz\/wp-content\/uploads\/2026\/01\/Zpusob-podavani-podnetu-oznameni-a-stiznosti-skolske-rade.pdf\" target=\"_blank\" rel=\"noreferrer noopener\">Zp\u016fsob pod\u00e1v\u00e1n\u00ed podn\u011bt\u016f, ozn\u00e1men\u00ed a st\u00ed\u017enost\u00ed \u0161kolsk\u00e9 rad\u011b<\/a><\/div>\n\n\n\n<p><\/p>","protected":false},"excerpt":{"rendered":"","protected":false},"author":2,"featured_media":0,"parent":0,"menu_order":0,"comment_status":"closed","ping_status":"closed","template":"","meta":{"footnotes":""},"class_list":["post-13486","page","type-page","status-publish","hentry"],"_links":{"self":[{"href":"https:\/\/spsow.cz\/en\/wp-json\/wp\/v2\/pages\/13486","targetHints":{"allow":["GET"]}}],"collection":[{"href":"https:\/\/spsow.cz\/en\/wp-json\/wp\/v2\/pages"}],"about":[{"href":"https:\/\/spsow.cz\/en\/wp-json\/wp\/v2\/types\/page"}],"author":[{"embeddable":true,"href":"https:\/\/spsow.cz\/en\/wp-json\/wp\/v2\/users\/2"}],"replies":[{"embeddable":true,"href":"https:\/\/spsow.cz\/en\/wp-json\/wp\/v2\/comments?post=13486"}],"version-history":[{"count":8,"href":"https:\/\/spsow.cz\/en\/wp-json\/wp\/v2\/pages\/13486\/revisions"}],"predecessor-version":[{"id":15334,"href":"https:\/\/spsow.cz\/en\/wp-json\/wp\/v2\/pages\/13486\/revisions\/15334"}],"wp:attachment":[{"href":"https:\/\/spsow.cz\/en\/wp-json\/wp\/v2\/media?parent=13486"}],"curies":[{"name":"wp","href":"https:\/\/api.w.org\/{rel}","templated":true}]}}