{"id":12230,"date":"2025-09-05T09:55:51","date_gmt":"2025-09-05T07:55:51","guid":{"rendered":"https:\/\/spsow.cz\/?page_id=12230"},"modified":"2025-11-27T12:41:26","modified_gmt":"2025-11-27T11:41:26","slug":"2025-sportovne-turisticky-kurz-hronovskych-oboru","status":"publish","type":"page","link":"https:\/\/spsow.cz\/en\/2025-sportovne-turisticky-kurz-hronovskych-oboru\/","title":{"rendered":"2025 > Sportovn\u011b-turistick\u00fd kurz hronovsk\u00fdch obor\u016f"},"content":{"rendered":"<figure class=\"wp-block-gallery has-nested-images columns-default is-cropped wp-block-gallery-1 is-layout-flex wp-block-gallery-is-layout-flex\">\n<figure class=\"wp-block-image size-large\"><a href=\"https:\/\/spsow.cz\/wp-content\/uploads\/2025\/09\/70b0ef13-70ce-42d5-a557-1724a9041297.jpg\"><img loading=\"lazy\" decoding=\"async\" width=\"1024\" height=\"765\" data-id=\"12142\" src=\"https:\/\/spsow.cz\/wp-content\/uploads\/2025\/09\/70b0ef13-70ce-42d5-a557-1724a9041297-1024x765.jpg\" alt=\"\" class=\"wp-image-12142\" srcset=\"https:\/\/spsow.cz\/wp-content\/uploads\/2025\/09\/70b0ef13-70ce-42d5-a557-1724a9041297-1024x765.jpg 1024w, https:\/\/spsow.cz\/wp-content\/uploads\/2025\/09\/70b0ef13-70ce-42d5-a557-1724a9041297-300x224.jpg 300w, https:\/\/spsow.cz\/wp-content\/uploads\/2025\/09\/70b0ef13-70ce-42d5-a557-1724a9041297-768x574.jpg 768w, https:\/\/spsow.cz\/wp-content\/uploads\/2025\/09\/70b0ef13-70ce-42d5-a557-1724a9041297-1536x1148.jpg 1536w, https:\/\/spsow.cz\/wp-content\/uploads\/2025\/09\/70b0ef13-70ce-42d5-a557-1724a9041297-16x12.jpg 16w, https:\/\/spsow.cz\/wp-content\/uploads\/2025\/09\/70b0ef13-70ce-42d5-a557-1724a9041297.jpg 1600w\" sizes=\"auto, (max-width: 1024px) 100vw, 1024px\" \/><\/a><\/figure>\n\n\n\n<figure class=\"wp-block-image size-large\"><a href=\"https:\/\/spsow.cz\/wp-content\/uploads\/2025\/09\/eee.png\"><img loading=\"lazy\" decoding=\"async\" width=\"768\" height=\"1024\" data-id=\"12141\" src=\"https:\/\/spsow.cz\/wp-content\/uploads\/2025\/09\/eee-768x1024.png\" alt=\"\" class=\"wp-image-12141\" srcset=\"https:\/\/spsow.cz\/wp-content\/uploads\/2025\/09\/eee-768x1024.png 768w, https:\/\/spsow.cz\/wp-content\/uploads\/2025\/09\/eee-225x300.png 225w, https:\/\/spsow.cz\/wp-content\/uploads\/2025\/09\/eee-1152x1536.png 1152w, https:\/\/spsow.cz\/wp-content\/uploads\/2025\/09\/eee-9x12.png 9w, https:\/\/spsow.cz\/wp-content\/uploads\/2025\/09\/eee.png 1512w\" sizes=\"auto, (max-width: 768px) 100vw, 768px\" \/><\/a><\/figure>\n\n\n\n<figure class=\"wp-block-image size-large\"><a href=\"https:\/\/spsow.cz\/wp-content\/uploads\/2025\/09\/ee.png\"><img loading=\"lazy\" decoding=\"async\" width=\"1024\" height=\"768\" data-id=\"12140\" src=\"https:\/\/spsow.cz\/wp-content\/uploads\/2025\/09\/ee-1024x768.png\" alt=\"\" class=\"wp-image-12140\" srcset=\"https:\/\/spsow.cz\/wp-content\/uploads\/2025\/09\/ee-1024x768.png 1024w, https:\/\/spsow.cz\/wp-content\/uploads\/2025\/09\/ee-300x225.png 300w, https:\/\/spsow.cz\/wp-content\/uploads\/2025\/09\/ee-768x576.png 768w, https:\/\/spsow.cz\/wp-content\/uploads\/2025\/09\/ee-1536x1152.png 1536w, https:\/\/spsow.cz\/wp-content\/uploads\/2025\/09\/ee-16x12.png 16w, https:\/\/spsow.cz\/wp-content\/uploads\/2025\/09\/ee.png 2016w\" sizes=\"auto, (max-width: 1024px) 100vw, 1024px\" \/><\/a><\/figure>\n\n\n\n<figure class=\"wp-block-image size-large\"><a href=\"https:\/\/spsow.cz\/wp-content\/uploads\/2025\/09\/e.png\"><img loading=\"lazy\" decoding=\"async\" width=\"1024\" height=\"724\" data-id=\"12139\" src=\"https:\/\/spsow.cz\/wp-content\/uploads\/2025\/09\/e-1024x724.png\" alt=\"\" class=\"wp-image-12139\" srcset=\"https:\/\/spsow.cz\/wp-content\/uploads\/2025\/09\/e-1024x724.png 1024w, https:\/\/spsow.cz\/wp-content\/uploads\/2025\/09\/e-300x212.png 300w, https:\/\/spsow.cz\/wp-content\/uploads\/2025\/09\/e-768x543.png 768w, https:\/\/spsow.cz\/wp-content\/uploads\/2025\/09\/e-18x12.png 18w, https:\/\/spsow.cz\/wp-content\/uploads\/2025\/09\/e.png 1248w\" sizes=\"auto, (max-width: 1024px) 100vw, 1024px\" \/><\/a><\/figure>\n\n\n\n<figure class=\"wp-block-image size-large\"><a href=\"https:\/\/spsow.cz\/wp-content\/uploads\/2025\/09\/dd.png\"><img loading=\"lazy\" decoding=\"async\" width=\"1024\" height=\"768\" data-id=\"12138\" src=\"https:\/\/spsow.cz\/wp-content\/uploads\/2025\/09\/dd-1024x768.png\" alt=\"\" class=\"wp-image-12138\" srcset=\"https:\/\/spsow.cz\/wp-content\/uploads\/2025\/09\/dd-1024x768.png 1024w, https:\/\/spsow.cz\/wp-content\/uploads\/2025\/09\/dd-300x225.png 300w, https:\/\/spsow.cz\/wp-content\/uploads\/2025\/09\/dd-768x576.png 768w, https:\/\/spsow.cz\/wp-content\/uploads\/2025\/09\/dd-16x12.png 16w, https:\/\/spsow.cz\/wp-content\/uploads\/2025\/09\/dd.png 1280w\" sizes=\"auto, (max-width: 1024px) 100vw, 1024px\" \/><\/a><\/figure>\n\n\n\n<figure class=\"wp-block-image size-large\"><a href=\"https:\/\/spsow.cz\/wp-content\/uploads\/2025\/09\/xxx.png\"><img loading=\"lazy\" decoding=\"async\" width=\"1024\" height=\"768\" data-id=\"12137\" src=\"https:\/\/spsow.cz\/wp-content\/uploads\/2025\/09\/xxx-1024x768.png\" alt=\"\" class=\"wp-image-12137\" srcset=\"https:\/\/spsow.cz\/wp-content\/uploads\/2025\/09\/xxx-1024x768.png 1024w, https:\/\/spsow.cz\/wp-content\/uploads\/2025\/09\/xxx-300x225.png 300w, https:\/\/spsow.cz\/wp-content\/uploads\/2025\/09\/xxx-768x576.png 768w, https:\/\/spsow.cz\/wp-content\/uploads\/2025\/09\/xxx-1536x1152.png 1536w, https:\/\/spsow.cz\/wp-content\/uploads\/2025\/09\/xxx-16x12.png 16w, https:\/\/spsow.cz\/wp-content\/uploads\/2025\/09\/xxx.png 2016w\" sizes=\"auto, (max-width: 1024px) 100vw, 1024px\" \/><\/a><\/figure>\n\n\n\n<figure class=\"wp-block-image size-large\"><a href=\"https:\/\/spsow.cz\/wp-content\/uploads\/2025\/09\/x.png\"><img loading=\"lazy\" decoding=\"async\" width=\"768\" height=\"1024\" data-id=\"12136\" src=\"https:\/\/spsow.cz\/wp-content\/uploads\/2025\/09\/x-768x1024.png\" alt=\"\" class=\"wp-image-12136\" srcset=\"https:\/\/spsow.cz\/wp-content\/uploads\/2025\/09\/x-768x1024.png 768w, https:\/\/spsow.cz\/wp-content\/uploads\/2025\/09\/x-225x300.png 225w, https:\/\/spsow.cz\/wp-content\/uploads\/2025\/09\/x-1152x1536.png 1152w, https:\/\/spsow.cz\/wp-content\/uploads\/2025\/09\/x-9x12.png 9w, https:\/\/spsow.cz\/wp-content\/uploads\/2025\/09\/x.png 1512w\" sizes=\"auto, (max-width: 768px) 100vw, 768px\" \/><\/a><\/figure>\n\n\n\n<figure class=\"wp-block-image size-large\"><a href=\"https:\/\/spsow.cz\/wp-content\/uploads\/2025\/09\/ss.png\"><img loading=\"lazy\" decoding=\"async\" width=\"1024\" height=\"768\" data-id=\"12135\" src=\"https:\/\/spsow.cz\/wp-content\/uploads\/2025\/09\/ss-1024x768.png\" alt=\"\" class=\"wp-image-12135\" srcset=\"https:\/\/spsow.cz\/wp-content\/uploads\/2025\/09\/ss-1024x768.png 1024w, https:\/\/spsow.cz\/wp-content\/uploads\/2025\/09\/ss-300x225.png 300w, https:\/\/spsow.cz\/wp-content\/uploads\/2025\/09\/ss-768x576.png 768w, https:\/\/spsow.cz\/wp-content\/uploads\/2025\/09\/ss-16x12.png 16w, https:\/\/spsow.cz\/wp-content\/uploads\/2025\/09\/ss.png 1280w\" sizes=\"auto, (max-width: 1024px) 100vw, 1024px\" \/><\/a><\/figure>\n\n\n\n<figure class=\"wp-block-image size-large\"><a href=\"https:\/\/spsow.cz\/wp-content\/uploads\/2025\/09\/s.png\"><img loading=\"lazy\" decoding=\"async\" width=\"1024\" height=\"768\" data-id=\"12134\" src=\"https:\/\/spsow.cz\/wp-content\/uploads\/2025\/09\/s-1024x768.png\" alt=\"\" class=\"wp-image-12134\" srcset=\"https:\/\/spsow.cz\/wp-content\/uploads\/2025\/09\/s-1024x768.png 1024w, https:\/\/spsow.cz\/wp-content\/uploads\/2025\/09\/s-300x225.png 300w, https:\/\/spsow.cz\/wp-content\/uploads\/2025\/09\/s-768x576.png 768w, https:\/\/spsow.cz\/wp-content\/uploads\/2025\/09\/s-16x12.png 16w, https:\/\/spsow.cz\/wp-content\/uploads\/2025\/09\/s.png 1280w\" sizes=\"auto, (max-width: 1024px) 100vw, 1024px\" \/><\/a><\/figure>\n\n\n\n<figure class=\"wp-block-image size-large\"><a href=\"https:\/\/spsow.cz\/wp-content\/uploads\/2025\/09\/rr.png\"><img loading=\"lazy\" decoding=\"async\" width=\"768\" height=\"1024\" data-id=\"12133\" src=\"https:\/\/spsow.cz\/wp-content\/uploads\/2025\/09\/rr-768x1024.png\" alt=\"\" class=\"wp-image-12133\" srcset=\"https:\/\/spsow.cz\/wp-content\/uploads\/2025\/09\/rr-768x1024.png 768w, https:\/\/spsow.cz\/wp-content\/uploads\/2025\/09\/rr-225x300.png 225w, https:\/\/spsow.cz\/wp-content\/uploads\/2025\/09\/rr-1152x1536.png 1152w, https:\/\/spsow.cz\/wp-content\/uploads\/2025\/09\/rr-9x12.png 9w, https:\/\/spsow.cz\/wp-content\/uploads\/2025\/09\/rr.png 1512w\" sizes=\"auto, (max-width: 768px) 100vw, 768px\" \/><\/a><\/figure>\n\n\n\n<figure class=\"wp-block-image size-large\"><a href=\"https:\/\/spsow.cz\/wp-content\/uploads\/2025\/09\/r.png\"><img loading=\"lazy\" decoding=\"async\" width=\"768\" height=\"1024\" data-id=\"12132\" src=\"https:\/\/spsow.cz\/wp-content\/uploads\/2025\/09\/r-768x1024.png\" alt=\"\" class=\"wp-image-12132\" srcset=\"https:\/\/spsow.cz\/wp-content\/uploads\/2025\/09\/r-768x1024.png 768w, https:\/\/spsow.cz\/wp-content\/uploads\/2025\/09\/r-225x300.png 225w, https:\/\/spsow.cz\/wp-content\/uploads\/2025\/09\/r-1152x1536.png 1152w, https:\/\/spsow.cz\/wp-content\/uploads\/2025\/09\/r-9x12.png 9w, https:\/\/spsow.cz\/wp-content\/uploads\/2025\/09\/r.png 1512w\" sizes=\"auto, (max-width: 768px) 100vw, 768px\" \/><\/a><\/figure>\n\n\n\n<figure class=\"wp-block-image size-large\"><a href=\"https:\/\/spsow.cz\/wp-content\/uploads\/2025\/09\/n.png\"><img loading=\"lazy\" decoding=\"async\" width=\"1024\" height=\"768\" data-id=\"12131\" src=\"https:\/\/spsow.cz\/wp-content\/uploads\/2025\/09\/n-1024x768.png\" alt=\"\" class=\"wp-image-12131\" srcset=\"https:\/\/spsow.cz\/wp-content\/uploads\/2025\/09\/n-1024x768.png 1024w, https:\/\/spsow.cz\/wp-content\/uploads\/2025\/09\/n-300x225.png 300w, https:\/\/spsow.cz\/wp-content\/uploads\/2025\/09\/n-768x576.png 768w, https:\/\/spsow.cz\/wp-content\/uploads\/2025\/09\/n-1536x1152.png 1536w, https:\/\/spsow.cz\/wp-content\/uploads\/2025\/09\/n-16x12.png 16w, https:\/\/spsow.cz\/wp-content\/uploads\/2025\/09\/n.png 2016w\" sizes=\"auto, (max-width: 1024px) 100vw, 1024px\" \/><\/a><\/figure>\n\n\n\n<figure class=\"wp-block-image size-large\"><a href=\"https:\/\/spsow.cz\/wp-content\/uploads\/2025\/09\/hh.png\"><img loading=\"lazy\" decoding=\"async\" width=\"1024\" height=\"768\" data-id=\"12130\" src=\"https:\/\/spsow.cz\/wp-content\/uploads\/2025\/09\/hh-1024x768.png\" alt=\"\" class=\"wp-image-12130\" srcset=\"https:\/\/spsow.cz\/wp-content\/uploads\/2025\/09\/hh-1024x768.png 1024w, https:\/\/spsow.cz\/wp-content\/uploads\/2025\/09\/hh-300x225.png 300w, https:\/\/spsow.cz\/wp-content\/uploads\/2025\/09\/hh-768x576.png 768w, https:\/\/spsow.cz\/wp-content\/uploads\/2025\/09\/hh-1536x1152.png 1536w, https:\/\/spsow.cz\/wp-content\/uploads\/2025\/09\/hh-16x12.png 16w, https:\/\/spsow.cz\/wp-content\/uploads\/2025\/09\/hh.png 2016w\" sizes=\"auto, (max-width: 1024px) 100vw, 1024px\" \/><\/a><\/figure>\n\n\n\n<figure class=\"wp-block-image size-large\"><a href=\"https:\/\/spsow.cz\/wp-content\/uploads\/2025\/09\/gf.jpg\"><img loading=\"lazy\" decoding=\"async\" width=\"1024\" height=\"768\" data-id=\"12129\" src=\"https:\/\/spsow.cz\/wp-content\/uploads\/2025\/09\/gf-1024x768.jpg\" alt=\"\" class=\"wp-image-12129\" srcset=\"https:\/\/spsow.cz\/wp-content\/uploads\/2025\/09\/gf-1024x768.jpg 1024w, https:\/\/spsow.cz\/wp-content\/uploads\/2025\/09\/gf-300x225.jpg 300w, https:\/\/spsow.cz\/wp-content\/uploads\/2025\/09\/gf-768x576.jpg 768w, https:\/\/spsow.cz\/wp-content\/uploads\/2025\/09\/gf-16x12.jpg 16w, https:\/\/spsow.cz\/wp-content\/uploads\/2025\/09\/gf.jpg 1280w\" sizes=\"auto, (max-width: 1024px) 100vw, 1024px\" \/><\/a><\/figure>\n\n\n\n<figure class=\"wp-block-image size-large\"><a href=\"https:\/\/spsow.cz\/wp-content\/uploads\/2025\/09\/ff.png\"><img loading=\"lazy\" decoding=\"async\" width=\"1024\" height=\"768\" data-id=\"12128\" src=\"https:\/\/spsow.cz\/wp-content\/uploads\/2025\/09\/ff-1024x768.png\" alt=\"\" class=\"wp-image-12128\" srcset=\"https:\/\/spsow.cz\/wp-content\/uploads\/2025\/09\/ff-1024x768.png 1024w, https:\/\/spsow.cz\/wp-content\/uploads\/2025\/09\/ff-300x225.png 300w, https:\/\/spsow.cz\/wp-content\/uploads\/2025\/09\/ff-768x576.png 768w, https:\/\/spsow.cz\/wp-content\/uploads\/2025\/09\/ff-1536x1152.png 1536w, https:\/\/spsow.cz\/wp-content\/uploads\/2025\/09\/ff-16x12.png 16w, https:\/\/spsow.cz\/wp-content\/uploads\/2025\/09\/ff.png 2016w\" sizes=\"auto, (max-width: 1024px) 100vw, 1024px\" \/><\/a><\/figure>\n\n\n\n<figure class=\"wp-block-image size-large\"><a href=\"https:\/\/spsow.cz\/wp-content\/uploads\/2025\/09\/f.png\"><img loading=\"lazy\" decoding=\"async\" width=\"1024\" height=\"768\" data-id=\"12127\" src=\"https:\/\/spsow.cz\/wp-content\/uploads\/2025\/09\/f-1024x768.png\" alt=\"\" class=\"wp-image-12127\" srcset=\"https:\/\/spsow.cz\/wp-content\/uploads\/2025\/09\/f-1024x768.png 1024w, https:\/\/spsow.cz\/wp-content\/uploads\/2025\/09\/f-300x225.png 300w, https:\/\/spsow.cz\/wp-content\/uploads\/2025\/09\/f-768x576.png 768w, https:\/\/spsow.cz\/wp-content\/uploads\/2025\/09\/f-1536x1152.png 1536w, https:\/\/spsow.cz\/wp-content\/uploads\/2025\/09\/f-16x12.png 16w, https:\/\/spsow.cz\/wp-content\/uploads\/2025\/09\/f.png 2016w\" sizes=\"auto, (max-width: 1024px) 100vw, 1024px\" \/><\/a><\/figure>\n<\/figure>","protected":false},"excerpt":{"rendered":"","protected":false},"author":6,"featured_media":12130,"parent":0,"menu_order":0,"comment_status":"closed","ping_status":"closed","template":"","meta":{"footnotes":""},"class_list":["post-12230","page","type-page","status-publish","has-post-thumbnail","hentry"],"_links":{"self":[{"href":"https:\/\/spsow.cz\/en\/wp-json\/wp\/v2\/pages\/12230","targetHints":{"allow":["GET"]}}],"collection":[{"href":"https:\/\/spsow.cz\/en\/wp-json\/wp\/v2\/pages"}],"about":[{"href":"https:\/\/spsow.cz\/en\/wp-json\/wp\/v2\/types\/page"}],"author":[{"embeddable":true,"href":"https:\/\/spsow.cz\/en\/wp-json\/wp\/v2\/users\/6"}],"replies":[{"embeddable":true,"href":"https:\/\/spsow.cz\/en\/wp-json\/wp\/v2\/comments?post=12230"}],"version-history":[{"count":1,"href":"https:\/\/spsow.cz\/en\/wp-json\/wp\/v2\/pages\/12230\/revisions"}],"predecessor-version":[{"id":12231,"href":"https:\/\/spsow.cz\/en\/wp-json\/wp\/v2\/pages\/12230\/revisions\/12231"}],"wp:featuredmedia":[{"embeddable":true,"href":"https:\/\/spsow.cz\/en\/wp-json\/wp\/v2\/media\/12130"}],"wp:attachment":[{"href":"https:\/\/spsow.cz\/en\/wp-json\/wp\/v2\/media?parent=12230"}],"curies":[{"name":"wp","href":"https:\/\/api.w.org\/{rel}","templated":true}]}}