{"id":12219,"date":"2025-09-05T09:57:17","date_gmt":"2025-09-05T07:57:17","guid":{"rendered":"https:\/\/spsow.cz\/?page_id=12219"},"modified":"2025-11-27T12:42:13","modified_gmt":"2025-11-27T11:42:13","slug":"2025-vodacky-kurz-poricskych-oboru","status":"publish","type":"page","link":"https:\/\/spsow.cz\/en\/2025-vodacky-kurz-poricskych-oboru\/","title":{"rendered":"2025 > Vod\u00e1ck\u00fd kurz po\u0159\u00ed\u010dsk\u00fdch obor\u016f"},"content":{"rendered":"<figure class=\"wp-block-gallery has-nested-images columns-default is-cropped wp-block-gallery-1 is-layout-flex wp-block-gallery-is-layout-flex\">\n<figure class=\"wp-block-image size-large\"><a href=\"https:\/\/spsow.cz\/wp-content\/uploads\/2025\/09\/IMG_0148-scaled.jpg\"><img loading=\"lazy\" decoding=\"async\" width=\"768\" height=\"1024\" data-id=\"12008\" src=\"https:\/\/spsow.cz\/wp-content\/uploads\/2025\/09\/IMG_0148-768x1024.jpg\" alt=\"\" class=\"wp-image-12008\" srcset=\"https:\/\/spsow.cz\/wp-content\/uploads\/2025\/09\/IMG_0148-768x1024.jpg 768w, https:\/\/spsow.cz\/wp-content\/uploads\/2025\/09\/IMG_0148-225x300.jpg 225w, https:\/\/spsow.cz\/wp-content\/uploads\/2025\/09\/IMG_0148-1152x1536.jpg 1152w, https:\/\/spsow.cz\/wp-content\/uploads\/2025\/09\/IMG_0148-1536x2048.jpg 1536w, https:\/\/spsow.cz\/wp-content\/uploads\/2025\/09\/IMG_0148-9x12.jpg 9w, https:\/\/spsow.cz\/wp-content\/uploads\/2025\/09\/IMG_0148-scaled.jpg 1920w\" sizes=\"auto, (max-width: 768px) 100vw, 768px\" \/><\/a><\/figure>\n\n\n\n<figure class=\"wp-block-image size-large\"><a href=\"https:\/\/spsow.cz\/wp-content\/uploads\/2025\/09\/IMG_0127-scaled.jpg\"><img loading=\"lazy\" decoding=\"async\" width=\"768\" height=\"1024\" data-id=\"12007\" src=\"https:\/\/spsow.cz\/wp-content\/uploads\/2025\/09\/IMG_0127-768x1024.jpg\" alt=\"\" class=\"wp-image-12007\" srcset=\"https:\/\/spsow.cz\/wp-content\/uploads\/2025\/09\/IMG_0127-768x1024.jpg 768w, https:\/\/spsow.cz\/wp-content\/uploads\/2025\/09\/IMG_0127-225x300.jpg 225w, https:\/\/spsow.cz\/wp-content\/uploads\/2025\/09\/IMG_0127-1152x1536.jpg 1152w, https:\/\/spsow.cz\/wp-content\/uploads\/2025\/09\/IMG_0127-1536x2048.jpg 1536w, https:\/\/spsow.cz\/wp-content\/uploads\/2025\/09\/IMG_0127-9x12.jpg 9w, https:\/\/spsow.cz\/wp-content\/uploads\/2025\/09\/IMG_0127-scaled.jpg 1920w\" sizes=\"auto, (max-width: 768px) 100vw, 768px\" \/><\/a><\/figure>\n\n\n\n<figure class=\"wp-block-image size-large\"><a href=\"https:\/\/spsow.cz\/wp-content\/uploads\/2025\/09\/IMG_0122-scaled.jpg\"><img loading=\"lazy\" decoding=\"async\" width=\"768\" height=\"1024\" data-id=\"12006\" src=\"https:\/\/spsow.cz\/wp-content\/uploads\/2025\/09\/IMG_0122-768x1024.jpg\" alt=\"\" class=\"wp-image-12006\" srcset=\"https:\/\/spsow.cz\/wp-content\/uploads\/2025\/09\/IMG_0122-768x1024.jpg 768w, https:\/\/spsow.cz\/wp-content\/uploads\/2025\/09\/IMG_0122-225x300.jpg 225w, https:\/\/spsow.cz\/wp-content\/uploads\/2025\/09\/IMG_0122-1152x1536.jpg 1152w, https:\/\/spsow.cz\/wp-content\/uploads\/2025\/09\/IMG_0122-1536x2048.jpg 1536w, https:\/\/spsow.cz\/wp-content\/uploads\/2025\/09\/IMG_0122-9x12.jpg 9w, https:\/\/spsow.cz\/wp-content\/uploads\/2025\/09\/IMG_0122-scaled.jpg 1920w\" sizes=\"auto, (max-width: 768px) 100vw, 768px\" \/><\/a><\/figure>\n\n\n\n<figure class=\"wp-block-image size-large\"><a href=\"https:\/\/spsow.cz\/wp-content\/uploads\/2025\/09\/IMG_0121-scaled.jpg\"><img loading=\"lazy\" decoding=\"async\" width=\"1024\" height=\"768\" data-id=\"12005\" src=\"https:\/\/spsow.cz\/wp-content\/uploads\/2025\/09\/IMG_0121-1024x768.jpg\" alt=\"\" class=\"wp-image-12005\" srcset=\"https:\/\/spsow.cz\/wp-content\/uploads\/2025\/09\/IMG_0121-1024x768.jpg 1024w, https:\/\/spsow.cz\/wp-content\/uploads\/2025\/09\/IMG_0121-300x225.jpg 300w, https:\/\/spsow.cz\/wp-content\/uploads\/2025\/09\/IMG_0121-768x576.jpg 768w, https:\/\/spsow.cz\/wp-content\/uploads\/2025\/09\/IMG_0121-1536x1152.jpg 1536w, https:\/\/spsow.cz\/wp-content\/uploads\/2025\/09\/IMG_0121-2048x1536.jpg 2048w, https:\/\/spsow.cz\/wp-content\/uploads\/2025\/09\/IMG_0121-16x12.jpg 16w\" sizes=\"auto, (max-width: 1024px) 100vw, 1024px\" \/><\/a><\/figure>\n\n\n\n<figure class=\"wp-block-image size-large\"><a href=\"https:\/\/spsow.cz\/wp-content\/uploads\/2025\/09\/IMG_0119-scaled.jpg\"><img loading=\"lazy\" decoding=\"async\" width=\"768\" height=\"1024\" data-id=\"12003\" src=\"https:\/\/spsow.cz\/wp-content\/uploads\/2025\/09\/IMG_0119-768x1024.jpg\" alt=\"\" class=\"wp-image-12003\" srcset=\"https:\/\/spsow.cz\/wp-content\/uploads\/2025\/09\/IMG_0119-768x1024.jpg 768w, https:\/\/spsow.cz\/wp-content\/uploads\/2025\/09\/IMG_0119-225x300.jpg 225w, https:\/\/spsow.cz\/wp-content\/uploads\/2025\/09\/IMG_0119-1152x1536.jpg 1152w, https:\/\/spsow.cz\/wp-content\/uploads\/2025\/09\/IMG_0119-1536x2048.jpg 1536w, https:\/\/spsow.cz\/wp-content\/uploads\/2025\/09\/IMG_0119-9x12.jpg 9w, https:\/\/spsow.cz\/wp-content\/uploads\/2025\/09\/IMG_0119-scaled.jpg 1920w\" sizes=\"auto, (max-width: 768px) 100vw, 768px\" \/><\/a><\/figure>\n\n\n\n<figure class=\"wp-block-image size-large\"><a href=\"https:\/\/spsow.cz\/wp-content\/uploads\/2025\/09\/IMG_0117-scaled.jpg\"><img loading=\"lazy\" decoding=\"async\" width=\"768\" height=\"1024\" data-id=\"12002\" src=\"https:\/\/spsow.cz\/wp-content\/uploads\/2025\/09\/IMG_0117-768x1024.jpg\" alt=\"\" class=\"wp-image-12002\" srcset=\"https:\/\/spsow.cz\/wp-content\/uploads\/2025\/09\/IMG_0117-768x1024.jpg 768w, https:\/\/spsow.cz\/wp-content\/uploads\/2025\/09\/IMG_0117-225x300.jpg 225w, https:\/\/spsow.cz\/wp-content\/uploads\/2025\/09\/IMG_0117-1152x1536.jpg 1152w, https:\/\/spsow.cz\/wp-content\/uploads\/2025\/09\/IMG_0117-1536x2048.jpg 1536w, https:\/\/spsow.cz\/wp-content\/uploads\/2025\/09\/IMG_0117-9x12.jpg 9w, https:\/\/spsow.cz\/wp-content\/uploads\/2025\/09\/IMG_0117-scaled.jpg 1920w\" sizes=\"auto, (max-width: 768px) 100vw, 768px\" \/><\/a><\/figure>\n\n\n\n<figure class=\"wp-block-image size-large\"><a href=\"https:\/\/spsow.cz\/wp-content\/uploads\/2025\/09\/IMG_8979.jpg\"><img loading=\"lazy\" decoding=\"async\" width=\"576\" height=\"1024\" data-id=\"12001\" src=\"https:\/\/spsow.cz\/wp-content\/uploads\/2025\/09\/IMG_8979-576x1024.jpg\" alt=\"\" class=\"wp-image-12001\" srcset=\"https:\/\/spsow.cz\/wp-content\/uploads\/2025\/09\/IMG_8979-576x1024.jpg 576w, https:\/\/spsow.cz\/wp-content\/uploads\/2025\/09\/IMG_8979-169x300.jpg 169w, https:\/\/spsow.cz\/wp-content\/uploads\/2025\/09\/IMG_8979-768x1365.jpg 768w, https:\/\/spsow.cz\/wp-content\/uploads\/2025\/09\/IMG_8979-864x1536.jpg 864w, https:\/\/spsow.cz\/wp-content\/uploads\/2025\/09\/IMG_8979-1152x2048.jpg 1152w, https:\/\/spsow.cz\/wp-content\/uploads\/2025\/09\/IMG_8979-7x12.jpg 7w, https:\/\/spsow.cz\/wp-content\/uploads\/2025\/09\/IMG_8979.jpg 1242w\" sizes=\"auto, (max-width: 576px) 100vw, 576px\" \/><\/a><\/figure>\n\n\n\n<figure class=\"wp-block-image size-large\"><a href=\"https:\/\/spsow.cz\/wp-content\/uploads\/2025\/09\/IMG_6441-2-scaled.jpg\"><img loading=\"lazy\" decoding=\"async\" width=\"769\" height=\"1024\" data-id=\"12000\" src=\"https:\/\/spsow.cz\/wp-content\/uploads\/2025\/09\/IMG_6441-2-769x1024.jpg\" alt=\"\" class=\"wp-image-12000\" srcset=\"https:\/\/spsow.cz\/wp-content\/uploads\/2025\/09\/IMG_6441-2-769x1024.jpg 769w, https:\/\/spsow.cz\/wp-content\/uploads\/2025\/09\/IMG_6441-2-225x300.jpg 225w, https:\/\/spsow.cz\/wp-content\/uploads\/2025\/09\/IMG_6441-2-768x1022.jpg 768w, https:\/\/spsow.cz\/wp-content\/uploads\/2025\/09\/IMG_6441-2-1154x1536.jpg 1154w, https:\/\/spsow.cz\/wp-content\/uploads\/2025\/09\/IMG_6441-2-1539x2048.jpg 1539w, https:\/\/spsow.cz\/wp-content\/uploads\/2025\/09\/IMG_6441-2-9x12.jpg 9w, https:\/\/spsow.cz\/wp-content\/uploads\/2025\/09\/IMG_6441-2-scaled.jpg 1923w\" sizes=\"auto, (max-width: 769px) 100vw, 769px\" \/><\/a><\/figure>\n\n\n\n<figure class=\"wp-block-image size-large\"><a href=\"https:\/\/spsow.cz\/wp-content\/uploads\/2025\/09\/IMG_6431-2-scaled.jpg\"><img loading=\"lazy\" decoding=\"async\" width=\"768\" height=\"1024\" data-id=\"11999\" src=\"https:\/\/spsow.cz\/wp-content\/uploads\/2025\/09\/IMG_6431-2-768x1024.jpg\" alt=\"\" class=\"wp-image-11999\" srcset=\"https:\/\/spsow.cz\/wp-content\/uploads\/2025\/09\/IMG_6431-2-768x1024.jpg 768w, https:\/\/spsow.cz\/wp-content\/uploads\/2025\/09\/IMG_6431-2-225x300.jpg 225w, https:\/\/spsow.cz\/wp-content\/uploads\/2025\/09\/IMG_6431-2-1152x1536.jpg 1152w, https:\/\/spsow.cz\/wp-content\/uploads\/2025\/09\/IMG_6431-2-1536x2048.jpg 1536w, https:\/\/spsow.cz\/wp-content\/uploads\/2025\/09\/IMG_6431-2-9x12.jpg 9w, https:\/\/spsow.cz\/wp-content\/uploads\/2025\/09\/IMG_6431-2-scaled.jpg 1920w\" sizes=\"auto, (max-width: 768px) 100vw, 768px\" \/><\/a><\/figure>\n\n\n\n<figure class=\"wp-block-image size-large\"><a href=\"https:\/\/spsow.cz\/wp-content\/uploads\/2025\/09\/IMG_6426-2-scaled.jpg\"><img loading=\"lazy\" decoding=\"async\" width=\"768\" height=\"1024\" data-id=\"11997\" src=\"https:\/\/spsow.cz\/wp-content\/uploads\/2025\/09\/IMG_6426-2-768x1024.jpg\" alt=\"\" class=\"wp-image-11997\" srcset=\"https:\/\/spsow.cz\/wp-content\/uploads\/2025\/09\/IMG_6426-2-768x1024.jpg 768w, https:\/\/spsow.cz\/wp-content\/uploads\/2025\/09\/IMG_6426-2-225x300.jpg 225w, https:\/\/spsow.cz\/wp-content\/uploads\/2025\/09\/IMG_6426-2-1152x1536.jpg 1152w, https:\/\/spsow.cz\/wp-content\/uploads\/2025\/09\/IMG_6426-2-1536x2048.jpg 1536w, https:\/\/spsow.cz\/wp-content\/uploads\/2025\/09\/IMG_6426-2-9x12.jpg 9w, https:\/\/spsow.cz\/wp-content\/uploads\/2025\/09\/IMG_6426-2-scaled.jpg 1920w\" sizes=\"auto, (max-width: 768px) 100vw, 768px\" \/><\/a><\/figure>\n\n\n\n<figure class=\"wp-block-image size-large\"><a href=\"https:\/\/spsow.cz\/wp-content\/uploads\/2025\/09\/IMG_6419-4-scaled.jpg\"><img loading=\"lazy\" decoding=\"async\" width=\"768\" height=\"1024\" data-id=\"11996\" src=\"https:\/\/spsow.cz\/wp-content\/uploads\/2025\/09\/IMG_6419-4-768x1024.jpg\" alt=\"\" class=\"wp-image-11996\" srcset=\"https:\/\/spsow.cz\/wp-content\/uploads\/2025\/09\/IMG_6419-4-768x1024.jpg 768w, https:\/\/spsow.cz\/wp-content\/uploads\/2025\/09\/IMG_6419-4-225x300.jpg 225w, https:\/\/spsow.cz\/wp-content\/uploads\/2025\/09\/IMG_6419-4-1152x1536.jpg 1152w, https:\/\/spsow.cz\/wp-content\/uploads\/2025\/09\/IMG_6419-4-1536x2048.jpg 1536w, https:\/\/spsow.cz\/wp-content\/uploads\/2025\/09\/IMG_6419-4-9x12.jpg 9w, https:\/\/spsow.cz\/wp-content\/uploads\/2025\/09\/IMG_6419-4-scaled.jpg 1920w\" sizes=\"auto, (max-width: 768px) 100vw, 768px\" \/><\/a><\/figure>\n\n\n\n<figure class=\"wp-block-image size-large\"><a href=\"https:\/\/spsow.cz\/wp-content\/uploads\/2025\/09\/IMG_6418-2-scaled.jpg\"><img loading=\"lazy\" decoding=\"async\" width=\"768\" height=\"1024\" data-id=\"11995\" src=\"https:\/\/spsow.cz\/wp-content\/uploads\/2025\/09\/IMG_6418-2-768x1024.jpg\" alt=\"\" class=\"wp-image-11995\" srcset=\"https:\/\/spsow.cz\/wp-content\/uploads\/2025\/09\/IMG_6418-2-768x1024.jpg 768w, https:\/\/spsow.cz\/wp-content\/uploads\/2025\/09\/IMG_6418-2-225x300.jpg 225w, https:\/\/spsow.cz\/wp-content\/uploads\/2025\/09\/IMG_6418-2-1152x1536.jpg 1152w, https:\/\/spsow.cz\/wp-content\/uploads\/2025\/09\/IMG_6418-2-1536x2048.jpg 1536w, https:\/\/spsow.cz\/wp-content\/uploads\/2025\/09\/IMG_6418-2-9x12.jpg 9w, https:\/\/spsow.cz\/wp-content\/uploads\/2025\/09\/IMG_6418-2-scaled.jpg 1920w\" sizes=\"auto, (max-width: 768px) 100vw, 768px\" \/><\/a><\/figure>\n\n\n\n<figure class=\"wp-block-image size-large\"><a href=\"https:\/\/spsow.cz\/wp-content\/uploads\/2025\/09\/IMG_6416-4-scaled.jpg\"><img loading=\"lazy\" decoding=\"async\" width=\"1024\" height=\"768\" data-id=\"11994\" src=\"https:\/\/spsow.cz\/wp-content\/uploads\/2025\/09\/IMG_6416-4-1024x768.jpg\" alt=\"\" class=\"wp-image-11994\" srcset=\"https:\/\/spsow.cz\/wp-content\/uploads\/2025\/09\/IMG_6416-4-1024x768.jpg 1024w, https:\/\/spsow.cz\/wp-content\/uploads\/2025\/09\/IMG_6416-4-300x225.jpg 300w, https:\/\/spsow.cz\/wp-content\/uploads\/2025\/09\/IMG_6416-4-768x576.jpg 768w, https:\/\/spsow.cz\/wp-content\/uploads\/2025\/09\/IMG_6416-4-1536x1152.jpg 1536w, https:\/\/spsow.cz\/wp-content\/uploads\/2025\/09\/IMG_6416-4-2048x1536.jpg 2048w, https:\/\/spsow.cz\/wp-content\/uploads\/2025\/09\/IMG_6416-4-16x12.jpg 16w\" sizes=\"auto, (max-width: 1024px) 100vw, 1024px\" \/><\/a><\/figure>\n\n\n\n<figure class=\"wp-block-image size-large\"><a href=\"https:\/\/spsow.cz\/wp-content\/uploads\/2025\/09\/IMG_6371-4-scaled.jpg\"><img loading=\"lazy\" decoding=\"async\" width=\"768\" height=\"1024\" data-id=\"11993\" src=\"https:\/\/spsow.cz\/wp-content\/uploads\/2025\/09\/IMG_6371-4-768x1024.jpg\" alt=\"\" class=\"wp-image-11993\" srcset=\"https:\/\/spsow.cz\/wp-content\/uploads\/2025\/09\/IMG_6371-4-768x1024.jpg 768w, https:\/\/spsow.cz\/wp-content\/uploads\/2025\/09\/IMG_6371-4-225x300.jpg 225w, https:\/\/spsow.cz\/wp-content\/uploads\/2025\/09\/IMG_6371-4-1152x1536.jpg 1152w, https:\/\/spsow.cz\/wp-content\/uploads\/2025\/09\/IMG_6371-4-1536x2048.jpg 1536w, https:\/\/spsow.cz\/wp-content\/uploads\/2025\/09\/IMG_6371-4-9x12.jpg 9w, https:\/\/spsow.cz\/wp-content\/uploads\/2025\/09\/IMG_6371-4-scaled.jpg 1920w\" sizes=\"auto, (max-width: 768px) 100vw, 768px\" \/><\/a><\/figure>\n\n\n\n<figure class=\"wp-block-image size-large\"><a href=\"https:\/\/spsow.cz\/wp-content\/uploads\/2025\/09\/IMG_6357-2-scaled.jpg\"><img loading=\"lazy\" decoding=\"async\" width=\"768\" height=\"1024\" data-id=\"11992\" src=\"https:\/\/spsow.cz\/wp-content\/uploads\/2025\/09\/IMG_6357-2-768x1024.jpg\" alt=\"\" class=\"wp-image-11992\" srcset=\"https:\/\/spsow.cz\/wp-content\/uploads\/2025\/09\/IMG_6357-2-768x1024.jpg 768w, https:\/\/spsow.cz\/wp-content\/uploads\/2025\/09\/IMG_6357-2-225x300.jpg 225w, https:\/\/spsow.cz\/wp-content\/uploads\/2025\/09\/IMG_6357-2-1152x1536.jpg 1152w, https:\/\/spsow.cz\/wp-content\/uploads\/2025\/09\/IMG_6357-2-1536x2048.jpg 1536w, https:\/\/spsow.cz\/wp-content\/uploads\/2025\/09\/IMG_6357-2-9x12.jpg 9w, https:\/\/spsow.cz\/wp-content\/uploads\/2025\/09\/IMG_6357-2-scaled.jpg 1920w\" sizes=\"auto, (max-width: 768px) 100vw, 768px\" \/><\/a><\/figure>\n\n\n\n<figure class=\"wp-block-image size-large\"><a href=\"https:\/\/spsow.cz\/wp-content\/uploads\/2025\/09\/IMG_6347-2-scaled.jpg\"><img loading=\"lazy\" decoding=\"async\" width=\"768\" height=\"1024\" data-id=\"11991\" src=\"https:\/\/spsow.cz\/wp-content\/uploads\/2025\/09\/IMG_6347-2-768x1024.jpg\" alt=\"\" class=\"wp-image-11991\" srcset=\"https:\/\/spsow.cz\/wp-content\/uploads\/2025\/09\/IMG_6347-2-768x1024.jpg 768w, https:\/\/spsow.cz\/wp-content\/uploads\/2025\/09\/IMG_6347-2-225x300.jpg 225w, https:\/\/spsow.cz\/wp-content\/uploads\/2025\/09\/IMG_6347-2-1152x1536.jpg 1152w, https:\/\/spsow.cz\/wp-content\/uploads\/2025\/09\/IMG_6347-2-1536x2048.jpg 1536w, https:\/\/spsow.cz\/wp-content\/uploads\/2025\/09\/IMG_6347-2-9x12.jpg 9w, https:\/\/spsow.cz\/wp-content\/uploads\/2025\/09\/IMG_6347-2-scaled.jpg 1920w\" sizes=\"auto, (max-width: 768px) 100vw, 768px\" \/><\/a><\/figure>\n\n\n\n<figure class=\"wp-block-image size-large\"><a href=\"https:\/\/spsow.cz\/wp-content\/uploads\/2025\/09\/IMG_1380-scaled.jpg\"><img loading=\"lazy\" decoding=\"async\" width=\"768\" height=\"1024\" data-id=\"11990\" src=\"https:\/\/spsow.cz\/wp-content\/uploads\/2025\/09\/IMG_1380-768x1024.jpg\" alt=\"\" class=\"wp-image-11990\" srcset=\"https:\/\/spsow.cz\/wp-content\/uploads\/2025\/09\/IMG_1380-768x1024.jpg 768w, https:\/\/spsow.cz\/wp-content\/uploads\/2025\/09\/IMG_1380-225x300.jpg 225w, https:\/\/spsow.cz\/wp-content\/uploads\/2025\/09\/IMG_1380-1152x1536.jpg 1152w, https:\/\/spsow.cz\/wp-content\/uploads\/2025\/09\/IMG_1380-1536x2048.jpg 1536w, https:\/\/spsow.cz\/wp-content\/uploads\/2025\/09\/IMG_1380-9x12.jpg 9w, https:\/\/spsow.cz\/wp-content\/uploads\/2025\/09\/IMG_1380-scaled.jpg 1920w\" sizes=\"auto, (max-width: 768px) 100vw, 768px\" \/><\/a><\/figure>\n\n\n\n<figure class=\"wp-block-image size-large\"><a href=\"https:\/\/spsow.cz\/wp-content\/uploads\/2025\/09\/ZB223F6EA-36D2-4DAD-8AFB-6764F6355906.jpg\"><img loading=\"lazy\" decoding=\"async\" width=\"563\" height=\"751\" data-id=\"11989\" src=\"https:\/\/spsow.cz\/wp-content\/uploads\/2025\/09\/ZB223F6EA-36D2-4DAD-8AFB-6764F6355906.jpg\" alt=\"\" class=\"wp-image-11989\" srcset=\"https:\/\/spsow.cz\/wp-content\/uploads\/2025\/09\/ZB223F6EA-36D2-4DAD-8AFB-6764F6355906.jpg 563w, https:\/\/spsow.cz\/wp-content\/uploads\/2025\/09\/ZB223F6EA-36D2-4DAD-8AFB-6764F6355906-225x300.jpg 225w, https:\/\/spsow.cz\/wp-content\/uploads\/2025\/09\/ZB223F6EA-36D2-4DAD-8AFB-6764F6355906-9x12.jpg 9w\" sizes=\"auto, (max-width: 563px) 100vw, 563px\" \/><\/a><\/figure>\n<\/figure>\n\n\n\n<p><\/p>","protected":false},"excerpt":{"rendered":"","protected":false},"author":6,"featured_media":11991,"parent":0,"menu_order":0,"comment_status":"closed","ping_status":"closed","template":"","meta":{"footnotes":""},"class_list":["post-12219","page","type-page","status-publish","has-post-thumbnail","hentry"],"_links":{"self":[{"href":"https:\/\/spsow.cz\/en\/wp-json\/wp\/v2\/pages\/12219","targetHints":{"allow":["GET"]}}],"collection":[{"href":"https:\/\/spsow.cz\/en\/wp-json\/wp\/v2\/pages"}],"about":[{"href":"https:\/\/spsow.cz\/en\/wp-json\/wp\/v2\/types\/page"}],"author":[{"embeddable":true,"href":"https:\/\/spsow.cz\/en\/wp-json\/wp\/v2\/users\/6"}],"replies":[{"embeddable":true,"href":"https:\/\/spsow.cz\/en\/wp-json\/wp\/v2\/comments?post=12219"}],"version-history":[{"count":5,"href":"https:\/\/spsow.cz\/en\/wp-json\/wp\/v2\/pages\/12219\/revisions"}],"predecessor-version":[{"id":12225,"href":"https:\/\/spsow.cz\/en\/wp-json\/wp\/v2\/pages\/12219\/revisions\/12225"}],"wp:featuredmedia":[{"embeddable":true,"href":"https:\/\/spsow.cz\/en\/wp-json\/wp\/v2\/media\/11991"}],"wp:attachment":[{"href":"https:\/\/spsow.cz\/en\/wp-json\/wp\/v2\/media?parent=12219"}],"curies":[{"name":"wp","href":"https:\/\/api.w.org\/{rel}","templated":true}]}}