{"id":12216,"date":"2025-09-05T09:58:20","date_gmt":"2025-09-05T07:58:20","guid":{"rendered":"https:\/\/spsow.cz\/?page_id=12216"},"modified":"2025-11-27T12:34:16","modified_gmt":"2025-11-27T11:34:16","slug":"2025-lyzarsky-kurz-hronovskych-oboru","status":"publish","type":"page","link":"https:\/\/spsow.cz\/en\/2025-lyzarsky-kurz-hronovskych-oboru\/","title":{"rendered":"2025 > Ly\u017ea\u0159sk\u00fd kurz hronovsk\u00fdch obor\u016f"},"content":{"rendered":"<figure class=\"wp-block-gallery has-nested-images columns-default is-cropped wp-block-gallery-1 is-layout-flex wp-block-gallery-is-layout-flex\">\n<figure class=\"wp-block-image size-large\"><a href=\"https:\/\/spsow.cz\/wp-content\/uploads\/2025\/09\/PHOTO-2025-02-13-16-47-21.jpg\"><img loading=\"lazy\" decoding=\"async\" width=\"1024\" height=\"768\" data-id=\"11986\" src=\"https:\/\/spsow.cz\/wp-content\/uploads\/2025\/09\/PHOTO-2025-02-13-16-47-21-1024x768.jpg\" alt=\"\" class=\"wp-image-11986\" srcset=\"https:\/\/spsow.cz\/wp-content\/uploads\/2025\/09\/PHOTO-2025-02-13-16-47-21-1024x768.jpg 1024w, https:\/\/spsow.cz\/wp-content\/uploads\/2025\/09\/PHOTO-2025-02-13-16-47-21-300x225.jpg 300w, https:\/\/spsow.cz\/wp-content\/uploads\/2025\/09\/PHOTO-2025-02-13-16-47-21-768x576.jpg 768w, https:\/\/spsow.cz\/wp-content\/uploads\/2025\/09\/PHOTO-2025-02-13-16-47-21-1536x1152.jpg 1536w, https:\/\/spsow.cz\/wp-content\/uploads\/2025\/09\/PHOTO-2025-02-13-16-47-21-16x12.jpg 16w, https:\/\/spsow.cz\/wp-content\/uploads\/2025\/09\/PHOTO-2025-02-13-16-47-21.jpg 1600w\" sizes=\"auto, (max-width: 1024px) 100vw, 1024px\" \/><\/a><\/figure>\n\n\n\n<figure class=\"wp-block-image size-large\"><a href=\"https:\/\/spsow.cz\/wp-content\/uploads\/2025\/09\/PHOTO-2025-02-13-16-47-08.jpg\"><img loading=\"lazy\" decoding=\"async\" width=\"1024\" height=\"768\" data-id=\"11985\" src=\"https:\/\/spsow.cz\/wp-content\/uploads\/2025\/09\/PHOTO-2025-02-13-16-47-08-1024x768.jpg\" alt=\"\" class=\"wp-image-11985\" srcset=\"https:\/\/spsow.cz\/wp-content\/uploads\/2025\/09\/PHOTO-2025-02-13-16-47-08-1024x768.jpg 1024w, https:\/\/spsow.cz\/wp-content\/uploads\/2025\/09\/PHOTO-2025-02-13-16-47-08-300x225.jpg 300w, https:\/\/spsow.cz\/wp-content\/uploads\/2025\/09\/PHOTO-2025-02-13-16-47-08-768x576.jpg 768w, https:\/\/spsow.cz\/wp-content\/uploads\/2025\/09\/PHOTO-2025-02-13-16-47-08-1536x1152.jpg 1536w, https:\/\/spsow.cz\/wp-content\/uploads\/2025\/09\/PHOTO-2025-02-13-16-47-08-16x12.jpg 16w, https:\/\/spsow.cz\/wp-content\/uploads\/2025\/09\/PHOTO-2025-02-13-16-47-08.jpg 1600w\" sizes=\"auto, (max-width: 1024px) 100vw, 1024px\" \/><\/a><\/figure>\n\n\n\n<figure class=\"wp-block-image size-large\"><a href=\"https:\/\/spsow.cz\/wp-content\/uploads\/2025\/09\/PHOTO-2025-02-13-16-45-46.jpg\"><img loading=\"lazy\" decoding=\"async\" width=\"768\" height=\"1024\" data-id=\"11984\" src=\"https:\/\/spsow.cz\/wp-content\/uploads\/2025\/09\/PHOTO-2025-02-13-16-45-46-768x1024.jpg\" alt=\"\" class=\"wp-image-11984\" srcset=\"https:\/\/spsow.cz\/wp-content\/uploads\/2025\/09\/PHOTO-2025-02-13-16-45-46-768x1024.jpg 768w, https:\/\/spsow.cz\/wp-content\/uploads\/2025\/09\/PHOTO-2025-02-13-16-45-46-225x300.jpg 225w, https:\/\/spsow.cz\/wp-content\/uploads\/2025\/09\/PHOTO-2025-02-13-16-45-46-1152x1536.jpg 1152w, https:\/\/spsow.cz\/wp-content\/uploads\/2025\/09\/PHOTO-2025-02-13-16-45-46-9x12.jpg 9w, https:\/\/spsow.cz\/wp-content\/uploads\/2025\/09\/PHOTO-2025-02-13-16-45-46.jpg 1200w\" sizes=\"auto, (max-width: 768px) 100vw, 768px\" \/><\/a><\/figure>\n\n\n\n<figure class=\"wp-block-image size-large\"><a href=\"https:\/\/spsow.cz\/wp-content\/uploads\/2025\/09\/PHOTO-2025-02-13-16-45-15.jpg\"><img loading=\"lazy\" decoding=\"async\" width=\"1024\" height=\"768\" data-id=\"11983\" src=\"https:\/\/spsow.cz\/wp-content\/uploads\/2025\/09\/PHOTO-2025-02-13-16-45-15-1024x768.jpg\" alt=\"\" class=\"wp-image-11983\" srcset=\"https:\/\/spsow.cz\/wp-content\/uploads\/2025\/09\/PHOTO-2025-02-13-16-45-15-1024x768.jpg 1024w, https:\/\/spsow.cz\/wp-content\/uploads\/2025\/09\/PHOTO-2025-02-13-16-45-15-300x225.jpg 300w, https:\/\/spsow.cz\/wp-content\/uploads\/2025\/09\/PHOTO-2025-02-13-16-45-15-768x576.jpg 768w, https:\/\/spsow.cz\/wp-content\/uploads\/2025\/09\/PHOTO-2025-02-13-16-45-15-1536x1152.jpg 1536w, https:\/\/spsow.cz\/wp-content\/uploads\/2025\/09\/PHOTO-2025-02-13-16-45-15-16x12.jpg 16w, https:\/\/spsow.cz\/wp-content\/uploads\/2025\/09\/PHOTO-2025-02-13-16-45-15.jpg 1600w\" sizes=\"auto, (max-width: 1024px) 100vw, 1024px\" \/><\/a><\/figure>\n\n\n\n<figure class=\"wp-block-image size-large\"><a href=\"https:\/\/spsow.cz\/wp-content\/uploads\/2025\/09\/PHOTO-2025-02-11-18-40-22.jpg\"><img loading=\"lazy\" decoding=\"async\" width=\"1024\" height=\"768\" data-id=\"11981\" src=\"https:\/\/spsow.cz\/wp-content\/uploads\/2025\/09\/PHOTO-2025-02-11-18-40-22-1024x768.jpg\" alt=\"\" class=\"wp-image-11981\" srcset=\"https:\/\/spsow.cz\/wp-content\/uploads\/2025\/09\/PHOTO-2025-02-11-18-40-22-1024x768.jpg 1024w, https:\/\/spsow.cz\/wp-content\/uploads\/2025\/09\/PHOTO-2025-02-11-18-40-22-300x225.jpg 300w, https:\/\/spsow.cz\/wp-content\/uploads\/2025\/09\/PHOTO-2025-02-11-18-40-22-768x576.jpg 768w, https:\/\/spsow.cz\/wp-content\/uploads\/2025\/09\/PHOTO-2025-02-11-18-40-22-1536x1152.jpg 1536w, https:\/\/spsow.cz\/wp-content\/uploads\/2025\/09\/PHOTO-2025-02-11-18-40-22-16x12.jpg 16w, https:\/\/spsow.cz\/wp-content\/uploads\/2025\/09\/PHOTO-2025-02-11-18-40-22.jpg 1600w\" sizes=\"auto, (max-width: 1024px) 100vw, 1024px\" \/><\/a><\/figure>\n\n\n\n<figure class=\"wp-block-image size-large\"><a href=\"https:\/\/spsow.cz\/wp-content\/uploads\/2025\/09\/PHOTO-2025-02-13-16-43-10.jpg\"><img loading=\"lazy\" decoding=\"async\" width=\"1024\" height=\"768\" data-id=\"11982\" src=\"https:\/\/spsow.cz\/wp-content\/uploads\/2025\/09\/PHOTO-2025-02-13-16-43-10-1024x768.jpg\" alt=\"\" class=\"wp-image-11982\" srcset=\"https:\/\/spsow.cz\/wp-content\/uploads\/2025\/09\/PHOTO-2025-02-13-16-43-10-1024x768.jpg 1024w, https:\/\/spsow.cz\/wp-content\/uploads\/2025\/09\/PHOTO-2025-02-13-16-43-10-300x225.jpg 300w, https:\/\/spsow.cz\/wp-content\/uploads\/2025\/09\/PHOTO-2025-02-13-16-43-10-768x576.jpg 768w, https:\/\/spsow.cz\/wp-content\/uploads\/2025\/09\/PHOTO-2025-02-13-16-43-10-1536x1152.jpg 1536w, https:\/\/spsow.cz\/wp-content\/uploads\/2025\/09\/PHOTO-2025-02-13-16-43-10-16x12.jpg 16w, https:\/\/spsow.cz\/wp-content\/uploads\/2025\/09\/PHOTO-2025-02-13-16-43-10.jpg 1600w\" sizes=\"auto, (max-width: 1024px) 100vw, 1024px\" \/><\/a><\/figure>\n\n\n\n<figure class=\"wp-block-image size-large\"><a href=\"https:\/\/spsow.cz\/wp-content\/uploads\/2025\/09\/PHOTO-2025-02-10-17-40-26.jpg\"><img loading=\"lazy\" decoding=\"async\" width=\"580\" height=\"334\" data-id=\"11980\" src=\"https:\/\/spsow.cz\/wp-content\/uploads\/2025\/09\/PHOTO-2025-02-10-17-40-26.jpg\" alt=\"\" class=\"wp-image-11980\" srcset=\"https:\/\/spsow.cz\/wp-content\/uploads\/2025\/09\/PHOTO-2025-02-10-17-40-26.jpg 580w, https:\/\/spsow.cz\/wp-content\/uploads\/2025\/09\/PHOTO-2025-02-10-17-40-26-300x173.jpg 300w, https:\/\/spsow.cz\/wp-content\/uploads\/2025\/09\/PHOTO-2025-02-10-17-40-26-18x10.jpg 18w\" sizes=\"auto, (max-width: 580px) 100vw, 580px\" \/><\/a><\/figure>\n\n\n\n<figure class=\"wp-block-image size-large\"><a href=\"https:\/\/spsow.cz\/wp-content\/uploads\/2025\/09\/IMG_2517.jpg\"><img loading=\"lazy\" decoding=\"async\" width=\"1024\" height=\"768\" data-id=\"11979\" src=\"https:\/\/spsow.cz\/wp-content\/uploads\/2025\/09\/IMG_2517-1024x768.jpg\" alt=\"\" class=\"wp-image-11979\" srcset=\"https:\/\/spsow.cz\/wp-content\/uploads\/2025\/09\/IMG_2517-1024x768.jpg 1024w, https:\/\/spsow.cz\/wp-content\/uploads\/2025\/09\/IMG_2517-300x225.jpg 300w, https:\/\/spsow.cz\/wp-content\/uploads\/2025\/09\/IMG_2517-768x576.jpg 768w, https:\/\/spsow.cz\/wp-content\/uploads\/2025\/09\/IMG_2517-1536x1152.jpg 1536w, https:\/\/spsow.cz\/wp-content\/uploads\/2025\/09\/IMG_2517-16x12.jpg 16w, https:\/\/spsow.cz\/wp-content\/uploads\/2025\/09\/IMG_2517.jpg 2016w\" sizes=\"auto, (max-width: 1024px) 100vw, 1024px\" \/><\/a><\/figure>\n\n\n\n<figure class=\"wp-block-image size-large\"><a href=\"https:\/\/spsow.cz\/wp-content\/uploads\/2025\/09\/IMG_2506-rotated.jpg\"><img loading=\"lazy\" decoding=\"async\" width=\"768\" height=\"1024\" data-id=\"11978\" src=\"https:\/\/spsow.cz\/wp-content\/uploads\/2025\/09\/IMG_2506-768x1024.jpg\" alt=\"\" class=\"wp-image-11978\" srcset=\"https:\/\/spsow.cz\/wp-content\/uploads\/2025\/09\/IMG_2506-768x1024.jpg 768w, https:\/\/spsow.cz\/wp-content\/uploads\/2025\/09\/IMG_2506-225x300.jpg 225w, https:\/\/spsow.cz\/wp-content\/uploads\/2025\/09\/IMG_2506-1152x1536.jpg 1152w, https:\/\/spsow.cz\/wp-content\/uploads\/2025\/09\/IMG_2506-9x12.jpg 9w, https:\/\/spsow.cz\/wp-content\/uploads\/2025\/09\/IMG_2506-rotated.jpg 1512w\" sizes=\"auto, (max-width: 768px) 100vw, 768px\" \/><\/a><\/figure>\n\n\n\n<figure class=\"wp-block-image size-large\"><a href=\"https:\/\/spsow.cz\/wp-content\/uploads\/2025\/09\/IMG_2500.jpg\"><img loading=\"lazy\" decoding=\"async\" width=\"1024\" height=\"768\" data-id=\"11977\" src=\"https:\/\/spsow.cz\/wp-content\/uploads\/2025\/09\/IMG_2500-1024x768.jpg\" alt=\"\" class=\"wp-image-11977\" srcset=\"https:\/\/spsow.cz\/wp-content\/uploads\/2025\/09\/IMG_2500-1024x768.jpg 1024w, https:\/\/spsow.cz\/wp-content\/uploads\/2025\/09\/IMG_2500-300x225.jpg 300w, https:\/\/spsow.cz\/wp-content\/uploads\/2025\/09\/IMG_2500-768x576.jpg 768w, https:\/\/spsow.cz\/wp-content\/uploads\/2025\/09\/IMG_2500-1536x1152.jpg 1536w, https:\/\/spsow.cz\/wp-content\/uploads\/2025\/09\/IMG_2500-16x12.jpg 16w, https:\/\/spsow.cz\/wp-content\/uploads\/2025\/09\/IMG_2500.jpg 2016w\" sizes=\"auto, (max-width: 1024px) 100vw, 1024px\" \/><\/a><\/figure>\n<\/figure>","protected":false},"excerpt":{"rendered":"","protected":false},"author":6,"featured_media":11977,"parent":0,"menu_order":0,"comment_status":"closed","ping_status":"closed","template":"","meta":{"footnotes":""},"class_list":["post-12216","page","type-page","status-publish","has-post-thumbnail","hentry"],"_links":{"self":[{"href":"https:\/\/spsow.cz\/en\/wp-json\/wp\/v2\/pages\/12216","targetHints":{"allow":["GET"]}}],"collection":[{"href":"https:\/\/spsow.cz\/en\/wp-json\/wp\/v2\/pages"}],"about":[{"href":"https:\/\/spsow.cz\/en\/wp-json\/wp\/v2\/types\/page"}],"author":[{"embeddable":true,"href":"https:\/\/spsow.cz\/en\/wp-json\/wp\/v2\/users\/6"}],"replies":[{"embeddable":true,"href":"https:\/\/spsow.cz\/en\/wp-json\/wp\/v2\/comments?post=12216"}],"version-history":[{"count":3,"href":"https:\/\/spsow.cz\/en\/wp-json\/wp\/v2\/pages\/12216\/revisions"}],"predecessor-version":[{"id":12229,"href":"https:\/\/spsow.cz\/en\/wp-json\/wp\/v2\/pages\/12216\/revisions\/12229"}],"wp:featuredmedia":[{"embeddable":true,"href":"https:\/\/spsow.cz\/en\/wp-json\/wp\/v2\/media\/11977"}],"wp:attachment":[{"href":"https:\/\/spsow.cz\/en\/wp-json\/wp\/v2\/media?parent=12216"}],"curies":[{"name":"wp","href":"https:\/\/api.w.org\/{rel}","templated":true}]}}