{"id":11434,"date":"2025-06-18T11:14:07","date_gmt":"2025-06-18T09:14:07","guid":{"rendered":"https:\/\/spsow.cz\/?page_id=11434"},"modified":"2025-10-13T08:20:23","modified_gmt":"2025-10-13T06:20:23","slug":"kreativni-dilna-na-domove-mladeze","status":"publish","type":"page","link":"https:\/\/spsow.cz\/en\/kreativni-dilna-na-domove-mladeze\/","title":{"rendered":"KREATIVN\u00cd D\u00cdLNA NA DOMOV\u011a ML\u00c1DE\u017dE"},"content":{"rendered":"<p class=\"has-medium-font-size\"><strong>Za\u010d\u00edn\u00e1me 8. z\u00e1\u0159\u00ed 2025<\/strong><\/p>\n\n\n\n<div class=\"wp-block-file\"><a id=\"wp-block-file--media-7b151408-475a-4fa0-be89-889c0b8dbe36\" href=\"https:\/\/spsow.cz\/wp-content\/uploads\/2025\/06\/kreativni-3.png\" target=\"_blank\" rel=\"noreferrer noopener\">PLAK\u00c1T<\/a><\/div>\n\n\n\n<p class=\"has-medium-font-size\">R\u00e1d tvo\u0159\u00ed\u0161, jsi kreativn\u00ed, r\u00e1d pracuje\u0161 &#8222;nejen&#8220; s textilem? Pak se zapoj do na\u0161\u00ed Kreativn\u00ed d\u00edlny.<\/p>\n\n\n\n<p class=\"has-medium-font-size\">Od z\u00e1\u0159\u00ed do konce listopadu 2025 maj\u00ed \u017e\u00e1ci ubytovan\u00ed na domov\u011b ml\u00e1de\u017ee ve Velk\u00e9m Po\u0159\u00ed\u010d\u00ed mo\u017enost zapojit se do tvo\u0159en\u00ed jako \u0161it\u00ed drobn\u00fdch p\u0159edm\u011bt\u016f, vytahov\u00e1n\u00ed st\u0159ih\u016f, \u0161it\u00ed jednoduch\u00fdch od\u011bv\u016f, malov\u00e1n\u00ed na hedv\u00e1b\u00ed a textil, vyr\u00e1b\u011bn\u00ed drobn\u00fdch p\u0159edm\u011bt\u016f a \u0161perk\u016f z kor\u00e1lk\u016f a dr\u00e1tk\u016f, zhotovov\u00e1n\u00ed dekorac\u00ed pomoc\u00ed vln\u011bn\u00e9ho rouna \u010di vyr\u00e1b\u011bn\u00ed vonn\u00e9 a ozdobn\u00e9 sv\u00ed\u010dky&#8230;<br> <\/p>\n\n\n\n<p class=\"has-medium-font-size\">Kreativn\u00ed d\u00edlna je<strong> ur\u010dena \u017e\u00e1k\u016fm ubytovan\u00fdm na domov\u011b ml\u00e1de\u017ee ve Velk\u00e9m Po\u0159\u00ed\u010d\u00ed<\/strong>. Pokud jsi ale \u017e\u00e1k SP\u0160OW, ale nejsi ubytov\u00e1n na na\u0161em intru, ozvi se, i pro tebe m\u00e1me \u0159e\u0161en\u00ed:)<\/p>\n\n\n\n<p class=\"has-medium-font-size\"><strong>rozsah:<\/strong> 30 hodin<\/p>\n\n\n\n<p class=\"has-medium-font-size\"><strong>kdy:<\/strong> pond\u011blky 8., 15., 22., 29. z\u00e1\u0159\u00ed + 6., 13., 20. \u0159\u00edjna + 3., 10., 24. listopadu 2025  <\/p>\n\n\n\n<p class=\"has-medium-font-size\"><strong>\u010das:<\/strong> od 15:00 do 17:00 hodin<\/p>\n\n\n\n<p class=\"has-medium-font-size\"><strong>kde:<\/strong>&nbsp;\u0161ic\u00ed d\u00edlna \u0161kola 2<\/p>\n\n\n\n<p class=\"has-medium-font-size\"><strong>lektor:&nbsp;<\/strong>So\u0148a \u0160af\u00e1\u0159ov\u00e1<\/p>\n\n\n\n<p class=\"has-medium-font-size\"><strong>cena:<\/strong>&nbsp;zdarma<\/p>\n\n\n\n<p class=\"has-medium-font-size\"><strong>informace a p\u0159ihla\u0161ov\u00e1n\u00ed:<\/strong><br>So\u0148a \u0160af\u00e1\u0159ov\u00e1, tel.: 777 172 203, e-mail: safarovas@spsow.cz<\/p>\n\n\n\n<p class=\"has-medium-font-size\">Kreativn\u00ed d\u00edlna se kon\u00e1 za finan\u010dn\u00ed podpory Kr\u00e1lov\u00e9hradeck\u00e9ho kraje, projekt \u201eRoz\u0161\u00ed\u0159en\u00ed volno\u010dasov\u00fdch aktivit pro \u017e\u00e1ky na domov\u011b ml\u00e1de\u017ee\u201c.<\/p>\n\n\n\n<figure class=\"wp-block-gallery has-nested-images columns-default is-cropped wp-block-gallery-1 is-layout-flex wp-block-gallery-is-layout-flex\">\n<figure class=\"wp-block-image size-large\"><a href=\"https:\/\/spsow.cz\/wp-content\/uploads\/2025\/10\/20250922_155601h.png\"><img loading=\"lazy\" decoding=\"async\" width=\"756\" height=\"1008\" data-id=\"12681\" src=\"https:\/\/spsow.cz\/wp-content\/uploads\/2025\/10\/20250922_155601h.png\" alt=\"\" class=\"wp-image-12681\" srcset=\"https:\/\/spsow.cz\/wp-content\/uploads\/2025\/10\/20250922_155601h.png 756w, https:\/\/spsow.cz\/wp-content\/uploads\/2025\/10\/20250922_155601h-225x300.png 225w, https:\/\/spsow.cz\/wp-content\/uploads\/2025\/10\/20250922_155601h-9x12.png 9w\" sizes=\"auto, (max-width: 756px) 100vw, 756px\" \/><\/a><\/figure>\n\n\n\n<figure class=\"wp-block-image size-large\"><a href=\"https:\/\/spsow.cz\/wp-content\/uploads\/2025\/10\/20250922_155700h.png\"><img loading=\"lazy\" decoding=\"async\" width=\"756\" height=\"1008\" data-id=\"12686\" src=\"https:\/\/spsow.cz\/wp-content\/uploads\/2025\/10\/20250922_155700h.png\" alt=\"\" class=\"wp-image-12686\" srcset=\"https:\/\/spsow.cz\/wp-content\/uploads\/2025\/10\/20250922_155700h.png 756w, https:\/\/spsow.cz\/wp-content\/uploads\/2025\/10\/20250922_155700h-225x300.png 225w, https:\/\/spsow.cz\/wp-content\/uploads\/2025\/10\/20250922_155700h-9x12.png 9w\" sizes=\"auto, (max-width: 756px) 100vw, 756px\" \/><\/a><\/figure>\n\n\n\n<figure class=\"wp-block-image size-large\"><a href=\"https:\/\/spsow.cz\/wp-content\/uploads\/2025\/10\/20250922_155724h.png\"><img loading=\"lazy\" decoding=\"async\" width=\"756\" height=\"1008\" data-id=\"12684\" src=\"https:\/\/spsow.cz\/wp-content\/uploads\/2025\/10\/20250922_155724h.png\" alt=\"\" class=\"wp-image-12684\" srcset=\"https:\/\/spsow.cz\/wp-content\/uploads\/2025\/10\/20250922_155724h.png 756w, https:\/\/spsow.cz\/wp-content\/uploads\/2025\/10\/20250922_155724h-225x300.png 225w, https:\/\/spsow.cz\/wp-content\/uploads\/2025\/10\/20250922_155724h-9x12.png 9w\" sizes=\"auto, (max-width: 756px) 100vw, 756px\" \/><\/a><\/figure>\n\n\n\n<figure class=\"wp-block-image size-large\"><a href=\"https:\/\/spsow.cz\/wp-content\/uploads\/2025\/10\/20250922_155726.jpg\"><img loading=\"lazy\" decoding=\"async\" width=\"1008\" height=\"756\" data-id=\"12680\" src=\"https:\/\/spsow.cz\/wp-content\/uploads\/2025\/10\/20250922_155726.jpg\" alt=\"\" class=\"wp-image-12680\" srcset=\"https:\/\/spsow.cz\/wp-content\/uploads\/2025\/10\/20250922_155726.jpg 1008w, https:\/\/spsow.cz\/wp-content\/uploads\/2025\/10\/20250922_155726-300x225.jpg 300w, https:\/\/spsow.cz\/wp-content\/uploads\/2025\/10\/20250922_155726-768x576.jpg 768w, https:\/\/spsow.cz\/wp-content\/uploads\/2025\/10\/20250922_155726-16x12.jpg 16w\" sizes=\"auto, (max-width: 1008px) 100vw, 1008px\" \/><\/a><\/figure>\n\n\n\n<figure class=\"wp-block-image size-large\"><a href=\"https:\/\/spsow.cz\/wp-content\/uploads\/2025\/10\/20250922_161829h.png\"><img loading=\"lazy\" decoding=\"async\" width=\"756\" height=\"1008\" data-id=\"12687\" src=\"https:\/\/spsow.cz\/wp-content\/uploads\/2025\/10\/20250922_161829h.png\" alt=\"\" class=\"wp-image-12687\" srcset=\"https:\/\/spsow.cz\/wp-content\/uploads\/2025\/10\/20250922_161829h.png 756w, https:\/\/spsow.cz\/wp-content\/uploads\/2025\/10\/20250922_161829h-225x300.png 225w, https:\/\/spsow.cz\/wp-content\/uploads\/2025\/10\/20250922_161829h-9x12.png 9w\" sizes=\"auto, (max-width: 756px) 100vw, 756px\" \/><\/a><\/figure>\n\n\n\n<figure class=\"wp-block-image size-large\"><a href=\"https:\/\/spsow.cz\/wp-content\/uploads\/2025\/10\/20250922_165640h.png\"><img loading=\"lazy\" decoding=\"async\" width=\"756\" height=\"1008\" data-id=\"12682\" src=\"https:\/\/spsow.cz\/wp-content\/uploads\/2025\/10\/20250922_165640h.png\" alt=\"\" class=\"wp-image-12682\" srcset=\"https:\/\/spsow.cz\/wp-content\/uploads\/2025\/10\/20250922_165640h.png 756w, https:\/\/spsow.cz\/wp-content\/uploads\/2025\/10\/20250922_165640h-225x300.png 225w, https:\/\/spsow.cz\/wp-content\/uploads\/2025\/10\/20250922_165640h-9x12.png 9w\" sizes=\"auto, (max-width: 756px) 100vw, 756px\" \/><\/a><\/figure>\n\n\n\n<figure class=\"wp-block-image size-large\"><a href=\"https:\/\/spsow.cz\/wp-content\/uploads\/2025\/10\/20251006_162318h.png\"><img loading=\"lazy\" decoding=\"async\" width=\"756\" height=\"1008\" data-id=\"12685\" src=\"https:\/\/spsow.cz\/wp-content\/uploads\/2025\/10\/20251006_162318h.png\" alt=\"\" class=\"wp-image-12685\" srcset=\"https:\/\/spsow.cz\/wp-content\/uploads\/2025\/10\/20251006_162318h.png 756w, https:\/\/spsow.cz\/wp-content\/uploads\/2025\/10\/20251006_162318h-225x300.png 225w, https:\/\/spsow.cz\/wp-content\/uploads\/2025\/10\/20251006_162318h-9x12.png 9w\" sizes=\"auto, (max-width: 756px) 100vw, 756px\" \/><\/a><\/figure>\n\n\n\n<figure class=\"wp-block-image size-large\"><a href=\"https:\/\/spsow.cz\/wp-content\/uploads\/2025\/10\/20251006_162351h.png\"><img loading=\"lazy\" decoding=\"async\" width=\"1008\" height=\"756\" data-id=\"12683\" src=\"https:\/\/spsow.cz\/wp-content\/uploads\/2025\/10\/20251006_162351h.png\" alt=\"\" class=\"wp-image-12683\" srcset=\"https:\/\/spsow.cz\/wp-content\/uploads\/2025\/10\/20251006_162351h.png 1008w, https:\/\/spsow.cz\/wp-content\/uploads\/2025\/10\/20251006_162351h-300x225.png 300w, https:\/\/spsow.cz\/wp-content\/uploads\/2025\/10\/20251006_162351h-768x576.png 768w, https:\/\/spsow.cz\/wp-content\/uploads\/2025\/10\/20251006_162351h-16x12.png 16w\" sizes=\"auto, (max-width: 1008px) 100vw, 1008px\" \/><\/a><\/figure>\n<\/figure>","protected":false},"excerpt":{"rendered":"<p>Za\u010d\u00edn\u00e1me 8. z\u00e1\u0159\u00ed 2025 R\u00e1d tvo\u0159\u00ed\u0161, jsi kreativn\u00ed, r\u00e1d pracuje\u0161 &#8222;nejen&#8220; s textilem? Pak se zapoj do na\u0161\u00ed Kreativn\u00ed d\u00edlny. Od z\u00e1\u0159\u00ed do konce listopadu 2025 maj\u00ed \u017e\u00e1ci ubytovan\u00ed na domov\u011b ml\u00e1de\u017ee ve Velk\u00e9m Po\u0159\u00ed\u010d\u00ed mo\u017enost zapojit se do tvo\u0159en\u00ed jako \u0161it\u00ed drobn\u00fdch p\u0159edm\u011bt\u016f, vytahov\u00e1n\u00ed st\u0159ih\u016f, \u0161it\u00ed jednoduch\u00fdch od\u011bv\u016f, malov\u00e1n\u00ed [&hellip;]<\/p>\n","protected":false},"author":3,"featured_media":0,"parent":0,"menu_order":0,"comment_status":"closed","ping_status":"closed","template":"","meta":{"footnotes":""},"class_list":["post-11434","page","type-page","status-publish","hentry"],"_links":{"self":[{"href":"https:\/\/spsow.cz\/en\/wp-json\/wp\/v2\/pages\/11434","targetHints":{"allow":["GET"]}}],"collection":[{"href":"https:\/\/spsow.cz\/en\/wp-json\/wp\/v2\/pages"}],"about":[{"href":"https:\/\/spsow.cz\/en\/wp-json\/wp\/v2\/types\/page"}],"author":[{"embeddable":true,"href":"https:\/\/spsow.cz\/en\/wp-json\/wp\/v2\/users\/3"}],"replies":[{"embeddable":true,"href":"https:\/\/spsow.cz\/en\/wp-json\/wp\/v2\/comments?post=11434"}],"version-history":[{"count":4,"href":"https:\/\/spsow.cz\/en\/wp-json\/wp\/v2\/pages\/11434\/revisions"}],"predecessor-version":[{"id":12689,"href":"https:\/\/spsow.cz\/en\/wp-json\/wp\/v2\/pages\/11434\/revisions\/12689"}],"wp:attachment":[{"href":"https:\/\/spsow.cz\/en\/wp-json\/wp\/v2\/media?parent=11434"}],"curies":[{"name":"wp","href":"https:\/\/api.w.org\/{rel}","templated":true}]}}