{"id":1075,"date":"2023-04-14T11:08:35","date_gmt":"2023-04-14T09:08:35","guid":{"rendered":"http:\/\/192.168.1.208\/wordpress\/?page_id=1075"},"modified":"2025-05-07T10:00:23","modified_gmt":"2025-05-07T08:00:23","slug":"technicke-krouzky-pro-zs","status":"publish","type":"page","link":"https:\/\/spsow.cz\/en\/technicke-krouzky-pro-zs\/","title":{"rendered":"Krou\u017eky pro Z\u0160"},"content":{"rendered":"<div class=\"wp-block-columns is-layout-flex wp-container-core-columns-is-layout-9d6595d7 wp-block-columns-is-layout-flex\">\n<div class=\"wp-block-column div-obory has-white-color has-text-color has-background has-medium-font-size is-layout-flow wp-block-column-is-layout-flow\" style=\"background:linear-gradient(135deg,rgb(0,174,199) 0%,rgb(51,13,105) 100%)\">\n<div style=\"height:16px\" aria-hidden=\"true\" class=\"wp-block-spacer\"><\/div>\n\n\n\n<figure class=\"wp-block-image aligncenter size-full is-resized\"><img decoding=\"async\" src=\"https:\/\/spsow.cz\/wp-content\/uploads\/2024\/04\/coding-white.png\" alt=\"\" class=\"wp-image-1988\" style=\"width:64px;height:64px\"\/><\/figure>\n\n\n\n<div style=\"height:16px\" aria-hidden=\"true\" class=\"wp-block-spacer\"><\/div>\n\n\n\n<div class=\"wp-block-buttons has-custom-font-size has-medium-font-size is-content-justification-center is-layout-flex wp-container-core-buttons-is-layout-e1485a7b wp-block-buttons-is-layout-flex\">\n<div class=\"wp-block-button has-custom-width wp-block-button__width-100 is-style-fill\"><a class=\"wp-block-button__link has-black-color has-white-background-color has-text-color has-background has-medium-font-size has-custom-font-size wp-element-button\" href=\"https:\/\/spsow.cz\/en\/zaklady-programovani\/\" style=\"border-radius:0px\">Z\u00e1klady programov\u00e1n\u00ed<\/a><\/div>\n<\/div>\n<\/div>\n\n\n\n<div class=\"wp-block-column div-obory has-background is-layout-flow wp-block-column-is-layout-flow\" style=\"background:linear-gradient(135deg,rgb(51,13,105) 0%,rgb(199,0,84) 100%)\">\n<div style=\"height:16px\" aria-hidden=\"true\" class=\"wp-block-spacer\"><\/div>\n\n\n\n<figure class=\"wp-block-image aligncenter size-full is-resized\"><img loading=\"lazy\" decoding=\"async\" width=\"512\" height=\"512\" src=\"https:\/\/spsow.cz\/wp-content\/uploads\/2023\/05\/modeling-white.png\" alt=\"\" class=\"wp-image-1990\" style=\"width:64px;height:64px\" srcset=\"https:\/\/spsow.cz\/wp-content\/uploads\/2023\/05\/modeling-white.png 512w, https:\/\/spsow.cz\/wp-content\/uploads\/2023\/05\/modeling-white-300x300.png 300w, https:\/\/spsow.cz\/wp-content\/uploads\/2023\/05\/modeling-white-150x150.png 150w\" sizes=\"auto, (max-width: 512px) 100vw, 512px\" \/><\/figure>\n\n\n\n<div style=\"height:16px\" aria-hidden=\"true\" class=\"wp-block-spacer\"><\/div>\n\n\n\n<div class=\"wp-block-buttons has-custom-font-size has-medium-font-size is-content-justification-center is-layout-flex wp-container-core-buttons-is-layout-e1485a7b wp-block-buttons-is-layout-flex\">\n<div class=\"wp-block-button has-custom-width wp-block-button__width-100 is-style-fill\"><a class=\"wp-block-button__link has-black-color has-white-background-color has-text-color has-background has-medium-font-size has-custom-font-size wp-element-button\" href=\"https:\/\/spsow.cz\/en\/3d-modelovani\/\" style=\"border-radius:0px\">3D tisk<\/a><\/div>\n<\/div>\n<\/div>\n\n\n\n<div class=\"wp-block-column div-obory has-background is-layout-flow wp-block-column-is-layout-flow\" style=\"background:linear-gradient(135deg,rgb(199,0,84) 2%,rgb(216,162,0) 97%)\">\n<div style=\"height:16px\" aria-hidden=\"true\" class=\"wp-block-spacer\"><\/div>\n\n\n\n<figure class=\"wp-block-image aligncenter size-full is-resized\"><img decoding=\"async\" src=\"https:\/\/spsow.cz\/wp-content\/uploads\/2024\/04\/home-automation-white.png\" alt=\"\" class=\"wp-image-1993\" style=\"width:64px;height:64px\"\/><\/figure>\n\n\n\n<div style=\"height:16px\" aria-hidden=\"true\" class=\"wp-block-spacer\"><\/div>\n\n\n\n<div class=\"wp-block-buttons has-custom-font-size has-medium-font-size is-content-justification-center is-layout-flex wp-container-core-buttons-is-layout-e1485a7b wp-block-buttons-is-layout-flex\">\n<div class=\"wp-block-button has-custom-width wp-block-button__width-100\"><a class=\"wp-block-button__link has-black-color has-white-background-color has-text-color has-background wp-element-button\" href=\"https:\/\/spsow.cz\/en\/mlady-nastrojar\/\" style=\"border-radius:0px\">Mlad\u00fd n\u00e1stroja\u0159<\/a><\/div>\n<\/div>\n<\/div>\n<\/div>\n\n\n\n<div class=\"wp-block-columns is-layout-flex wp-container-core-columns-is-layout-9d6595d7 wp-block-columns-is-layout-flex\">\n<div class=\"wp-block-column div-obory has-white-color has-text-color has-background has-medium-font-size is-layout-flow wp-block-column-is-layout-flow\" style=\"background:linear-gradient(135deg,rgb(0,174,199) 0%,rgb(51,13,105) 100%)\">\n<div style=\"height:16px\" aria-hidden=\"true\" class=\"wp-block-spacer\"><\/div>\n\n\n\n<figure class=\"wp-block-image aligncenter size-full is-resized\"><img decoding=\"async\" src=\"https:\/\/spsow.cz\/wp-content\/uploads\/2023\/04\/assembly-white-150x150.png\" alt=\"\" class=\"wp-image-1988\" style=\"width:64px;height:64px\"\/><\/figure>\n\n\n\n<div style=\"height:16px\" aria-hidden=\"true\" class=\"wp-block-spacer\"><\/div>\n\n\n\n<div class=\"wp-block-buttons has-custom-font-size has-medium-font-size is-content-justification-center is-layout-flex wp-container-core-buttons-is-layout-e1485a7b wp-block-buttons-is-layout-flex\">\n<div class=\"wp-block-button has-custom-width wp-block-button__width-100 is-style-fill\"><a class=\"wp-block-button__link has-black-color has-white-background-color has-text-color has-background has-medium-font-size has-custom-font-size wp-element-button\" href=\"https:\/\/spsow.cz\/en\/strojarina-je-fajn\/\" style=\"border-radius:0px\">Stroja\u0159ina je fajn<\/a><\/div>\n<\/div>\n<\/div>\n\n\n\n<div class=\"wp-block-column div-obory has-background is-layout-flow wp-block-column-is-layout-flow\" style=\"background:linear-gradient(135deg,rgb(51,13,105) 0%,rgb(199,0,84) 100%)\">\n<div style=\"height:16px\" aria-hidden=\"true\" class=\"wp-block-spacer\"><\/div>\n\n\n\n<figure class=\"wp-block-image aligncenter size-full is-resized\"><img decoding=\"async\" src=\"https:\/\/spsow.cz\/wp-content\/uploads\/2023\/05\/mechanic-white.png\" alt=\"\" class=\"wp-image-1990\" style=\"width:64px;height:64px\"\/><\/figure>\n\n\n\n<div style=\"height:16px\" aria-hidden=\"true\" class=\"wp-block-spacer\"><\/div>\n\n\n\n<div class=\"wp-block-buttons has-custom-font-size has-medium-font-size is-content-justification-center is-layout-flex wp-container-core-buttons-is-layout-e1485a7b wp-block-buttons-is-layout-flex\">\n<div class=\"wp-block-button has-custom-width wp-block-button__width-100 is-style-fill\"><a class=\"wp-block-button__link has-black-color has-white-background-color has-text-color has-background has-medium-font-size has-custom-font-size wp-element-button\" href=\"https:\/\/spsow.cz\/en\/automechanik-2\/\" style=\"border-radius:0px\">Automechanik<\/a><\/div>\n<\/div>\n<\/div>\n\n\n\n<div class=\"wp-block-column div-obory has-background is-layout-flow wp-block-column-is-layout-flow\" style=\"background:linear-gradient(135deg,rgb(199,0,84) 2%,rgb(216,162,0) 97%)\">\n<div style=\"height:16px\" aria-hidden=\"true\" class=\"wp-block-spacer\"><\/div>\n\n\n\n<figure class=\"wp-block-image aligncenter size-full is-resized\"><img decoding=\"async\" src=\"https:\/\/spsow.cz\/wp-content\/uploads\/2024\/04\/talent-white.png\" alt=\"\" class=\"wp-image-1993\" style=\"width:64px;height:64px\"\/><\/figure>\n\n\n\n<div style=\"height:16px\" aria-hidden=\"true\" class=\"wp-block-spacer\"><\/div>\n\n\n\n<div class=\"wp-block-buttons has-custom-font-size has-medium-font-size is-content-justification-center is-layout-flex wp-container-core-buttons-is-layout-e1485a7b wp-block-buttons-is-layout-flex\">\n<div class=\"wp-block-button has-custom-width wp-block-button__width-100\"><a class=\"wp-block-button__link has-black-color has-white-background-color has-text-color has-background wp-element-button\" href=\"https:\/\/spsow.cz\/en\/vytvarne-talentove-centrum-pro-nadane-zaky\/\" style=\"border-radius:0px\">Talentov\u00e9 centrum<\/a><\/div>\n<\/div>\n<\/div>\n<\/div>","protected":false},"excerpt":{"rendered":"","protected":false},"author":1,"featured_media":0,"parent":0,"menu_order":0,"comment_status":"closed","ping_status":"closed","template":"","meta":{"footnotes":""},"class_list":["post-1075","page","type-page","status-publish","hentry"],"_links":{"self":[{"href":"https:\/\/spsow.cz\/en\/wp-json\/wp\/v2\/pages\/1075","targetHints":{"allow":["GET"]}}],"collection":[{"href":"https:\/\/spsow.cz\/en\/wp-json\/wp\/v2\/pages"}],"about":[{"href":"https:\/\/spsow.cz\/en\/wp-json\/wp\/v2\/types\/page"}],"author":[{"embeddable":true,"href":"https:\/\/spsow.cz\/en\/wp-json\/wp\/v2\/users\/1"}],"replies":[{"embeddable":true,"href":"https:\/\/spsow.cz\/en\/wp-json\/wp\/v2\/comments?post=1075"}],"version-history":[{"count":37,"href":"https:\/\/spsow.cz\/en\/wp-json\/wp\/v2\/pages\/1075\/revisions"}],"predecessor-version":[{"id":10772,"href":"https:\/\/spsow.cz\/en\/wp-json\/wp\/v2\/pages\/1075\/revisions\/10772"}],"wp:attachment":[{"href":"https:\/\/spsow.cz\/en\/wp-json\/wp\/v2\/media?parent=1075"}],"curies":[{"name":"wp","href":"https:\/\/api.w.org\/{rel}","templated":true}]}}