{"id":1073,"date":"2023-04-14T11:06:51","date_gmt":"2023-04-14T09:06:51","guid":{"rendered":"http:\/\/192.168.1.208\/wordpress\/?page_id=1073"},"modified":"2025-06-18T14:12:30","modified_gmt":"2025-06-18T12:12:30","slug":"technicke-krouzky-pro-ss","status":"publish","type":"page","link":"https:\/\/spsow.cz\/en\/technicke-krouzky-pro-ss\/","title":{"rendered":"Krou\u017eky pro S\u0160"},"content":{"rendered":"<div class=\"wp-block-columns is-layout-flex wp-container-core-columns-is-layout-9d6595d7 wp-block-columns-is-layout-flex\">\n<div class=\"wp-block-column div-obory has-white-color has-text-color has-background has-medium-font-size is-layout-flow wp-block-column-is-layout-flow\" style=\"background:linear-gradient(135deg,rgb(0,174,199) 0%,rgb(51,13,105) 100%)\">\n<div style=\"height:16px\" aria-hidden=\"true\" class=\"wp-block-spacer\"><\/div>\n\n\n\n<figure class=\"wp-block-image aligncenter size-full is-resized\"><img loading=\"lazy\" decoding=\"async\" width=\"512\" height=\"512\" src=\"https:\/\/spsow.cz\/wp-content\/uploads\/2023\/05\/3d-printing-white.png\" alt=\"\" class=\"wp-image-1988\" style=\"width:64px;height:64px\" srcset=\"https:\/\/spsow.cz\/wp-content\/uploads\/2023\/05\/3d-printing-white.png 512w, https:\/\/spsow.cz\/wp-content\/uploads\/2023\/05\/3d-printing-white-300x300.png 300w, https:\/\/spsow.cz\/wp-content\/uploads\/2023\/05\/3d-printing-white-150x150.png 150w\" sizes=\"auto, (max-width: 512px) 100vw, 512px\" \/><\/figure>\n\n\n\n<div style=\"height:16px\" aria-hidden=\"true\" class=\"wp-block-spacer\"><\/div>\n\n\n\n<div class=\"wp-block-buttons has-custom-font-size has-medium-font-size is-content-justification-center is-layout-flex wp-container-core-buttons-is-layout-e1485a7b wp-block-buttons-is-layout-flex\">\n<div class=\"wp-block-button has-custom-width wp-block-button__width-100 is-style-fill\"><a class=\"wp-block-button__link has-black-color has-white-background-color has-text-color has-background has-medium-font-size has-custom-font-size wp-element-button\" href=\"https:\/\/spsow.cz\/en\/kurz-3d-modelovani-a-3d-tisku\/\" style=\"border-radius:0px\">Krou\u017eek 3D TISK<\/a><\/div>\n<\/div>\n<\/div>\n\n\n\n<div class=\"wp-block-column div-obory has-background is-layout-flow wp-block-column-is-layout-flow\" style=\"background:linear-gradient(135deg,rgb(51,13,105) 0%,rgb(199,0,84) 100%)\">\n<div style=\"height:16px\" aria-hidden=\"true\" class=\"wp-block-spacer\"><\/div>\n\n\n\n<figure class=\"wp-block-image aligncenter size-full is-resized\"><img loading=\"lazy\" decoding=\"async\" width=\"512\" height=\"512\" src=\"https:\/\/spsow.cz\/wp-content\/uploads\/2023\/05\/modeling-white.png\" alt=\"\" class=\"wp-image-1990\" style=\"width:64px;height:64px\" srcset=\"https:\/\/spsow.cz\/wp-content\/uploads\/2023\/05\/modeling-white.png 512w, https:\/\/spsow.cz\/wp-content\/uploads\/2023\/05\/modeling-white-300x300.png 300w, https:\/\/spsow.cz\/wp-content\/uploads\/2023\/05\/modeling-white-150x150.png 150w\" sizes=\"auto, (max-width: 512px) 100vw, 512px\" \/><\/figure>\n\n\n\n<div style=\"height:16px\" aria-hidden=\"true\" class=\"wp-block-spacer\"><\/div>\n\n\n\n<div class=\"wp-block-buttons has-custom-font-size has-medium-font-size is-content-justification-center is-layout-flex wp-container-core-buttons-is-layout-e1485a7b wp-block-buttons-is-layout-flex\">\n<div class=\"wp-block-button has-custom-width wp-block-button__width-100 is-style-fill\"><a class=\"wp-block-button__link has-black-color has-white-background-color has-text-color has-background has-medium-font-size has-custom-font-size wp-element-button\" href=\"https:\/\/spsow.cz\/en\/krouzek-3d-modelovani\/\" style=\"border-radius:0px\">Krou\u017eek 3D modelov\u00e1n\u00ed<\/a><\/div>\n<\/div>\n<\/div>\n\n\n\n<div class=\"wp-block-column div-obory has-background is-layout-flow wp-block-column-is-layout-flow\" style=\"background:linear-gradient(135deg,rgb(199,0,84) 2%,rgb(216,162,0) 97%)\">\n<div style=\"height:16px\" aria-hidden=\"true\" class=\"wp-block-spacer\"><\/div>\n\n\n\n<figure class=\"wp-block-image aligncenter size-full is-resized\"><img loading=\"lazy\" decoding=\"async\" width=\"150\" height=\"150\" src=\"https:\/\/spsow.cz\/wp-content\/uploads\/2023\/11\/eplan-white.png\" alt=\"\" class=\"wp-image-4233\" style=\"width:64px;height:64px\" srcset=\"https:\/\/spsow.cz\/wp-content\/uploads\/2023\/11\/eplan-white.png 150w, https:\/\/spsow.cz\/wp-content\/uploads\/2023\/11\/eplan-white-12x12.png 12w\" sizes=\"auto, (max-width: 150px) 100vw, 150px\" \/><\/figure>\n\n\n\n<div style=\"height:16px\" aria-hidden=\"true\" class=\"wp-block-spacer\"><\/div>\n\n\n\n<div class=\"wp-block-buttons has-custom-font-size has-medium-font-size is-content-justification-center is-layout-flex wp-container-core-buttons-is-layout-e1485a7b wp-block-buttons-is-layout-flex\">\n<div class=\"wp-block-button has-custom-width wp-block-button__width-100\"><a class=\"wp-block-button__link has-black-color has-white-background-color has-text-color has-background wp-element-button\" href=\"https:\/\/spsow.cz\/en\/krouzek-eplan\/\" style=\"border-radius:0px\">Krou\u017eek EPLAN<\/a><\/div>\n<\/div>\n<\/div>\n<\/div>\n\n\n\n<div class=\"wp-block-columns is-layout-flex wp-container-core-columns-is-layout-9d6595d7 wp-block-columns-is-layout-flex\">\n<div class=\"wp-block-column div-obory has-white-color has-text-color has-background has-medium-font-size is-layout-flow wp-block-column-is-layout-flow\" style=\"background:linear-gradient(135deg,rgb(0,174,199) 0%,rgb(51,13,105) 100%)\">\n<div style=\"height:16px\" aria-hidden=\"true\" class=\"wp-block-spacer\"><\/div>\n\n\n\n<figure class=\"wp-block-image aligncenter size-full is-resized\"><img loading=\"lazy\" decoding=\"async\" width=\"512\" height=\"512\" src=\"https:\/\/spsow.cz\/wp-content\/uploads\/2023\/05\/laser-cutting-machine-white.png\" alt=\"\" class=\"wp-image-2007\" style=\"width:64px;height:64px\" srcset=\"https:\/\/spsow.cz\/wp-content\/uploads\/2023\/05\/laser-cutting-machine-white.png 512w, https:\/\/spsow.cz\/wp-content\/uploads\/2023\/05\/laser-cutting-machine-white-300x300.png 300w, https:\/\/spsow.cz\/wp-content\/uploads\/2023\/05\/laser-cutting-machine-white-150x150.png 150w\" sizes=\"auto, (max-width: 512px) 100vw, 512px\" \/><\/figure>\n\n\n\n<div style=\"height:16px\" aria-hidden=\"true\" class=\"wp-block-spacer\"><\/div>\n\n\n\n<div class=\"wp-block-buttons has-custom-font-size has-medium-font-size is-content-justification-center is-layout-flex wp-container-core-buttons-is-layout-e1485a7b wp-block-buttons-is-layout-flex\">\n<div class=\"wp-block-button has-custom-width wp-block-button__width-100 is-style-fill\"><a class=\"wp-block-button__link has-black-color has-white-background-color has-text-color has-background has-medium-font-size has-custom-font-size wp-element-button\" href=\"https:\/\/spsow.cz\/en\/krouzek-obsluhy-gravirovaciho-laseru\/\" style=\"border-radius:0px\">Krou\u017eek obsluhy grav\u00edrovac\u00edho laseru<\/a><\/div>\n<\/div>\n<\/div>\n\n\n\n<div class=\"wp-block-column div-obory has-background is-layout-flow wp-block-column-is-layout-flow\" style=\"background:linear-gradient(135deg,rgb(51,13,105) 0%,rgb(199,0,84) 100%)\">\n<div style=\"height:16px\" aria-hidden=\"true\" class=\"wp-block-spacer\"><\/div>\n\n\n\n<figure class=\"wp-block-image aligncenter size-full is-resized\"><img loading=\"lazy\" decoding=\"async\" width=\"512\" height=\"512\" src=\"https:\/\/spsow.cz\/wp-content\/uploads\/2023\/05\/internet-of-things-white.png\" alt=\"\" class=\"wp-image-2012\" style=\"width:64px;height:64px\" srcset=\"https:\/\/spsow.cz\/wp-content\/uploads\/2023\/05\/internet-of-things-white.png 512w, https:\/\/spsow.cz\/wp-content\/uploads\/2023\/05\/internet-of-things-white-300x300.png 300w, https:\/\/spsow.cz\/wp-content\/uploads\/2023\/05\/internet-of-things-white-150x150.png 150w\" sizes=\"auto, (max-width: 512px) 100vw, 512px\" \/><\/figure>\n\n\n\n<div style=\"height:16px\" aria-hidden=\"true\" class=\"wp-block-spacer\"><\/div>\n\n\n\n<div class=\"wp-block-buttons has-custom-font-size has-medium-font-size is-content-justification-center is-layout-flex wp-container-core-buttons-is-layout-e1485a7b wp-block-buttons-is-layout-flex\">\n<div class=\"wp-block-button has-custom-width wp-block-button__width-100 is-style-fill\"><a class=\"wp-block-button__link has-black-color has-white-background-color has-text-color has-background has-medium-font-size has-custom-font-size wp-element-button\" href=\"https:\/\/spsow.cz\/en\/krouzek-iot-internet-of-things\/\" style=\"border-radius:0px\">Krou\u017eek IoT<br>(Internet of Things)<\/a><\/div>\n<\/div>\n<\/div>\n\n\n\n<div class=\"wp-block-column div-obory has-background is-layout-flow wp-block-column-is-layout-flow\" style=\"background:linear-gradient(135deg,rgb(199,0,84) 2%,rgb(216,162,0) 97%)\">\n<div style=\"height:16px\" aria-hidden=\"true\" class=\"wp-block-spacer\"><\/div>\n\n\n\n<figure class=\"wp-block-image aligncenter size-full is-resized\"><img loading=\"lazy\" decoding=\"async\" width=\"512\" height=\"512\" src=\"https:\/\/spsow.cz\/wp-content\/uploads\/2023\/05\/circuit-board-white.png\" alt=\"\" class=\"wp-image-1993\" style=\"width:64px;height:64px\" srcset=\"https:\/\/spsow.cz\/wp-content\/uploads\/2023\/05\/circuit-board-white.png 512w, https:\/\/spsow.cz\/wp-content\/uploads\/2023\/05\/circuit-board-white-300x300.png 300w, https:\/\/spsow.cz\/wp-content\/uploads\/2023\/05\/circuit-board-white-150x150.png 150w\" sizes=\"auto, (max-width: 512px) 100vw, 512px\" \/><\/figure>\n\n\n\n<div style=\"height:16px\" aria-hidden=\"true\" class=\"wp-block-spacer\"><\/div>\n\n\n\n<div class=\"wp-block-buttons has-custom-font-size has-medium-font-size is-content-justification-center is-layout-flex wp-container-core-buttons-is-layout-e1485a7b wp-block-buttons-is-layout-flex\">\n<div class=\"wp-block-button has-custom-width wp-block-button__width-100\"><a class=\"wp-block-button__link has-black-color has-white-background-color has-text-color has-background wp-element-button\" href=\"https:\/\/spsow.cz\/en\/krouzek-elektron\/\" style=\"border-radius:0px\">Krou\u017eek Elektron (V\u00fdvoj\u00e1\u0159)<\/a><\/div>\n<\/div>\n<\/div>\n<\/div>\n\n\n\n<div class=\"wp-block-columns is-layout-flex wp-container-core-columns-is-layout-9d6595d7 wp-block-columns-is-layout-flex\">\n<div class=\"wp-block-column div-obory has-white-color has-text-color has-background has-medium-font-size is-layout-flow wp-block-column-is-layout-flow\" style=\"background:linear-gradient(135deg,rgb(0,174,199) 0%,rgb(51,13,105) 100%)\">\n<div style=\"height:16px\" aria-hidden=\"true\" class=\"wp-block-spacer\"><\/div>\n\n\n\n<figure class=\"wp-block-image aligncenter size-full is-resized\"><img loading=\"lazy\" decoding=\"async\" width=\"64\" height=\"64\" src=\"https:\/\/spsow.cz\/wp-content\/uploads\/2024\/02\/racing-car.png\" alt=\"\" class=\"wp-image-5162\" style=\"width:64px;height:64px\" srcset=\"https:\/\/spsow.cz\/wp-content\/uploads\/2024\/02\/racing-car.png 64w, https:\/\/spsow.cz\/wp-content\/uploads\/2024\/02\/racing-car-12x12.png 12w\" sizes=\"auto, (max-width: 64px) 100vw, 64px\" \/><\/figure>\n\n\n\n<div style=\"height:16px\" aria-hidden=\"true\" class=\"wp-block-spacer\"><\/div>\n\n\n\n<div class=\"wp-block-buttons has-custom-font-size has-medium-font-size is-content-justification-center is-layout-flex wp-container-core-buttons-is-layout-e1485a7b wp-block-buttons-is-layout-flex\">\n<div class=\"wp-block-button has-custom-width wp-block-button__width-100 is-style-fill\"><a class=\"wp-block-button__link has-black-color has-white-background-color has-text-color has-background has-medium-font-size has-custom-font-size wp-element-button\" href=\"https:\/\/spsow.cz\/en\/stavime-zavodak\/\" style=\"border-radius:0px\">Stav\u00edme z\u00e1vo\u010f\u00e1k<\/a><\/div>\n<\/div>\n<\/div>\n\n\n\n<div class=\"wp-block-column div-obory has-background is-layout-flow wp-block-column-is-layout-flow\" style=\"background:linear-gradient(135deg,rgb(51,13,105) 0%,rgb(199,0,84) 100%)\">\n<div style=\"height:16px\" aria-hidden=\"true\" class=\"wp-block-spacer\"><\/div>\n\n\n\n<figure class=\"wp-block-image aligncenter size-full is-resized\"><img decoding=\"async\" src=\"https:\/\/spsow.cz\/wp-content\/uploads\/2024\/04\/gym-white.png\" alt=\"\" class=\"wp-image-5162\" style=\"width:64px;height:64px\"\/><\/figure>\n\n\n\n<div style=\"height:16px\" aria-hidden=\"true\" class=\"wp-block-spacer\"><\/div>\n\n\n\n<div class=\"wp-block-buttons has-custom-font-size has-medium-font-size is-content-justification-center is-layout-flex wp-container-core-buttons-is-layout-e1485a7b wp-block-buttons-is-layout-flex\">\n<div class=\"wp-block-button has-custom-width wp-block-button__width-100 is-style-fill\"><a class=\"wp-block-button__link has-black-color has-white-background-color has-text-color has-background has-medium-font-size has-custom-font-size wp-element-button\" href=\"https:\/\/spsow.cz\/en\/fitko-ve-velkem-porici\/\" style=\"border-radius:0px\">Fitko<\/a><\/div>\n<\/div>\n<\/div>\n\n\n\n<div class=\"wp-block-column div-obory has-background is-layout-flow wp-block-column-is-layout-flow\" style=\"background:linear-gradient(135deg,rgb(199,0,84) 2%,rgb(216,162,0) 97%)\">\n<div style=\"height:16px\" aria-hidden=\"true\" class=\"wp-block-spacer\"><\/div>\n\n\n\n<figure class=\"wp-block-image aligncenter size-full is-resized\"><img decoding=\"async\" src=\"https:\/\/spsow.cz\/wp-content\/uploads\/2024\/04\/florbal-white.png\" alt=\"\" class=\"wp-image-5162\" style=\"width:64px;height:64px\"\/><\/figure>\n\n\n\n<div style=\"height:16px\" aria-hidden=\"true\" class=\"wp-block-spacer\"><\/div>\n\n\n\n<div class=\"wp-block-buttons has-custom-font-size has-medium-font-size is-content-justification-center is-layout-flex wp-container-core-buttons-is-layout-e1485a7b wp-block-buttons-is-layout-flex\">\n<div class=\"wp-block-button has-custom-width wp-block-button__width-100 is-style-fill\"><a class=\"wp-block-button__link has-black-color has-white-background-color has-text-color has-background has-medium-font-size has-custom-font-size wp-element-button\" href=\"https:\/\/spsow.cz\/en\/florbalovy-krouzek\/\" style=\"border-radius:0px\">Florbalov\u00fd krou\u017eek<\/a><\/div>\n<\/div>\n<\/div>\n<\/div>\n\n\n\n<div class=\"wp-block-columns is-layout-flex wp-container-core-columns-is-layout-9d6595d7 wp-block-columns-is-layout-flex\">\n<div class=\"wp-block-column div-obory has-white-color has-text-color has-background has-medium-font-size is-layout-flow wp-block-column-is-layout-flow\" style=\"background:linear-gradient(135deg,rgb(0,174,199) 0%,rgb(51,13,105) 100%)\">\n<div style=\"height:16px\" aria-hidden=\"true\" class=\"wp-block-spacer\"><\/div>\n\n\n\n<figure class=\"wp-block-image aligncenter size-full is-resized\"><img decoding=\"async\" src=\"https:\/\/spsow.cz\/wp-content\/uploads\/2024\/04\/talent-white.png\" alt=\"\" class=\"wp-image-5162\" style=\"width:64px;height:64px\"\/><\/figure>\n\n\n\n<div style=\"height:16px\" aria-hidden=\"true\" class=\"wp-block-spacer\"><\/div>\n\n\n\n<div class=\"wp-block-buttons has-custom-font-size has-medium-font-size is-content-justification-center is-layout-flex wp-container-core-buttons-is-layout-16018d1d wp-block-buttons-is-layout-flex\">\n<div class=\"wp-block-button has-custom-width wp-block-button__width-100 is-style-fill\"><a class=\"wp-block-button__link has-black-color has-white-background-color has-text-color has-background has-medium-font-size has-custom-font-size wp-element-button\" href=\"https:\/\/spsow.cz\/en\/vytvarne-talentove-centrum-pro-nadane-zaky\/\" style=\"border-radius:0px\">V\u00fdtvarn\u00e9 talentov\u00e9 centrum pro nadan\u00e9 \u017e\u00e1ky<\/a><\/div>\n<\/div>\n<\/div>\n\n\n\n<div class=\"wp-block-column div-obory has-background is-layout-flow wp-block-column-is-layout-flow\" style=\"background:linear-gradient(135deg,rgb(51,13,105) 0%,rgb(199,0,84) 100%)\">\n<div style=\"height:16px\" aria-hidden=\"true\" class=\"wp-block-spacer\"><\/div>\n\n\n\n<figure class=\"wp-block-image aligncenter size-full is-resized\"><img decoding=\"async\" src=\"https:\/\/spsow.cz\/wp-content\/uploads\/2025\/06\/Sici_stroj.png\" alt=\"\" class=\"wp-image-5162\" style=\"width:64px;height:64px\"\/><\/figure>\n\n\n\n<div style=\"height:16px\" aria-hidden=\"true\" class=\"wp-block-spacer\"><\/div>\n\n\n\n<div class=\"wp-block-buttons is-content-justification-center is-layout-flex wp-container-core-buttons-is-layout-16018d1d wp-block-buttons-is-layout-flex\">\n<div class=\"wp-block-button has-custom-width wp-block-button__width-100 is-style-fill\"><a class=\"wp-block-button__link has-black-color has-white-background-color has-text-color has-background has-link-color has-medium-font-size has-text-align-center has-custom-font-size wp-element-button\" href=\"https:\/\/spsow.cz\/en\/kreativni-dilna-na-domove-mladeze\/\" style=\"border-radius:0px\">Kreativn\u00ed d\u00edlna<\/a><\/div>\n<\/div>\n<\/div>\n\n\n\n<div class=\"wp-block-column div-obory has-background is-layout-flow wp-block-column-is-layout-flow\" style=\"background:linear-gradient(135deg,rgb(199,0,84) 2%,rgb(216,162,0) 97%)\"><\/div>\n<\/div>\n\n\n\n<p><\/p>","protected":false},"excerpt":{"rendered":"","protected":false},"author":1,"featured_media":0,"parent":0,"menu_order":0,"comment_status":"closed","ping_status":"closed","template":"","meta":{"footnotes":""},"class_list":["post-1073","page","type-page","status-publish","hentry"],"_links":{"self":[{"href":"https:\/\/spsow.cz\/en\/wp-json\/wp\/v2\/pages\/1073","targetHints":{"allow":["GET"]}}],"collection":[{"href":"https:\/\/spsow.cz\/en\/wp-json\/wp\/v2\/pages"}],"about":[{"href":"https:\/\/spsow.cz\/en\/wp-json\/wp\/v2\/types\/page"}],"author":[{"embeddable":true,"href":"https:\/\/spsow.cz\/en\/wp-json\/wp\/v2\/users\/1"}],"replies":[{"embeddable":true,"href":"https:\/\/spsow.cz\/en\/wp-json\/wp\/v2\/comments?post=1073"}],"version-history":[{"count":53,"href":"https:\/\/spsow.cz\/en\/wp-json\/wp\/v2\/pages\/1073\/revisions"}],"predecessor-version":[{"id":11487,"href":"https:\/\/spsow.cz\/en\/wp-json\/wp\/v2\/pages\/1073\/revisions\/11487"}],"wp:attachment":[{"href":"https:\/\/spsow.cz\/en\/wp-json\/wp\/v2\/media?parent=1073"}],"curies":[{"name":"wp","href":"https:\/\/api.w.org\/{rel}","templated":true}]}}