{"id":1067,"date":"2023-04-14T11:02:48","date_gmt":"2023-04-14T09:02:48","guid":{"rendered":"http:\/\/192.168.1.208\/wordpress\/?page_id=1067"},"modified":"2026-02-10T08:30:17","modified_gmt":"2026-02-10T07:30:17","slug":"kontakty-vp","status":"publish","type":"page","link":"https:\/\/spsow.cz\/en\/kontakty-vp\/","title":{"rendered":"Kontakty &#8211; Velk\u00e9 Po\u0159\u00ed\u010d\u00ed"},"content":{"rendered":"\n<h2 class=\"wp-block-heading has-medium-font-size\"><strong>Kontaktovat n\u00e1s m\u016f\u017eete telefonicky nebo pomoc\u00ed formul\u00e1\u0159e ve spodn\u00ed \u010d\u00e1sti str\u00e1nky.<\/strong><\/h2>\n\n\n\n<figure class=\"wp-block-table is-style-stripes has-medium-font-size\"><table><thead><tr><th><\/th><th><\/th><th><\/th><\/tr><\/thead><tbody><tr><td>Martina Bohadlov\u00e1<\/td><td><strong>733 505 301<\/strong><br>702 265 294<\/td><td><strong>hlavn\u00ed kontakt pro Velk\u00e9 Po\u0159\u00ed\u010d\u00ed<\/strong><\/td><\/tr><tr><td><\/td><td><\/td><td><\/td><\/tr><tr><td><strong>U\u010ditel\u00e9 teoretick\u00e9ho vyu\u010dov\u00e1n\u00ed<\/strong><\/td><td><\/td><td><\/td><\/tr><tr><td>Mgr. David Bala\u0161<\/td><td>702 269 799<\/td><td><\/td><\/tr><tr><td>Ing. Eva Bergmannov\u00e1<\/td><td>724 379 511<\/td><td><\/td><\/tr><tr><td>Ing. Jana Bohadlov\u00e1<\/td><td>724 379 511<\/td><td><\/td><\/tr><tr><td>Mgr. Daniel Bohuslav<\/td><td>702 269 799<\/td><td><\/td><\/tr><tr><td>Ing. Ilona \u010cernick\u00e1<\/td><td>702 269 909<\/td><td><\/td><\/tr><tr><td>Ing. Lenka \u010ce\u0159ovsk\u00e1<\/td><td>737 922 123<\/td><td>z\u00e1stupce \u0159editele<\/td><\/tr><tr><td>Mgr. Ivana \u010c\u00ed\u017ekov\u00e1<\/td><td>702 269 799<\/td><td><\/td><\/tr><tr><td>Mgr. Tereza Engov\u00e1<\/td><td>702&nbsp;269&nbsp;775<\/td><td><\/td><\/tr><tr><td>Ing. Dana Freislerov\u00e1<\/td><td>724 379 511<\/td><td><\/td><\/tr><tr><td>MgA. Ivona Gazd\u00edkov\u00e1<\/td><td>702 269 804<\/td><td><\/td><\/tr><tr><td>Mgr. Hana Hejzlarov\u00e1<\/td><td>702 269 906<\/td><td><\/td><\/tr><tr><td>MgA. V\u00e1clava Henclov\u00e1<\/td><td>702 269 804<\/td><td><\/td><\/tr><tr><td>Marcela Hou\u0161\u0165kov\u00e1<\/td><td>702 269 906<\/td><td><\/td><\/tr><tr><td>PaedDr. Miroslava Jir\u00e1skov\u00e1<\/td><td>702 232 370<\/td><td>z\u00e1stupce \u0159editele<\/td><\/tr><tr><td>Ing. Simona Karl\u00edkov\u00e1<\/td><td>733 505 301<\/td><td>\u0161koln\u00ed kari\u00e9rov\u00fd poradce<\/td><\/tr><tr><td>Alexandr Klemens<\/td><td>702 269 775<\/td><td><\/td><\/tr><tr><td>Bc. Janetta Klemensov\u00e1<\/td><td>702 269 775<\/td><td><\/td><\/tr><tr><td>Mgr. Zuzana Kov\u00e1\u0159ov\u00e1<\/td><td>702 269 906<\/td><td>metodik prevence<\/td><\/tr><tr><td>Bc. Simona Kuhnov\u00e1<\/td><td>727 955 010<\/td><td><\/td><\/tr><tr><td>Mgr. Renata Kuldov\u00e1<\/td><td>607 030 697<\/td><td>soci\u00e1ln\u00ed pedagog<\/td><\/tr><tr><td>Michal Kupsk\u00fd<\/td><td>702 269 823<\/td><td><\/td><\/tr><tr><td>Ing. Petra Lantov\u00e1<\/td><td>702 269 799<\/td><td>v\u00fdchovn\u00fd poradce<\/td><\/tr><tr><td>Mgr. Renata Lelkov\u00e1<\/td><td>702 269 906<\/td><td><\/td><\/tr><tr><td>Ing. Petr Mar\u0161\u00e1lek<\/td><td>607 030 697<\/td><td><\/td><\/tr><tr><td>Ing. Lucie Mar\u0161\u00e1lkov\u00e1<\/td><td>607 030 697<\/td><td><\/td><\/tr><tr><td>Ing. Petr Michal<\/td><td>702 269 909<\/td><td><\/td><\/tr><tr><td>BcA. Mark\u00e9ta N\u00e1dvorn\u00edkov\u00e1<\/td><td>702 269 906<\/td><td><\/td><\/tr><tr><td>MgA. Zuzana Paterov\u00e1 Vikov\u00e1<\/td><td>724 379 511<\/td><td><\/td><\/tr><tr><td>Mgr. Kl\u00e1ra Pavlovi\u010dov\u00e1<\/td><td>727 955 010<\/td><td><\/td><\/tr><tr><td>Bc. Petr Prokop<\/td><td>702&nbsp;269&nbsp;909<\/td><td><\/td><\/tr><tr><td>Mgr. Dagmar Prokopov\u00e1<\/td><td>702 269 775<\/td><td><\/td><\/tr><tr><td>So\u0148a \u0160af\u00e1\u0159ov\u00e1<\/td><td>727 955 010<\/td><td><\/td><\/tr><tr><td>Mgr. Karel \u0160imek<\/td><td>607 030 697<\/td><td><\/td><\/tr><tr><td>Mgr. L\u00edvia Sou\u010dkov\u00e1<\/td><td>702 269 775<\/td><td><\/td><\/tr><tr><td>Bc. David \u0158\u00edha<\/td><td>702 269 909<\/td><td><\/td><\/tr><tr><td>Bc. Andrea Vojt\u011bchov\u00e1<\/td><td>724 379 511<\/td><td><\/td><\/tr><tr><td>Ing. Karel Vykopal<\/td><td>702 269 909<\/td><td><\/td><\/tr><tr><td>Bc. Zuzana Zelenkov\u00e1<\/td><td>702 269 799<\/td><td><\/td><\/tr><tr><td><\/td><td><\/td><td><\/td><\/tr><tr><td><strong>U\u010ditel\u00e9 praktick\u00e9ho vyu\u010dov\u00e1n\u00ed<\/strong><\/td><td><\/td><td><\/td><\/tr><tr><td>Bc. Petr \u0160anc<\/td><td>603 588 532<\/td><td>z\u00e1stupce \u0159editele<\/td><\/tr><tr><td>Pavla Bernardov\u00e1<\/td><td>702 235 335<\/td><td><\/td><\/tr><tr><td>Vladim\u00edr Br\u00e1t<\/td><td>702 235 335<\/td><td><\/td><\/tr><tr><td>Lenka Hub\u00e1lkov\u00e1<\/td><td>727 807 587<\/td><td><\/td><\/tr><tr><td>Mgr. Gabriela Ka\u0161parov\u00e1<\/td><td> <\/td><td><\/td><\/tr><tr><td>Ivana Kocandov\u00e1<\/td><td>702 235 335<\/td><td><\/td><\/tr><tr><td>Veronika Kousalov\u00e1<\/td><td>702 269 877<\/td><td><\/td><\/tr><tr><td>Michaela Kroul\u00edkov\u00e1<\/td><td> <\/td><td><\/td><\/tr><tr><td>Tom\u00e1\u0161 Plicka<\/td><td>702 269 877<\/td><td><\/td><\/tr><tr><td>Marie Ry\u0161av\u00e1<\/td><td>702 269 877<\/td><td><\/td><\/tr><tr><td>Bc. Simona Sedl\u00e1\u010dkov\u00e1<\/td><td>601 560 427<\/td><td><\/td><\/tr><tr><td>Gabriela Soumarov\u00e1<\/td><td> <\/td><td><\/td><\/tr><tr><td>Tereza Nariel<\/td><td>702 269 877<\/td><td><\/td><\/tr><tr><td>Rostislav \u0160t\u011bp\u00e1n<\/td><td>702 269 877<\/td><td><\/td><\/tr><tr><td>Edita Hartman<\/td><td>601 560 427<\/td><td><\/td><\/tr><tr><td><\/td><td><\/td><td><\/td><\/tr><tr><td><strong>Domov ml\u00e1de\u017ee<\/strong><\/td><td><\/td><td><\/td><\/tr><tr><td>Bc. Miloslava Lep\u0161ov\u00e1<\/td><td>739 615 799<\/td><td>vedouc\u00ed DM<\/td><\/tr><tr><td>Marcel Strat\u00edlek<\/td><td>739 615 799<\/td><td>vychovatel<\/td><\/tr><tr><td>So\u0148a \u0160af\u00e1\u0159ov\u00e1<\/td><td>777 172 203<\/td><td>vychovatelka<\/td><\/tr><tr><td>Julie Rumlerov\u00e1<\/td><td>739 615 799<\/td><td>vychovatelka<\/td><\/tr><tr><td>Jitka Meisnerov\u00e1<\/td><td>725 567 338<\/td><td>hospod\u00e1\u0159ka<\/td><\/tr><tr><td>Eva Martincov\u00e1<\/td><td>720 849 323<\/td><td>\u00faklid<\/td><\/tr><tr><td>Lenka Rejchrtov\u00e1<\/td><td>720 849 323<\/td><td>\u00faklid<\/td><\/tr><tr><td>Petr Kult<\/td><td>739 615 799<\/td><td>bezpe\u010d. pracovn\u00edk (noc)<\/td><\/tr><tr><td><\/td><td><\/td><td><\/td><\/tr><tr><td><strong>Ostatn\u00ed zam\u011bstnanci<\/strong><\/td><td><\/td><td><\/td><\/tr><tr><td>Martina Bohadlov\u00e1<\/td><td>702 265 294<\/td><td>administrativn\u00ed pracovn\u00edk<\/td><\/tr><tr><td>Vojt\u011bch Hor\u00e1k<\/td><td>720 945 602<\/td><td>spr\u00e1vce ICT (po\u2013st)<\/td><\/tr><tr><td>Martina Machkov\u00e1<\/td><td>728 378 238<\/td><td>administrativn\u00ed pracovn\u00edk<\/td><\/tr><tr><td>Mgr. Petra Fettersov\u00e1<\/td><td>601 084 735<\/td><td>\u0161koln\u00ed psycholog<\/td><\/tr><tr><td>Bc. Nicol Rub\u00ednov\u00e1<\/td><td>721 029 685<\/td><td>\u00fa\u010detn\u00ed<\/td><\/tr><tr><td>Ji\u0159\u00ed Sluka<\/td><td>702 217 412<\/td><td>vedouc\u00ed ICT<\/td><\/tr><tr><td>Ing. Alena \u0160koln\u00edkov\u00e1<\/td><td>607 105 774<\/td><td>\u00fa\u010detn\u00ed<\/td><\/tr><tr><td>Ji\u0159\u00ed Lanta<\/td><td>702 021 241<\/td><td>vedouc\u00ed spr\u00e1vy budov<\/td><\/tr><tr><td>Ji\u0159\u00ed Dole\u017eal<\/td><td>737 831 688<\/td><td>\u00fadr\u017eba<\/td><\/tr><tr><td>Pavel \u0160pa\u010dek<\/td><td>720 883 035<\/td><td>\u00fadr\u017eba<\/td><\/tr><\/tbody><\/table><\/figure>\n\n\n\n<div style=\"height:20px\" aria-hidden=\"true\" class=\"wp-block-spacer\"><\/div>\n\n\n\n<h2 class=\"wp-block-heading has-large-font-size\">Kontaktn\u00ed formul\u00e1\u0159<\/h2>\n\n\n<div class='fluentform ff-default fluentform_wrapper_7  ff_guten_block ff_guten_block-7 ffs_default_wrap'><form data-form_id=\"7\" id=\"fluentform_7\" class=\"frm-fluent-form fluent_form_7 ff-el-form-top ff_form_instance_7_1 ff-form-loading ffs_default\" data-form_instance=\"ff_form_instance_7_1\" method=\"POST\" ><fieldset  style=\"border: none!important;margin: 0!important;padding: 0!important;background-color: transparent!important;box-shadow: none!important;outline: none!important; min-inline-size: 100%;\">\n                    <legend class=\"ff_screen_reader_title\" style=\"display: block; margin: 0!important;padding: 0!important;height: 0!important;text-indent: -999999px;width: 0!important;overflow:hidden;\">Kontaktn\u00ed formul\u00e1\u0159 &#8211; velk\u00e9 po\u0159\u00ed\u010d\u00ed<\/legend><input type='hidden' name='__fluent_form_embded_post_id' value='1067' \/><input type=\"hidden\" id=\"_fluentform_7_fluentformnonce\" name=\"_fluentform_7_fluentformnonce\" value=\"a5e4a1047c\" \/><input type=\"hidden\" name=\"_wp_http_referer\" value=\"\/en\/wp-json\/wp\/v2\/pages\/1067\" \/><div class='ff-el-group'><div class=\"ff-el-input--label ff-el-is-required asterisk-right\"><label for='ff_7_dropdown' id='label_ff_7_dropdown' aria-label=\"Komu\">Komu<\/label><\/div><div class='ff-el-input--content'><select name=\"dropdown\" id=\"ff_7_dropdown\" class=\"ff-el-form-control  ff_has_multi_select\" data-name=\"dropdown\" data-calc_value=\"0\"  aria-invalid=\"false\" aria-required=\"true\" aria-labelledby=\"label_ff_7_dropdown\"><option value=\"\">&#8211; Vyberte &#8211;<\/option><option data-calc_value=\"2\" data-custom-properties=\"2\" value=\"balasd@spsow.cz\"  >Mgr. David Bala\u0161<\/option><option data-calc_value=\"42\" data-custom-properties=\"42\" value=\"bernardovap@spsow.cz\"  >Pavla Bernardov\u00e1<\/option><option data-calc_value=\"62\" data-custom-properties=\"62\" value=\"bohadlovam@spsow.cz\"  >Martina Bohadlov\u00e1<\/option><option data-calc_value=\"43\" data-custom-properties=\"43\" value=\"bratv@spsow.cz\"  >Vladim\u00edr Br\u00e1t<\/option><option data-calc_value=\"64\" data-custom-properties=\"64\" value=\"psycholog@spsow.cz\"  >Mgr. Petra Fettersov\u00e1<\/option><option data-calc_value=\"3\" data-custom-properties=\"3\" value=\"bergmannovae@spsow.cz\"  >Ing. Eva Bergmannov\u00e1<\/option><option data-calc_value=\"4\" data-custom-properties=\"4\" value=\"bohadlovaj@spsow.cz\"  >Ing. Jana Bohadlov\u00e1<\/option><option data-calc_value=\"5\" data-custom-properties=\"5\" value=\"bohuslavd@spsow.cz\"  >Mgr. Daniel Bohuslav<\/option><option data-calc_value=\"7\" data-custom-properties=\"7\" value=\"cernickai@spsow.cz\"  >Ing. Ilona \u010cernick\u00e1<\/option><option data-calc_value=\"8\" data-custom-properties=\"8\" value=\"cerovskal@spsow.cz\"  >Ing. Lenka \u010ce\u0159ovsk\u00e1<\/option><option data-calc_value=\"9\" data-custom-properties=\"9\" value=\"cizkovai@spsow.cz\"  >Mgr. Ivana \u010c\u00ed\u017ekov\u00e1<\/option><option value=\"engovat@spsow.cz\"  >Mgr. Tereza Engov\u00e1<\/option><option data-calc_value=\"10\" data-custom-properties=\"10\" value=\"gazdikovai@spsow.cz\"  >MgA. Ivona Gazd\u00edkov\u00e1<\/option><option data-calc_value=\"54\" data-custom-properties=\"54\" value=\"hartmane@spsow.cz\"  >Edita Hartman<\/option><option data-calc_value=\"12\" data-custom-properties=\"12\" value=\"hejzlarovah@spsow.cz\"  >Mgr. Hana Hejzlarov\u00e1<\/option><option data-calc_value=\"14\" data-custom-properties=\"14\" value=\"henclovav@spsow.cz\"  >MgA. V\u00e1clava Henclov\u00e1<\/option><option data-calc_value=\"15\" data-custom-properties=\"15\" value=\"houstkovam@spsow.cz\"  >Marcela Hou\u0161\u0165kov\u00e1<\/option><option value=\"horakv@spsow.cz\"  >Vojt\u011bch Hor\u00e1k<\/option><option data-calc_value=\"45\" data-custom-properties=\"45\" value=\"hubalkoval@spsow.cz\"  >Lenka Hub\u00e1lkov\u00e1<\/option><option data-calc_value=\"16\" data-custom-properties=\"16\" value=\"jiraskovam@spsow.cz\"  >PaedDr. Miroslava Jir\u00e1skov\u00e1<\/option><option data-calc_value=\"71\" data-custom-properties=\"71\" value=\"kasparovag@spsow.cz\"  >Mgr. Gabriela Ka\u0161parov\u00e1<\/option><option data-calc_value=\"17\" data-custom-properties=\"17\" value=\"karlikovas@spsow.cz\"  >Ing. Simona Karl\u00edkov\u00e1<\/option><option data-calc_value=\"18\" data-custom-properties=\"18\" value=\"klemensa@spsow.cz\"  >Alexandr Klemens<\/option><option data-calc_value=\"19\" data-custom-properties=\"19\" value=\"klemensovaj@spsow.cz\"  >Bc. Janetta Klemensov\u00e1<\/option><option data-calc_value=\"46\" data-custom-properties=\"46\" value=\"kocandovai@spsow.cz\"  >Ivana Kocandov\u00e1<\/option><option data-calc_value=\"47\" data-custom-properties=\"47\" value=\"kousalovav@spsow.cz\"  >Veronika Kousalov\u00e1<\/option><option data-calc_value=\"20\" data-custom-properties=\"20\" value=\"kovarovaz@spsow.cz\"  >Mgr. Zuzana Kov\u00e1\u0159ov\u00e1<\/option><option data-calc_value=\"48\" data-custom-properties=\"48\" value=\"kroulikovam@spsow.cz\"  >Michaela Kroul\u00edkov\u00e1<\/option><option data-calc_value=\"21\" data-custom-properties=\"21\" value=\"kuhnovas@spsow.cz\"  >Bc. Simona Kuhnov\u00e1<\/option><option data-calc_value=\"22\" data-custom-properties=\"22\" value=\"kuldovar@spsow.cz\"  >Mgr. Renata Kuldov\u00e1<\/option><option data-calc_value=\"23\" data-custom-properties=\"23\" value=\"kupskym@spsow.cz\"  >Michal Kupsk\u00fd<\/option><option data-calc_value=\"67\" data-custom-properties=\"67\" value=\"lantaj@spsow.cz\"  >Ji\u0159\u00ed Lanta<\/option><option data-calc_value=\"24\" data-custom-properties=\"24\" value=\"lantovap@spsow.cz\"  >Ing. Petra Lantov\u00e1<\/option><option data-calc_value=\"25\" data-custom-properties=\"25\" value=\"lelkovar@spsow.cz\"  >Mgr. Renata Lelkov\u00e1<\/option><option data-calc_value=\"56\" data-custom-properties=\"56\" value=\"lepsovam@spsow.cz\"  >Bc. Miloslava Lep\u0161ov\u00e1<\/option><option data-calc_value=\"63\" data-custom-properties=\"63\" value=\"machkovam@spsow.cz\"  >Martina Machkov\u00e1<\/option><option value=\"marsalekp@spsow.cz\"  >Ing. Petr Mar\u0161\u00e1lek<\/option><option data-calc_value=\"26\" data-custom-properties=\"26\" value=\"marsalkoval@spsow.cz\"  >Ing. Lucie Mar\u0161\u00e1lkov\u00e1<\/option><option data-calc_value=\"58\" data-custom-properties=\"58\" value=\"meisnerovaj@spsow.cz\"  >Jitka Meisnerov\u00e1<\/option><option data-calc_value=\"27\" data-custom-properties=\"27\" value=\"michalp@spsow.cz\"  >Ing. Petr Michal<\/option><option value=\"narielt@spsow.cz\"  >Tereza Nariel<\/option><option data-calc_value=\"29\" data-custom-properties=\"29\" value=\"paterovaz@spsow.cz\"  >MgA. Zuzana Paterov\u00e1 Vikov\u00e1<\/option><option data-calc_value=\"30\" data-custom-properties=\"30\" value=\"pavlovicovak@spsow.cz\"  >Mgr. Kl\u00e1ra Pavlovi\u010dov\u00e1<\/option><option data-calc_value=\"50\" data-custom-properties=\"50\" value=\"plickat@spsow.cz\"  >Tom\u00e1\u0161 Plicka<\/option><option data-calc_value=\"31\" data-custom-properties=\"31\" value=\"prokopovad@spsow.cz\"  >Mgr. Dagmar Prokopov\u00e1<\/option><option value=\"rubinovan@spsow.cz\"  >Bc. Nicol Rub\u00ednov\u00e1, DiS.<\/option><option data-calc_value=\"59\" data-custom-properties=\"59\" value=\"rumlerovaj@spsow.cz\"  >Julie Rumlerov\u00e1<\/option><option value=\"rihad@spsow.cz\"  >Bc. David \u0158\u00edha<\/option><option data-calc_value=\"52\" data-custom-properties=\"52\" value=\"sedlackovas@spsow.cz\"  >Bc. Simona Sedl\u00e1\u010dkov\u00e1<\/option><option data-calc_value=\"34\" data-custom-properties=\"34\" value=\"souckoval@spsow.cz\"  >Mgr. L\u00edvia Sou\u010dkov\u00e1<\/option><option value=\"soumarovag@spsow.cz\"  >Gabriela Soumarov\u00e1<\/option><option data-calc_value=\"55\" data-custom-properties=\"55\" value=\"stratilekm@spsow.cz\"  >Marcel Strat\u00edlek<\/option><option data-calc_value=\"32\" data-custom-properties=\"32\" value=\"safarovas@spsow.cz\"  >So\u0148a \u0160af\u00e1\u0159ov\u00e1<\/option><option data-calc_value=\"41\" data-custom-properties=\"41\" value=\"sancp@spsow.cz\"  >Bc. Petr \u0160anc<\/option><option data-calc_value=\"33\" data-custom-properties=\"33\" value=\"simekk@spsow.cz\"  >Ing. Karel \u0160imek<\/option><option data-calc_value=\"66\" data-custom-properties=\"66\" value=\"skolnikovaa@spsow.cz\"  >Ing. Alena \u0160koln\u00edkov\u00e1<\/option><option data-calc_value=\"37\" data-custom-properties=\"37\" value=\"vojtechovaa@spsow.cz\"  >Bc. Andrea Vojt\u011bchov\u00e1<\/option><option data-calc_value=\"38\" data-custom-properties=\"38\" value=\"vykopalk@spsow.cz\"  >Ing. Karel Vykopal<\/option><option value=\"zelenkovaz@spsow.cz\"  >Bc. Zuzana Zelenkov\u00e1<\/option><option value=\"nadvornikovam@spsow.cz\"  >BcA. Mark\u00e9ta N\u00e1dvorn\u00edkov\u00e1<\/option><option value=\"freislerovad@spsow.cz\"  >Ing. Dana Freislerov\u00e1<\/option><option value=\"prokopp@spsow.cz\"  >Bc. Petr Prokop<\/option><\/select><\/div><\/div><div data-type=\"name-element\" data-name=\"names\" class=\" ff-field_container ff-name-field-wrapper\" ><div class='ff-t-container'><div class='ff-t-cell '><div class='ff-el-group'><div class=\"ff-el-input--label ff-el-is-required asterisk-right\"><label for='ff_7_names_first_name_' id='label_ff_7_names_first_name_' >Va\u0161e jm\u00e9no<\/label><\/div><div class='ff-el-input--content'><input type=\"text\" name=\"names[first_name]\" id=\"ff_7_names_first_name_\" class=\"ff-el-form-control\" placeholder=\"Jm\u00e9no\" aria-invalid=\"false\" aria-required=true><\/div><\/div><\/div><div class='ff-t-cell '><div class='ff-el-group'><div class=\"ff-el-input--label ff-el-is-required asterisk-right\"><label for='ff_7_names_last_name_' id='label_ff_7_names_last_name_' >Va\u0161e p\u0159\u00edjmen\u00ed<\/label><\/div><div class='ff-el-input--content'><input type=\"text\" name=\"names[last_name]\" id=\"ff_7_names_last_name_\" class=\"ff-el-form-control\" placeholder=\"P\u0159\u00edjmen\u00ed\" aria-invalid=\"false\" aria-required=true><\/div><\/div><\/div><\/div><\/div><div class='ff-el-group'><div class=\"ff-el-input--label ff-el-is-required asterisk-right\"><label for='ff_7_email' id='label_ff_7_email' aria-label=\"Va\u0161e e-mailov\u00e1 adresa\">Va\u0161e e-mailov\u00e1 adresa<\/label><\/div><div class='ff-el-input--content'><input type=\"email\" name=\"email\" id=\"ff_7_email\" class=\"ff-el-form-control\" placeholder=\"vase@adresa.cz\" data-name=\"email\"  aria-invalid=\"false\" aria-required=true><\/div><\/div><div class='ff-el-group'><div class=\"ff-el-input--label ff-el-is-required asterisk-right\"><label for='ff_7_subject' id='label_ff_7_subject' aria-label=\"P\u0159edm\u011bt\">P\u0159edm\u011bt<\/label><\/div><div class='ff-el-input--content'><input type=\"text\" name=\"subject\" class=\"ff-el-form-control\" placeholder=\"P\u0159edm\u011bt\" data-name=\"subject\" id=\"ff_7_subject\"  aria-invalid=\"false\" aria-required=true><\/div><\/div><div class='ff-el-group'><div class=\"ff-el-input--label ff-el-is-required asterisk-right\"><label for='ff_7_message' id='label_ff_7_message' aria-label=\"Va\u0161e zpr\u00e1va\">Va\u0161e zpr\u00e1va<\/label><\/div><div class='ff-el-input--content'><textarea aria-required=\"true\" aria-labelledby=\"label_ff_7_message\" name=\"message\" id=\"ff_7_message\" class=\"ff-el-form-control\" rows=\"4\" cols=\"2\" data-name=\"message\" ><\/textarea><\/div><\/div><div class='ff-el-group ' ><div class='ff-el-input--content'><div data-fluent_id='7' name='g-recaptcha-response'><div\n\t\tdata-sitekey='6LeH6t0mAAAAAHRae9CTW6V9EiM5mD--oxWmeFMP'\n\t\tid='fluentform-recaptcha-7-1'\n\t\tclass='ff-el-recaptcha g-recaptcha'\n\t\tdata-callback='fluentFormrecaptchaSuccessCallback'><\/div><\/div><\/div><\/div><div class='ff-el-group ff-text-left ff_submit_btn_wrapper'><button type=\"submit\" class=\"ff-btn ff-btn-submit ff-btn-md ff_btn_style wpf_has_custom_css\"  aria-label=\"Odeslat zpr\u00e1vu\">Odeslat zpr\u00e1vu<\/button><\/div><\/fieldset><\/form><div id='fluentform_7_errors' class='ff-errors-in-stack ff_form_instance_7_1 ff-form-loading_errors ff_form_instance_7_1_errors'><\/div><\/div>            <script type=\"text\/javascript\">\n                window.fluent_form_ff_form_instance_7_1 = {\"id\":\"7\",\"settings\":{\"layout\":{\"labelPlacement\":\"top\",\"helpMessagePlacement\":\"with_label\",\"errorMessagePlacement\":\"inline\",\"cssClassName\":\"\",\"asteriskPlacement\":\"asterisk-right\"},\"restrictions\":{\"denyEmptySubmission\":{\"enabled\":false}}},\"form_instance\":\"ff_form_instance_7_1\",\"form_id_selector\":\"fluentform_7\",\"rules\":{\"dropdown\":{\"required\":{\"value\":true,\"message\":\"Toto pole je vy\\u017eadov\\u00e1no.\",\"global\":false,\"global_message\":\"This field is required\"}},\"names[first_name]\":{\"required\":{\"value\":true,\"message\":\"Toto pole je vy\\u017eadov\\u00e1no.\",\"global\":false,\"global_message\":\"This field is required\"}},\"names[middle_name]\":{\"required\":{\"value\":false,\"message\":\"This field is required\",\"global\":false,\"global_message\":\"This field is required\"}},\"names[last_name]\":{\"required\":{\"value\":true,\"message\":\"Toto pole je vy\\u017eadov\\u00e1no.\",\"global\":false,\"global_message\":\"This field is required\"}},\"email\":{\"required\":{\"value\":true,\"message\":\"Toto pole je vy\\u017eadov\\u00e1no.\",\"global\":false,\"global_message\":\"This field is required\"},\"email\":{\"value\":true,\"message\":\"Toto pole mus\\u00ed obsahovat platnou e-mailovou adresu.\",\"global\":false,\"global_message\":\"This field must contain a valid email\"}},\"subject\":{\"required\":{\"value\":true,\"message\":\"Toto pole je vy\\u017eadov\\u00e1no.\",\"global\":false,\"global_message\":\"This field is required\"}},\"message\":{\"required\":{\"value\":true,\"message\":\"Toto pole je vy\\u017eadov\\u00e1no.\",\"global\":false,\"global_message\":\"This field is required\"}},\"g-recaptcha-response\":[]},\"debounce_time\":300};\n                            <\/script>\n            ","protected":false},"excerpt":{"rendered":"<p>Kontaktovat n\u00e1s m\u016f\u017eete telefonicky nebo pomoc\u00ed formul\u00e1\u0159e ve spodn\u00ed \u010d\u00e1sti str\u00e1nky. Martina Bohadlov\u00e1 733 505 301702 265 294 hlavn\u00ed kontakt pro Velk\u00e9 Po\u0159\u00ed\u010d\u00ed U\u010ditel\u00e9 teoretick\u00e9ho vyu\u010dov\u00e1n\u00ed Mgr. David Bala\u0161 702 269 799 Ing. Eva Bergmannov\u00e1 724 379 511 Ing. Jana Bohadlov\u00e1 724 379 511 Mgr. Daniel Bohuslav 702 269 799 [&hellip;]<\/p>\n","protected":false},"author":1,"featured_media":0,"parent":0,"menu_order":0,"comment_status":"closed","ping_status":"closed","template":"","meta":{"footnotes":""},"class_list":["post-1067","page","type-page","status-publish","hentry"],"_links":{"self":[{"href":"https:\/\/spsow.cz\/en\/wp-json\/wp\/v2\/pages\/1067","targetHints":{"allow":["GET"]}}],"collection":[{"href":"https:\/\/spsow.cz\/en\/wp-json\/wp\/v2\/pages"}],"about":[{"href":"https:\/\/spsow.cz\/en\/wp-json\/wp\/v2\/types\/page"}],"author":[{"embeddable":true,"href":"https:\/\/spsow.cz\/en\/wp-json\/wp\/v2\/users\/1"}],"replies":[{"embeddable":true,"href":"https:\/\/spsow.cz\/en\/wp-json\/wp\/v2\/comments?post=1067"}],"version-history":[{"count":59,"href":"https:\/\/spsow.cz\/en\/wp-json\/wp\/v2\/pages\/1067\/revisions"}],"predecessor-version":[{"id":13992,"href":"https:\/\/spsow.cz\/en\/wp-json\/wp\/v2\/pages\/1067\/revisions\/13992"}],"wp:attachment":[{"href":"https:\/\/spsow.cz\/en\/wp-json\/wp\/v2\/media?parent=1067"}],"curies":[{"name":"wp","href":"https:\/\/api.w.org\/{rel}","templated":true}]}}