{"id":10655,"date":"2025-05-06T08:56:47","date_gmt":"2025-05-06T06:56:47","guid":{"rendered":"https:\/\/spsow.cz\/?page_id=10655"},"modified":"2026-02-16T13:17:14","modified_gmt":"2026-02-16T12:17:14","slug":"jsme-partnerskou-skolou-cambridge-exam-centre","status":"publish","type":"page","link":"https:\/\/spsow.cz\/en\/jsme-partnerskou-skolou-cambridge-exam-centre\/","title":{"rendered":"JSME PARTNERSKOU \u0160KOLOU CAMBRIDGE EXAM CENTRE"},"content":{"rendered":"<p class=\"has-medium-font-size\">Na\u0161e \u0161kola se stala partnerskou \u0161kolou P.A.R.K. Cambridge Exam Centre.<\/p>\n\n\n\n<p class=\"has-medium-font-size\">S pot\u011b\u0161en\u00edm oznamujeme, \u017ee na\u0161e \u0161kola se stala partnerskou \u0161kolou zkou\u0161kov\u00e9ho centra P.A.R.K. Cambridge Exam Centre, kter\u00e9 je autorizovan\u00fdm centrem pro mezin\u00e1rodn\u011b uzn\u00e1van\u00e9 jazykov\u00e9 zkou\u0161ky Cambridge. Tato spolupr\u00e1ce n\u00e1m umo\u017e\u0148uje nab\u00eddnout na\u0161im student\u016fm mo\u017enost slo\u017eit presti\u017en\u00ed jazykov\u00e9 zkou\u0161ky p\u0159\u00edmo na na\u0161\u00ed \u0161kole nebo v bl\u00edzk\u00e9m zkou\u0161kov\u00e9m centru.\u200b<\/p>\n\n\n\n<p class=\"has-medium-font-size\"><strong>V\u00fdhody pro na\u0161e studenty:<\/strong><\/p>\n\n\n\n<ul class=\"wp-block-list\">\n<li class=\"has-medium-font-size\">Z\u00edsk\u00e1n\u00ed mezin\u00e1rodn\u011b uzn\u00e1van\u00e9ho certifik\u00e1tu s do\u017eivotn\u00ed platnost\u00ed.\u200b<\/li>\n\n\n\n<li class=\"has-medium-font-size\">Zv\u00fdhodn\u011bn\u00e1 cena zkou\u0161ek d\u00edky partnersk\u00e9mu k\u00f3du \u0161koly.\u200b<\/li>\n\n\n\n<li class=\"has-medium-font-size\">Mo\u017enost absolvovat zkou\u0161ku p\u0159\u00edmo ve \u0161kole p\u0159i napln\u011bn\u00ed minim\u00e1ln\u00ed kapacity. V&nbsp;opa\u010dn\u00e9m p\u0159\u00edpad\u011b mo\u017enost vyu\u017e\u00edt nab\u00eddky spolupracuj\u00edc\u00edch \u0161kol v&nbsp;okol\u00ed.<\/li>\n\n\n\n<li class=\"has-medium-font-size\">P\u0159\u00edstup k p\u0159\u00edpravn\u00fdm materi\u00e1l\u016fm a zkou\u0161k\u00e1m nane\u010disto.\u200b<\/li>\n<\/ul>\n\n\n\n<p class=\"has-medium-font-size\">V\u00edce informac\u00ed o zkou\u0161k\u00e1ch Cambridge naleznete na <a href=\"https:\/\/www.zkouskypark.cz\/\">www.zkouskypark.cz<\/a> nebo na <a href=\"https:\/\/www.cambridgeenglish.org\/exams-and-tests\/first\/\">www.cambridgeenglish.org<\/a>.<\/p>\n\n\n\n<p class=\"has-medium-font-size\">V p\u0159\u00edpad\u011b z\u00e1jmu kontaktujte sv\u00e9 u\u010ditele angli\u010dtiny.<\/p>\n\n\n\n<div class=\"wp-block-file\"><a id=\"wp-block-file--media-a1924b9d-b925-4d1a-a571-cfd1d25bcbff\" href=\"https:\/\/spsow.cz\/wp-content\/uploads\/2026\/02\/Cambridge-vs-MZ-web-1.pdf\" target=\"_blank\" rel=\"noreferrer noopener\">Nahrazen\u00ed profilov\u00e9 \u010d\u00e1sti MZ z anglick\u00e9ho jazyka mezin\u00e1rodn\u00ed jazykovou zkou\u0161kou &#8211; stanoven\u00ed podm\u00ednek<\/a><\/div>\n\n\n\n<figure class=\"wp-block-gallery has-nested-images columns-default is-cropped wp-block-gallery-1 is-layout-flex wp-block-gallery-is-layout-flex\">\n<figure class=\"wp-block-image size-large\"><img loading=\"lazy\" decoding=\"async\" width=\"724\" height=\"1024\" data-id=\"11852\" src=\"https:\/\/spsow.cz\/wp-content\/uploads\/2025\/08\/00206B4A0885250724083659-724x1024.jpg\" alt=\"\" class=\"wp-image-11852\" srcset=\"https:\/\/spsow.cz\/wp-content\/uploads\/2025\/08\/00206B4A0885250724083659-724x1024.jpg 724w, https:\/\/spsow.cz\/wp-content\/uploads\/2025\/08\/00206B4A0885250724083659-212x300.jpg 212w, https:\/\/spsow.cz\/wp-content\/uploads\/2025\/08\/00206B4A0885250724083659-768x1086.jpg 768w, https:\/\/spsow.cz\/wp-content\/uploads\/2025\/08\/00206B4A0885250724083659-1087x1536.jpg 1087w, https:\/\/spsow.cz\/wp-content\/uploads\/2025\/08\/00206B4A0885250724083659-8x12.jpg 8w, https:\/\/spsow.cz\/wp-content\/uploads\/2025\/08\/00206B4A0885250724083659.jpg 1240w\" sizes=\"auto, (max-width: 724px) 100vw, 724px\" \/><\/figure>\n<\/figure>","protected":false},"excerpt":{"rendered":"<p>Na\u0161e \u0161kola se stala partnerskou \u0161kolou P.A.R.K. Cambridge Exam Centre. S pot\u011b\u0161en\u00edm oznamujeme, \u017ee na\u0161e \u0161kola se stala partnerskou \u0161kolou zkou\u0161kov\u00e9ho centra P.A.R.K. Cambridge Exam Centre, kter\u00e9 je autorizovan\u00fdm centrem pro mezin\u00e1rodn\u011b uzn\u00e1van\u00e9 jazykov\u00e9 zkou\u0161ky Cambridge. Tato spolupr\u00e1ce n\u00e1m umo\u017e\u0148uje nab\u00eddnout na\u0161im student\u016fm mo\u017enost slo\u017eit presti\u017en\u00ed jazykov\u00e9 zkou\u0161ky p\u0159\u00edmo na [&hellip;]<\/p>\n","protected":false},"author":3,"featured_media":0,"parent":0,"menu_order":0,"comment_status":"closed","ping_status":"closed","template":"","meta":{"footnotes":""},"class_list":["post-10655","page","type-page","status-publish","hentry"],"_links":{"self":[{"href":"https:\/\/spsow.cz\/en\/wp-json\/wp\/v2\/pages\/10655","targetHints":{"allow":["GET"]}}],"collection":[{"href":"https:\/\/spsow.cz\/en\/wp-json\/wp\/v2\/pages"}],"about":[{"href":"https:\/\/spsow.cz\/en\/wp-json\/wp\/v2\/types\/page"}],"author":[{"embeddable":true,"href":"https:\/\/spsow.cz\/en\/wp-json\/wp\/v2\/users\/3"}],"replies":[{"embeddable":true,"href":"https:\/\/spsow.cz\/en\/wp-json\/wp\/v2\/comments?post=10655"}],"version-history":[{"count":9,"href":"https:\/\/spsow.cz\/en\/wp-json\/wp\/v2\/pages\/10655\/revisions"}],"predecessor-version":[{"id":14063,"href":"https:\/\/spsow.cz\/en\/wp-json\/wp\/v2\/pages\/10655\/revisions\/14063"}],"wp:attachment":[{"href":"https:\/\/spsow.cz\/en\/wp-json\/wp\/v2\/media?parent=10655"}],"curies":[{"name":"wp","href":"https:\/\/api.w.org\/{rel}","templated":true}]}}