{"id":1065,"date":"2023-04-14T11:01:58","date_gmt":"2023-04-14T09:01:58","guid":{"rendered":"http:\/\/192.168.1.208\/wordpress\/?page_id=1065"},"modified":"2026-02-05T09:06:46","modified_gmt":"2026-02-05T08:06:46","slug":"kontakty-hr","status":"publish","type":"page","link":"https:\/\/spsow.cz\/en\/kontakty-hr\/","title":{"rendered":"Kontakty &#8211; Hronov"},"content":{"rendered":"\n<h2 class=\"wp-block-heading has-medium-font-size\"><strong>Kontaktovat n\u00e1s m\u016f\u017eete telefonicky nebo pomoc\u00ed formul\u00e1\u0159e ve spodn\u00ed \u010d\u00e1sti str\u00e1nky.<\/strong><\/h2>\n\n\n\n<figure class=\"wp-block-table is-style-stripes has-medium-font-size\"><table><thead><tr><th><\/th><th><\/th><th><\/th><\/tr><\/thead><tbody><tr><td>Milena Mat\u011bnov\u00e1<\/td><td>606 733 445<\/td><td><strong>hlavn\u00ed kontakt<\/strong>, podatelna<\/td><\/tr><tr><td><\/td><td><\/td><td><\/td><\/tr><tr><td><strong>U\u010ditel\u00e9 teoretick\u00e9ho vyu\u010dov\u00e1n\u00ed<\/strong><\/td><td><\/td><td><\/td><\/tr><tr><td> Ing. Jan Dian<\/td><td> 725 745 058<\/td><td>u\u010ditel odborn\u00fdch p\u0159edm\u011bt\u016f &#8211; elektrotechnika, IT<\/td><\/tr><tr><td> Ing. Ji\u0159\u00ed D\u00edt\u011b<\/td><td> 606 069 894<\/td><td>z\u00e1stupce \u0159editele pro odborn\u00fd v\u00fdcvik, u\u010ditel odb. p\u0159edm\u011bt\u016f &#8211; elektrotechnika<\/td><\/tr><tr><td> Ing. Lenka Havlov\u00e1<\/td><td>724 547 778<\/td><td>u\u010ditelka odborn\u00fdch p\u0159edm\u011bt\u016f &#8211; stroj\u00edrenstv\u00ed<\/td><\/tr><tr><td>Bc. Martina Hedv\u00edkov\u00e1<\/td><td>725 745 057<\/td><td>u\u010ditelka &#8211; AJ<\/td><\/tr><tr><td> Ing. Tom\u00e1\u0161 Hrub\u00fd<\/td><td> 724 176 709<\/td><td>u\u010ditel odborn\u00fdch p\u0159edm\u011bt\u016f &#8211; automobiln\u00ed<\/td><\/tr><tr><td>Bc. Daniel Klime\u0161<\/td><td>724 176 709<\/td><td>u\u010ditel odborn\u00fdch p\u0159edm\u011bt\u016f &#8211; stroj\u00edrenstv\u00ed<\/td><\/tr><tr><td> Mgr. Pavel Linhart<\/td><td> 724 176 568<\/td><td>u\u010ditel &#8211; fyzika, TV<\/td><\/tr><tr><td> Mgr. Jan M\u00e1lek<\/td><td> 724 176 526<\/td><td>u\u010ditel &#8211; TV, SV<\/td><\/tr><tr><td> Mgr. Jana Maslikiewiczov\u00e1<\/td><td> 702 004 405<\/td><td>z\u00e1stupkyn\u011b \u0159editele pro teorii, u\u010ditelka \u010cJ, SV<\/td><\/tr><tr><td> Mgr. Jana Mazurov\u00e1<\/td><td> 725 745 057<\/td><td>u\u010ditelka &#8211; \u010cJ, SV, \u0161koln\u00ed kari\u00e9rov\u00fd poradce<\/td><\/tr><tr><td> Ing. Luk\u00e1\u0161 N\u011bme\u010dek<\/td><td> 724 176 709<\/td><td>u\u010ditel odborn\u00fdch p\u0159edm\u011bt\u016f &#8211; stroj\u00edrenstv\u00ed<\/td><\/tr><tr><td>Ing. Petr Neumann<\/td><td><\/td><td>u\u010ditel odborn\u00fdch p\u0159edm\u011bt\u016f &#8211; elektrotechnika<\/td><\/tr><tr><td>Mgr. Lucie Po\u0161v\u00e1\u0159ov\u00e1<\/td><td>724 176 553<\/td><td>u\u010ditelka &#8211; Ma, SV<\/td><\/tr><tr><td>Ing. Milo\u0161 \u0158eh\u00e1k<\/td><td>725 745 058<\/td><td>u\u010ditel odborn\u00fdch p\u0159edm\u011bt\u016f &#8211; elektrotechnika<\/td><\/tr><tr><td>Ing. Zde\u0148ka Such\u00e1nkov\u00e1<\/td><td>720 825 836<\/td><td>u\u010ditelka odborn\u00fdch p\u0159edm\u011bt\u016f &#8211; stroj\u00edrenstv\u00ed, koordin\u00e1tor SR<\/td><\/tr><tr><td>Ing. Josef \u0160koda<\/td><td>725 745 058<\/td><td>u\u010ditel odborn\u00fdch p\u0159edm\u011bt\u016f &#8211; elektrotechnika<\/td><\/tr><tr><td>Ing. Milan Svato\u0161<\/td><td>720 825 836<\/td><td>u\u010ditel odborn\u00fdch p\u0159edm\u011bt\u016f &#8211; stroj\u00edrenstv\u00ed<\/td><\/tr><tr><td>Mgr. Martina \u0160umberov\u00e1<\/td><td>725 745 057<\/td><td>u\u010ditelka &#8211; AJ, metodik prevence<\/td><\/tr><tr><td>Ing. Bc. Lud\u011bk Valtar<\/td><td>725 745 058<\/td><td>u\u010ditel odborn\u00fdch p\u0159edm\u011bt\u016f &#8211; elektrotechnika<\/td><\/tr><tr><td>Ing. Jitka Va\u0148kov\u00e1<\/td><td>725 745 056<\/td><td>u\u010ditelka &#8211; ekonomika, v\u00fdchovn\u00fd poradce<\/td><\/tr><tr><td>Ji\u0159\u00ed V\u00edt<\/td><td>602 372 076<\/td><td>u\u010ditel odborn\u00fdch p\u0159edm\u011bt\u016f &#8211; \u0159\u00edzen\u00ed motorov\u00fdch vozidel<\/td><\/tr><tr><td>Mgr. Michaela V\u00edtov\u00e1<\/td><td>725 745 057<\/td><td>u\u010ditelka &#8211; AJ, \u0161koln\u00ed kari\u00e9rov\u00fd poradce<\/td><\/tr><tr><td><\/td><td><\/td><td><\/td><\/tr><tr><td><strong>U\u010ditel\u00e9 praktick\u00e9ho vyu\u010dov\u00e1n\u00ed<\/strong><\/td><td><\/td><td><\/td><\/tr><tr><td>Martin Frencl<\/td><td>720 824 936<\/td><td>u\u010ditel odborn\u00e9ho v\u00fdcviku &#8211; stroj\u00edrenstv\u00ed<\/td><\/tr><tr><td>Dalibor Hanzl<\/td><td>702 004 403<\/td><td>u\u010ditel odborn\u00e9ho v\u00fdcviku &#8211; stroj\u00edrenstv\u00ed<\/td><\/tr><tr><td>Miloslav Holas<\/td><td>702 268 776<\/td><td>u\u010ditel odborn\u00e9ho v\u00fdcviku &#8211; elektro<\/td><\/tr><tr><td>Old\u0159ich Jel\u00ednek<\/td><td>720 874 548<\/td><td>u\u010ditel odborn\u00e9ho v\u00fdcviku &#8211; elektro<\/td><\/tr><tr><td>Miloslav Macura<\/td><td>720 874 538<\/td><td>u\u010ditel odborn\u00e9ho v\u00fdcviku &#8211; stroj\u00edrenstv\u00ed<\/td><\/tr><tr><td>Michal M\u00e1slo<\/td><td>702 088 438<\/td><td>u\u010ditel odborn\u00e9ho v\u00fdcviku &#8211; automobiln\u00ed, elektro, stroj\u00edrenstv\u00ed<\/td><\/tr><tr><td>Zden\u011bk Mat\u011bna<\/td><td>725 777 140<\/td><td>u\u010ditel odborn\u00e9ho v\u00fdcviku &#8211; elektro<\/td><\/tr><tr><td>Vladislav Partel<\/td><td>720 874 523<\/td><td>u\u010ditel odborn\u00e9ho v\u00fdcviku &#8211; elektro<\/td><\/tr><tr><td>Ing. Milo\u0161 \u0158eh\u00e1k<\/td><td>725 745 058<\/td><td>u\u010ditel odborn\u00e9ho v\u00fdcviku &#8211; elektro<\/td><\/tr><tr><td>James \u0160tefaniak<\/td><td>723 492 055<\/td><td>u\u010ditel odborn\u00e9ho v\u00fdcviku &#8211; stroj\u00edrenstv\u00ed<\/td><\/tr><tr><td>Bc. Petr \u0160ubrt<\/td><td>723 986 948<\/td><td>u\u010ditel odborn\u00e9ho v\u00fdcviku &#8211; stroj\u00edrenstv\u00ed, automobiln\u00ed<\/td><\/tr><tr><td><\/td><td><\/td><td><\/td><\/tr><tr><td><strong>Ostatn\u00ed zam\u011bstnanci \u0161koly<\/strong><\/td><td><\/td><td><\/td><\/tr><tr><td>Jana Fialov\u00e1<\/td><td>728 373 169<\/td><td>evidence \u017e\u00e1k\u016f, p\u0159ij\u00edmac\u00ed \u0159\u00edzen\u00ed<\/td><\/tr><tr><td>Vojt\u011bch Hor\u00e1k<\/td><td>720 945 602<\/td><td>spr\u00e1vce ICT (\u010dt\u2013p\u00e1)<\/td><\/tr><tr><td>Mark\u00e9ta Machov\u00e1<\/td><td>702 269 240<\/td><td>koordin\u00e1tor spolupr\u00e1ce s partnery, projekty<\/td><\/tr><tr><td>Milena Mat\u011bnov\u00e1<\/td><td>606 733 445<\/td><td>asistentka \u0159editele<\/td><\/tr><tr><td>Ing. Lada Po\u0161murov\u00e1<\/td><td>725 745 059<\/td><td>hlavn\u00ed ekonom<\/td><\/tr><tr><td>Marta Sn\u00e1\u0161elov\u00e1<\/td><td>601 364 722<\/td><td>mzdov\u00e1 \u00fa\u010detn\u00ed<\/td><\/tr><tr><td>Dana \u0160koln\u00edkov\u00e1<\/td><td>606 445 548<\/td><td>\u00fa\u010detn\u00ed<\/td><\/tr><tr><td>Ing. Lucie Voltrov\u00e1<\/td><td>601 333 106<\/td><td>\u00fa\u010detn\u00ed <\/td><\/tr><tr><td>Ji\u0159\u00ed Sluka<\/td><td>702 217 412<\/td><td>vedouc\u00ed ICT<\/td><\/tr><tr><td>Petr Tome\u0161<\/td><td>725 399 958<\/td><td>\u0161koln\u00edk<\/td><\/tr><tr><td>\u0161koln\u00ed bufet<\/td><td>601 116 559<\/td><td><\/td><\/tr><\/tbody><\/table><\/figure>\n\n\n\n<div style=\"height:20px\" aria-hidden=\"true\" class=\"wp-block-spacer\"><\/div>\n\n\n\n<h2 class=\"wp-block-heading has-large-font-size\">Kontaktn\u00ed formul\u00e1\u0159<\/h2>\n\n\n<div class='fluentform ff-default fluentform_wrapper_6  ff_guten_block ff_guten_block-6 ffs_default_wrap'><form data-form_id=\"6\" id=\"fluentform_6\" class=\"frm-fluent-form fluent_form_6 ff-el-form-top ff_form_instance_6_1 ff-form-loading ffs_default\" data-form_instance=\"ff_form_instance_6_1\" method=\"POST\" ><fieldset  style=\"border: none!important;margin: 0!important;padding: 0!important;background-color: transparent!important;box-shadow: none!important;outline: none!important; min-inline-size: 100%;\">\n                    <legend class=\"ff_screen_reader_title\" style=\"display: block; margin: 0!important;padding: 0!important;height: 0!important;text-indent: -999999px;width: 0!important;overflow:hidden;\">Kontaktn\u00ed formul\u00e1\u0159 &#8211; hronov<\/legend><input type='hidden' name='__fluent_form_embded_post_id' value='1065' \/><input type=\"hidden\" id=\"_fluentform_6_fluentformnonce\" name=\"_fluentform_6_fluentformnonce\" value=\"4c89f1bf3a\" \/><input type=\"hidden\" name=\"_wp_http_referer\" value=\"\/en\/wp-json\/wp\/v2\/pages\/1065\" \/><div class='ff-el-group'><div class=\"ff-el-input--label ff-el-is-required asterisk-right\"><label for='ff_6_dropdown' id='label_ff_6_dropdown' aria-label=\"Komu\">Komu<\/label><\/div><div class='ff-el-input--content'><select name=\"dropdown\" id=\"ff_6_dropdown\" class=\"ff-el-form-control  ff_has_multi_select\" data-name=\"dropdown\" data-calc_value=\"0\"  aria-invalid=\"false\" aria-required=\"true\" aria-labelledby=\"label_ff_6_dropdown\"><option value=\"\">&#8211; Vyberte &#8211;<\/option><option data-calc_value=\"1\" data-custom-properties=\"1\" value=\"dianj@spsow.cz\"  >Ing. Jan Dian<\/option><option data-calc_value=\"2\" data-custom-properties=\"2\" value=\"ditej@spsow.cz\"  >Ing. Ji\u0159\u00ed D\u00edt\u011b<\/option><option data-calc_value=\"33\" data-custom-properties=\"33\" value=\"psycholog@spsow.cz\"  >Mgr. Petra Fettersov\u00e1<\/option><option data-calc_value=\"30\" data-custom-properties=\"30\" value=\"fialovaj@spsow.cz\"  >Jana Fialov\u00e1<\/option><option data-calc_value=\"41\" data-custom-properties=\"41\" value=\"frenclm@spsow.cz\"  >Martin Frencl<\/option><option data-calc_value=\"4\" data-custom-properties=\"4\" value=\"havloval@spsow.cz\"  >Ing. Lenka Havlov\u00e1<\/option><option data-calc_value=\"5\" data-custom-properties=\"5\" value=\"hedvikovam@spsow.cz\"  >Bc. Martina Hedv\u00edkov\u00e1<\/option><option data-calc_value=\"39\" data-custom-properties=\"39\" value=\"horakv@spsow.cz\"  >Vojt\u011bch Hor\u00e1k<\/option><option data-calc_value=\"3\" data-custom-properties=\"3\" value=\"hrubyt@spsow.cz\"  >Ing. Tom\u00e1\u0161 Hrub\u00fd<\/option><option data-calc_value=\"6\" data-custom-properties=\"6\" value=\"linhartp@spsow.cz\"  >Mgr. Pavel Linhart<\/option><option data-calc_value=\"7\" data-custom-properties=\"7\" value=\"malekj@spsow.cz\"  >Mgr. Jan M\u00e1lek<\/option><option data-calc_value=\"8\" data-custom-properties=\"8\" value=\"maslikiewiczovaj@spsow.cz\"  >Mgr. Jana Maslikiewiczov\u00e1<\/option><option data-calc_value=\"9\" data-custom-properties=\"9\" value=\"mazurovaj@spsow.cz\"  >Mgr. Jana Mazurov\u00e1<\/option><option data-calc_value=\"11\" data-custom-properties=\"11\" value=\"neumannp@spsow.cz\"  >Ing. Petr Neumann<\/option><option data-calc_value=\"10\" data-custom-properties=\"10\" value=\"nemecekl@spsow.cz\"  >Ing. Luk\u00e1\u0161 N\u011bme\u010dek<\/option><option data-calc_value=\"12\" data-custom-properties=\"12\" value=\"posvaroval@spsow.cz\"  >Mgr. Lucie Po\u0161v\u00e1\u0159ov\u00e1<\/option><option data-calc_value=\"13\" data-custom-properties=\"13\" value=\"rehakm@spsow.cz\"  >Ing. Milo\u0161 \u0158eh\u00e1k<\/option><option data-calc_value=\"15\" data-custom-properties=\"15\" value=\"suchankovaz@spsow.cz\"  >Ing. Zde\u0148ka Such\u00e1nkov\u00e1<\/option><option data-calc_value=\"16\" data-custom-properties=\"16\" value=\"svatosm@spsow.cz\"  >Ing. Milan Svato\u0161<\/option><option value=\"sumberovam@spsow.cz\"  >Mgr. Martina \u0160umberov\u00e1<\/option><option data-calc_value=\"17\" data-custom-properties=\"17\" value=\"valtarl@spsow.cz\"  >Ing.Bc. Lud\u011bk Valtar<\/option><option data-calc_value=\"18\" data-custom-properties=\"18\" value=\"vankovaj@spsow.cz\"  >Ing. Jitka Va\u0148kov\u00e1<\/option><option data-calc_value=\"21\" data-custom-properties=\"21\" value=\"hanzld@spsow.cz\"  >Dalibor Hanzl<\/option><option data-calc_value=\"22\" data-custom-properties=\"22\" value=\"holasm@spsow.cz\"  >Miloslav Holas<\/option><option data-calc_value=\"25\" data-custom-properties=\"25\" value=\"maslom@spsow.cz\"  >Michal M\u00e1slo<\/option><option data-calc_value=\"26\" data-custom-properties=\"26\" value=\"matenaz@spsow.cz\"  >Zden\u011bk Mat\u011bna<\/option><option data-calc_value=\"31\" data-custom-properties=\"31\" value=\"machovam@spsow.cz\"  >Mark\u00e9ta Machov\u00e1<\/option><option data-calc_value=\"32\" data-custom-properties=\"32\" value=\"matenovam@spsow.cz\"  >Milena Mat\u011bnov\u00e1<\/option><option data-calc_value=\"34\" data-custom-properties=\"34\" value=\"posmuroval@spsow.cz\"  >Ing. Lada Po\u0161murov\u00e1<\/option><option data-calc_value=\"38\" data-custom-properties=\"38\" value=\"slukaj@spsow.cz\"  >Ji\u0159\u00ed Sluka<\/option><option data-calc_value=\"35\" data-custom-properties=\"35\" value=\"snaselovam@spsow.cz\"  >Marta Sn\u00e1\u0161elov\u00e1<\/option><option value=\"skodaj@spsow.cz\"  >Ing. Josef \u0160koda<\/option><option data-calc_value=\"36\" data-custom-properties=\"36\" value=\"skolnikovad@spsow.cz\"  >Dana \u0160koln\u00edkov\u00e1<\/option><option data-calc_value=\"28\" data-custom-properties=\"28\" value=\"stefaniakj@spsow.cz\"  >James \u0160tefaniak<\/option><option data-calc_value=\"29\" data-custom-properties=\"29\" value=\"subrtp@spsow.cz\"  >Bc. Petr \u0160ubrt<\/option><option data-calc_value=\"40\" data-custom-properties=\"40\" value=\"tomesp@spsow.cz\"  >Petr Tome\u0161<\/option><option data-calc_value=\"19\" data-custom-properties=\"19\" value=\"vitj@spsow.cz\"  >Ji\u0159\u00ed V\u00edt<\/option><option data-calc_value=\"20\" data-custom-properties=\"20\" value=\"vitovam@spsow.cz\"  >Bc. Michaela V\u00edtov\u00e1<\/option><option data-calc_value=\"37\" data-custom-properties=\"37\" value=\"voltroval@spsow.cz\"  >Ing. Lucie Voltrov\u00e1<\/option><option value=\"klimesd@spsow.cz\"  >Bc. Daniel Klime\u0161<\/option><option value=\"macuram@spsow.cz\"  >Miloslav Macura<\/option><option value=\"partelv@spsow.cz\"  >Vladislav Partel<\/option><option value=\"jelineko@spsow.cz\"  >Old\u0159ich Jel\u00ednek<\/option><\/select><\/div><\/div><div data-type=\"name-element\" data-name=\"names\" class=\" ff-field_container ff-name-field-wrapper\" ><div class='ff-t-container'><div class='ff-t-cell '><div class='ff-el-group'><div class=\"ff-el-input--label ff-el-is-required asterisk-right\"><label for='ff_6_names_first_name_' id='label_ff_6_names_first_name_' >Va\u0161e jm\u00e9no<\/label><\/div><div class='ff-el-input--content'><input type=\"text\" name=\"names[first_name]\" id=\"ff_6_names_first_name_\" class=\"ff-el-form-control\" placeholder=\"Jm\u00e9no\" aria-invalid=\"false\" aria-required=true><\/div><\/div><\/div><div class='ff-t-cell '><div class='ff-el-group'><div class=\"ff-el-input--label ff-el-is-required asterisk-right\"><label for='ff_6_names_last_name_' id='label_ff_6_names_last_name_' >Va\u0161e p\u0159\u00edjmen\u00ed<\/label><\/div><div class='ff-el-input--content'><input type=\"text\" name=\"names[last_name]\" id=\"ff_6_names_last_name_\" class=\"ff-el-form-control\" placeholder=\"P\u0159\u00edjmen\u00ed\" aria-invalid=\"false\" aria-required=true><\/div><\/div><\/div><\/div><\/div><div class='ff-el-group'><div class=\"ff-el-input--label ff-el-is-required asterisk-right\"><label for='ff_6_email' id='label_ff_6_email' aria-label=\"Va\u0161e e-mailov\u00e1 adresa\">Va\u0161e e-mailov\u00e1 adresa<\/label><\/div><div class='ff-el-input--content'><input type=\"email\" name=\"email\" id=\"ff_6_email\" class=\"ff-el-form-control\" placeholder=\"vase@adresa.cz\" data-name=\"email\"  aria-invalid=\"false\" aria-required=true><\/div><\/div><div class='ff-el-group'><div class=\"ff-el-input--label ff-el-is-required asterisk-right\"><label for='ff_6_subject' id='label_ff_6_subject' aria-label=\"P\u0159edm\u011bt\">P\u0159edm\u011bt<\/label><\/div><div class='ff-el-input--content'><input type=\"text\" name=\"subject\" class=\"ff-el-form-control\" placeholder=\"P\u0159edm\u011bt\" data-name=\"subject\" id=\"ff_6_subject\"  aria-invalid=\"false\" aria-required=true><\/div><\/div><div class='ff-el-group'><div class=\"ff-el-input--label ff-el-is-required asterisk-right\"><label for='ff_6_message' id='label_ff_6_message' aria-label=\"Va\u0161e zpr\u00e1va\">Va\u0161e zpr\u00e1va<\/label><\/div><div class='ff-el-input--content'><textarea aria-required=\"true\" aria-labelledby=\"label_ff_6_message\" name=\"message\" id=\"ff_6_message\" class=\"ff-el-form-control\" rows=\"4\" cols=\"2\" data-name=\"message\" ><\/textarea><\/div><\/div><div class='ff-el-group ' ><div class='ff-el-input--content'><div data-fluent_id='6' name='g-recaptcha-response'><div\n\t\tdata-sitekey='6LeH6t0mAAAAAHRae9CTW6V9EiM5mD--oxWmeFMP'\n\t\tid='fluentform-recaptcha-6-1'\n\t\tclass='ff-el-recaptcha g-recaptcha'\n\t\tdata-callback='fluentFormrecaptchaSuccessCallback'><\/div><\/div><\/div><\/div><div class='ff-el-group ff-text-left ff_submit_btn_wrapper'><button type=\"submit\" class=\"ff-btn ff-btn-submit ff-btn-md ff_btn_style wpf_has_custom_css\"  aria-label=\"Odeslat zpr\u00e1vu\">Odeslat zpr\u00e1vu<\/button><\/div><\/fieldset><\/form><div id='fluentform_6_errors' class='ff-errors-in-stack ff_form_instance_6_1 ff-form-loading_errors ff_form_instance_6_1_errors'><\/div><\/div>            <script type=\"text\/javascript\">\n                window.fluent_form_ff_form_instance_6_1 = {\"id\":\"6\",\"ajaxUrl\":\"https:\\\/\\\/spsow.cz\\\/wp-admin\\\/admin-ajax.php\",\"settings\":{\"layout\":{\"labelPlacement\":\"top\",\"helpMessagePlacement\":\"with_label\",\"errorMessagePlacement\":\"inline\",\"cssClassName\":\"\",\"asteriskPlacement\":\"asterisk-right\"},\"restrictions\":{\"denyEmptySubmission\":{\"enabled\":false}}},\"form_instance\":\"ff_form_instance_6_1\",\"form_id_selector\":\"fluentform_6\",\"rules\":{\"dropdown\":{\"required\":{\"value\":true,\"message\":\"Toto pole je vy\\u017eadov\\u00e1no.\",\"global\":false,\"global_message\":\"This field is required\"}},\"names[first_name]\":{\"required\":{\"value\":true,\"message\":\"Toto pole je vy\\u017eadov\\u00e1no.\",\"global\":false,\"global_message\":\"This field is required\"}},\"names[middle_name]\":{\"required\":{\"value\":false,\"message\":\"This field is required\",\"global\":false,\"global_message\":\"This field is required\"}},\"names[last_name]\":{\"required\":{\"value\":true,\"message\":\"Toto pole je vy\\u017eadov\\u00e1no.\",\"global\":false,\"global_message\":\"This field is required\"}},\"email\":{\"required\":{\"value\":true,\"message\":\"Toto pole je vy\\u017eadov\\u00e1no.\",\"global\":false,\"global_message\":\"This field is required\"},\"email\":{\"value\":true,\"message\":\"Toto pole mus\\u00ed obsahovat platnou e-mailovou adresu.\",\"global\":false,\"global_message\":\"This field must contain a valid email\"}},\"subject\":{\"required\":{\"value\":true,\"message\":\"Toto pole je vy\\u017eadov\\u00e1no.\",\"global\":false,\"global_message\":\"This field is required\"}},\"message\":{\"required\":{\"value\":true,\"message\":\"Toto pole je vy\\u017eadov\\u00e1no.\",\"global\":false,\"global_message\":\"This field is required\"}},\"g-recaptcha-response\":[]},\"debounce_time\":300};\n                            <\/script>\n            ","protected":false},"excerpt":{"rendered":"<p>Kontaktovat n\u00e1s m\u016f\u017eete telefonicky nebo pomoc\u00ed formul\u00e1\u0159e ve spodn\u00ed \u010d\u00e1sti str\u00e1nky. Milena Mat\u011bnov\u00e1 606 733 445 hlavn\u00ed kontakt, podatelna U\u010ditel\u00e9 teoretick\u00e9ho vyu\u010dov\u00e1n\u00ed Ing. Jan Dian 725 745 058 u\u010ditel odborn\u00fdch p\u0159edm\u011bt\u016f &#8211; elektrotechnika, IT Ing. Ji\u0159\u00ed D\u00edt\u011b 606 069 894 z\u00e1stupce \u0159editele pro odborn\u00fd v\u00fdcvik, u\u010ditel odb. p\u0159edm\u011bt\u016f &#8211; elektrotechnika [&hellip;]<\/p>\n","protected":false},"author":1,"featured_media":0,"parent":0,"menu_order":0,"comment_status":"closed","ping_status":"closed","template":"","meta":{"footnotes":""},"class_list":["post-1065","page","type-page","status-publish","hentry"],"_links":{"self":[{"href":"https:\/\/spsow.cz\/en\/wp-json\/wp\/v2\/pages\/1065","targetHints":{"allow":["GET"]}}],"collection":[{"href":"https:\/\/spsow.cz\/en\/wp-json\/wp\/v2\/pages"}],"about":[{"href":"https:\/\/spsow.cz\/en\/wp-json\/wp\/v2\/types\/page"}],"author":[{"embeddable":true,"href":"https:\/\/spsow.cz\/en\/wp-json\/wp\/v2\/users\/1"}],"replies":[{"embeddable":true,"href":"https:\/\/spsow.cz\/en\/wp-json\/wp\/v2\/comments?post=1065"}],"version-history":[{"count":35,"href":"https:\/\/spsow.cz\/en\/wp-json\/wp\/v2\/pages\/1065\/revisions"}],"predecessor-version":[{"id":13938,"href":"https:\/\/spsow.cz\/en\/wp-json\/wp\/v2\/pages\/1065\/revisions\/13938"}],"wp:attachment":[{"href":"https:\/\/spsow.cz\/en\/wp-json\/wp\/v2\/media?parent=1065"}],"curies":[{"name":"wp","href":"https:\/\/api.w.org\/{rel}","templated":true}]}}