{"id":1063,"date":"2023-04-14T11:01:20","date_gmt":"2023-04-14T09:01:20","guid":{"rendered":"http:\/\/192.168.1.208\/wordpress\/?page_id=1063"},"modified":"2025-05-06T11:23:33","modified_gmt":"2025-05-06T09:23:33","slug":"kontakty-vedeni","status":"publish","type":"page","link":"https:\/\/spsow.cz\/en\/kontakty-vedeni\/","title":{"rendered":"Kontakty &#8211; veden\u00ed \u0161koly"},"content":{"rendered":"\n<div class=\"wp-block-columns is-layout-flex wp-container-core-columns-is-layout-9d6595d7 wp-block-columns-is-layout-flex\">\n<div class=\"wp-block-column is-layout-flow wp-block-column-is-layout-flow\" style=\"flex-basis:100%\">\n<h4 class=\"has-medium-font-size wp-block-heading\"><strong>Kontaktovat n\u00e1s m\u016f\u017eete telefonicky nebo pomoc\u00ed formul\u00e1\u0159e ve spodn\u00ed \u010d\u00e1sti str\u00e1nky.<\/strong><\/h4>\n\n\n\n<figure class=\"wp-block-table is-style-stripes has-medium-font-size\"><table><thead><tr><th><\/th><th><\/th><th><\/th><\/tr><\/thead><tbody><tr><td>Ing. Josef Maty\u00e1\u0161 <\/td><td>725 815 110<\/td><td>\u0159editel \u0161koly<\/td><\/tr><tr><td>Mgr. Jana Maslikiewiczov\u00e1<\/td><td>702 004 405<\/td><td>z\u00e1stupce \u0159editele, Hronov<\/td><\/tr><tr><td>Ing. Ji\u0159\u00ed D\u00edt\u011b<\/td><td>606 069 894<\/td><td>z\u00e1stupce \u0159editele, Hronov<\/td><\/tr><tr><td>PaedDr. Miroslava Jir\u00e1skov\u00e1<\/td><td>702 232 370<\/td><td>z\u00e1stupce \u0159editele, Velk\u00e9 Po\u0159\u00ed\u010d\u00ed<\/td><\/tr><tr><td>Ing. Lenka \u010ce\u0159ovsk\u00e1<\/td><td>737 922 123<\/td><td>z\u00e1stupce \u0159editele, Velk\u00e9 Po\u0159\u00ed\u010d\u00ed<\/td><\/tr><tr><td>Petr \u0160anc<\/td><td>603 588 532<\/td><td>z\u00e1stupce \u0159editele, Velk\u00e9 Po\u0159\u00ed\u010d\u00ed<\/td><\/tr><tr><td>Milena Mat\u011bnov\u00e1<\/td><td>606 733 445<\/td><td>asistentka \u0159editele<\/td><\/tr><tr><td>Ing. Lada Po\u0161murov\u00e1<\/td><td>725 745 059<\/td><td>hlavn\u00ed ekonom<\/td><\/tr><tr><td>Jana Fialov\u00e1<\/td><td>728 373 169<\/td><td>evidence \u017e\u00e1k\u016f, p\u0159ij\u00edmac\u00ed \u0159\u00edzen\u00ed<\/td><\/tr><tr><td>Mark\u00e9ta Machov\u00e1<\/td><td>702 269 240<\/td><td>koordin\u00e1tor spolupr\u00e1ce s partnery<\/td><\/tr><tr><td>Ji\u0159\u00ed Lanta<\/td><td>702 021 241 <\/td><td>vedouc\u00ed spr\u00e1vy budov<\/td><\/tr><tr><td>Ing. Lucie Voltrov\u00e1<\/td><td>601 333 106<\/td><td>pov\u011b\u0159enec GDPR<\/td><\/tr><tr><td>Ji\u0159\u00ed Sluka<\/td><td>702 217 412<\/td><td>vedouc\u00ed ICT<\/td><\/tr><tr><td><\/td><td><\/td><td><\/td><\/tr><\/tbody><\/table><\/figure>\n<\/div>\n<\/div>\n\n\n\n<h3 class=\"wp-block-heading\">Kontaktn\u00ed formul\u00e1\u0159<\/h3>\n\n\n<div class='fluentform ff-default fluentform_wrapper_3  ff_guten_block ff_guten_block-3 ffs_default_wrap'><form data-form_id=\"3\" id=\"fluentform_3\" class=\"frm-fluent-form fluent_form_3 ff-el-form-top ff_form_instance_3_1 ff-form-loading ffs_default\" data-form_instance=\"ff_form_instance_3_1\" method=\"POST\" ><fieldset  style=\"border: none!important;margin: 0!important;padding: 0!important;background-color: transparent!important;box-shadow: none!important;outline: none!important; min-inline-size: 100%;\">\n                    <legend class=\"ff_screen_reader_title\" style=\"display: block; margin: 0!important;padding: 0!important;height: 0!important;text-indent: -999999px;width: 0!important;overflow:hidden;\">Kontaktn\u00ed formul\u00e1\u0159 &#8211; veden\u00ed<\/legend><input type='hidden' name='__fluent_form_embded_post_id' value='1063' \/><input type=\"hidden\" id=\"_fluentform_3_fluentformnonce\" name=\"_fluentform_3_fluentformnonce\" value=\"a5e4a1047c\" \/><input type=\"hidden\" name=\"_wp_http_referer\" value=\"\/en\/wp-json\/wp\/v2\/pages\/1063\" \/><div class='ff-el-group'><div class=\"ff-el-input--label ff-el-is-required asterisk-right\"><label for='ff_3_dropdown' id='label_ff_3_dropdown' aria-label=\"Komu\">Komu<\/label><\/div><div class='ff-el-input--content'><select name=\"dropdown\" id=\"ff_3_dropdown\" class=\"ff-el-form-control\" data-name=\"dropdown\" data-calc_value=\"0\"  aria-invalid=\"false\" aria-required=\"true\" aria-labelledby=\"label_ff_3_dropdown\"><option value=\"\">&#8211; Vyberte &#8211;<\/option><option data-calc_value=\"1\" data-custom-properties=\"1\" value=\"matyasj@spsow.cz\"  >Ing. Josef Maty\u00e1\u0161<\/option><option data-calc_value=\"2\" data-custom-properties=\"2\" value=\"matenovam@spsow.cz\"  >Milena Mat\u011bnov\u00e1<\/option><option data-calc_value=\"3\" data-custom-properties=\"3\" value=\"maslikiewiczovaj@spsow.cz\"  >Mgr. Jana Maslikiewicz\u200bov\u00e1<\/option><option data-calc_value=\"4\" data-custom-properties=\"4\" value=\"ditej@spsow.cz\"  >Ing. Ji\u0159\u00ed D\u00edt\u011b<\/option><option data-calc_value=\"5\" data-custom-properties=\"5\" value=\"cerovskal@spsow.cz\"  >Ing. Lenka \u010ce\u0159ovsk\u00e1<\/option><option data-calc_value=\"6\" data-custom-properties=\"6\" value=\"jiraskovam@spsow.cz\"  >PaedDr. Miroslava Jir\u00e1skov\u00e1<\/option><option data-calc_value=\"7\" data-custom-properties=\"7\" value=\"sancp@spsow.cz\"  >Bc. Petr \u0160anc<\/option><option data-calc_value=\"8\" data-custom-properties=\"8\" value=\"posmuroval@spsow.cz\"  >Ing. Lada Po\u0161murov\u00e1<\/option><option data-calc_value=\"9\" data-custom-properties=\"9\" value=\"fialovaj@spsow.cz\"  >Jana Fialov\u00e1<\/option><option data-calc_value=\"10\" data-custom-properties=\"10\" value=\"voltroval@spsow.cz\"  >Ing. Lucie Voltrov\u00e1<\/option><option data-calc_value=\"11\" data-custom-properties=\"11\" value=\"lantaj@spsow.cz\"  >Ji\u0159\u00ed Lanta<\/option><option data-calc_value=\"12\" data-custom-properties=\"12\" value=\"slukaj@spsow.cz\"  >Ji\u0159\u00ed Sluka<\/option><option data-calc_value=\"14\" data-custom-properties=\"14\" value=\"machovam@spsow.cz\"  >Mark\u00e9ta Machov\u00e1<\/option><\/select><\/div><\/div><div data-type=\"name-element\" data-name=\"names\" class=\" ff-field_container ff-name-field-wrapper\" ><div class='ff-t-container'><div class='ff-t-cell '><div class='ff-el-group'><div class=\"ff-el-input--label ff-el-is-required asterisk-right\"><label for='ff_3_names_first_name_' id='label_ff_3_names_first_name_' >Va\u0161e jm\u00e9no<\/label><\/div><div class='ff-el-input--content'><input type=\"text\" name=\"names[first_name]\" id=\"ff_3_names_first_name_\" class=\"ff-el-form-control\" placeholder=\"Jm\u00e9no\" aria-invalid=\"false\" aria-required=true><\/div><\/div><\/div><div class='ff-t-cell '><div class='ff-el-group'><div class=\"ff-el-input--label ff-el-is-required asterisk-right\"><label for='ff_3_names_last_name_' id='label_ff_3_names_last_name_' >Va\u0161e p\u0159\u00edjmen\u00ed<\/label><\/div><div class='ff-el-input--content'><input type=\"text\" name=\"names[last_name]\" id=\"ff_3_names_last_name_\" class=\"ff-el-form-control\" placeholder=\"P\u0159\u00edjmen\u00ed\" aria-invalid=\"false\" aria-required=true><\/div><\/div><\/div><\/div><\/div><div class='ff-el-group'><div class=\"ff-el-input--label ff-el-is-required asterisk-right\"><label for='ff_3_email' id='label_ff_3_email' aria-label=\"Va\u0161e e-mailov\u00e1 adresa\">Va\u0161e e-mailov\u00e1 adresa<\/label><\/div><div class='ff-el-input--content'><input type=\"email\" name=\"email\" id=\"ff_3_email\" class=\"ff-el-form-control\" placeholder=\"vase@adresa.cz\" data-name=\"email\"  aria-invalid=\"false\" aria-required=true><\/div><\/div><div class='ff-el-group'><div class=\"ff-el-input--label ff-el-is-required asterisk-right\"><label for='ff_3_subject' id='label_ff_3_subject' aria-label=\"P\u0159edm\u011bt\">P\u0159edm\u011bt<\/label><\/div><div class='ff-el-input--content'><input type=\"text\" name=\"subject\" class=\"ff-el-form-control\" placeholder=\"P\u0159edm\u011bt\" data-name=\"subject\" id=\"ff_3_subject\"  aria-invalid=\"false\" aria-required=true><\/div><\/div><div class='ff-el-group'><div class=\"ff-el-input--label ff-el-is-required asterisk-right\"><label for='ff_3_message' id='label_ff_3_message' aria-label=\"Va\u0161e zpr\u00e1va\">Va\u0161e zpr\u00e1va<\/label><\/div><div class='ff-el-input--content'><textarea aria-required=\"true\" aria-labelledby=\"label_ff_3_message\" name=\"message\" id=\"ff_3_message\" class=\"ff-el-form-control\" rows=\"4\" cols=\"2\" data-name=\"message\" ><\/textarea><\/div><\/div><div class='ff-el-group ' ><div class='ff-el-input--content'><div data-fluent_id='3' name='g-recaptcha-response'><div\n\t\tdata-sitekey='6LeH6t0mAAAAAHRae9CTW6V9EiM5mD--oxWmeFMP'\n\t\tid='fluentform-recaptcha-3-1'\n\t\tclass='ff-el-recaptcha g-recaptcha'\n\t\tdata-callback='fluentFormrecaptchaSuccessCallback'><\/div><\/div><\/div><\/div><div class='ff-el-group ff-text-left ff_submit_btn_wrapper'><button type=\"submit\" class=\"ff-btn ff-btn-submit ff-btn-md ff_btn_style wpf_has_custom_css\"  aria-label=\"Odeslat zpr\u00e1vu\">Odeslat zpr\u00e1vu<\/button><\/div><\/fieldset><\/form><div id='fluentform_3_errors' class='ff-errors-in-stack ff_form_instance_3_1 ff-form-loading_errors ff_form_instance_3_1_errors'><\/div><\/div>            <script type=\"text\/javascript\">\n                window.fluent_form_ff_form_instance_3_1 = {\"id\":\"3\",\"settings\":{\"layout\":{\"labelPlacement\":\"top\",\"helpMessagePlacement\":\"with_label\",\"errorMessagePlacement\":\"inline\",\"cssClassName\":\"\",\"asteriskPlacement\":\"asterisk-right\"},\"restrictions\":{\"denyEmptySubmission\":{\"enabled\":false}}},\"form_instance\":\"ff_form_instance_3_1\",\"form_id_selector\":\"fluentform_3\",\"rules\":{\"dropdown\":{\"required\":{\"value\":true,\"message\":\"Toto pole je vy\\u017eadov\\u00e1no.\",\"global\":false,\"global_message\":\"This field is required\"}},\"names[first_name]\":{\"required\":{\"value\":true,\"message\":\"Toto pole je vy\\u017eadov\\u00e1no.\",\"global\":false,\"global_message\":\"This field is required\"}},\"names[middle_name]\":{\"required\":{\"value\":false,\"message\":\"This field is required\",\"global\":false,\"global_message\":\"This field is required\"}},\"names[last_name]\":{\"required\":{\"value\":true,\"message\":\"Toto pole je vy\\u017eadov\\u00e1no.\",\"global\":false,\"global_message\":\"This field is required\"}},\"email\":{\"required\":{\"value\":true,\"message\":\"Toto pole je vy\\u017eadov\\u00e1no.\",\"global\":false,\"global_message\":\"This field is required\"},\"email\":{\"value\":true,\"message\":\"Toto pole mus\\u00ed obsahovat platnou e-mailovou adresu.\",\"global\":false,\"global_message\":\"This field must contain a valid email\"}},\"subject\":{\"required\":{\"value\":true,\"message\":\"Toto pole je vy\\u017eadov\\u00e1no.\",\"global\":false,\"global_message\":\"This field is required\"}},\"message\":{\"required\":{\"value\":true,\"message\":\"Toto pole je vy\\u017eadov\\u00e1no.\",\"global\":false,\"global_message\":\"This field is required\"}},\"g-recaptcha-response\":[]},\"debounce_time\":300};\n                            <\/script>\n            ","protected":false},"excerpt":{"rendered":"<p>Kontaktovat n\u00e1s m\u016f\u017eete telefonicky nebo pomoc\u00ed formul\u00e1\u0159e ve spodn\u00ed \u010d\u00e1sti str\u00e1nky. Ing. Josef Maty\u00e1\u0161 725 815 110 \u0159editel \u0161koly Mgr. Jana Maslikiewiczov\u00e1 702 004 405 z\u00e1stupce \u0159editele, Hronov Ing. Ji\u0159\u00ed D\u00edt\u011b 606 069 894 z\u00e1stupce \u0159editele, Hronov PaedDr. Miroslava Jir\u00e1skov\u00e1 702 232 370 z\u00e1stupce \u0159editele, Velk\u00e9 Po\u0159\u00ed\u010d\u00ed Ing. Lenka \u010ce\u0159ovsk\u00e1 [&hellip;]<\/p>\n","protected":false},"author":1,"featured_media":0,"parent":0,"menu_order":0,"comment_status":"closed","ping_status":"closed","template":"","meta":{"footnotes":""},"class_list":["post-1063","page","type-page","status-publish","hentry"],"_links":{"self":[{"href":"https:\/\/spsow.cz\/en\/wp-json\/wp\/v2\/pages\/1063","targetHints":{"allow":["GET"]}}],"collection":[{"href":"https:\/\/spsow.cz\/en\/wp-json\/wp\/v2\/pages"}],"about":[{"href":"https:\/\/spsow.cz\/en\/wp-json\/wp\/v2\/types\/page"}],"author":[{"embeddable":true,"href":"https:\/\/spsow.cz\/en\/wp-json\/wp\/v2\/users\/1"}],"replies":[{"embeddable":true,"href":"https:\/\/spsow.cz\/en\/wp-json\/wp\/v2\/comments?post=1063"}],"version-history":[{"count":14,"href":"https:\/\/spsow.cz\/en\/wp-json\/wp\/v2\/pages\/1063\/revisions"}],"predecessor-version":[{"id":1646,"href":"https:\/\/spsow.cz\/en\/wp-json\/wp\/v2\/pages\/1063\/revisions\/1646"}],"wp:attachment":[{"href":"https:\/\/spsow.cz\/en\/wp-json\/wp\/v2\/media?parent=1063"}],"curies":[{"name":"wp","href":"https:\/\/api.w.org\/{rel}","templated":true}]}}