{"id":10323,"date":"2025-03-17T08:23:14","date_gmt":"2025-03-17T07:23:14","guid":{"rendered":"https:\/\/spsow.cz\/?page_id=10323"},"modified":"2026-03-31T14:19:01","modified_gmt":"2026-03-31T12:19:01","slug":"wichterle-day-2025","status":"publish","type":"page","link":"https:\/\/spsow.cz\/en\/wichterle-day-2025\/","title":{"rendered":"WICHTERLE DAY 2026"},"content":{"rendered":"<p class=\"has-medium-font-size\">I letos p\u0159ipravujeme pro \u0161irokou ve\u0159ejnost akci, p\u0159i kter\u00e9 se s obory St\u0159edn\u00ed pr\u016fmyslov\u00e9 \u0161koly Otty Wichterleho m\u016f\u017eete sezn\u00e1mit mimo \u0161koln\u00ed budovy. P\u0159edchoz\u00ed ro\u010dn\u00edky se konaly v Hronov\u011b, v \u010cesk\u00e9 Skalici a N\u00e1chod\u011b.<br>Letos se vrac\u00edme zp\u011bt do Hronova. D\u00edky spolupr\u00e1ci s Kulturn\u00edm a informa\u010dn\u00edm st\u0159ediskem Hronov se letos uvid\u00edme pr\u00e1v\u011b tam. St\u00e1nky s jednotliv\u00fdmi obory, kde si budete moci vyzkou\u0161et a prohl\u00e9dnout to, co u\u010d\u00edme, budou rozestav\u011bny na n\u00e1m\u011bst\u00ed p\u0159ed Jir\u00e1skov\u00fdm divadlem a S\u00e1lem J. \u010capka. Chyb\u011bt nebude t\u0159eba opravdov\u00fd z\u00e1vo\u010f\u00e1k, kter\u00fd p\u0159i odpoledn\u00edm krou\u017eku sestavuje n\u00e1\u0161 SP\u0160OW racing team. V 9:20, 10:20, 14:20 a v15:00 se p\u0159\u00edmo p\u0159ed divadlem uskute\u010dn\u00ed m\u00f3dn\u00ed p\u0159ehl\u00eddky \u017e\u00e1k\u016f oboru Od\u011bvn\u00ed design.<\/p>\n\n\n\n<p class=\"has-medium-font-size\">V p\u0159\u00edpad\u011b nep\u0159\u00edzniv\u00e9ho po\u010das\u00ed se akce uskute\u010dn\u00ed v S\u00e1le J. \u010capka.<\/p>\n\n\n\n<p class=\"has-medium-font-size\"><strong>st\u0159eda 23. z\u00e1\u0159\u00ed 2026<br>od 9:00 do 16:00 <br>n\u00e1m\u011bst\u00ed \u010cs. arm\u00e1dy, Hronov<\/strong><\/p>\n\n\n\n<div class=\"wp-block-file\"><a id=\"wp-block-file--media-d9af1dd2-32dc-4fb9-b2a5-5cb75739f078\" href=\"https:\/\/spsow.cz\/wp-content\/uploads\/2026\/03\/plakat-A2.pdf\" target=\"_blank\" rel=\"noreferrer noopener\">PLAK\u00c1T<\/a><\/div>\n\n\n\n<p class=\"has-medium-font-size\">Co v\u0161echno pro v\u00e1s p\u0159ipravujeme?<\/p>\n\n\n\n<p class=\"has-medium-font-size\">virtu\u00e1ln\u00ed realitu<br>v\u00fdtvarn\u00e9 ateli\u00e9ry<br>kade\u0159nick\u00fd salon<br>elektrokoutek<br>aran\u017e\u00e9rskou d\u00edlnu<br>tiska\u0159sk\u00fd st\u00e1nek<br>sv\u00e1\u0159ec\u00ed simul\u00e1tor<br>m\u00f3dn\u00ed d\u00edlni\u010dku<br>fotokoutek<br>SP\u0160OW racing team se zvo\u010f\u00e1kem<br>m\u00f3dn\u00ed p\u0159ehl\u00eddky (9:20, 10:20, 14:20 a 15:00)<br>fotografickou v\u00fdstavu (balkonov\u00e1 chodba Jir\u00e1skova divadla)<br>worshop Muzea N\u00e1chodska<br><\/p>\n\n\n\n<p class=\"has-medium-font-size\">Partnery leto\u0161n\u00edho ro\u010dn\u00edku jsou: WIKOV MGI, a.s., M\u011bsto Hronov, KIS Hronov, Muzeum N\u00e1chodska  <br><br>Wichterle day je ide\u00e1ln\u00ed p\u0159\u00edle\u017eitost\u00ed pro \u017e\u00e1ky 8. a 9. t\u0159\u00edd Z\u0160 a jejich rodi\u010de. Na jednotliv\u00fdch stanovi\u0161t\u00edch budou p\u0159ipraveni u\u010ditel\u00e9 i \u017e\u00e1ci, kte\u0159\u00ed v\u00e1s sezn\u00e1m\u00ed s jednotliv\u00fdmi obory a zodpov\u00ed v\u0161echny ot\u00e1zky budouc\u00edch uchaze\u010d\u016f o vzd\u011bl\u00e1v\u00e1n\u00ed na na\u0161\u00ed st\u0159edn\u00ed \u0161kole.<\/p>\n\n\n\n<p class=\"has-medium-font-size\">Z\u00e1kladn\u00ed \u0161koly budou m\u00edt mo\u017enost nav\u0161t\u00edvit i: Rodn\u00fd domek Aloise Jir\u00e1ska (vstupn\u00e9 20,-\/d\u00edt\u011b), \u010capk\u016fv ml\u00fdn (vstupn\u00e9 20,-\/d\u00edt\u011b). V p\u0159\u00edpad\u011b z\u00e1jmu o prohl\u00eddku je nutn\u00e9 se p\u0159ihl\u00e1sit p\u0159edem u Mark\u00e9ty Machov\u00e9 (kontakt n\u00ed\u017ee)<\/p>\n\n\n\n<p class=\"has-medium-font-size\">Srde\u010dn\u011b zveme \u0161irokou ve\u0159ejnost.<\/p>\n\n\n\n<p class=\"has-medium-font-size\">Kontaktn\u00ed osoba: Mark\u00e9ta Machov\u00e1, tel.: 702 269 240, e-mail: machovam@spsow.cz<\/p>\n\n\n\n<p class=\"has-medium-font-size\">Ochutn\u00e1vka z minul\u00fdch ro\u010dn\u00edk\u016f:<\/p>\n\n\n\n<figure class=\"wp-block-gallery has-nested-images columns-default is-cropped wp-block-gallery-1 is-layout-flex wp-block-gallery-is-layout-flex\">\n<figure class=\"wp-block-image size-large\"><a href=\"https:\/\/spsow.cz\/wp-content\/uploads\/2025\/03\/1.jpg\"><img loading=\"lazy\" decoding=\"async\" width=\"1024\" height=\"768\" data-id=\"10329\" src=\"https:\/\/spsow.cz\/wp-content\/uploads\/2025\/03\/1-1024x768.jpg\" alt=\"\" class=\"wp-image-10329\" srcset=\"https:\/\/spsow.cz\/wp-content\/uploads\/2025\/03\/1-1024x768.jpg 1024w, https:\/\/spsow.cz\/wp-content\/uploads\/2025\/03\/1-300x225.jpg 300w, https:\/\/spsow.cz\/wp-content\/uploads\/2025\/03\/1-768x576.jpg 768w, https:\/\/spsow.cz\/wp-content\/uploads\/2025\/03\/1-1536x1152.jpg 1536w, https:\/\/spsow.cz\/wp-content\/uploads\/2025\/03\/1-16x12.jpg 16w, https:\/\/spsow.cz\/wp-content\/uploads\/2025\/03\/1.jpg 1920w\" sizes=\"auto, (max-width: 1024px) 100vw, 1024px\" \/><\/a><\/figure>\n\n\n\n<figure class=\"wp-block-image size-large\"><a href=\"https:\/\/spsow.cz\/wp-content\/uploads\/2025\/03\/DSC8890-1024x768.jpg\"><img loading=\"lazy\" decoding=\"async\" width=\"1024\" height=\"768\" data-id=\"10325\" src=\"https:\/\/spsow.cz\/wp-content\/uploads\/2025\/03\/DSC8890-1024x768.jpg\" alt=\"\" class=\"wp-image-10325\" srcset=\"https:\/\/spsow.cz\/wp-content\/uploads\/2025\/03\/DSC8890-1024x768.jpg 1024w, https:\/\/spsow.cz\/wp-content\/uploads\/2025\/03\/DSC8890-300x225.jpg 300w, https:\/\/spsow.cz\/wp-content\/uploads\/2025\/03\/DSC8890-768x576.jpg 768w, https:\/\/spsow.cz\/wp-content\/uploads\/2025\/03\/DSC8890-1536x1152.jpg 1536w, https:\/\/spsow.cz\/wp-content\/uploads\/2025\/03\/DSC8890-16x12.jpg 16w, https:\/\/spsow.cz\/wp-content\/uploads\/2025\/03\/DSC8890.jpg 1920w\" sizes=\"auto, (max-width: 1024px) 100vw, 1024px\" \/><\/a><\/figure>\n\n\n\n<figure class=\"wp-block-image size-large\"><a href=\"https:\/\/spsow.cz\/wp-content\/uploads\/2025\/03\/DSC8901-1024x768.jpg\"><img loading=\"lazy\" decoding=\"async\" width=\"1024\" height=\"768\" data-id=\"10328\" src=\"https:\/\/spsow.cz\/wp-content\/uploads\/2025\/03\/DSC8901-1024x768.jpg\" alt=\"\" class=\"wp-image-10328\" srcset=\"https:\/\/spsow.cz\/wp-content\/uploads\/2025\/03\/DSC8901-1024x768.jpg 1024w, https:\/\/spsow.cz\/wp-content\/uploads\/2025\/03\/DSC8901-300x225.jpg 300w, https:\/\/spsow.cz\/wp-content\/uploads\/2025\/03\/DSC8901-768x576.jpg 768w, https:\/\/spsow.cz\/wp-content\/uploads\/2025\/03\/DSC8901-1536x1152.jpg 1536w, https:\/\/spsow.cz\/wp-content\/uploads\/2025\/03\/DSC8901-16x12.jpg 16w, https:\/\/spsow.cz\/wp-content\/uploads\/2025\/03\/DSC8901.jpg 1920w\" sizes=\"auto, (max-width: 1024px) 100vw, 1024px\" \/><\/a><\/figure>\n\n\n\n<figure class=\"wp-block-image size-large\"><a href=\"https:\/\/spsow.cz\/wp-content\/uploads\/2025\/03\/DSC8934-scaled.jpg\"><img loading=\"lazy\" decoding=\"async\" width=\"1024\" height=\"768\" data-id=\"10344\" src=\"https:\/\/spsow.cz\/wp-content\/uploads\/2025\/03\/DSC8934-1024x768.jpg\" alt=\"\" class=\"wp-image-10344\" srcset=\"https:\/\/spsow.cz\/wp-content\/uploads\/2025\/03\/DSC8934-1024x768.jpg 1024w, https:\/\/spsow.cz\/wp-content\/uploads\/2025\/03\/DSC8934-300x225.jpg 300w, https:\/\/spsow.cz\/wp-content\/uploads\/2025\/03\/DSC8934-768x576.jpg 768w, https:\/\/spsow.cz\/wp-content\/uploads\/2025\/03\/DSC8934-1536x1152.jpg 1536w, https:\/\/spsow.cz\/wp-content\/uploads\/2025\/03\/DSC8934-2048x1536.jpg 2048w, https:\/\/spsow.cz\/wp-content\/uploads\/2025\/03\/DSC8934-16x12.jpg 16w\" sizes=\"auto, (max-width: 1024px) 100vw, 1024px\" \/><\/a><\/figure>\n\n\n\n<figure class=\"wp-block-image size-large\"><a href=\"https:\/\/spsow.cz\/wp-content\/uploads\/2025\/03\/DSC8936-scaled.jpg\"><img loading=\"lazy\" decoding=\"async\" width=\"1024\" height=\"768\" data-id=\"10336\" src=\"https:\/\/spsow.cz\/wp-content\/uploads\/2025\/03\/DSC8936-1024x768.jpg\" alt=\"\" class=\"wp-image-10336\" srcset=\"https:\/\/spsow.cz\/wp-content\/uploads\/2025\/03\/DSC8936-1024x768.jpg 1024w, https:\/\/spsow.cz\/wp-content\/uploads\/2025\/03\/DSC8936-300x225.jpg 300w, https:\/\/spsow.cz\/wp-content\/uploads\/2025\/03\/DSC8936-768x576.jpg 768w, https:\/\/spsow.cz\/wp-content\/uploads\/2025\/03\/DSC8936-1536x1152.jpg 1536w, https:\/\/spsow.cz\/wp-content\/uploads\/2025\/03\/DSC8936-2048x1536.jpg 2048w, https:\/\/spsow.cz\/wp-content\/uploads\/2025\/03\/DSC8936-16x12.jpg 16w\" sizes=\"auto, (max-width: 1024px) 100vw, 1024px\" \/><\/a><\/figure>\n\n\n\n<figure class=\"wp-block-image size-large\"><a href=\"https:\/\/spsow.cz\/wp-content\/uploads\/2025\/03\/DSC8992.jpg\"><img loading=\"lazy\" decoding=\"async\" width=\"1024\" height=\"768\" data-id=\"10324\" src=\"https:\/\/spsow.cz\/wp-content\/uploads\/2025\/03\/DSC8992-1024x768.jpg\" alt=\"\" class=\"wp-image-10324\" srcset=\"https:\/\/spsow.cz\/wp-content\/uploads\/2025\/03\/DSC8992-1024x768.jpg 1024w, https:\/\/spsow.cz\/wp-content\/uploads\/2025\/03\/DSC8992-300x225.jpg 300w, https:\/\/spsow.cz\/wp-content\/uploads\/2025\/03\/DSC8992-768x576.jpg 768w, https:\/\/spsow.cz\/wp-content\/uploads\/2025\/03\/DSC8992-1536x1152.jpg 1536w, https:\/\/spsow.cz\/wp-content\/uploads\/2025\/03\/DSC8992-16x12.jpg 16w, https:\/\/spsow.cz\/wp-content\/uploads\/2025\/03\/DSC8992.jpg 1920w\" sizes=\"auto, (max-width: 1024px) 100vw, 1024px\" \/><\/a><\/figure>\n\n\n\n<figure class=\"wp-block-image size-large\"><a href=\"https:\/\/spsow.cz\/wp-content\/uploads\/2025\/03\/DSC8997.jpg\"><img loading=\"lazy\" decoding=\"async\" width=\"1024\" height=\"768\" data-id=\"10327\" src=\"https:\/\/spsow.cz\/wp-content\/uploads\/2025\/03\/DSC8997-1024x768.jpg\" alt=\"\" class=\"wp-image-10327\" srcset=\"https:\/\/spsow.cz\/wp-content\/uploads\/2025\/03\/DSC8997-1024x768.jpg 1024w, https:\/\/spsow.cz\/wp-content\/uploads\/2025\/03\/DSC8997-300x225.jpg 300w, https:\/\/spsow.cz\/wp-content\/uploads\/2025\/03\/DSC8997-768x576.jpg 768w, https:\/\/spsow.cz\/wp-content\/uploads\/2025\/03\/DSC8997-1536x1152.jpg 1536w, https:\/\/spsow.cz\/wp-content\/uploads\/2025\/03\/DSC8997-16x12.jpg 16w, https:\/\/spsow.cz\/wp-content\/uploads\/2025\/03\/DSC8997.jpg 1920w\" sizes=\"auto, (max-width: 1024px) 100vw, 1024px\" \/><\/a><\/figure>\n\n\n\n<figure class=\"wp-block-image size-large\"><a href=\"https:\/\/spsow.cz\/wp-content\/uploads\/2025\/03\/DSC9002-scaled.jpg\"><img loading=\"lazy\" decoding=\"async\" width=\"1024\" height=\"768\" data-id=\"10335\" src=\"https:\/\/spsow.cz\/wp-content\/uploads\/2025\/03\/DSC9002-1024x768.jpg\" alt=\"\" class=\"wp-image-10335\" srcset=\"https:\/\/spsow.cz\/wp-content\/uploads\/2025\/03\/DSC9002-1024x768.jpg 1024w, https:\/\/spsow.cz\/wp-content\/uploads\/2025\/03\/DSC9002-300x225.jpg 300w, https:\/\/spsow.cz\/wp-content\/uploads\/2025\/03\/DSC9002-768x576.jpg 768w, https:\/\/spsow.cz\/wp-content\/uploads\/2025\/03\/DSC9002-1536x1152.jpg 1536w, https:\/\/spsow.cz\/wp-content\/uploads\/2025\/03\/DSC9002-2048x1536.jpg 2048w, https:\/\/spsow.cz\/wp-content\/uploads\/2025\/03\/DSC9002-16x12.jpg 16w\" sizes=\"auto, (max-width: 1024px) 100vw, 1024px\" \/><\/a><\/figure>\n\n\n\n<figure class=\"wp-block-image size-large\"><a href=\"https:\/\/spsow.cz\/wp-content\/uploads\/2025\/03\/DSC9020-scaled.jpg\"><img loading=\"lazy\" decoding=\"async\" width=\"1024\" height=\"768\" data-id=\"10341\" src=\"https:\/\/spsow.cz\/wp-content\/uploads\/2025\/03\/DSC9020-1024x768.jpg\" alt=\"\" class=\"wp-image-10341\" srcset=\"https:\/\/spsow.cz\/wp-content\/uploads\/2025\/03\/DSC9020-1024x768.jpg 1024w, https:\/\/spsow.cz\/wp-content\/uploads\/2025\/03\/DSC9020-300x225.jpg 300w, https:\/\/spsow.cz\/wp-content\/uploads\/2025\/03\/DSC9020-768x576.jpg 768w, https:\/\/spsow.cz\/wp-content\/uploads\/2025\/03\/DSC9020-1536x1152.jpg 1536w, https:\/\/spsow.cz\/wp-content\/uploads\/2025\/03\/DSC9020-2048x1536.jpg 2048w, https:\/\/spsow.cz\/wp-content\/uploads\/2025\/03\/DSC9020-16x12.jpg 16w\" sizes=\"auto, (max-width: 1024px) 100vw, 1024px\" \/><\/a><\/figure>\n\n\n\n<figure class=\"wp-block-image size-large\"><a href=\"https:\/\/spsow.cz\/wp-content\/uploads\/2025\/03\/DSC9022-scaled.jpg\"><img loading=\"lazy\" decoding=\"async\" width=\"1024\" height=\"768\" data-id=\"10337\" src=\"https:\/\/spsow.cz\/wp-content\/uploads\/2025\/03\/DSC9022-1024x768.jpg\" alt=\"\" class=\"wp-image-10337\" srcset=\"https:\/\/spsow.cz\/wp-content\/uploads\/2025\/03\/DSC9022-1024x768.jpg 1024w, https:\/\/spsow.cz\/wp-content\/uploads\/2025\/03\/DSC9022-300x225.jpg 300w, https:\/\/spsow.cz\/wp-content\/uploads\/2025\/03\/DSC9022-768x576.jpg 768w, https:\/\/spsow.cz\/wp-content\/uploads\/2025\/03\/DSC9022-1536x1152.jpg 1536w, https:\/\/spsow.cz\/wp-content\/uploads\/2025\/03\/DSC9022-2048x1536.jpg 2048w, https:\/\/spsow.cz\/wp-content\/uploads\/2025\/03\/DSC9022-16x12.jpg 16w\" sizes=\"auto, (max-width: 1024px) 100vw, 1024px\" \/><\/a><\/figure>\n\n\n\n<figure class=\"wp-block-image size-large\"><a href=\"https:\/\/spsow.cz\/wp-content\/uploads\/2025\/03\/DSC9062-scaled.jpg\"><img loading=\"lazy\" decoding=\"async\" width=\"1024\" height=\"768\" data-id=\"10340\" src=\"https:\/\/spsow.cz\/wp-content\/uploads\/2025\/03\/DSC9062-1024x768.jpg\" alt=\"\" class=\"wp-image-10340\" srcset=\"https:\/\/spsow.cz\/wp-content\/uploads\/2025\/03\/DSC9062-1024x768.jpg 1024w, https:\/\/spsow.cz\/wp-content\/uploads\/2025\/03\/DSC9062-300x225.jpg 300w, https:\/\/spsow.cz\/wp-content\/uploads\/2025\/03\/DSC9062-768x576.jpg 768w, https:\/\/spsow.cz\/wp-content\/uploads\/2025\/03\/DSC9062-1536x1152.jpg 1536w, https:\/\/spsow.cz\/wp-content\/uploads\/2025\/03\/DSC9062-2048x1536.jpg 2048w, https:\/\/spsow.cz\/wp-content\/uploads\/2025\/03\/DSC9062-16x12.jpg 16w\" sizes=\"auto, (max-width: 1024px) 100vw, 1024px\" \/><\/a><\/figure>\n\n\n\n<figure class=\"wp-block-image size-large\"><a href=\"https:\/\/spsow.cz\/wp-content\/uploads\/2025\/03\/DSC9075.jpg\"><img loading=\"lazy\" decoding=\"async\" width=\"1024\" height=\"768\" data-id=\"10326\" src=\"https:\/\/spsow.cz\/wp-content\/uploads\/2025\/03\/DSC9075-1024x768.jpg\" alt=\"\" class=\"wp-image-10326\" srcset=\"https:\/\/spsow.cz\/wp-content\/uploads\/2025\/03\/DSC9075-1024x768.jpg 1024w, https:\/\/spsow.cz\/wp-content\/uploads\/2025\/03\/DSC9075-300x225.jpg 300w, https:\/\/spsow.cz\/wp-content\/uploads\/2025\/03\/DSC9075-768x576.jpg 768w, https:\/\/spsow.cz\/wp-content\/uploads\/2025\/03\/DSC9075-1536x1152.jpg 1536w, https:\/\/spsow.cz\/wp-content\/uploads\/2025\/03\/DSC9075-16x12.jpg 16w, https:\/\/spsow.cz\/wp-content\/uploads\/2025\/03\/DSC9075.jpg 1920w\" sizes=\"auto, (max-width: 1024px) 100vw, 1024px\" \/><\/a><\/figure>\n\n\n\n<figure class=\"wp-block-image size-large\"><a href=\"https:\/\/spsow.cz\/wp-content\/uploads\/2025\/03\/DSC9081-scaled.jpg\"><img loading=\"lazy\" decoding=\"async\" width=\"1024\" height=\"768\" data-id=\"10345\" src=\"https:\/\/spsow.cz\/wp-content\/uploads\/2025\/03\/DSC9081-1024x768.jpg\" alt=\"\" class=\"wp-image-10345\" srcset=\"https:\/\/spsow.cz\/wp-content\/uploads\/2025\/03\/DSC9081-1024x768.jpg 1024w, https:\/\/spsow.cz\/wp-content\/uploads\/2025\/03\/DSC9081-300x225.jpg 300w, https:\/\/spsow.cz\/wp-content\/uploads\/2025\/03\/DSC9081-768x576.jpg 768w, https:\/\/spsow.cz\/wp-content\/uploads\/2025\/03\/DSC9081-1536x1152.jpg 1536w, https:\/\/spsow.cz\/wp-content\/uploads\/2025\/03\/DSC9081-2048x1536.jpg 2048w, https:\/\/spsow.cz\/wp-content\/uploads\/2025\/03\/DSC9081-16x12.jpg 16w\" sizes=\"auto, (max-width: 1024px) 100vw, 1024px\" \/><\/a><\/figure>\n\n\n\n<figure class=\"wp-block-image size-large\"><a href=\"https:\/\/spsow.cz\/wp-content\/uploads\/2025\/03\/DSC9084-scaled.jpg\"><img loading=\"lazy\" decoding=\"async\" width=\"1024\" height=\"768\" data-id=\"10342\" src=\"https:\/\/spsow.cz\/wp-content\/uploads\/2025\/03\/DSC9084-1024x768.jpg\" alt=\"\" class=\"wp-image-10342\" srcset=\"https:\/\/spsow.cz\/wp-content\/uploads\/2025\/03\/DSC9084-1024x768.jpg 1024w, https:\/\/spsow.cz\/wp-content\/uploads\/2025\/03\/DSC9084-300x225.jpg 300w, https:\/\/spsow.cz\/wp-content\/uploads\/2025\/03\/DSC9084-768x576.jpg 768w, https:\/\/spsow.cz\/wp-content\/uploads\/2025\/03\/DSC9084-1536x1152.jpg 1536w, https:\/\/spsow.cz\/wp-content\/uploads\/2025\/03\/DSC9084-2048x1536.jpg 2048w, https:\/\/spsow.cz\/wp-content\/uploads\/2025\/03\/DSC9084-16x12.jpg 16w\" sizes=\"auto, (max-width: 1024px) 100vw, 1024px\" \/><\/a><\/figure>\n\n\n\n<figure class=\"wp-block-image size-large\"><a href=\"https:\/\/spsow.cz\/wp-content\/uploads\/2025\/03\/DSC9165-scaled.jpg\"><img loading=\"lazy\" decoding=\"async\" width=\"1024\" height=\"768\" data-id=\"10339\" src=\"https:\/\/spsow.cz\/wp-content\/uploads\/2025\/03\/DSC9165-1024x768.jpg\" alt=\"\" class=\"wp-image-10339\" srcset=\"https:\/\/spsow.cz\/wp-content\/uploads\/2025\/03\/DSC9165-1024x768.jpg 1024w, https:\/\/spsow.cz\/wp-content\/uploads\/2025\/03\/DSC9165-300x225.jpg 300w, https:\/\/spsow.cz\/wp-content\/uploads\/2025\/03\/DSC9165-768x576.jpg 768w, https:\/\/spsow.cz\/wp-content\/uploads\/2025\/03\/DSC9165-1536x1152.jpg 1536w, https:\/\/spsow.cz\/wp-content\/uploads\/2025\/03\/DSC9165-2048x1536.jpg 2048w, https:\/\/spsow.cz\/wp-content\/uploads\/2025\/03\/DSC9165-16x12.jpg 16w\" sizes=\"auto, (max-width: 1024px) 100vw, 1024px\" \/><\/a><\/figure>\n\n\n\n<figure class=\"wp-block-image size-large\"><a href=\"https:\/\/spsow.cz\/wp-content\/uploads\/2025\/03\/DSC9265-scaled.jpg\"><img loading=\"lazy\" decoding=\"async\" width=\"1024\" height=\"768\" data-id=\"10338\" src=\"https:\/\/spsow.cz\/wp-content\/uploads\/2025\/03\/DSC9265-1024x768.jpg\" alt=\"\" class=\"wp-image-10338\" srcset=\"https:\/\/spsow.cz\/wp-content\/uploads\/2025\/03\/DSC9265-1024x768.jpg 1024w, https:\/\/spsow.cz\/wp-content\/uploads\/2025\/03\/DSC9265-300x225.jpg 300w, https:\/\/spsow.cz\/wp-content\/uploads\/2025\/03\/DSC9265-768x576.jpg 768w, https:\/\/spsow.cz\/wp-content\/uploads\/2025\/03\/DSC9265-1536x1152.jpg 1536w, https:\/\/spsow.cz\/wp-content\/uploads\/2025\/03\/DSC9265-2048x1536.jpg 2048w, https:\/\/spsow.cz\/wp-content\/uploads\/2025\/03\/DSC9265-16x12.jpg 16w\" sizes=\"auto, (max-width: 1024px) 100vw, 1024px\" \/><\/a><\/figure>\n\n\n\n<figure class=\"wp-block-image size-large\"><a href=\"https:\/\/spsow.cz\/wp-content\/uploads\/2025\/03\/DSC9275-scaled.jpg\"><img loading=\"lazy\" decoding=\"async\" width=\"1024\" height=\"768\" data-id=\"10343\" src=\"https:\/\/spsow.cz\/wp-content\/uploads\/2025\/03\/DSC9275-1024x768.jpg\" alt=\"\" class=\"wp-image-10343\" srcset=\"https:\/\/spsow.cz\/wp-content\/uploads\/2025\/03\/DSC9275-1024x768.jpg 1024w, https:\/\/spsow.cz\/wp-content\/uploads\/2025\/03\/DSC9275-300x225.jpg 300w, https:\/\/spsow.cz\/wp-content\/uploads\/2025\/03\/DSC9275-768x576.jpg 768w, https:\/\/spsow.cz\/wp-content\/uploads\/2025\/03\/DSC9275-1536x1152.jpg 1536w, https:\/\/spsow.cz\/wp-content\/uploads\/2025\/03\/DSC9275-2048x1536.jpg 2048w, https:\/\/spsow.cz\/wp-content\/uploads\/2025\/03\/DSC9275-16x12.jpg 16w\" sizes=\"auto, (max-width: 1024px) 100vw, 1024px\" \/><\/a><\/figure>\n\n\n\n<figure class=\"wp-block-image size-large\"><a href=\"https:\/\/spsow.cz\/wp-content\/uploads\/2025\/03\/24-scaled.jpg\"><img loading=\"lazy\" decoding=\"async\" width=\"1024\" height=\"683\" data-id=\"10346\" src=\"https:\/\/spsow.cz\/wp-content\/uploads\/2025\/03\/24-1024x683.jpg\" alt=\"\" class=\"wp-image-10346\" srcset=\"https:\/\/spsow.cz\/wp-content\/uploads\/2025\/03\/24-1024x683.jpg 1024w, https:\/\/spsow.cz\/wp-content\/uploads\/2025\/03\/24-300x200.jpg 300w, https:\/\/spsow.cz\/wp-content\/uploads\/2025\/03\/24-768x512.jpg 768w, https:\/\/spsow.cz\/wp-content\/uploads\/2025\/03\/24-1536x1024.jpg 1536w, https:\/\/spsow.cz\/wp-content\/uploads\/2025\/03\/24-2048x1365.jpg 2048w, https:\/\/spsow.cz\/wp-content\/uploads\/2025\/03\/24-18x12.jpg 18w, https:\/\/spsow.cz\/wp-content\/uploads\/2025\/03\/24-360x240.jpg 360w\" sizes=\"auto, (max-width: 1024px) 100vw, 1024px\" \/><\/a><\/figure>\n\n\n\n<figure class=\"wp-block-image size-large\"><a href=\"https:\/\/spsow.cz\/wp-content\/uploads\/2025\/03\/45-scaled.jpg\"><img loading=\"lazy\" decoding=\"async\" width=\"1024\" height=\"683\" data-id=\"10347\" src=\"https:\/\/spsow.cz\/wp-content\/uploads\/2025\/03\/45-1024x683.jpg\" alt=\"\" class=\"wp-image-10347\" srcset=\"https:\/\/spsow.cz\/wp-content\/uploads\/2025\/03\/45-1024x683.jpg 1024w, https:\/\/spsow.cz\/wp-content\/uploads\/2025\/03\/45-300x200.jpg 300w, https:\/\/spsow.cz\/wp-content\/uploads\/2025\/03\/45-768x512.jpg 768w, https:\/\/spsow.cz\/wp-content\/uploads\/2025\/03\/45-1536x1024.jpg 1536w, https:\/\/spsow.cz\/wp-content\/uploads\/2025\/03\/45-2048x1365.jpg 2048w, https:\/\/spsow.cz\/wp-content\/uploads\/2025\/03\/45-18x12.jpg 18w, https:\/\/spsow.cz\/wp-content\/uploads\/2025\/03\/45-360x240.jpg 360w\" sizes=\"auto, (max-width: 1024px) 100vw, 1024px\" \/><\/a><\/figure>\n\n\n\n<figure class=\"wp-block-image size-large\"><a href=\"https:\/\/spsow.cz\/wp-content\/uploads\/2025\/03\/DSC08333-scaled.jpg\"><img loading=\"lazy\" decoding=\"async\" width=\"683\" height=\"1024\" data-id=\"10334\" src=\"https:\/\/spsow.cz\/wp-content\/uploads\/2025\/03\/DSC08333-683x1024.jpg\" alt=\"\" class=\"wp-image-10334\" srcset=\"https:\/\/spsow.cz\/wp-content\/uploads\/2025\/03\/DSC08333-683x1024.jpg 683w, https:\/\/spsow.cz\/wp-content\/uploads\/2025\/03\/DSC08333-200x300.jpg 200w, https:\/\/spsow.cz\/wp-content\/uploads\/2025\/03\/DSC08333-768x1152.jpg 768w, https:\/\/spsow.cz\/wp-content\/uploads\/2025\/03\/DSC08333-1024x1536.jpg 1024w, https:\/\/spsow.cz\/wp-content\/uploads\/2025\/03\/DSC08333-1365x2048.jpg 1365w, https:\/\/spsow.cz\/wp-content\/uploads\/2025\/03\/DSC08333-8x12.jpg 8w, https:\/\/spsow.cz\/wp-content\/uploads\/2025\/03\/DSC08333-scaled.jpg 1707w\" sizes=\"auto, (max-width: 683px) 100vw, 683px\" \/><\/a><\/figure>\n\n\n\n<figure class=\"wp-block-image size-large\"><a href=\"https:\/\/spsow.cz\/wp-content\/uploads\/2025\/03\/DSC08400-scaled.jpg\"><img loading=\"lazy\" decoding=\"async\" width=\"683\" height=\"1024\" data-id=\"10333\" src=\"https:\/\/spsow.cz\/wp-content\/uploads\/2025\/03\/DSC08400-683x1024.jpg\" alt=\"\" class=\"wp-image-10333\" srcset=\"https:\/\/spsow.cz\/wp-content\/uploads\/2025\/03\/DSC08400-683x1024.jpg 683w, https:\/\/spsow.cz\/wp-content\/uploads\/2025\/03\/DSC08400-200x300.jpg 200w, https:\/\/spsow.cz\/wp-content\/uploads\/2025\/03\/DSC08400-768x1152.jpg 768w, https:\/\/spsow.cz\/wp-content\/uploads\/2025\/03\/DSC08400-1024x1536.jpg 1024w, https:\/\/spsow.cz\/wp-content\/uploads\/2025\/03\/DSC08400-1365x2048.jpg 1365w, https:\/\/spsow.cz\/wp-content\/uploads\/2025\/03\/DSC08400-8x12.jpg 8w, https:\/\/spsow.cz\/wp-content\/uploads\/2025\/03\/DSC08400-scaled.jpg 1707w\" sizes=\"auto, (max-width: 683px) 100vw, 683px\" \/><\/a><\/figure>\n\n\n\n<figure class=\"wp-block-image size-large\"><a href=\"https:\/\/spsow.cz\/wp-content\/uploads\/2025\/03\/IMG_20240926_142251-scaled.jpg\"><img loading=\"lazy\" decoding=\"async\" width=\"1024\" height=\"768\" data-id=\"10332\" src=\"https:\/\/spsow.cz\/wp-content\/uploads\/2025\/03\/IMG_20240926_142251-1024x768.jpg\" alt=\"\" class=\"wp-image-10332\" srcset=\"https:\/\/spsow.cz\/wp-content\/uploads\/2025\/03\/IMG_20240926_142251-1024x768.jpg 1024w, https:\/\/spsow.cz\/wp-content\/uploads\/2025\/03\/IMG_20240926_142251-300x225.jpg 300w, https:\/\/spsow.cz\/wp-content\/uploads\/2025\/03\/IMG_20240926_142251-768x576.jpg 768w, https:\/\/spsow.cz\/wp-content\/uploads\/2025\/03\/IMG_20240926_142251-1536x1152.jpg 1536w, https:\/\/spsow.cz\/wp-content\/uploads\/2025\/03\/IMG_20240926_142251-2048x1536.jpg 2048w, https:\/\/spsow.cz\/wp-content\/uploads\/2025\/03\/IMG_20240926_142251-16x12.jpg 16w\" sizes=\"auto, (max-width: 1024px) 100vw, 1024px\" \/><\/a><\/figure>\n\n\n\n<figure class=\"wp-block-image size-large\"><a href=\"https:\/\/spsow.cz\/wp-content\/uploads\/2025\/03\/IMG_20240926_142618-scaled.jpg\"><img loading=\"lazy\" decoding=\"async\" width=\"1024\" height=\"768\" data-id=\"10330\" src=\"https:\/\/spsow.cz\/wp-content\/uploads\/2025\/03\/IMG_20240926_142618-1024x768.jpg\" alt=\"\" class=\"wp-image-10330\" srcset=\"https:\/\/spsow.cz\/wp-content\/uploads\/2025\/03\/IMG_20240926_142618-1024x768.jpg 1024w, https:\/\/spsow.cz\/wp-content\/uploads\/2025\/03\/IMG_20240926_142618-300x225.jpg 300w, https:\/\/spsow.cz\/wp-content\/uploads\/2025\/03\/IMG_20240926_142618-768x576.jpg 768w, https:\/\/spsow.cz\/wp-content\/uploads\/2025\/03\/IMG_20240926_142618-1536x1152.jpg 1536w, https:\/\/spsow.cz\/wp-content\/uploads\/2025\/03\/IMG_20240926_142618-2048x1536.jpg 2048w, https:\/\/spsow.cz\/wp-content\/uploads\/2025\/03\/IMG_20240926_142618-16x12.jpg 16w\" sizes=\"auto, (max-width: 1024px) 100vw, 1024px\" \/><\/a><\/figure>\n\n\n\n<figure class=\"wp-block-image size-large\"><a href=\"https:\/\/spsow.cz\/wp-content\/uploads\/2025\/03\/IMG_20240926_144418-scaled.jpg\"><img loading=\"lazy\" decoding=\"async\" width=\"1024\" height=\"768\" data-id=\"10331\" src=\"https:\/\/spsow.cz\/wp-content\/uploads\/2025\/03\/IMG_20240926_144418-1024x768.jpg\" alt=\"\" class=\"wp-image-10331\" srcset=\"https:\/\/spsow.cz\/wp-content\/uploads\/2025\/03\/IMG_20240926_144418-1024x768.jpg 1024w, https:\/\/spsow.cz\/wp-content\/uploads\/2025\/03\/IMG_20240926_144418-300x225.jpg 300w, https:\/\/spsow.cz\/wp-content\/uploads\/2025\/03\/IMG_20240926_144418-768x576.jpg 768w, https:\/\/spsow.cz\/wp-content\/uploads\/2025\/03\/IMG_20240926_144418-1536x1152.jpg 1536w, https:\/\/spsow.cz\/wp-content\/uploads\/2025\/03\/IMG_20240926_144418-2048x1536.jpg 2048w, https:\/\/spsow.cz\/wp-content\/uploads\/2025\/03\/IMG_20240926_144418-16x12.jpg 16w\" sizes=\"auto, (max-width: 1024px) 100vw, 1024px\" \/><\/a><\/figure>\n<\/figure>","protected":false},"excerpt":{"rendered":"<p>I letos p\u0159ipravujeme pro \u0161irokou ve\u0159ejnost akci, p\u0159i kter\u00e9 se s obory St\u0159edn\u00ed pr\u016fmyslov\u00e9 \u0161koly Otty Wichterleho m\u016f\u017eete sezn\u00e1mit mimo \u0161koln\u00ed budovy. P\u0159edchoz\u00ed ro\u010dn\u00edky se konaly v Hronov\u011b, v \u010cesk\u00e9 Skalici a N\u00e1chod\u011b.Letos se vrac\u00edme zp\u011bt do Hronova. D\u00edky spolupr\u00e1ci s Kulturn\u00edm a informa\u010dn\u00edm st\u0159ediskem Hronov se letos uvid\u00edme pr\u00e1v\u011b [&hellip;]<\/p>\n","protected":false},"author":3,"featured_media":0,"parent":0,"menu_order":0,"comment_status":"closed","ping_status":"closed","template":"","meta":{"footnotes":""},"class_list":["post-10323","page","type-page","status-publish","hentry"],"_links":{"self":[{"href":"https:\/\/spsow.cz\/en\/wp-json\/wp\/v2\/pages\/10323","targetHints":{"allow":["GET"]}}],"collection":[{"href":"https:\/\/spsow.cz\/en\/wp-json\/wp\/v2\/pages"}],"about":[{"href":"https:\/\/spsow.cz\/en\/wp-json\/wp\/v2\/types\/page"}],"author":[{"embeddable":true,"href":"https:\/\/spsow.cz\/en\/wp-json\/wp\/v2\/users\/3"}],"replies":[{"embeddable":true,"href":"https:\/\/spsow.cz\/en\/wp-json\/wp\/v2\/comments?post=10323"}],"version-history":[{"count":5,"href":"https:\/\/spsow.cz\/en\/wp-json\/wp\/v2\/pages\/10323\/revisions"}],"predecessor-version":[{"id":15195,"href":"https:\/\/spsow.cz\/en\/wp-json\/wp\/v2\/pages\/10323\/revisions\/15195"}],"wp:attachment":[{"href":"https:\/\/spsow.cz\/en\/wp-json\/wp\/v2\/media?parent=10323"}],"curies":[{"name":"wp","href":"https:\/\/api.w.org\/{rel}","templated":true}]}}